{"id":9188,"date":"2022-03-28T10:52:03","date_gmt":"2022-03-28T10:52:03","guid":{"rendered":"https:\/\/healthyskinsecrets.ch\/product\/import-placeholder-for-10758\/"},"modified":"2023-06-17T12:03:34","modified_gmt":"2023-06-17T12:03:34","slug":"pyunkang-yul-kids-baby-cream-400ml","status":"publish","type":"product","link":"https:\/\/healthyskinsecrets.ch\/it\/product\/pyunkang-yul-kids-baby-cream-400ml\/","title":{"rendered":"Pyunkang Yul Kids & Baby Cream 400ml"},"content":{"rendered":"<h3>Anwendung<\/h3>\n<ol>\n<li>Nehmen Sie eine moderate Menge und tragen Sie sie mit Ihren (sauberen) H\u00e4nden auf Ihre Haut auf.<\/li>\n<li>Klopfen Sie das Produkt sanft in die Haut ein, um die Aufnahme zu verbessern.<\/li>\n<\/ol>\n<h3>Inhaltsstoffe<\/h3>\n<p>Purified Water, Glycerine, Dipropylene Glycol, Cetearyl Alcohol, Butyrospermum Parkii (Shea) Butter, Caprylic\/Capric Triglyceride, Ethylhexyl Palmitate, Helianthus Annuus (Sunflower) Seed Oil, Octyldodecanol, Polyglyceryl-3 Distearate, Dimethicone, Glyceryl Stearate, Butylene Glycol, Candelilla (Euphorbia cerfera) Wax, Sorbitan Sesquioleate, Cetearyl Glucoside, Caprylyl Glycol, Glyceryl Stearate Citrate, Microcrystalline Cellulose, Pentylene Glycol, Hydroxyacetophenone, Carbomer, Tromethamine, Cetyl Ethylhexanoate, Centella Asiatica Extract, Ethylhexylglycerin, Xanthan Gum, Cellulose Gum, Hydrogenated Lecithin, Disodium EDTA, Tocopherol, 1,2-Hexanediol, Allantoin, Argania Spinosa Kernel Oil, Simmondsia Chinensis (Jojoba) Seed Oil, Prunus Amygdalus Dulcis (Sweet Almond) Oil, Persea Gratissima (Avocado) Oil, Panthenol, Glucose, Macadamia Ternifolia Seed Oil, Anastatica Hierochuntica Extract, Cholesterol, Brassica Campestris Sterols, Phytosteryl\/Behenyl\/Octyldodecyl Lauroyl Glutamate, Sodium Hyaluronate, Lonicera Japonica (Honeysuckle) Flower Extract, Polyglyceryl-10 Oleate, Artemisia Capillaris Extract, Ceramide NP, Potassium Cetyl Phosphate, Hydrolyzed Hyaluronic Acid, Hydroxypropyltrimonium Hyaluronate, Sodium Hyaluronate Crosspolymer, Sodium Acetylated Hyaluronate, Ceramide NS Ceramide EOP, Citrus Aurantium Bergamia (Bergamot) Fruit Oil, Citrus Aurantium Dulcis (Orange) Peel Oil, Citrus Nobilis (Mandarin Orange) Peel Oil, Citral, Limonene, Linalool.<\/p>\n<p>*Eine Ver\u00e4nderung der Inhaltsstoffe unterliegt dem Ermessen des Herstellers. Willst du vor dem Kauf ganz sicher gehen? Dann kontaktiere uns f\u00fcr ein Foto der aktuellen Produktverpackung.<\/p>\n<h3>Warnhinweise<\/h3>\n<ol>\n<li>Nur zur \u00e4u\u00dferlichen Anwendung geeignet.<\/li>\n<li>Nicht auf verletzte Haut oder auf Wunden auftragen.<\/li>\n<li>Sollten Nebenwirkungen wie Irritationen oder Ausschlag eintreten, Anwendung sofort beenden und unverz\u00fcglich an einen Arzt wenden.<\/li>\n<li>Kontakt mit den Augen vermeiden. Sollte das Produkt ins Auge gelangen, das Auge sofort gr\u00fcndlich mit klarem Wasser aussp\u00fclen.<\/li>\n<li>Au\u00dfer Reichweite von Kindern aufbewahren.<\/li>\n<li>Nicht schlucken. Bei Verschlucken Arzt oder Giftzentrale aufsuchen.<\/li>\n<\/ol>\n","protected":false},"excerpt":{"rendered":"<p>Eine milde, stark feuchtigkeitsspendende Creme, die Ihre zarte Haut n\u00e4hrt und regeneriert.<br \/>\nFormuliert mit dem Extrakt von Selaginella Lepidophylla, einer Pflanze, die unter h\u00e4rtesten Bedingungen \u00fcberleben kann, um Feuchtigkeit zu spenden und dabei zu helfen, die Feuchtigkeit der Haut einzuschlie\u00dfen.<br \/>\nDar\u00fcber hinaus angereichert mit drei Arten von Ceramiden, um eine feuchtigkeitsspendende Schicht auf der Haut zu bilden, die das Gleichgewicht der Haut auff\u00fcllt und wiederherstellt.<br \/>\nMit einer Mischung aus pflanzlichem \u00d6l, um reichlich N\u00e4hrstoffe zu liefern.<br \/>\nTest auf Hautreizung abgeschlossen.<\/p>\n","protected":false},"featured_media":9226,"comment_status":"open","ping_status":"closed","template":"","meta":{"content-type":"","site-sidebar-layout":"default","site-content-layout":"default","ast-site-content-layout":"default","site-content-style":"default","site-sidebar-style":"default","ast-global-header-display":"","ast-banner-title-visibility":"","ast-main-header-display":"","ast-hfb-above-header-display":"","ast-hfb-below-header-display":"","ast-hfb-mobile-header-display":"","site-post-title":"","ast-breadcrumbs-content":"","ast-featured-img":"","footer-sml-layout":"","ast-disable-related-posts":"","theme-transparent-header-meta":"default","adv-header-id-meta":"","stick-header-meta":"","header-above-stick-meta":"","header-main-stick-meta":"","header-below-stick-meta":"","astra-migrate-meta-layouts":"default","ast-page-background-enabled":"default","ast-page-background-meta":{"desktop":{"background-color":"","background-image":"","background-repeat":"repeat","background-position":"center center","background-size":"auto","background-attachment":"scroll","background-type":"","background-media":"","overlay-type":"","overlay-color":"","overlay-opacity":"","overlay-gradient":""},"tablet":{"background-color":"","background-image":"","background-repeat":"repeat","background-position":"center center","background-size":"auto","background-attachment":"scroll","background-type":"","background-media":"","overlay-type":"","overlay-color":"","overlay-opacity":"","overlay-gradient":""},"mobile":{"background-color":"","background-image":"","background-repeat":"repeat","background-position":"center center","background-size":"auto","background-attachment":"scroll","background-type":"","background-media":"","overlay-type":"","overlay-color":"","overlay-opacity":"","overlay-gradient":""}},"ast-content-background-meta":{"desktop":{"background-color":"var(--ast-global-color-5)","background-image":"","background-repeat":"repeat","background-position":"center center","background-size":"auto","background-attachment":"scroll","background-type":"","background-media":"","overlay-type":"","overlay-color":"","overlay-opacity":"","overlay-gradient":""},"tablet":{"background-color":"var(--ast-global-color-5)","background-image":"","background-repeat":"repeat","background-position":"center center","background-size":"auto","background-attachment":"scroll","background-type":"","background-media":"","overlay-type":"","overlay-color":"","overlay-opacity":"","overlay-gradient":""},"mobile":{"background-color":"var(--ast-global-color-5)","background-image":"","background-repeat":"repeat","background-position":"center center","background-size":"auto","background-attachment":"scroll","background-type":"","background-media":"","overlay-type":"","overlay-color":"","overlay-opacity":"","overlay-gradient":""}}},"product_brand":[],"product_cat":[504,437,307],"product_tag":[466],"class_list":{"0":"post-9188","1":"product","2":"type-product","3":"status-publish","4":"has-post-thumbnail","6":"product_cat-cpnp","7":"product_cat-koerper","8":"product_cat-pyunkang-yul","9":"product_tag-kinder","10":"pa_beduerfnisse-trockenheit","11":"pa_hauttyp-all","12":"pa_hauttyp-baby","13":"pa_hauttyp-empfindliche-haut","14":"pa_hauttyp-fettige","15":"pa_hauttyp-mischhaut","16":"pa_hauttyp-normal","17":"pa_hauttyp-trockene","18":"desktop-align-left","19":"tablet-align-left","20":"mobile-align-left","22":"first","23":"instock","24":"taxable","25":"shipping-taxable","26":"purchasable","27":"product-type-variable"},"_links":{"self":[{"href":"https:\/\/healthyskinsecrets.ch\/it\/wp-json\/wp\/v2\/product\/9188","targetHints":{"allow":["GET"]}}],"collection":[{"href":"https:\/\/healthyskinsecrets.ch\/it\/wp-json\/wp\/v2\/product"}],"about":[{"href":"https:\/\/healthyskinsecrets.ch\/it\/wp-json\/wp\/v2\/types\/product"}],"replies":[{"embeddable":true,"href":"https:\/\/healthyskinsecrets.ch\/it\/wp-json\/wp\/v2\/comments?post=9188"}],"wp:featuredmedia":[{"embeddable":true,"href":"https:\/\/healthyskinsecrets.ch\/it\/wp-json\/wp\/v2\/media\/9226"}],"wp:attachment":[{"href":"https:\/\/healthyskinsecrets.ch\/it\/wp-json\/wp\/v2\/media?parent=9188"}],"wp:term":[{"taxonomy":"product_brand","embeddable":true,"href":"https:\/\/healthyskinsecrets.ch\/it\/wp-json\/wp\/v2\/product_brand?post=9188"},{"taxonomy":"product_cat","embeddable":true,"href":"https:\/\/healthyskinsecrets.ch\/it\/wp-json\/wp\/v2\/product_cat?post=9188"},{"taxonomy":"product_tag","embeddable":true,"href":"https:\/\/healthyskinsecrets.ch\/it\/wp-json\/wp\/v2\/product_tag?post=9188"}],"curies":[{"name":"wp","href":"https:\/\/api.w.org\/{rel}","templated":true}]}}