{"id":9187,"date":"2022-03-28T10:52:03","date_gmt":"2022-03-28T10:52:03","guid":{"rendered":"https:\/\/healthyskinsecrets.ch\/product\/import-placeholder-for-7598\/"},"modified":"2023-06-16T19:36:25","modified_gmt":"2023-06-16T19:36:25","slug":"pyungkang-yul-acne-toner-150ml","status":"publish","type":"product","link":"https:\/\/healthyskinsecrets.ch\/it\/product\/pyungkang-yul-acne-toner-150ml\/","title":{"rendered":"Pyungkang Yul Acne Toner 150ml"},"content":{"rendered":"<h3>Anwendung<\/h3>\n<ol>\n<li>2 bis 3 Tropfen auf die gereinigte Haut auftragen.<\/li>\n<li>Sanft in die Haut tupfen bis es v\u00f6llig eingezogen ist.<\/li>\n<li>Morgens und f\u00fcr die Nacht anwenden.<\/li>\n<\/ol>\n<h3>Inhaltsstoffe<\/h3>\n<p>Water Butylene Glycol Dimethyl Sulfone Pyridoxine HCl Salix Alba (Willow) Bark Extract Niacinamide Forsythia Suspensa Fruit Extract Centella Asiatica Extract Polygonum Cuspidatum Root Extract Scutellaria Baicalensis Root Extract Camellia Sinensis Leaf Extract Glycyrrhiza Uralensis (Licorice) Root Extract Chamomilla Recutita (Matricaria) Flower Extract Rosmarinus Officinalis (Rosemary) Leaf Extract Copper Tripeptide-1 Glycerin Hydroxyacetophenone Myrtus Communis Extract Tropaeolum majus Extract Ethylhexylglycerin Disodium EDTA<\/p>\n<h3>Warnhinweise<\/h3>\n<ol>\n<li>Nur zur \u00e4u\u00dferlichen Anwendung geeignet.<\/li>\n<li>Nicht auf verletzte Haut oder auf Wunden auftragen.<\/li>\n<li>Sollten Nebenwirkungen wie Irritationen oder Ausschlag eintreten, Anwendung sofort beenden und unverz\u00fcglich an einen Arzt wenden.<\/li>\n<li>Kontakt mit den Augen vermeiden. Sollte das Produkt ins Auge gelangen, das Auge sofort gr\u00fcndlich mit klarem Wasser aussp\u00fclen.<\/li>\n<li>Au\u00dfer Reichweite von Kindern aufbewahren.<\/li>\n<li>Nicht schlucken. Bei Verschlucken Arzt oder Giftzentrale aufsuchen.<\/li>\n<\/ol>\n","protected":false},"excerpt":{"rendered":"<p><strong>Pyunkang Yul<\/strong>\u00a0ACNE Toner mit Extrakt aus wei\u00dfer Weidenrinde peelt sanft und befreit von abgestorbenen Hautzellen. Er hilft dabei, verstopfte Poren wieder zu \u00f6ffnen und bek\u00e4mpft gezielt widerspenstige Pickel. So wird die Haut geschmeidiger und erh\u00e4lt einen gesund aussehenden Teint.<\/p>\n<p>Der enthaltene Tigerlilien-Extrakt sp\u00fclt mit seinen antibakteriellen Eigenschaften Bakterien aus den Poren, die zur Entstehung von Akne f\u00fchren k\u00f6nnten. Die Formel mit Madecassoside und Niacinamid beruhigt und regeneriert die Haut. Zus\u00e4tzlich reguliert der\u00a0<b>Pyunkang Yul<\/b>\u00a0ACNE Toner die Talgproduktion, um zuk\u00fcnftigen Akne-Ausbr\u00fcchen vorzusorgen.<\/p>\n","protected":false},"featured_media":9219,"comment_status":"open","ping_status":"closed","template":"","meta":{"content-type":"","site-sidebar-layout":"default","site-content-layout":"default","ast-site-content-layout":"default","site-content-style":"default","site-sidebar-style":"default","ast-global-header-display":"","ast-banner-title-visibility":"","ast-main-header-display":"","ast-hfb-above-header-display":"","ast-hfb-below-header-display":"","ast-hfb-mobile-header-display":"","site-post-title":"","ast-breadcrumbs-content":"","ast-featured-img":"","footer-sml-layout":"","ast-disable-related-posts":"","theme-transparent-header-meta":"default","adv-header-id-meta":"","stick-header-meta":"","header-above-stick-meta":"","header-main-stick-meta":"","header-below-stick-meta":"","astra-migrate-meta-layouts":"default","ast-page-background-enabled":"default","ast-page-background-meta":{"desktop":{"background-color":"","background-image":"","background-repeat":"repeat","background-position":"center center","background-size":"auto","background-attachment":"scroll","background-type":"","background-media":"","overlay-type":"","overlay-color":"","overlay-opacity":"","overlay-gradient":""},"tablet":{"background-color":"","background-image":"","background-repeat":"repeat","background-position":"center center","background-size":"auto","background-attachment":"scroll","background-type":"","background-media":"","overlay-type":"","overlay-color":"","overlay-opacity":"","overlay-gradient":""},"mobile":{"background-color":"","background-image":"","background-repeat":"repeat","background-position":"center center","background-size":"auto","background-attachment":"scroll","background-type":"","background-media":"","overlay-type":"","overlay-color":"","overlay-opacity":"","overlay-gradient":""}},"ast-content-background-meta":{"desktop":{"background-color":"var(--ast-global-color-5)","background-image":"","background-repeat":"repeat","background-position":"center center","background-size":"auto","background-attachment":"scroll","background-type":"","background-media":"","overlay-type":"","overlay-color":"","overlay-opacity":"","overlay-gradient":""},"tablet":{"background-color":"var(--ast-global-color-5)","background-image":"","background-repeat":"repeat","background-position":"center center","background-size":"auto","background-attachment":"scroll","background-type":"","background-media":"","overlay-type":"","overlay-color":"","overlay-opacity":"","overlay-gradient":""},"mobile":{"background-color":"var(--ast-global-color-5)","background-image":"","background-repeat":"repeat","background-position":"center center","background-size":"auto","background-attachment":"scroll","background-type":"","background-media":"","overlay-type":"","overlay-color":"","overlay-opacity":"","overlay-gradient":""}}},"product_brand":[],"product_cat":[424,307],"product_tag":[40],"class_list":{"0":"post-9187","1":"product","2":"type-product","3":"status-publish","4":"has-post-thumbnail","6":"product_cat-gesicht","7":"product_cat-pyunkang-yul","8":"product_tag-toner-mist","9":"pa_beduerfnisse-akne","10":"pa_beduerfnisse-talg","11":"pa_hauttyp-all","12":"desktop-align-left","13":"tablet-align-left","14":"mobile-align-left","16":"first","17":"instock","18":"taxable","19":"shipping-taxable","20":"product-type-variable"},"_links":{"self":[{"href":"https:\/\/healthyskinsecrets.ch\/it\/wp-json\/wp\/v2\/product\/9187","targetHints":{"allow":["GET"]}}],"collection":[{"href":"https:\/\/healthyskinsecrets.ch\/it\/wp-json\/wp\/v2\/product"}],"about":[{"href":"https:\/\/healthyskinsecrets.ch\/it\/wp-json\/wp\/v2\/types\/product"}],"replies":[{"embeddable":true,"href":"https:\/\/healthyskinsecrets.ch\/it\/wp-json\/wp\/v2\/comments?post=9187"}],"wp:featuredmedia":[{"embeddable":true,"href":"https:\/\/healthyskinsecrets.ch\/it\/wp-json\/wp\/v2\/media\/9219"}],"wp:attachment":[{"href":"https:\/\/healthyskinsecrets.ch\/it\/wp-json\/wp\/v2\/media?parent=9187"}],"wp:term":[{"taxonomy":"product_brand","embeddable":true,"href":"https:\/\/healthyskinsecrets.ch\/it\/wp-json\/wp\/v2\/product_brand?post=9187"},{"taxonomy":"product_cat","embeddable":true,"href":"https:\/\/healthyskinsecrets.ch\/it\/wp-json\/wp\/v2\/product_cat?post=9187"},{"taxonomy":"product_tag","embeddable":true,"href":"https:\/\/healthyskinsecrets.ch\/it\/wp-json\/wp\/v2\/product_tag?post=9187"}],"curies":[{"name":"wp","href":"https:\/\/api.w.org\/{rel}","templated":true}]}}