{"id":9006,"date":"2022-03-28T10:42:14","date_gmt":"2022-03-28T10:42:14","guid":{"rendered":"https:\/\/healthyskinsecrets.ch\/product\/import-placeholder-for-10412\/"},"modified":"2023-04-26T16:23:16","modified_gmt":"2023-04-26T16:23:16","slug":"muldream-vegan-green-mild-vita-ampoule-55ml","status":"publish","type":"product","link":"https:\/\/healthyskinsecrets.ch\/it\/product\/muldream-vegan-green-mild-vita-ampoule-55ml\/","title":{"rendered":"Muldream Vegan Green Mild VITA Ampoule 55ml"},"content":{"rendered":"<h3>Anwendung<\/h3>\n<ol>\n<li>Pumpen Sie eine angemessene Menge (1- bis 2-mal) und tragen Sie sie nach dem Waschen sanft auf das Gesicht auf.<\/li>\n<li>Verwenden Sie die Ampulle vor anderen Hautpflegeprodukten (Lotion, Maskenpackungen, Creme usw.)<\/li>\n<li>Empfohlen 2 mal t\u00e4glich, einmal morgens und einmal abends<\/li>\n<\/ol>\n<h3>Inhaltsstoffe<\/h3>\n<p>&#8211;<\/p>\n<h3>Warnhinweise<\/h3>\n<ol>\n<li>Nur zur \u00e4u\u00dferlichen Anwendung geeignet.<\/li>\n<li>Nicht auf verletzte Haut oder auf Wunden auftragen.<\/li>\n<li>Sollten Nebenwirkungen wie Irritationen oder Ausschlag eintreten, Anwendung sofort beenden und unverz\u00fcglich an einen Arzt wenden.<\/li>\n<li>Kontakt mit den Augen vermeiden. Sollte das Produkt ins Auge gelangen, das Auge sofort gr\u00fcndlich mit klarem Wasser aussp\u00fclen.<\/li>\n<li>Au\u00dfer Reichweite von Kindern aufbewahren.<\/li>\n<li>Nicht schlucken. Bei Verschlucken Arzt oder Giftzentrale aufsuchen.<\/li>\n<\/ol>\n","protected":false},"excerpt":{"rendered":"<p>Perfekt f\u00fcr Menschen mit den folgenden Anliegen:<\/p>\n<ul>\n<li>Eine Person, die einen gleichm\u00e4\u00dfigen Hautton haben m\u00f6chte<\/li>\n<li>Eine Person, die Aknenarben oder dunkle Flecken verringern m\u00f6chte<\/li>\n<li>Eine Person, die einen Mangel an Ausstrahlung oder einen m\u00fcden, ungleichm\u00e4\u00dfigen Hautton hat<\/li>\n<li>Eine Person, die\u00a0<span style=\"font-size: 16px; font-style: normal; font-weight: 400;\">das Aussehen von feinen Linien und F\u00e4ltchen <\/span>reduzieren m\u00f6chte<\/li>\n<\/ul>\n<p><strong>Hauptmerkmale<\/strong><\/p>\n<ul>\n<li>SOS VITALITY-L\u00f6sung Ampulle f\u00fcr fahle Haut: VITA-Ampulle l\u00e4sst Ihre Haut mit jugendlich aussehender Vitalit\u00e4t erstrahlen und hilft, das Erscheinungsbild feiner Linien und F\u00e4ltchen zu reduzieren<\/li>\n<li>HYDRATE TROCKENE HAUT, KEIN FETTIGES GEF\u00dcHL &#8211; eine geleeartige Textur, nicht zu schwer oder Licht; leicht absorbiert und bieten eine komfortable Anwendung.<\/li>\n<li>ST\u00c4RKUNG der Haut &#8211; Verbesserung der Hautbarriere von innen und au\u00dfen mit Hilfe von Schl\u00fcsselinhaltsstoffen; Panthenol \/ Ceramide NP<\/li>\n<li><strong> CRUELTY FREE, VEGAN, CLEAN COSMETICS<\/strong> \u2013 Parabenfrei, \u00f6lfrei, silikonfrei, ohne Farbstoffe, ohne Alkohol, ohne PEG, pflanzliche vegane Formulierung<\/li>\n<\/ul>\n","protected":false},"featured_media":9040,"comment_status":"open","ping_status":"closed","template":"","meta":{"content-type":"","site-sidebar-layout":"default","site-content-layout":"default","ast-site-content-layout":"default","site-content-style":"default","site-sidebar-style":"default","ast-global-header-display":"","ast-banner-title-visibility":"","ast-main-header-display":"","ast-hfb-above-header-display":"","ast-hfb-below-header-display":"","ast-hfb-mobile-header-display":"","site-post-title":"","ast-breadcrumbs-content":"","ast-featured-img":"","footer-sml-layout":"","ast-disable-related-posts":"","theme-transparent-header-meta":"default","adv-header-id-meta":"","stick-header-meta":"","header-above-stick-meta":"","header-main-stick-meta":"","header-below-stick-meta":"","astra-migrate-meta-layouts":"default","ast-page-background-enabled":"default","ast-page-background-meta":{"desktop":{"background-color":"","background-image":"","background-repeat":"repeat","background-position":"center center","background-size":"auto","background-attachment":"scroll","background-type":"","background-media":"","overlay-type":"","overlay-color":"","overlay-opacity":"","overlay-gradient":""},"tablet":{"background-color":"","background-image":"","background-repeat":"repeat","background-position":"center center","background-size":"auto","background-attachment":"scroll","background-type":"","background-media":"","overlay-type":"","overlay-color":"","overlay-opacity":"","overlay-gradient":""},"mobile":{"background-color":"","background-image":"","background-repeat":"repeat","background-position":"center center","background-size":"auto","background-attachment":"scroll","background-type":"","background-media":"","overlay-type":"","overlay-color":"","overlay-opacity":"","overlay-gradient":""}},"ast-content-background-meta":{"desktop":{"background-color":"var(--ast-global-color-5)","background-image":"","background-repeat":"repeat","background-position":"center center","background-size":"auto","background-attachment":"scroll","background-type":"","background-media":"","overlay-type":"","overlay-color":"","overlay-opacity":"","overlay-gradient":""},"tablet":{"background-color":"var(--ast-global-color-5)","background-image":"","background-repeat":"repeat","background-position":"center center","background-size":"auto","background-attachment":"scroll","background-type":"","background-media":"","overlay-type":"","overlay-color":"","overlay-opacity":"","overlay-gradient":""},"mobile":{"background-color":"var(--ast-global-color-5)","background-image":"","background-repeat":"repeat","background-position":"center center","background-size":"auto","background-attachment":"scroll","background-type":"","background-media":"","overlay-type":"","overlay-color":"","overlay-opacity":"","overlay-gradient":""}}},"product_brand":[],"product_cat":[504,424,294],"product_tag":[425],"class_list":{"0":"post-9006","1":"product","2":"type-product","3":"status-publish","4":"has-post-thumbnail","6":"product_cat-cpnp","7":"product_cat-gesicht","8":"product_cat-muldream","9":"product_tag-essence-serum-oil","10":"pa_beduerfnisse-falten","11":"pa_beduerfnisse-matte-muede","12":"pa_beduerfnisse-narben","13":"pa_beduerfnisse-pigmentierung","14":"pa_hauttyp-all","15":"pa_hauttyp-fettige","16":"pa_hauttyp-mischhaut","17":"pa_hauttyp-normal","18":"pa_hauttyp-trockene","19":"desktop-align-left","20":"tablet-align-left","21":"mobile-align-left","23":"first","24":"instock","25":"taxable","26":"shipping-taxable","27":"purchasable","28":"product-type-variable"},"_links":{"self":[{"href":"https:\/\/healthyskinsecrets.ch\/it\/wp-json\/wp\/v2\/product\/9006","targetHints":{"allow":["GET"]}}],"collection":[{"href":"https:\/\/healthyskinsecrets.ch\/it\/wp-json\/wp\/v2\/product"}],"about":[{"href":"https:\/\/healthyskinsecrets.ch\/it\/wp-json\/wp\/v2\/types\/product"}],"replies":[{"embeddable":true,"href":"https:\/\/healthyskinsecrets.ch\/it\/wp-json\/wp\/v2\/comments?post=9006"}],"wp:featuredmedia":[{"embeddable":true,"href":"https:\/\/healthyskinsecrets.ch\/it\/wp-json\/wp\/v2\/media\/9040"}],"wp:attachment":[{"href":"https:\/\/healthyskinsecrets.ch\/it\/wp-json\/wp\/v2\/media?parent=9006"}],"wp:term":[{"taxonomy":"product_brand","embeddable":true,"href":"https:\/\/healthyskinsecrets.ch\/it\/wp-json\/wp\/v2\/product_brand?post=9006"},{"taxonomy":"product_cat","embeddable":true,"href":"https:\/\/healthyskinsecrets.ch\/it\/wp-json\/wp\/v2\/product_cat?post=9006"},{"taxonomy":"product_tag","embeddable":true,"href":"https:\/\/healthyskinsecrets.ch\/it\/wp-json\/wp\/v2\/product_tag?post=9006"}],"curies":[{"name":"wp","href":"https:\/\/api.w.org\/{rel}","templated":true}]}}