{"id":15270,"date":"2024-09-21T12:47:58","date_gmt":"2024-09-21T12:47:58","guid":{"rendered":"https:\/\/healthyskinsecrets.ch\/product\/import-placeholder-for-22570\/"},"modified":"2026-02-24T12:45:26","modified_gmt":"2026-02-24T12:45:26","slug":"heimish-moringa-ceramide-bb-cream-spf-30-pa23n-light-medium","status":"publish","type":"product","link":"https:\/\/healthyskinsecrets.ch\/it\/product\/heimish-moringa-ceramide-bb-cream-23n\/","title":{"rendered":"Heimish Moringa Ceramide BB Cream SPF 30 PA++23N Light Medium"},"content":{"rendered":"<h3>Applicazione<\/h3>\n<p>Applicare una quantit\u00e0 grande quanto un pisello di BB Cream sulla pelle pulita e asciutta. pelle preparata. Usando la punta delle dita, sfuma dal centro del viso verso l&#8217;esterno (suggerimento: il calore delle dita aiuter\u00e0 a far emergere il pigmento). Continua a sfumare con la punta delle dita per uniformare il tono della pelle. Se si preferisce una copertura extra, aggiungere un&#8217;altra quantit\u00e0 di BB Cream grande quanto un pisello sulla pelle dopo che il primo strato si \u00e8 asciugato.<\/p>\n<h3>Ingredienti<\/h3>\n<p>Water, Cyclopentasiloxane, Titanium Dioxide, Zinc Oxide, Glycerin, Caprylic\/Capric Triglyceride, PEG-10 Dimethicone, Dipropylene Glycol, Dimethicone, Niacinamide, Cetyl Ethylhexanoate, Polymethylsilsesquioxane, Disteardimonium Hectorite, Betaine, Magnesium Sulfate, Silica, Sorbitan Sesquioleate, CI 77492, 1,2-Hexanediol, Dimethicone Crosspolymer, Acrylates\/Dimethicone Copolymer, CI 77499, Moringa Oleifera Seed Oil, Triethoxycaprylylsilane, Candida Bombicola\/Glucose\/Methyl Rapeseedate Ferment, Glycosyl Trehalose, CI 77491, Palmitic Acid, Hydrogenated Starch Hydrolysate, Tocopheryl Acetate, Caprylyl Glycol, Ethylhexylglycerin, Aluminum Hydroxide, Panthenol, Hyaluronic Acid, Adenosine, Citrus Aurantium Amara (Bitter Orange) Leaf\/Twig Oil, Artemisia Vulgaris Oil, Lavandula Angustifolia (Lavender) Oil, Litsea Cubeba Fruit Oil, Prunus Persica (Peach) Flower Extract, Cyclotetrasiloxane, Laurus Noblis Leaf Extract, Ceramide NP(80ppm), Propylene Glycol, Phytosphingosine, Hydrogenated Lecithin, Myristic Acid, Stearic Acid, Tocopherol<\/p>\n<h3>Attenzione<\/h3>\n<ol>\n<li>Solo per uso esterno.<\/li>\n<li>Non utilizzare su pelle danneggiata o rotta.<\/li>\n<li>Se si verifica un&#8217;eruzione cutanea, interrompere l&#8217;uso e contattare un medico.<\/li>\n<li>Evitare il contatto con gli occhi. In caso di contatto con gli occhi, sciacquare immediatamente e abbondantemente.<\/li>\n<li>Tenere fuori dalla portata dei bambini.<\/li>\n<li>Non ingoiare. In caso di ingestione, richiedere assistenza medica o contattare immediatamente un centro antiveleni.<\/li>\n<\/ol>\n","protected":false},"excerpt":{"rendered":"<p>La BB Cream Moringa Ceramide di Heimish copre senza sforzo qualsiasi rossore e tono della pelle non uniforme, fortificando allo stesso tempo la barriera cutanea. Leggero, modulabile, questo fondotinta leviga la grana della pelle e idrata la pelle per una copertura duratura.<\/p>\n<p>La formula fortificante della Moringa Ceramide BB Cream di Heimish \u00e8 infusa con olio di moringa fermentato e ceramide. Fornisce idratazione e copertura leggera e modulabile, con cinque tonalit\u00e0 per carnagioni da chiare a olivastre. Funziona come un&#8217;ottima base per aiutare il trucco a durare pi\u00f9 a lungo o come crema BB a s\u00e9 stante per sostituire i fondotinta pi\u00f9 pesanti. Fornisce una finitura giovane e satinata che uniforma il tono della pelle e lascia una fresca luminosit\u00e0.<\/p>\n","protected":false},"featured_media":15271,"comment_status":"open","ping_status":"closed","template":"","meta":{"content-type":"","site-sidebar-layout":"default","site-content-layout":"default","ast-site-content-layout":"default","site-content-style":"default","site-sidebar-style":"default","ast-global-header-display":"","ast-banner-title-visibility":"","ast-main-header-display":"","ast-hfb-above-header-display":"","ast-hfb-below-header-display":"","ast-hfb-mobile-header-display":"","site-post-title":"","ast-breadcrumbs-content":"","ast-featured-img":"","footer-sml-layout":"","ast-disable-related-posts":"","theme-transparent-header-meta":"default","adv-header-id-meta":"","stick-header-meta":"","header-above-stick-meta":"","header-main-stick-meta":"","header-below-stick-meta":"","astra-migrate-meta-layouts":"set","ast-page-background-enabled":"default","ast-page-background-meta":{"desktop":{"background-color":"","background-image":"","background-repeat":"repeat","background-position":"center center","background-size":"auto","background-attachment":"scroll","background-type":"","background-media":"","overlay-type":"","overlay-color":"","overlay-opacity":"","overlay-gradient":""},"tablet":{"background-color":"","background-image":"","background-repeat":"repeat","background-position":"center center","background-size":"auto","background-attachment":"scroll","background-type":"","background-media":"","overlay-type":"","overlay-color":"","overlay-opacity":"","overlay-gradient":""},"mobile":{"background-color":"","background-image":"","background-repeat":"repeat","background-position":"center center","background-size":"auto","background-attachment":"scroll","background-type":"","background-media":"","overlay-type":"","overlay-color":"","overlay-opacity":"","overlay-gradient":""}},"ast-content-background-meta":{"desktop":{"background-color":"var(--ast-global-color-5)","background-image":"","background-repeat":"repeat","background-position":"center center","background-size":"auto","background-attachment":"scroll","background-type":"","background-media":"","overlay-type":"","overlay-color":"","overlay-opacity":"","overlay-gradient":""},"tablet":{"background-color":"var(--ast-global-color-5)","background-image":"","background-repeat":"repeat","background-position":"center center","background-size":"auto","background-attachment":"scroll","background-type":"","background-media":"","overlay-type":"","overlay-color":"","overlay-opacity":"","overlay-gradient":""},"mobile":{"background-color":"var(--ast-global-color-5)","background-image":"","background-repeat":"repeat","background-position":"center center","background-size":"auto","background-attachment":"scroll","background-type":"","background-media":"","overlay-type":"","overlay-color":"","overlay-opacity":"","overlay-gradient":""}}},"product_brand":[],"product_cat":[588,424,260,630,633,631],"product_tag":[430],"class_list":{"0":"post-15270","1":"product","2":"type-product","3":"status-publish","4":"has-post-thumbnail","6":"product_cat-10-sonnenschutz","7":"product_cat-gesicht","8":"product_cat-heimish","9":"product_cat-hss","10":"product_cat-korean-make-up","11":"product_cat-newone","12":"product_tag-sonnenschutz","13":"pa_hauttyp-all","14":"desktop-align-left","15":"tablet-align-left","16":"mobile-align-left","18":"first","19":"instock","20":"taxable","21":"shipping-taxable","22":"purchasable","23":"product-type-variable"},"_links":{"self":[{"href":"https:\/\/healthyskinsecrets.ch\/it\/wp-json\/wp\/v2\/product\/15270","targetHints":{"allow":["GET"]}}],"collection":[{"href":"https:\/\/healthyskinsecrets.ch\/it\/wp-json\/wp\/v2\/product"}],"about":[{"href":"https:\/\/healthyskinsecrets.ch\/it\/wp-json\/wp\/v2\/types\/product"}],"replies":[{"embeddable":true,"href":"https:\/\/healthyskinsecrets.ch\/it\/wp-json\/wp\/v2\/comments?post=15270"}],"wp:featuredmedia":[{"embeddable":true,"href":"https:\/\/healthyskinsecrets.ch\/it\/wp-json\/wp\/v2\/media\/15271"}],"wp:attachment":[{"href":"https:\/\/healthyskinsecrets.ch\/it\/wp-json\/wp\/v2\/media?parent=15270"}],"wp:term":[{"taxonomy":"product_brand","embeddable":true,"href":"https:\/\/healthyskinsecrets.ch\/it\/wp-json\/wp\/v2\/product_brand?post=15270"},{"taxonomy":"product_cat","embeddable":true,"href":"https:\/\/healthyskinsecrets.ch\/it\/wp-json\/wp\/v2\/product_cat?post=15270"},{"taxonomy":"product_tag","embeddable":true,"href":"https:\/\/healthyskinsecrets.ch\/it\/wp-json\/wp\/v2\/product_tag?post=15270"}],"curies":[{"name":"wp","href":"https:\/\/api.w.org\/{rel}","templated":true}]}}