{"id":14814,"date":"2024-09-21T08:52:00","date_gmt":"2024-09-21T08:52:00","guid":{"rendered":"https:\/\/healthyskinsecrets.ch\/product\/import-placeholder-for-25719\/"},"modified":"2024-11-27T12:46:54","modified_gmt":"2024-11-27T12:46:54","slug":"jkosmec-skin-solution-collagen-firming-face-cream-50ml","status":"publish","type":"product","link":"https:\/\/healthyskinsecrets.ch\/it\/product\/jkosmec-skin-solution-collagen-firming-face-cream\/","title":{"rendered":"JKosmec Skin Solution Collagen Firming Face Cream 50ml"},"content":{"rendered":"<h3>Applicazione<\/h3>\n<ol>\n<li>Utilizza la crema in fiala al mattino e alla sera come ultima fase della procedura quotidiana per la cura della pelle del viso.<\/li>\n<li>Applica la quantit\u00e0 adeguata di crema e massaggia delicatamente il viso fino al completo assorbimento.<\/li>\n<\/ol>\n<h3>Ingredienti principali<\/h3>\n<p>Water, Cetyl Ethylhexanoate, Glycerin, Butylene Glycol, Cetearyl Alcohol, Niacinamide, 1,2-Hexanediol, Polyglyceryl-2 Stearate, Glyceryl Stearate, Vinyl Dimethicone, Stearyl Alcohol, Hydroxyacetophenone, Hydrogenated Polydecene, Synthetic Beeswax, Diisostearyl Malate, Butyrospermum Parkii (Shea) Butter, Palmitic Acid, Tromethamine, Stearic Acid, Acrylates\/C10-30 Alkyl Acrylate Crosspolymer, Carbomer, Fragrance, Adenosine, Hydrolyzed Collagen, Sodium Hyaluronate<\/p>\n<p>*Le modifiche agli ingredienti sono a discrezione del produttore. Vuoi essere assolutamente sicuro prima di acquistare? Allora contattaci per una foto dell&#8217;attuale confezione del prodotto.<\/p>\n<h3>Avvisi<\/h3>\n<ol>\n<li>Solo per uso esterno.<\/li>\n<li>Non applicare su pelle rotta o ferite.<\/li>\n<li>Se si verificano effetti collaterali come irritazione o eruzione cutanea, interrompere immediatamente l&#8217;uso e consultare immediatamente un medico.<\/li>\n<li>Evitare il contatto con gli occhi. Se il prodotto viene a contatto con gli occhi, sciacquarli immediatamente e abbondantemente con acqua pulita.<\/li>\n<li>Tenere fuori dalla portata dei bambini.<\/li>\n<li>Non ingoiare. In caso di ingestione, contattare un medico o un centro antiveleni.<\/li>\n<\/ol>\n","protected":false},"excerpt":{"rendered":"<p><strong>Crema viso rassodante al collagene JKosmec Skin Solution<\/strong> Questa crema rassodante contiene collagene che viene assorbito in profondit\u00e0 nella pelle per aiutare a migliorare l&#8217;elasticit\u00e0 della pelle e mantenerla elastica e idratata a lungo.<\/p>\n<p><strong>Componenti attivi: <\/strong> Collagene<\/p>\n<ul>\n<li><strong>Collagene:<\/strong> contenuto in questa crema aiuta a migliorare l&#8217;elasticit\u00e0 della pelle e mantiene la pelle elastica e idratata a lungo. Il collagene \u00e8 un ingrediente nutriente efficace che aiuta a mantenere l&#8217;elasticit\u00e0 e la luminosit\u00e0 naturale della pelle.<\/li>\n<li><strong>Adenosina:<\/strong> un ingrediente per la riduzione delle rughe.<\/li>\n<li><strong>Niacinamide:<\/strong> un ingrediente sbiancante.<\/li>\n<li><strong>Idratazione profonda &#8211; Nutrimento attivo:<\/strong> L&#8217;eccellente effetto idratante aiuta a prevenire la secchezza della pelle migliorando la ritenzione dell&#8217;umidit\u00e0 e rivitalizzando la pelle. Gli ingredienti altamente idratanti di questa crema rafforzano la barriera cutanea, rendendo la pelle elastica, liscia ed elastica.<\/li>\n<\/ul>\n<p><strong>Funzione principale: <\/strong>rassodante<\/p>\n","protected":false},"featured_media":15587,"comment_status":"open","ping_status":"closed","template":"","meta":{"content-type":"","site-sidebar-layout":"default","site-content-layout":"default","ast-site-content-layout":"default","site-content-style":"default","site-sidebar-style":"default","ast-global-header-display":"","ast-banner-title-visibility":"","ast-main-header-display":"","ast-hfb-above-header-display":"","ast-hfb-below-header-display":"","ast-hfb-mobile-header-display":"","site-post-title":"","ast-breadcrumbs-content":"","ast-featured-img":"","footer-sml-layout":"","ast-disable-related-posts":"","theme-transparent-header-meta":"default","adv-header-id-meta":"","stick-header-meta":"","header-above-stick-meta":"","header-main-stick-meta":"","header-below-stick-meta":"","astra-migrate-meta-layouts":"set","ast-page-background-enabled":"default","ast-page-background-meta":{"desktop":{"background-color":"","background-image":"","background-repeat":"repeat","background-position":"center center","background-size":"auto","background-attachment":"scroll","background-type":"","background-media":"","overlay-type":"","overlay-color":"","overlay-opacity":"","overlay-gradient":""},"tablet":{"background-color":"","background-image":"","background-repeat":"repeat","background-position":"center center","background-size":"auto","background-attachment":"scroll","background-type":"","background-media":"","overlay-type":"","overlay-color":"","overlay-opacity":"","overlay-gradient":""},"mobile":{"background-color":"","background-image":"","background-repeat":"repeat","background-position":"center center","background-size":"auto","background-attachment":"scroll","background-type":"","background-media":"","overlay-type":"","overlay-color":"","overlay-opacity":"","overlay-gradient":""}},"ast-content-background-meta":{"desktop":{"background-color":"var(--ast-global-color-5)","background-image":"","background-repeat":"repeat","background-position":"center center","background-size":"auto","background-attachment":"scroll","background-type":"","background-media":"","overlay-type":"","overlay-color":"","overlay-opacity":"","overlay-gradient":""},"tablet":{"background-color":"var(--ast-global-color-5)","background-image":"","background-repeat":"repeat","background-position":"center center","background-size":"auto","background-attachment":"scroll","background-type":"","background-media":"","overlay-type":"","overlay-color":"","overlay-opacity":"","overlay-gradient":""},"mobile":{"background-color":"var(--ast-global-color-5)","background-image":"","background-repeat":"repeat","background-position":"center center","background-size":"auto","background-attachment":"scroll","background-type":"","background-media":"","overlay-type":"","overlay-color":"","overlay-opacity":"","overlay-gradient":""}}},"product_brand":[],"product_cat":[520,649,504,630,503],"product_tag":[587],"class_list":{"0":"post-14814","1":"product","2":"type-product","3":"status-publish","4":"has-post-thumbnail","6":"product_cat-8-koreanische-gesichtscreme","7":"product_cat-bestseller","8":"product_cat-cpnp","9":"product_cat-hss","10":"product_cat-jkosmec","11":"product_tag-8-feuchtigkeitspflege","12":"pa_beduerfnisse-anti-aging","13":"pa_beduerfnisse-falten","14":"pa_beduerfnisse-matte-muede","15":"pa_beduerfnisse-trockenheit","16":"pa_hauttyp-all","17":"pa_hauttyp-fettige","18":"pa_hauttyp-mischhaut","19":"pa_hauttyp-normal","20":"pa_hauttyp-trockene","21":"desktop-align-left","22":"tablet-align-left","23":"mobile-align-left","25":"first","26":"instock","27":"taxable","28":"shipping-taxable","29":"purchasable","30":"product-type-variable","31":"has-default-attributes"},"_links":{"self":[{"href":"https:\/\/healthyskinsecrets.ch\/it\/wp-json\/wp\/v2\/product\/14814","targetHints":{"allow":["GET"]}}],"collection":[{"href":"https:\/\/healthyskinsecrets.ch\/it\/wp-json\/wp\/v2\/product"}],"about":[{"href":"https:\/\/healthyskinsecrets.ch\/it\/wp-json\/wp\/v2\/types\/product"}],"replies":[{"embeddable":true,"href":"https:\/\/healthyskinsecrets.ch\/it\/wp-json\/wp\/v2\/comments?post=14814"}],"wp:featuredmedia":[{"embeddable":true,"href":"https:\/\/healthyskinsecrets.ch\/it\/wp-json\/wp\/v2\/media\/15587"}],"wp:attachment":[{"href":"https:\/\/healthyskinsecrets.ch\/it\/wp-json\/wp\/v2\/media?parent=14814"}],"wp:term":[{"taxonomy":"product_brand","embeddable":true,"href":"https:\/\/healthyskinsecrets.ch\/it\/wp-json\/wp\/v2\/product_brand?post=14814"},{"taxonomy":"product_cat","embeddable":true,"href":"https:\/\/healthyskinsecrets.ch\/it\/wp-json\/wp\/v2\/product_cat?post=14814"},{"taxonomy":"product_tag","embeddable":true,"href":"https:\/\/healthyskinsecrets.ch\/it\/wp-json\/wp\/v2\/product_tag?post=14814"}],"curies":[{"name":"wp","href":"https:\/\/api.w.org\/{rel}","templated":true}]}}