{"id":14812,"date":"2024-09-21T08:51:57","date_gmt":"2024-09-21T08:51:57","guid":{"rendered":"https:\/\/healthyskinsecrets.ch\/product\/import-placeholder-for-25710\/"},"modified":"2024-11-27T12:28:50","modified_gmt":"2024-11-27T12:28:50","slug":"jkosmec-skin-solution-vitamin-c-face-cream-50ml","status":"publish","type":"product","link":"https:\/\/healthyskinsecrets.ch\/it\/product\/jkosmec-skin-solution-vitamin-c-face-cream\/","title":{"rendered":"JKosmec Skin Solution Vitamin C Face Cream 50ml"},"content":{"rendered":"<h3>Applicazione<\/h3>\n<ol>\n<li>Utilizza la crema in fiala al mattino e alla sera come ultima fase della procedura quotidiana per la cura della pelle del viso.<\/li>\n<li>Applica la quantit\u00e0 adeguata di crema e massaggia delicatamente il viso fino al completo assorbimento.<\/li>\n<\/ol>\n<h3>Ingredienti principali<\/h3>\n<p>Water, Caprylic\/Capric Triglyceride, Butylene Glycol Cetearyl Alcohol. Niacinamide, Polyglyceryl-3 Methylglucose Distearate, Butyrospermum Parkii (Shea) Butter, 1,2-Hexanediol, Glycerin, Hydroxyacetophenone, Glyceryl Stearate, Vinyl Dimethicone, Ammonium Acryloydimethyltaurate\/VP Copolymer, Adenosine, Ascorbic Acid<\/p>\n<p>*Le modifiche agli ingredienti sono a discrezione del produttore. Vuoi essere assolutamente sicuro prima di acquistare? Allora contattaci per una foto dell&#8217;attuale confezione del prodotto.<\/p>\n<h3>Avvisi<\/h3>\n<ol>\n<li>Solo per uso esterno.<\/li>\n<li>Non applicare su pelle rotta o ferite.<\/li>\n<li>Se si verificano effetti collaterali come irritazione o eruzione cutanea, interrompere immediatamente l&#8217;uso e consultare immediatamente un medico.<\/li>\n<li>Evitare il contatto con gli occhi. Se il prodotto viene a contatto con gli occhi, sciacquarli immediatamente e abbondantemente con acqua pulita.<\/li>\n<li>Tenere fuori dalla portata dei bambini.<\/li>\n<li>Non ingoiare. In caso di ingestione, contattare un medico o un centro antiveleni.<\/li>\n<\/ol>\n","protected":false},"excerpt":{"rendered":"<p><strong>JKosmec Skin Solution Crema viso alla vitamina C<\/strong> La crema viso rinfrescante viene assorbita rapidamente riempiendo la pelle di umidit\u00e0 senza appesantire. La vitamina C si prende cura dell&#8217;incarnato restituendo alla pelle opaca la sua luminosit\u00e0 e splendore naturale.<\/p>\n<p><strong>Componenti attivi: <\/strong> Vitamina C<\/p>\n<ul>\n<li><strong>Vitamina C:<\/strong> sperimenta il potere rivitalizzante della vitamina C per una carnagione liscia e ringiovanita che irradia salute e vitalit\u00e0. La vitamina C \u00e8 nota per le sue propriet\u00e0 antiossidanti e la sua capacit\u00e0 di stimolare la produzione di collagene che agisce per ridurre le rughe e migliorare l&#8217;elasticit\u00e0 della pelle per un aspetto pi\u00f9 giovane. La consistenza setosa della crema viene assorbita rapidamente donando alla pelle un&#8217;abbondante idratazione senza un effetto appiccicoso, donando alla pelle comfort per tutto il giorno.<\/li>\n<li><strong>Adenosina:<\/strong> un ingrediente per la riduzione delle rughe.<\/li>\n<li><strong>Niacinamide:<\/strong> un ingrediente sbiancante.<\/li>\n<\/ul>\n<p><strong>Funzione principale: <\/strong>schiarente<\/p>\n","protected":false},"featured_media":15582,"comment_status":"open","ping_status":"closed","template":"","meta":{"content-type":"","site-sidebar-layout":"default","site-content-layout":"default","ast-site-content-layout":"default","site-content-style":"default","site-sidebar-style":"default","ast-global-header-display":"","ast-banner-title-visibility":"","ast-main-header-display":"","ast-hfb-above-header-display":"","ast-hfb-below-header-display":"","ast-hfb-mobile-header-display":"","site-post-title":"","ast-breadcrumbs-content":"","ast-featured-img":"","footer-sml-layout":"","ast-disable-related-posts":"","theme-transparent-header-meta":"default","adv-header-id-meta":"","stick-header-meta":"","header-above-stick-meta":"","header-main-stick-meta":"","header-below-stick-meta":"","astra-migrate-meta-layouts":"set","ast-page-background-enabled":"default","ast-page-background-meta":{"desktop":{"background-color":"","background-image":"","background-repeat":"repeat","background-position":"center center","background-size":"auto","background-attachment":"scroll","background-type":"","background-media":"","overlay-type":"","overlay-color":"","overlay-opacity":"","overlay-gradient":""},"tablet":{"background-color":"","background-image":"","background-repeat":"repeat","background-position":"center center","background-size":"auto","background-attachment":"scroll","background-type":"","background-media":"","overlay-type":"","overlay-color":"","overlay-opacity":"","overlay-gradient":""},"mobile":{"background-color":"","background-image":"","background-repeat":"repeat","background-position":"center center","background-size":"auto","background-attachment":"scroll","background-type":"","background-media":"","overlay-type":"","overlay-color":"","overlay-opacity":"","overlay-gradient":""}},"ast-content-background-meta":{"desktop":{"background-color":"var(--ast-global-color-5)","background-image":"","background-repeat":"repeat","background-position":"center center","background-size":"auto","background-attachment":"scroll","background-type":"","background-media":"","overlay-type":"","overlay-color":"","overlay-opacity":"","overlay-gradient":""},"tablet":{"background-color":"var(--ast-global-color-5)","background-image":"","background-repeat":"repeat","background-position":"center center","background-size":"auto","background-attachment":"scroll","background-type":"","background-media":"","overlay-type":"","overlay-color":"","overlay-opacity":"","overlay-gradient":""},"mobile":{"background-color":"var(--ast-global-color-5)","background-image":"","background-repeat":"repeat","background-position":"center center","background-size":"auto","background-attachment":"scroll","background-type":"","background-media":"","overlay-type":"","overlay-color":"","overlay-opacity":"","overlay-gradient":""}}},"product_brand":[],"product_cat":[520,649,504,630,503],"product_tag":[587],"class_list":{"0":"post-14812","1":"product","2":"type-product","3":"status-publish","4":"has-post-thumbnail","6":"product_cat-8-koreanische-gesichtscreme","7":"product_cat-bestseller","8":"product_cat-cpnp","9":"product_cat-hss","10":"product_cat-jkosmec","11":"product_tag-8-feuchtigkeitspflege","12":"pa_beduerfnisse-falten","13":"pa_beduerfnisse-matte-muede","14":"pa_beduerfnisse-pigmentierung","15":"pa_beduerfnisse-trockenheit","16":"pa_hauttyp-all","17":"pa_hauttyp-fettige","18":"pa_hauttyp-mischhaut","19":"pa_hauttyp-normal","20":"pa_hauttyp-trockene","21":"desktop-align-left","22":"tablet-align-left","23":"mobile-align-left","25":"first","26":"instock","27":"taxable","28":"shipping-taxable","29":"purchasable","30":"product-type-variable","31":"has-default-attributes"},"_links":{"self":[{"href":"https:\/\/healthyskinsecrets.ch\/it\/wp-json\/wp\/v2\/product\/14812","targetHints":{"allow":["GET"]}}],"collection":[{"href":"https:\/\/healthyskinsecrets.ch\/it\/wp-json\/wp\/v2\/product"}],"about":[{"href":"https:\/\/healthyskinsecrets.ch\/it\/wp-json\/wp\/v2\/types\/product"}],"replies":[{"embeddable":true,"href":"https:\/\/healthyskinsecrets.ch\/it\/wp-json\/wp\/v2\/comments?post=14812"}],"wp:featuredmedia":[{"embeddable":true,"href":"https:\/\/healthyskinsecrets.ch\/it\/wp-json\/wp\/v2\/media\/15582"}],"wp:attachment":[{"href":"https:\/\/healthyskinsecrets.ch\/it\/wp-json\/wp\/v2\/media?parent=14812"}],"wp:term":[{"taxonomy":"product_brand","embeddable":true,"href":"https:\/\/healthyskinsecrets.ch\/it\/wp-json\/wp\/v2\/product_brand?post=14812"},{"taxonomy":"product_cat","embeddable":true,"href":"https:\/\/healthyskinsecrets.ch\/it\/wp-json\/wp\/v2\/product_cat?post=14812"},{"taxonomy":"product_tag","embeddable":true,"href":"https:\/\/healthyskinsecrets.ch\/it\/wp-json\/wp\/v2\/product_tag?post=14812"}],"curies":[{"name":"wp","href":"https:\/\/api.w.org\/{rel}","templated":true}]}}