{"id":14720,"date":"2024-09-15T16:08:19","date_gmt":"2024-09-15T16:08:19","guid":{"rendered":"https:\/\/healthyskinsecrets.ch\/product\/jkosmec-advanced-firming-caffeine-eye-cream-20ml\/"},"modified":"2024-09-23T18:54:34","modified_gmt":"2024-09-23T18:54:34","slug":"jkosmec-advanced-firming-caffeine-eye-cream-20ml","status":"publish","type":"product","link":"https:\/\/healthyskinsecrets.ch\/it\/product\/jkosmec-advanced-firming-caffeine-eye-cream\/","title":{"rendered":"JKosmec Advanced Firming Caffeine Eye Cream 20ml"},"content":{"rendered":"<h3>Applicazione<\/h3>\n<ol>\n<li>Prendi una quantit\u00e0 appropriata di questo prodotto e picchiettala delicatamente intorno alla zona degli occhi per favorirne l\u2019assorbimento.<\/li>\n<li>Suggerimento: Applicala non solo intorno agli occhi, ma anche sulle aree che necessitano di trattamento contro le rughe, come la fronte, tra le sopracciglia, intorno alla bocca e altre zone soggette a rughe sottili.<\/li>\n<\/ol>\n<h3>Ingredienti principali<\/h3>\n<p>Water, Glycerin, Limnanthes Alba (Meadowfoam) Seed Oil, Niacinamide, Glyceryl Stearate, Butylene Glycol, Cetearyl Olivate, Cetearyl Alcohol, Synthetic Beeswax, 1,2-Hexanediol, Sorbitan Olivate, Palmitic Acid, Hydroxyacetophenone, Dimethicone, Peg-100 Stearate, Stearic Acid, Squalane, Polyacrylate-13, Panthenol, Polyisobutene, Caffeine (1,000ppm), Hexadecane, Adenosine, Tetradecane, Polysorbate 20, Fragrance, Sorbitan Isostearate, Disodium Edta, Dodecane, Octadecane, Myristic Acid, Eicosane, Bakuchiol, Sodium Hyaluronate, Ceramide Np, Cholesterol, Caprylic\/Capric Triglyceride, Hydrogenated Lecithin, Camellia Sinensis Leaf Extract, Phytosphingosine, Oleic Acid, Hydrolyzed Extensin, Soluble Collagen, Lactic Acid, Phenoxyethanol, Caprylyl Glycol, Mannose, Glucose, Caprylhydroxamic Acid, Copper Tripeptide-1, Acetyl Hexapeptide-8, Palmitoyl Pentapeptide-4, Palmitoyl Tripeptide-1, Palmitoyl Tetrapeptide-7, Tripeptide-1, Tripeptide-2, Tripeptide-3, Acetyl Octapeptide-3.<\/p>\n<p>*Le modifiche agli ingredienti sono a discrezione del produttore. Contattaci per una foto dell&#8217;attuale confezione del prodotto.<\/p>\n<h3>Avvisi<\/h3>\n<ol>\n<li>Solo per uso esterno.<\/li>\n<li>Non applicare su pelle rotta o ferite.<\/li>\n<li>Se si verificano effetti collaterali come irritazione o eruzione cutanea, interrompere immediatamente l&#8217;uso e consultare immediatamente un medico.<\/li>\n<li>Evitare il contatto con gli occhi. Se il prodotto viene a contatto con gli occhi, sciacquarli immediatamente e abbondantemente con acqua pulita.<\/li>\n<li>Tenere fuori dalla portata dei bambini.<\/li>\n<li>Non ingoiare. In caso di ingestione, contattare un medico o un centro antiveleni.<\/li>\n<\/ol>\n","protected":false},"excerpt":{"rendered":"<p>La crema altamente nutriente, arricchita con caffeina e bakuchiol, aiuta a ripristinare la tonicit\u00e0 e la vitalit\u00e0 della pelle delicata intorno agli occhi. I componenti di adenosina migliorano le rughe e le linee sottili.<\/p>\n<p><strong>Ingredienti attivi:<\/strong> Caffeina, Bakuchiol<\/p>\n<ul>\n<li><strong>Caffeina:<\/strong> Caffeina naturale pura al 100% derivata dai chicchi di caff\u00e8 verde. Caffeina naturale italiana che ha superato i rigorosi controlli di qualit\u00e0 alimentare (HACCP) e il monitoraggio della qualit\u00e0 farmaceutica. La caffeina \u00e8 efficace nella cura antiossidante, stimolando il metabolismo e favorendo la circolazione sanguigna, facilitando cos\u00ec la riduzione del gonfiore e il miglioramento delle borse sotto gli occhi.<\/li>\n<li><strong>Bakuchiol:<\/strong> Il bakuchiol fornisce una cura antiossidante e aiuta a migliorare le condizioni generali della pelle esposta ai raggi ultravioletti e a vari ambienti esterni. Promuove la produzione di collagene, curando l&#8217;elasticit\u00e0 della pelle e la sua luminosit\u00e0 sana.<\/li>\n<\/ul>\n<p><strong>Funzione principale:<\/strong> Ripristinare la tonicit\u00e0<\/p>\n","protected":false},"featured_media":14719,"comment_status":"open","ping_status":"closed","template":"","meta":{"content-type":"","site-sidebar-layout":"default","site-content-layout":"default","ast-site-content-layout":"default","site-content-style":"default","site-sidebar-style":"default","ast-global-header-display":"","ast-banner-title-visibility":"","ast-main-header-display":"","ast-hfb-above-header-display":"","ast-hfb-below-header-display":"","ast-hfb-mobile-header-display":"","site-post-title":"","ast-breadcrumbs-content":"","ast-featured-img":"","footer-sml-layout":"","ast-disable-related-posts":"","theme-transparent-header-meta":"default","adv-header-id-meta":"","stick-header-meta":"","header-above-stick-meta":"","header-main-stick-meta":"","header-below-stick-meta":"","astra-migrate-meta-layouts":"set","ast-page-background-enabled":"default","ast-page-background-meta":{"desktop":{"background-color":"","background-image":"","background-repeat":"repeat","background-position":"center center","background-size":"auto","background-attachment":"scroll","background-type":"","background-media":"","overlay-type":"","overlay-color":"","overlay-opacity":"","overlay-gradient":""},"tablet":{"background-color":"","background-image":"","background-repeat":"repeat","background-position":"center center","background-size":"auto","background-attachment":"scroll","background-type":"","background-media":"","overlay-type":"","overlay-color":"","overlay-opacity":"","overlay-gradient":""},"mobile":{"background-color":"","background-image":"","background-repeat":"repeat","background-position":"center center","background-size":"auto","background-attachment":"scroll","background-type":"","background-media":"","overlay-type":"","overlay-color":"","overlay-opacity":"","overlay-gradient":""}},"ast-content-background-meta":{"desktop":{"background-color":"var(--ast-global-color-5)","background-image":"","background-repeat":"repeat","background-position":"center center","background-size":"auto","background-attachment":"scroll","background-type":"","background-media":"","overlay-type":"","overlay-color":"","overlay-opacity":"","overlay-gradient":""},"tablet":{"background-color":"var(--ast-global-color-5)","background-image":"","background-repeat":"repeat","background-position":"center center","background-size":"auto","background-attachment":"scroll","background-type":"","background-media":"","overlay-type":"","overlay-color":"","overlay-opacity":"","overlay-gradient":""},"mobile":{"background-color":"var(--ast-global-color-5)","background-image":"","background-repeat":"repeat","background-position":"center center","background-size":"auto","background-attachment":"scroll","background-type":"","background-media":"","overlay-type":"","overlay-color":"","overlay-opacity":"","overlay-gradient":""}}},"product_brand":[],"product_cat":[523,504,424,503],"product_tag":[593,486],"class_list":{"0":"post-14720","1":"product","2":"type-product","3":"status-publish","4":"has-post-thumbnail","6":"product_cat-6-augen-creme","7":"product_cat-cpnp","8":"product_cat-gesicht","9":"product_cat-jkosmec","10":"product_tag-6-augencremes","11":"product_tag-neu","12":"pa_beduerfnisse-augenringe","13":"pa_beduerfnisse-falten","14":"pa_beduerfnisse-matte-muede","15":"pa_hauttyp-all","16":"pa_hauttyp-fettige","17":"pa_hauttyp-mischhaut","18":"pa_hauttyp-normal","19":"pa_hauttyp-trockene","20":"desktop-align-left","21":"tablet-align-left","22":"mobile-align-left","24":"first","25":"instock","26":"taxable","27":"shipping-taxable","28":"purchasable","29":"product-type-variable","30":"has-default-attributes"},"_links":{"self":[{"href":"https:\/\/healthyskinsecrets.ch\/it\/wp-json\/wp\/v2\/product\/14720","targetHints":{"allow":["GET"]}}],"collection":[{"href":"https:\/\/healthyskinsecrets.ch\/it\/wp-json\/wp\/v2\/product"}],"about":[{"href":"https:\/\/healthyskinsecrets.ch\/it\/wp-json\/wp\/v2\/types\/product"}],"replies":[{"embeddable":true,"href":"https:\/\/healthyskinsecrets.ch\/it\/wp-json\/wp\/v2\/comments?post=14720"}],"wp:featuredmedia":[{"embeddable":true,"href":"https:\/\/healthyskinsecrets.ch\/it\/wp-json\/wp\/v2\/media\/14719"}],"wp:attachment":[{"href":"https:\/\/healthyskinsecrets.ch\/it\/wp-json\/wp\/v2\/media?parent=14720"}],"wp:term":[{"taxonomy":"product_brand","embeddable":true,"href":"https:\/\/healthyskinsecrets.ch\/it\/wp-json\/wp\/v2\/product_brand?post=14720"},{"taxonomy":"product_cat","embeddable":true,"href":"https:\/\/healthyskinsecrets.ch\/it\/wp-json\/wp\/v2\/product_cat?post=14720"},{"taxonomy":"product_tag","embeddable":true,"href":"https:\/\/healthyskinsecrets.ch\/it\/wp-json\/wp\/v2\/product_tag?post=14720"}],"curies":[{"name":"wp","href":"https:\/\/api.w.org\/{rel}","templated":true}]}}