{"id":14716,"date":"2024-09-15T16:08:17","date_gmt":"2024-09-15T16:08:17","guid":{"rendered":"https:\/\/healthyskinsecrets.ch\/product\/jkosmec-skin-solution-collagen-eye-zone-mask-30ea\/"},"modified":"2024-09-24T08:18:37","modified_gmt":"2024-09-24T08:18:37","slug":"jkosmec-skin-solution-collagen-eye-zone-mask-30ea","status":"publish","type":"product","link":"https:\/\/healthyskinsecrets.ch\/it\/product\/jkosmec-skin-solution-collagen-eye-zone-mask\/","title":{"rendered":"JKosmec Skin Solution Collagen Eye Zone Mask 30ea"},"content":{"rendered":"<h3>Applicazione<\/h3>\n<ol>\n<li>Lava il viso e applica la maschera intorno agli occhi, assicurandoti che aderisca bene alla pelle.<\/li>\n<li>Attendi 15-20 minuti, rimuovi la maschera e tampona leggermente la pelle per favorire un migliore assorbimento dell&#8217;essenza rimanente.<\/li>\n<li>Assicurati di richiudere bene la busta con zip dopo l&#8217;uso.<\/li>\n<\/ol>\n<h3>Ingredienti principali<\/h3>\n<p>Water, Glycerin, Hydroxyethylcellulose, PEG-60 Hydrogenated Castor Oil, Hydrolyzed Collagen (1,000ppm), Allantoin, Carica Papaya (Papaya) Fruit Extract, Rosa Centifolia Flower Wate, Camellia Sinensis Leaf Extract, Natto Gum, Morus Alba Bark Extract, Beta-Glucan, Ethylhexylglycerin, Panthenol, Tocopheryl Acetate, Arbutin, Disodium EDTA, Chlorphenesin,&nbsp;Phenoxyethanol<\/p>\n<p>*Le modifiche agli ingredienti sono a discrezione del produttore. Contattaci per una foto dell&#8217;attuale confezione del prodotto.<\/p>\n<h3>Avvisi<\/h3>\n<ol>\n<li>Solo per uso esterno.<\/li>\n<li>Non applicare su pelle rotta o ferite.<\/li>\n<li>Se si verificano effetti collaterali come irritazione o eruzione cutanea, interrompere immediatamente l&#8217;uso e consultare immediatamente un medico.<\/li>\n<li>Evitare il contatto con gli occhi. Se il prodotto viene a contatto con gli occhi, sciacquarli immediatamente e abbondantemente con acqua pulita.<\/li>\n<li>Tenere fuori dalla portata dei bambini.<\/li>\n<li>Non ingoiare. In caso di ingestione, contattare un medico o un centro antiveleni.<\/li>\n<\/ol>\n","protected":false},"excerpt":{"rendered":"<p><strong>JKOSMEC Skin Solution Collagen Eye Zone Mask<\/strong> \u00e8 ricca di collagene e derivati della vitamina E che aiutano a ripristinare l&#8217;elasticit\u00e0 e la luminosit\u00e0 sana della pelle delicata intorno agli occhi.<\/p>\n","protected":false},"featured_media":14715,"comment_status":"open","ping_status":"closed","template":"","meta":{"content-type":"","site-sidebar-layout":"default","site-content-layout":"default","ast-site-content-layout":"default","site-content-style":"default","site-sidebar-style":"default","ast-global-header-display":"","ast-banner-title-visibility":"","ast-main-header-display":"","ast-hfb-above-header-display":"","ast-hfb-below-header-display":"","ast-hfb-mobile-header-display":"","site-post-title":"","ast-breadcrumbs-content":"","ast-featured-img":"","footer-sml-layout":"","ast-disable-related-posts":"","theme-transparent-header-meta":"default","adv-header-id-meta":"","stick-header-meta":"","header-above-stick-meta":"","header-main-stick-meta":"","header-below-stick-meta":"","astra-migrate-meta-layouts":"set","ast-page-background-enabled":"default","ast-page-background-meta":{"desktop":{"background-color":"","background-image":"","background-repeat":"repeat","background-position":"center center","background-size":"auto","background-attachment":"scroll","background-type":"","background-media":"","overlay-type":"","overlay-color":"","overlay-opacity":"","overlay-gradient":""},"tablet":{"background-color":"","background-image":"","background-repeat":"repeat","background-position":"center center","background-size":"auto","background-attachment":"scroll","background-type":"","background-media":"","overlay-type":"","overlay-color":"","overlay-opacity":"","overlay-gradient":""},"mobile":{"background-color":"","background-image":"","background-repeat":"repeat","background-position":"center center","background-size":"auto","background-attachment":"scroll","background-type":"","background-media":"","overlay-type":"","overlay-color":"","overlay-opacity":"","overlay-gradient":""}},"ast-content-background-meta":{"desktop":{"background-color":"var(--ast-global-color-5)","background-image":"","background-repeat":"repeat","background-position":"center center","background-size":"auto","background-attachment":"scroll","background-type":"","background-media":"","overlay-type":"","overlay-color":"","overlay-opacity":"","overlay-gradient":""},"tablet":{"background-color":"var(--ast-global-color-5)","background-image":"","background-repeat":"repeat","background-position":"center center","background-size":"auto","background-attachment":"scroll","background-type":"","background-media":"","overlay-type":"","overlay-color":"","overlay-opacity":"","overlay-gradient":""},"mobile":{"background-color":"var(--ast-global-color-5)","background-image":"","background-repeat":"repeat","background-position":"center center","background-size":"auto","background-attachment":"scroll","background-type":"","background-media":"","overlay-type":"","overlay-color":"","overlay-opacity":"","overlay-gradient":""}}},"product_brand":[],"product_cat":[523,504,424,503],"product_tag":[593,486],"class_list":{"0":"post-14716","1":"product","2":"type-product","3":"status-publish","4":"has-post-thumbnail","6":"product_cat-6-augen-creme","7":"product_cat-cpnp","8":"product_cat-gesicht","9":"product_cat-jkosmec","10":"product_tag-6-augencremes","11":"product_tag-neu","12":"pa_beduerfnisse-beschaedigt","13":"pa_hauttyp-all","14":"pa_hauttyp-fettige","15":"pa_hauttyp-mischhaut","16":"pa_hauttyp-normal","17":"pa_hauttyp-trockene","18":"desktop-align-left","19":"tablet-align-left","20":"mobile-align-left","22":"first","23":"instock","24":"taxable","25":"shipping-taxable","26":"purchasable","27":"product-type-variable","28":"has-default-attributes"},"_links":{"self":[{"href":"https:\/\/healthyskinsecrets.ch\/it\/wp-json\/wp\/v2\/product\/14716","targetHints":{"allow":["GET"]}}],"collection":[{"href":"https:\/\/healthyskinsecrets.ch\/it\/wp-json\/wp\/v2\/product"}],"about":[{"href":"https:\/\/healthyskinsecrets.ch\/it\/wp-json\/wp\/v2\/types\/product"}],"replies":[{"embeddable":true,"href":"https:\/\/healthyskinsecrets.ch\/it\/wp-json\/wp\/v2\/comments?post=14716"}],"wp:featuredmedia":[{"embeddable":true,"href":"https:\/\/healthyskinsecrets.ch\/it\/wp-json\/wp\/v2\/media\/14715"}],"wp:attachment":[{"href":"https:\/\/healthyskinsecrets.ch\/it\/wp-json\/wp\/v2\/media?parent=14716"}],"wp:term":[{"taxonomy":"product_brand","embeddable":true,"href":"https:\/\/healthyskinsecrets.ch\/it\/wp-json\/wp\/v2\/product_brand?post=14716"},{"taxonomy":"product_cat","embeddable":true,"href":"https:\/\/healthyskinsecrets.ch\/it\/wp-json\/wp\/v2\/product_cat?post=14716"},{"taxonomy":"product_tag","embeddable":true,"href":"https:\/\/healthyskinsecrets.ch\/it\/wp-json\/wp\/v2\/product_tag?post=14716"}],"curies":[{"name":"wp","href":"https:\/\/api.w.org\/{rel}","templated":true}]}}