{"id":14158,"date":"2023-12-06T20:33:35","date_gmt":"2023-12-06T20:33:35","guid":{"rendered":"https:\/\/healthyskinsecrets.ch\/product\/import-placeholder-for-24964\/"},"modified":"2026-02-24T10:46:22","modified_gmt":"2026-02-24T10:46:22","slug":"etude-big-cover-skin-fit-concealer-pro-n04-neutral-beige","status":"publish","type":"product","link":"https:\/\/healthyskinsecrets.ch\/it\/product\/etude-big-cover-skin-fit-concealer-pro-n04-neutral-beige\/","title":{"rendered":"Etude Big Cover Skin Fit Concealer Pro N04 Neutral Beige"},"content":{"rendered":"<h3>Applicazione<\/h3>\n<ol>\n<li>Regolare una quantit\u00e0 adeguata sulla punta e applicare sulle aree desiderate come occhiaie, arrossamenti, aree con problemi cutanei e cicatrici come se picchiettasse per una migliore aderenza. (Se usi questo correttore prima del fondotinta o del cuscino, coprir\u00e0 la tua pelle in modo pi\u00f9 naturale e chiaro)<\/li>\n<\/ol>\n<h3>Ingredienti<\/h3>\n<p>Water, Titanium Dioxide (CI 77891), Cyclopentasiloxane, Propanediol, Trimethylsiloxysilicate, Phenyl Trimethicone, Polymethyl Methacrylate, Lauryl PEG-9 Polydimethylsiloxyethyl Dimethicone, Pentaerythrityl Tetraethylhexanoate, Cyclohexasiloxane, Iron Oxides (CI 77492), Glycerin, PEG-10 Dimethicone, 1,2-Hexanediol, Acrylates\/Ethylhexyl Acrylate\/Dimethicone Methacrylate Copolymer, Disteardimonium Hectorite, Aluminum Hydroxide, Sodium Chloride, Iron Oxides (CI 77491), Triethoxycaprylylsilane, Fragrance \/ Parfum, Caprylyl Glycol, Iron Oxides (CI 77499), Glyceryl Caprylate, Disodium EDTA, Tocopherol<\/p>\n<p>*Per l&#8217;elenco degli ingredienti pi\u00f9 recente, consultare la confezione del prodotto o contattarci per una foto del prodotto.<\/p>\n<h3>Attenzione<\/h3>\n<ol>\n<li>Solo per uso esterno.<\/li>\n<li>Non utilizzare su pelle danneggiata o rotta.<\/li>\n<li>Se si verifica un&#8217;eruzione cutanea, interrompere l&#8217;uso e contattare un medico.<\/li>\n<li>Evitare il contatto con gli occhi. In caso di contatto con gli occhi, sciacquare immediatamente e abbondantemente.<\/li>\n<li>Tenere fuori dalla portata dei bambini.<\/li>\n<li>Non ingoiare. In caso di ingestione, richiedere assistenza medica o contattare immediatamente un centro antiveleni.<\/li>\n<\/ol>\n","protected":false},"excerpt":{"rendered":"<p>Passt sich dem Hautton gut an! Wie eine feste zweite Haut f\u00fcr makellose Haut.<\/p>\n<ol>\n<li><strong>ECHTE HAUTPASSFORM! LEICHTER CONCEALER: Mit der REAL SKIN-FIT&#x2122;-Technik wird die Filmschicht auf Ihrer Haut sehr d\u00fcnn, sobald Sie diesen Concealer auf Ihr Gesicht auftragen. Dies passt perfekt zu Ihrer Haut. Au\u00dferdem sieht es so aus, als w\u00e4re es Ihre eigene Haut.<\/strong><\/li>\n<li><strong>PASST GLATTER, OHNE RUINIERT ZU WERDEN:<\/strong> Das Pigment h\u00e4lt Ihr Make-up lange haltbar und verhindert, dass das Make-up unordentlich und rau aussieht. Klare und frische Haut mit #BIG COVER SKIN FIT PRO CONCEALER<\/li>\n<li><strong>KLEBENDE ABDECKUNG, DIE WIE MEINE ECHTE HAUT PASST:<\/strong> W\u00e4hlen Sie 9 Farbt\u00f6ne aus, von k\u00fchlen T\u00f6nen \u00fcber neutrale T\u00f6ne bis hin zu warmen T\u00f6nen und mehr, um Ihre Haut mit dem richtigen Farbton f\u00fcr Ihr perfektes Make-up zu bedecken!&lt;\/ li&gt;<\/li>\n<\/ol>\n","protected":false},"featured_media":14246,"comment_status":"open","ping_status":"closed","template":"","meta":{"content-type":"","site-sidebar-layout":"default","site-content-layout":"","ast-site-content-layout":"default","site-content-style":"default","site-sidebar-style":"default","ast-global-header-display":"","ast-banner-title-visibility":"","ast-main-header-display":"","ast-hfb-above-header-display":"","ast-hfb-below-header-display":"","ast-hfb-mobile-header-display":"","site-post-title":"","ast-breadcrumbs-content":"","ast-featured-img":"","footer-sml-layout":"","ast-disable-related-posts":"","theme-transparent-header-meta":"default","adv-header-id-meta":"","stick-header-meta":"","header-above-stick-meta":"","header-main-stick-meta":"","header-below-stick-meta":"","astra-migrate-meta-layouts":"set","ast-page-background-enabled":"default","ast-page-background-meta":{"desktop":{"background-color":"","background-image":"","background-repeat":"repeat","background-position":"center center","background-size":"auto","background-attachment":"scroll","background-type":"","background-media":"","overlay-type":"","overlay-color":"","overlay-opacity":"","overlay-gradient":""},"tablet":{"background-color":"","background-image":"","background-repeat":"repeat","background-position":"center center","background-size":"auto","background-attachment":"scroll","background-type":"","background-media":"","overlay-type":"","overlay-color":"","overlay-opacity":"","overlay-gradient":""},"mobile":{"background-color":"","background-image":"","background-repeat":"repeat","background-position":"center center","background-size":"auto","background-attachment":"scroll","background-type":"","background-media":"","overlay-type":"","overlay-color":"","overlay-opacity":"","overlay-gradient":""}},"ast-content-background-meta":{"desktop":{"background-color":"var(--ast-global-color-5)","background-image":"","background-repeat":"repeat","background-position":"center center","background-size":"auto","background-attachment":"scroll","background-type":"","background-media":"","overlay-type":"","overlay-color":"","overlay-opacity":"","overlay-gradient":""},"tablet":{"background-color":"var(--ast-global-color-5)","background-image":"","background-repeat":"repeat","background-position":"center center","background-size":"auto","background-attachment":"scroll","background-type":"","background-media":"","overlay-type":"","overlay-color":"","overlay-opacity":"","overlay-gradient":""},"mobile":{"background-color":"var(--ast-global-color-5)","background-image":"","background-repeat":"repeat","background-position":"center center","background-size":"auto","background-attachment":"scroll","background-type":"","background-media":"","overlay-type":"","overlay-color":"","overlay-opacity":"","overlay-gradient":""}}},"product_brand":[],"product_cat":[504,599,424],"product_tag":[],"class_list":{"0":"post-14158","1":"product","2":"type-product","3":"status-publish","4":"has-post-thumbnail","6":"product_cat-cpnp","7":"product_cat-etude-house","8":"product_cat-gesicht","9":"pa_hauttyp-all","10":"pa_hauttyp-empfindliche-haut","11":"pa_hauttyp-fettige","12":"pa_hauttyp-mischhaut","13":"pa_hauttyp-normal","14":"pa_hauttyp-trockene","15":"desktop-align-left","16":"tablet-align-left","17":"mobile-align-left","19":"first","20":"outofstock","21":"taxable","22":"shipping-taxable","23":"purchasable","24":"product-type-variable"},"_links":{"self":[{"href":"https:\/\/healthyskinsecrets.ch\/it\/wp-json\/wp\/v2\/product\/14158","targetHints":{"allow":["GET"]}}],"collection":[{"href":"https:\/\/healthyskinsecrets.ch\/it\/wp-json\/wp\/v2\/product"}],"about":[{"href":"https:\/\/healthyskinsecrets.ch\/it\/wp-json\/wp\/v2\/types\/product"}],"replies":[{"embeddable":true,"href":"https:\/\/healthyskinsecrets.ch\/it\/wp-json\/wp\/v2\/comments?post=14158"}],"wp:featuredmedia":[{"embeddable":true,"href":"https:\/\/healthyskinsecrets.ch\/it\/wp-json\/wp\/v2\/media\/14246"}],"wp:attachment":[{"href":"https:\/\/healthyskinsecrets.ch\/it\/wp-json\/wp\/v2\/media?parent=14158"}],"wp:term":[{"taxonomy":"product_brand","embeddable":true,"href":"https:\/\/healthyskinsecrets.ch\/it\/wp-json\/wp\/v2\/product_brand?post=14158"},{"taxonomy":"product_cat","embeddable":true,"href":"https:\/\/healthyskinsecrets.ch\/it\/wp-json\/wp\/v2\/product_cat?post=14158"},{"taxonomy":"product_tag","embeddable":true,"href":"https:\/\/healthyskinsecrets.ch\/it\/wp-json\/wp\/v2\/product_tag?post=14158"}],"curies":[{"name":"wp","href":"https:\/\/api.w.org\/{rel}","templated":true}]}}