{"id":14064,"date":"2023-12-06T20:32:46","date_gmt":"2023-12-06T20:32:46","guid":{"rendered":"https:\/\/healthyskinsecrets.ch\/product\/import-placeholder-for-23670\/"},"modified":"2024-04-03T23:33:11","modified_gmt":"2024-04-03T23:33:11","slug":"pyunkang-yul-balancing-gel-100ml","status":"publish","type":"product","link":"https:\/\/healthyskinsecrets.ch\/it\/product\/pyunkang-yul-balancing-gel-100ml\/","title":{"rendered":"Pyunkang yul Balancing Gel 100ml"},"content":{"rendered":"<h3>Applicazione<\/h3>\n<ol>\n<li>Applicare una quantit\u00e0 adeguata sulla pelle pulita (e tonica).<\/li>\n<li>Picchietta sulla pelle fino a completo assorbimento.<\/li>\n<li>Utilizzare mattina e sera.<\/li>\n<\/ol>\n<h3>Ingredienti<\/h3>\n<p>Astragalus Membranaceus Root Extract, Polysorbate 80, PEG-150 Distearate, 1,2-Hexanediol, Polysorbate 20, Simmondsia Chinensis (Jojoba) Seed Oil, Glyceryl Caprylate<\/p>\n<p>*Per l&#8217;elenco degli ingredienti pi\u00f9 recente, consultare la confezione del prodotto o contattarci per una foto del prodotto.<\/p>\n<h3>Attenzione<\/h3>\n<ol>\n<li>Solo per uso esterno.<\/li>\n<li>Non utilizzare su pelle danneggiata o rotta.<\/li>\n<li>Se si verifica un&#8217;eruzione cutanea, interrompere l&#8217;uso e contattare un medico.<\/li>\n<li>Evitare il contatto con gli occhi. In caso di contatto con gli occhi, sciacquare immediatamente e abbondantemente.<\/li>\n<li>Tenere fuori dalla portata dei bambini.<\/li>\n<li>Non ingoiare. In caso di ingestione, richiedere assistenza medica o contattare immediatamente un centro antiveleni.<\/li>\n<li>Le persone con un&#8217;aspirina reagiranno male al BHA contenuto in questo prodotto (betaina salicilato). Evita di utilizzare questo prodotto se hai un&#8217;allergia all&#8217;aspirina.<\/li>\n<\/ol>\n","protected":false},"excerpt":{"rendered":"<p>Il Balancing Gel di <\/p>\n<p><strong>Pyunkang Yul<\/strong> \u00e8 una crema idratante antiet\u00e0 che idrata la pelle e rigenera le cellule della pelle per una carnagione sana e luminosa. Il gel \u00e8 composto al 90% da estratto di radice di astragalo membranaceo (milkvetch), un potente ingrediente antiet\u00e0, e olio di jojoba per nutrire la pelle. Con la sua texture simile al miele, il gel si fonde con la pelle e la mantiene morbida ed elastica per tutto il giorno.<\/p>\n<p>Ingredienti che amiamo<\/p>\n<ul>\n<li>Estratto di Milkvetch: potente ingrediente antiet\u00e0<\/li>\n<li>Olio di jojoba: tecnicamente l&#8217;olio di jojoba \u00e8 una cera, il che lo rende una sostanza unica. Ha propriet\u00e0 sebo-relative e forma un film protettivo e idratante sulla pelle, lasciandola elastica e morbida. <\/li>\n<\/ul>\n","protected":false},"featured_media":14102,"comment_status":"open","ping_status":"closed","template":"","meta":{"content-type":"","site-sidebar-layout":"default","site-content-layout":"default","ast-site-content-layout":"default","site-content-style":"default","site-sidebar-style":"default","ast-global-header-display":"","ast-banner-title-visibility":"","ast-main-header-display":"","ast-hfb-above-header-display":"","ast-hfb-below-header-display":"","ast-hfb-mobile-header-display":"","site-post-title":"","ast-breadcrumbs-content":"","ast-featured-img":"","footer-sml-layout":"","ast-disable-related-posts":"","theme-transparent-header-meta":"default","adv-header-id-meta":"","stick-header-meta":"","header-above-stick-meta":"","header-main-stick-meta":"","header-below-stick-meta":"","astra-migrate-meta-layouts":"set","ast-page-background-enabled":"default","ast-page-background-meta":{"desktop":{"background-color":"","background-image":"","background-repeat":"repeat","background-position":"center center","background-size":"auto","background-attachment":"scroll","background-type":"","background-media":"","overlay-type":"","overlay-color":"","overlay-opacity":"","overlay-gradient":""},"tablet":{"background-color":"","background-image":"","background-repeat":"repeat","background-position":"center center","background-size":"auto","background-attachment":"scroll","background-type":"","background-media":"","overlay-type":"","overlay-color":"","overlay-opacity":"","overlay-gradient":""},"mobile":{"background-color":"","background-image":"","background-repeat":"repeat","background-position":"center center","background-size":"auto","background-attachment":"scroll","background-type":"","background-media":"","overlay-type":"","overlay-color":"","overlay-opacity":"","overlay-gradient":""}},"ast-content-background-meta":{"desktop":{"background-color":"var(--ast-global-color-5)","background-image":"","background-repeat":"repeat","background-position":"center center","background-size":"auto","background-attachment":"scroll","background-type":"","background-media":"","overlay-type":"","overlay-color":"","overlay-opacity":"","overlay-gradient":""},"tablet":{"background-color":"var(--ast-global-color-5)","background-image":"","background-repeat":"repeat","background-position":"center center","background-size":"auto","background-attachment":"scroll","background-type":"","background-media":"","overlay-type":"","overlay-color":"","overlay-opacity":"","overlay-gradient":""},"mobile":{"background-color":"var(--ast-global-color-5)","background-image":"","background-repeat":"repeat","background-position":"center center","background-size":"auto","background-attachment":"scroll","background-type":"","background-media":"","overlay-type":"","overlay-color":"","overlay-opacity":"","overlay-gradient":""}}},"product_brand":[],"product_cat":[520,504,424,307],"product_tag":[587],"class_list":{"0":"post-14064","1":"product","2":"type-product","3":"status-publish","4":"has-post-thumbnail","6":"product_cat-8-koreanische-gesichtscreme","7":"product_cat-cpnp","8":"product_cat-gesicht","9":"product_cat-pyunkang-yul","10":"product_tag-8-feuchtigkeitspflege","11":"pa_beduerfnisse-anti-aging","12":"pa_beduerfnisse-falten","13":"pa_beduerfnisse-matte-muede","14":"pa_beduerfnisse-trockenheit","15":"pa_hauttyp-all","16":"desktop-align-left","17":"tablet-align-left","18":"mobile-align-left","20":"first","21":"instock","22":"taxable","23":"shipping-taxable","24":"purchasable","25":"product-type-variable"},"_links":{"self":[{"href":"https:\/\/healthyskinsecrets.ch\/it\/wp-json\/wp\/v2\/product\/14064","targetHints":{"allow":["GET"]}}],"collection":[{"href":"https:\/\/healthyskinsecrets.ch\/it\/wp-json\/wp\/v2\/product"}],"about":[{"href":"https:\/\/healthyskinsecrets.ch\/it\/wp-json\/wp\/v2\/types\/product"}],"replies":[{"embeddable":true,"href":"https:\/\/healthyskinsecrets.ch\/it\/wp-json\/wp\/v2\/comments?post=14064"}],"wp:featuredmedia":[{"embeddable":true,"href":"https:\/\/healthyskinsecrets.ch\/it\/wp-json\/wp\/v2\/media\/14102"}],"wp:attachment":[{"href":"https:\/\/healthyskinsecrets.ch\/it\/wp-json\/wp\/v2\/media?parent=14064"}],"wp:term":[{"taxonomy":"product_brand","embeddable":true,"href":"https:\/\/healthyskinsecrets.ch\/it\/wp-json\/wp\/v2\/product_brand?post=14064"},{"taxonomy":"product_cat","embeddable":true,"href":"https:\/\/healthyskinsecrets.ch\/it\/wp-json\/wp\/v2\/product_cat?post=14064"},{"taxonomy":"product_tag","embeddable":true,"href":"https:\/\/healthyskinsecrets.ch\/it\/wp-json\/wp\/v2\/product_tag?post=14064"}],"curies":[{"name":"wp","href":"https:\/\/api.w.org\/{rel}","templated":true}]}}