{"id":14062,"date":"2023-12-06T20:32:45","date_gmt":"2023-12-06T20:32:45","guid":{"rendered":"https:\/\/healthyskinsecrets.ch\/product\/import-placeholder-for-23620\/"},"modified":"2026-02-24T09:09:43","modified_gmt":"2026-02-24T09:09:43","slug":"beauty-of-joseon-ginseng-moist-sun-serum-50ml","status":"publish","type":"product","link":"https:\/\/healthyskinsecrets.ch\/it\/product\/beauty-of-joseon-ginseng-moist-sun-serum\/","title":{"rendered":"Beauty of Joseon Ginseng Moist Sun Serum 50ml"},"content":{"rendered":"<h3>Applicazione<\/h3>\n<ol>\n<li>Almeno 20 minuti prima dell&#8217;esposizione al sole, applicare due dita di crema solare su viso e collo.<\/li>\n<\/ol>\n<h3 class=\"pro_infor_title_style\">Ingredienti chiave<\/h3>\n<p>Acqua\/acqua\/acqua, estratto di radice di panax ginseng, dibutil adipato, dietilammino idrossibenzoil esil benzoato, bis-etilesilossifenolo, metossifenil triazina, alcool\/alcool, copolimero di acrilati, butilottil salicilato, C12-15 alchil benzoato, etilesil triazone, niacinamide, fenetil benzoato, Estratto di bacche di Panax Ginseng, Estratto di panax Ginseng, Estratto di foglie\/stelo di Panax Ginseng, Silice, Metilpropandiolo, Olio di frutta di Olea Europaea (oliva), Olio di corteccia di Amyris Balsamifera, Olio di radice di Angelica Archangelica, Citrus Aurantium, Olio di foglie\/ramoscello di Amara (arancia amara) , Olio di resina di Ferula Galbaniflua (galbanum), olio di gelsomino officinale (gelsomino), radice di panax ginseng, estratto, isoamil p-metossicinnamato, polisilicone-15, polimetilsilsesquiossano, 1,2-esandiolo, dibutil lauroil glutammide, glicole pentilenico, dibutil etilesanoil glutammide, Copolimero acriloildimetiltaurato\/VP di ammonio, acrilati di sodio Crosspolymer-2, poliacriloildimetiltaurato di sodio, C30-45 alchildimetilsililpolipropilsilsesquiossano, idrossiacetofenone, adenosina, glicerina, glicole butilenico, etil esandiolo, tocoferolo, etilesilglicerina, gomma xanthan, diso dio EDTA<\/p>\n<h3>Attenzione<\/h3>\n<ol>\n<li>Solo per uso esterno.<\/li>\n<li>Non utilizzare su pelle danneggiata o rotta.<\/li>\n<li>Se si verifica un&#8217;eruzione cutanea, interrompere l&#8217;uso e contattare un medico.<\/li>\n<li>Evitare il contatto con gli occhi. In caso di contatto con gli occhi, sciacquare immediatamente e abbondantemente.<\/li>\n<li>Tenere fuori dalla portata dei bambini.<\/li>\n<li>Non ingoiare. In caso di ingestione, richiedere assistenza medica o contattare immediatamente un centro antiveleni.<\/li>\n<\/ol>\n","protected":false},"excerpt":{"rendered":"<div>Crema solare chimica senza peso, simile a un siero, con benefici antiet\u00e0.<\/div>\n<div>Proteggi la tua pelle dai dannosi raggi UV aggiungendo idratazione e nutrimento intensi. Il ginseng rosso coreano in questa formula ha potenti propriet\u00e0 ringiovanenti ed \u00e8 ricco di antiossidanti, che aiutano a combattere i radicali liberi e promuovono l&#8217;elasticit\u00e0 della pelle riducendo la comparsa di linee sottili e rughe. I filtri chimici che bloccano i raggi UV e gli ingredienti attivi in capsula vengono naturalmente miscelati con il siero privo di tensioattivi e assorbiti dalla pelle in modo uniforme senza lasciare residui appiccicosi.<\/div>\n<ul>\n<li>L&#8217;estratto di radice di Panax Ginseng al 30% aumenta il ricambio cellulare della pelle, agisce come antinfiammatorio e protegge la barriera naturale della pelle levigando la superficie della pelle.<\/li>\n<li>Il 2% di niacinamide stimola la produzione naturale di ceramide, attenua la pigmentazione e dona una carnagione compatta e uniforme.<\/li>\n<li>L&#8217;olio del frutto di Olea Europaea (oliva) bilancia gli oli naturali del viso e lenisce arrossamenti e irritazioni con vitamine e acidi grassi.<\/li>\n<\/ul>\n<div>Adatto a tutti i tipi di pelle, in particolare a quelle grasse e miste.<\/div>\n","protected":false},"featured_media":14093,"comment_status":"open","ping_status":"closed","template":"","meta":{"content-type":"","site-sidebar-layout":"default","site-content-layout":"","ast-site-content-layout":"default","site-content-style":"default","site-sidebar-style":"default","ast-global-header-display":"","ast-banner-title-visibility":"","ast-main-header-display":"","ast-hfb-above-header-display":"","ast-hfb-below-header-display":"","ast-hfb-mobile-header-display":"","site-post-title":"","ast-breadcrumbs-content":"","ast-featured-img":"","footer-sml-layout":"","ast-disable-related-posts":"","theme-transparent-header-meta":"default","adv-header-id-meta":"","stick-header-meta":"","header-above-stick-meta":"","header-main-stick-meta":"","header-below-stick-meta":"","astra-migrate-meta-layouts":"set","ast-page-background-enabled":"default","ast-page-background-meta":{"desktop":{"background-color":"","background-image":"","background-repeat":"repeat","background-position":"center center","background-size":"auto","background-attachment":"scroll","background-type":"","background-media":"","overlay-type":"","overlay-color":"","overlay-opacity":"","overlay-gradient":""},"tablet":{"background-color":"","background-image":"","background-repeat":"repeat","background-position":"center center","background-size":"auto","background-attachment":"scroll","background-type":"","background-media":"","overlay-type":"","overlay-color":"","overlay-opacity":"","overlay-gradient":""},"mobile":{"background-color":"","background-image":"","background-repeat":"repeat","background-position":"center center","background-size":"auto","background-attachment":"scroll","background-type":"","background-media":"","overlay-type":"","overlay-color":"","overlay-opacity":"","overlay-gradient":""}},"ast-content-background-meta":{"desktop":{"background-color":"var(--ast-global-color-5)","background-image":"","background-repeat":"repeat","background-position":"center center","background-size":"auto","background-attachment":"scroll","background-type":"","background-media":"","overlay-type":"","overlay-color":"","overlay-opacity":"","overlay-gradient":""},"tablet":{"background-color":"var(--ast-global-color-5)","background-image":"","background-repeat":"repeat","background-position":"center center","background-size":"auto","background-attachment":"scroll","background-type":"","background-media":"","overlay-type":"","overlay-color":"","overlay-opacity":"","overlay-gradient":""},"mobile":{"background-color":"var(--ast-global-color-5)","background-image":"","background-repeat":"repeat","background-position":"center center","background-size":"auto","background-attachment":"scroll","background-type":"","background-media":"","overlay-type":"","overlay-color":"","overlay-opacity":"","overlay-gradient":""}}},"product_brand":[],"product_cat":[588,589,234,504,424],"product_tag":[430,590,519],"class_list":{"0":"post-14062","1":"product","2":"type-product","3":"status-publish","4":"has-post-thumbnail","6":"product_cat-10-sonnenschutz","7":"product_cat-5-2-gesichtsserum","8":"product_cat-beauty-of-joseon","9":"product_cat-cpnp","10":"product_cat-gesicht","11":"product_tag-sonnenschutz","12":"product_tag-5-essenz-ampulle-serum","13":"product_tag-serum","14":"pa_hauttyp-all","15":"pa_hauttyp-fettige","16":"pa_hauttyp-mischhaut","17":"pa_hauttyp-normal","18":"pa_hauttyp-trockene","19":"desktop-align-left","20":"tablet-align-left","21":"mobile-align-left","23":"first","24":"instock","25":"taxable","26":"shipping-taxable","27":"purchasable","28":"product-type-variable"},"_links":{"self":[{"href":"https:\/\/healthyskinsecrets.ch\/it\/wp-json\/wp\/v2\/product\/14062","targetHints":{"allow":["GET"]}}],"collection":[{"href":"https:\/\/healthyskinsecrets.ch\/it\/wp-json\/wp\/v2\/product"}],"about":[{"href":"https:\/\/healthyskinsecrets.ch\/it\/wp-json\/wp\/v2\/types\/product"}],"replies":[{"embeddable":true,"href":"https:\/\/healthyskinsecrets.ch\/it\/wp-json\/wp\/v2\/comments?post=14062"}],"wp:featuredmedia":[{"embeddable":true,"href":"https:\/\/healthyskinsecrets.ch\/it\/wp-json\/wp\/v2\/media\/14093"}],"wp:attachment":[{"href":"https:\/\/healthyskinsecrets.ch\/it\/wp-json\/wp\/v2\/media?parent=14062"}],"wp:term":[{"taxonomy":"product_brand","embeddable":true,"href":"https:\/\/healthyskinsecrets.ch\/it\/wp-json\/wp\/v2\/product_brand?post=14062"},{"taxonomy":"product_cat","embeddable":true,"href":"https:\/\/healthyskinsecrets.ch\/it\/wp-json\/wp\/v2\/product_cat?post=14062"},{"taxonomy":"product_tag","embeddable":true,"href":"https:\/\/healthyskinsecrets.ch\/it\/wp-json\/wp\/v2\/product_tag?post=14062"}],"curies":[{"name":"wp","href":"https:\/\/api.w.org\/{rel}","templated":true}]}}