{"id":13799,"date":"2023-09-15T14:15:16","date_gmt":"2023-09-15T14:15:16","guid":{"rendered":"https:\/\/healthyskinsecrets.ch\/product\/import-placeholder-for-9079\/"},"modified":"2026-02-24T10:44:48","modified_gmt":"2026-02-24T10:44:48","slug":"dr-jart-ceramidin-hand-cream-50ml","status":"publish","type":"product","link":"https:\/\/healthyskinsecrets.ch\/it\/product\/dr-jart-ceramidin-hand-cream-50ml\/","title":{"rendered":"Dr. Jart+ Ceramidin Hand Cream 50ml"},"content":{"rendered":"<h3>Anwendung<\/h3>\n<ol>\n<li>Gro\u00dfz\u00fcgig auf die trockenen H\u00e4nde auftragen. F\u00fcr eine bessere Aufnahme gut einmassieren.<\/li>\n<\/ol>\n<h3>Inhaltsstoffe<\/h3>\n<p>Purified Water, Glycerin, Cetearyl Alcohol, Cetyl Ethylhexanoate, Ethylhexyl Stearate, Glyceryl Stearate, Bergamot Fruit Oil, Pelargonium Graveolens Flower Oil, Melia Azadirachta Flower Extract, Salvia Officinalis (Sage) Oil, Melia Azadirachta Leaf Extract, Pogostemon Cablin Oil, Curcuma Longa (Turmeric) Root Extract, Ocimum Sanctum Leaf Extract, Shea Butter, Mango Seed Butter, Theobroma Grandiflorum Seed Butter, Corallina Officinalis Extract, Hydrogenated Poly (C6-14 Olefin), Pentylene Glycol, Microcrystalline Wax, Cetearyl Olivate, Sorbitan Olivate, Vinyl Dimethicone, Polyglyceryl-2 Stearate, Caprylyl Glycol, Acrylate\/C10-30 Alkyl Acrylate Crosspolymer, Tromethamine, Hydroxyacetophenone, Ethylhexylglycerin, Ceramide NP, Propanediol, Sodium Hyaluronate Crosspolymer, Hydrolyzed Glycosaminoglycans, Sodium Hyaluronate, Benzyl Glycol, Hydrolyzed Hyaluronic Acid, Hyaluronic Acid, Tocopherol, Raspberry Ketone, Hydrogenated Lecithin, Ceramide AP, Ceramide AS, Ceramide EOP, Ceramide NS, Cetyl-PG Hydroxyethyl Palmitamide, Cholesterol, Dipropylene Glycol, Stearyl Alcohol, Cetyl Alcohol, Xanthan Gum, Disodium EDTA, Caramel, Citronelol, Geraniol, Limonene, Linalool<\/p>\n<h3>Warnhinweise<\/h3>\n<ol>\n<li>Nur zur \u00e4u\u00dferlichen Anwendung geeignet.<\/li>\n<li>Nicht auf verletzte Haut oder auf Wunden auftragen.<\/li>\n<li>Sollten Nebenwirkungen wie Irritationen oder Ausschlag eintreten, Anwendung sofort beenden und unverz\u00fcglich an einen Arzt wenden.<\/li>\n<li>Kontakt mit den Augen vermeiden. Sollte das Produkt ins Auge gelangen, das Auge sofort gr\u00fcndlich mit klarem Wasser aussp\u00fclen.<\/li>\n<li>Au\u00dfer Reichweite von Kindern aufbewahren.<\/li>\n<li>Nicht schlucken. Bei Verschlucken Arzt oder Giftzentrale aufsuchen.<\/li>\n<\/ol>\n","protected":false},"excerpt":{"rendered":"<p>Die Ceramidin-Handcreme beruhigt die Haut und ist mit 5 Arten von Ceramiden und 5 Hyalurons\u00e4uren angereichert, um die mit Feuchtigkeit versorgte Haut langanhaltend mit Feuchtigkeit zu versorgen. Seine hypoallergene, leichte, nicht klebrige Formel zieht schnell in die Haut ein.<br \/>\nDer 5-Cera-Komplex und der 5-Hyalurons\u00e4ure-Komplex arbeiten zusammen, um das Kollagen zu st\u00e4rken und die Haut fest, stark und jugendlich aussehend zu halten!<br \/>\nW\u00e4hrend die Hyalurons\u00e4ure Wasser aus der Atmosph\u00e4re entzieht, um die oberste Hautschicht mit Feuchtigkeit zu versorgen und Feuchtigkeit zu speichern, helfen Ceramide, die Hautbarriere zu st\u00e4rken und Wasserverlust zu verhindern.<\/p>\n","protected":false},"featured_media":13872,"comment_status":"open","ping_status":"closed","template":"","meta":{"content-type":"","site-sidebar-layout":"default","site-content-layout":"default","ast-site-content-layout":"default","site-content-style":"default","site-sidebar-style":"default","ast-global-header-display":"","ast-banner-title-visibility":"","ast-main-header-display":"","ast-hfb-above-header-display":"","ast-hfb-below-header-display":"","ast-hfb-mobile-header-display":"","site-post-title":"","ast-breadcrumbs-content":"","ast-featured-img":"","footer-sml-layout":"","ast-disable-related-posts":"","theme-transparent-header-meta":"default","adv-header-id-meta":"","stick-header-meta":"","header-above-stick-meta":"","header-main-stick-meta":"","header-below-stick-meta":"","astra-migrate-meta-layouts":"set","ast-page-background-enabled":"default","ast-page-background-meta":{"desktop":{"background-color":"","background-image":"","background-repeat":"repeat","background-position":"center center","background-size":"auto","background-attachment":"scroll","background-type":"","background-media":"","overlay-type":"","overlay-color":"","overlay-opacity":"","overlay-gradient":""},"tablet":{"background-color":"","background-image":"","background-repeat":"repeat","background-position":"center center","background-size":"auto","background-attachment":"scroll","background-type":"","background-media":"","overlay-type":"","overlay-color":"","overlay-opacity":"","overlay-gradient":""},"mobile":{"background-color":"","background-image":"","background-repeat":"repeat","background-position":"center center","background-size":"auto","background-attachment":"scroll","background-type":"","background-media":"","overlay-type":"","overlay-color":"","overlay-opacity":"","overlay-gradient":""}},"ast-content-background-meta":{"desktop":{"background-color":"var(--ast-global-color-5)","background-image":"","background-repeat":"repeat","background-position":"center center","background-size":"auto","background-attachment":"scroll","background-type":"","background-media":"","overlay-type":"","overlay-color":"","overlay-opacity":"","overlay-gradient":""},"tablet":{"background-color":"var(--ast-global-color-5)","background-image":"","background-repeat":"repeat","background-position":"center center","background-size":"auto","background-attachment":"scroll","background-type":"","background-media":"","overlay-type":"","overlay-color":"","overlay-opacity":"","overlay-gradient":""},"mobile":{"background-color":"var(--ast-global-color-5)","background-image":"","background-repeat":"repeat","background-position":"center center","background-size":"auto","background-attachment":"scroll","background-type":"","background-media":"","overlay-type":"","overlay-color":"","overlay-opacity":"","overlay-gradient":""}}},"product_brand":[],"product_cat":[504,247,574,555],"product_tag":[],"class_list":{"0":"post-13799","1":"product","2":"type-product","3":"status-publish","4":"has-post-thumbnail","6":"product_cat-cpnp","7":"product_cat-dr-jart","8":"product_cat-handpflege-koerperpflege","9":"product_cat-koerperpflege","10":"pa_beduerfnisse-trockenheit","11":"pa_hauttyp-all","12":"pa_hauttyp-empfindliche-haut","13":"pa_hauttyp-fettige","14":"pa_hauttyp-mischhaut","15":"pa_hauttyp-normal","16":"pa_hauttyp-trockene","17":"desktop-align-left","18":"tablet-align-left","19":"mobile-align-left","21":"first","22":"outofstock","23":"taxable","24":"shipping-taxable","25":"purchasable","26":"product-type-variable"},"_links":{"self":[{"href":"https:\/\/healthyskinsecrets.ch\/it\/wp-json\/wp\/v2\/product\/13799","targetHints":{"allow":["GET"]}}],"collection":[{"href":"https:\/\/healthyskinsecrets.ch\/it\/wp-json\/wp\/v2\/product"}],"about":[{"href":"https:\/\/healthyskinsecrets.ch\/it\/wp-json\/wp\/v2\/types\/product"}],"replies":[{"embeddable":true,"href":"https:\/\/healthyskinsecrets.ch\/it\/wp-json\/wp\/v2\/comments?post=13799"}],"wp:featuredmedia":[{"embeddable":true,"href":"https:\/\/healthyskinsecrets.ch\/it\/wp-json\/wp\/v2\/media\/13872"}],"wp:attachment":[{"href":"https:\/\/healthyskinsecrets.ch\/it\/wp-json\/wp\/v2\/media?parent=13799"}],"wp:term":[{"taxonomy":"product_brand","embeddable":true,"href":"https:\/\/healthyskinsecrets.ch\/it\/wp-json\/wp\/v2\/product_brand?post=13799"},{"taxonomy":"product_cat","embeddable":true,"href":"https:\/\/healthyskinsecrets.ch\/it\/wp-json\/wp\/v2\/product_cat?post=13799"},{"taxonomy":"product_tag","embeddable":true,"href":"https:\/\/healthyskinsecrets.ch\/it\/wp-json\/wp\/v2\/product_tag?post=13799"}],"curies":[{"name":"wp","href":"https:\/\/api.w.org\/{rel}","templated":true}]}}