{"id":13798,"date":"2023-09-15T14:15:15","date_gmt":"2023-09-15T14:15:15","guid":{"rendered":"https:\/\/healthyskinsecrets.ch\/product\/import-placeholder-for-9071\/"},"modified":"2026-02-24T10:44:47","modified_gmt":"2026-02-24T10:44:47","slug":"dr-jart-ceramidin-body-scrub-200ml","status":"publish","type":"product","link":"https:\/\/healthyskinsecrets.ch\/it\/product\/dr-jart-ceramidin-body-scrub-200ml\/","title":{"rendered":"Dr. Jart+ Ceramidin Body Scrub 200ml"},"content":{"rendered":"<h3>Anwendung<\/h3>\n<ol>\n<li>Geben Sie eine angemessene Menge auf Ihre H\u00e4nde.<\/li>\n<li>Massieren Sie den nassen K\u00f6rper um den Bereich herum, wo Sie die alte Haut behandeln m\u00fcssen<\/li>\n<li>Gr\u00fcndlich mit Wasser sp\u00fclen.<\/li>\n<\/ol>\n<h3>Inhaltsstoffe<\/h3>\n<p>Water\/Aqua\/Eau, Glycerin, Cetyl Ethylhexanoate, Cetearyl Alcohol, Juglans Regia (Walnut) Shell Powder, Prunus Armeniaca (Apricot) Seed Powder, Glyceryl Stearate, Pentylene Glycol, Palmitic Acid, Cetearyl Glucoside, Prunus Amygdalus Dulcis (Sweet Almond) Seed Meal, Stearic Acid, Sorbitan Stearate, Hydroxyethyl Acrylate\/Sodium Acryloyldimethyl Taurate Copolymer, Caprylyl Glycol, Carbomer, Tromethamine, Ceramide NP, Ethylhexylglycerin, Citrus Aurantium Bergamia (Bergamot) Fruit Oil, Pelargonium Graveolens Flower Oil, Melia Azadirachta Flower Extract, Disodium EDTA, Melia Azadirachta Leaf Extract, Myristic Acid, Curcuma Longa (Turmeric) Root Extract, Ocimum Sanctum Leaf Extract, Dextrin, Theobroma Cacao Cocoa) Seed Extract, Arachidic Acid, Lauric Acid, Salvia Officinalis (Sage) Oil, Pogostemon Cablin Oil, Corallina Officinalis Extract, Oleic Acid, Propanediol, Sodium Hyaluronate Crosspolymer, Dipropylene Glycol, Hydrolyzed Glycosaminoglycans, Hydrogenated Lecithin, Sodium Hyaluronate, Cetyl-PG Hydroxyethyl Palmitamide, Benzyl Glycol, Ceramide NS, Hydrolyzed Hyaluronic Acid, Ceramide AP, Ceramide AS, Cholesterol, Hyaluronic Acid, Raspberry Ketone, Ceramide EOP<\/p>\n<h3>Warnhinweise<\/h3>\n<ol>\n<li>Nur zur \u00e4u\u00dferlichen Anwendung geeignet.<\/li>\n<li>Nicht auf verletzte Haut oder auf Wunden auftragen.<\/li>\n<li>Sollten Nebenwirkungen wie Irritationen oder Ausschlag eintreten, Anwendung sofort beenden und unverz\u00fcglich an einen Arzt wenden.<\/li>\n<li>Kontakt mit den Augen vermeiden. Sollte das Produkt ins Auge gelangen, das Auge sofort gr\u00fcndlich mit klarem Wasser aussp\u00fclen.<\/li>\n<li>Au\u00dfer Reichweite von Kindern aufbewahren.<\/li>\n<li>Nicht schlucken. Bei Verschlucken Arzt oder Giftzentrale aufsuchen.<\/li>\n<\/ol>\n","protected":false},"excerpt":{"rendered":"<p>F\u00fcgen Sie Ihrer Hautpflegeroutine ein K\u00f6rperpeeling hinzu, um alte Haut zu entfernen und die Mikrozirkulation zu stimulieren. Die K\u00f6rperhaut hat eine andere Hautdicke, so dass ihr trockener Zustand anders ist, und normalerweise besteht sie aus einer Zellstruktur, die dichter ist als das Gesicht, so dass sie schwer zu durchdringen ist Feuchtigkeit und muss konstant gehalten werden. Dieses K\u00f6rperpeeling aus Walnussschalen, Aprikosenkernen, Mandelmehl mit 5-Schichten-Multi-Feuchtigkeitscreme hat einen feuchtigkeitsspendenden und massierenden Effekt auch in rauen Hautpartien wie den Armen.<\/p>\n","protected":false},"featured_media":13870,"comment_status":"open","ping_status":"closed","template":"","meta":{"content-type":"","site-sidebar-layout":"default","site-content-layout":"default","ast-site-content-layout":"default","site-content-style":"default","site-sidebar-style":"default","ast-global-header-display":"","ast-banner-title-visibility":"","ast-main-header-display":"","ast-hfb-above-header-display":"","ast-hfb-below-header-display":"","ast-hfb-mobile-header-display":"","site-post-title":"","ast-breadcrumbs-content":"","ast-featured-img":"","footer-sml-layout":"","ast-disable-related-posts":"","theme-transparent-header-meta":"default","adv-header-id-meta":"","stick-header-meta":"","header-above-stick-meta":"","header-main-stick-meta":"","header-below-stick-meta":"","astra-migrate-meta-layouts":"set","ast-page-background-enabled":"default","ast-page-background-meta":{"desktop":{"background-color":"","background-image":"","background-repeat":"repeat","background-position":"center center","background-size":"auto","background-attachment":"scroll","background-type":"","background-media":"","overlay-type":"","overlay-color":"","overlay-opacity":"","overlay-gradient":""},"tablet":{"background-color":"","background-image":"","background-repeat":"repeat","background-position":"center center","background-size":"auto","background-attachment":"scroll","background-type":"","background-media":"","overlay-type":"","overlay-color":"","overlay-opacity":"","overlay-gradient":""},"mobile":{"background-color":"","background-image":"","background-repeat":"repeat","background-position":"center center","background-size":"auto","background-attachment":"scroll","background-type":"","background-media":"","overlay-type":"","overlay-color":"","overlay-opacity":"","overlay-gradient":""}},"ast-content-background-meta":{"desktop":{"background-color":"var(--ast-global-color-5)","background-image":"","background-repeat":"repeat","background-position":"center center","background-size":"auto","background-attachment":"scroll","background-type":"","background-media":"","overlay-type":"","overlay-color":"","overlay-opacity":"","overlay-gradient":""},"tablet":{"background-color":"var(--ast-global-color-5)","background-image":"","background-repeat":"repeat","background-position":"center center","background-size":"auto","background-attachment":"scroll","background-type":"","background-media":"","overlay-type":"","overlay-color":"","overlay-opacity":"","overlay-gradient":""},"mobile":{"background-color":"var(--ast-global-color-5)","background-image":"","background-repeat":"repeat","background-position":"center center","background-size":"auto","background-attachment":"scroll","background-type":"","background-media":"","overlay-type":"","overlay-color":"","overlay-opacity":"","overlay-gradient":""}}},"product_brand":[],"product_cat":[573,504,247,555],"product_tag":[],"class_list":{"0":"post-13798","1":"product","2":"type-product","3":"status-publish","4":"has-post-thumbnail","6":"product_cat-body-scrub","7":"product_cat-cpnp","8":"product_cat-dr-jart","9":"product_cat-koerperpflege","10":"pa_beduerfnisse-trockenheit","11":"pa_hauttyp-all","12":"pa_hauttyp-empfindliche-haut","13":"pa_hauttyp-fettige","14":"pa_hauttyp-mischhaut","15":"pa_hauttyp-normal","16":"pa_hauttyp-trockene","17":"desktop-align-left","18":"tablet-align-left","19":"mobile-align-left","21":"first","22":"outofstock","23":"taxable","24":"shipping-taxable","25":"purchasable","26":"product-type-variable"},"_links":{"self":[{"href":"https:\/\/healthyskinsecrets.ch\/it\/wp-json\/wp\/v2\/product\/13798","targetHints":{"allow":["GET"]}}],"collection":[{"href":"https:\/\/healthyskinsecrets.ch\/it\/wp-json\/wp\/v2\/product"}],"about":[{"href":"https:\/\/healthyskinsecrets.ch\/it\/wp-json\/wp\/v2\/types\/product"}],"replies":[{"embeddable":true,"href":"https:\/\/healthyskinsecrets.ch\/it\/wp-json\/wp\/v2\/comments?post=13798"}],"wp:featuredmedia":[{"embeddable":true,"href":"https:\/\/healthyskinsecrets.ch\/it\/wp-json\/wp\/v2\/media\/13870"}],"wp:attachment":[{"href":"https:\/\/healthyskinsecrets.ch\/it\/wp-json\/wp\/v2\/media?parent=13798"}],"wp:term":[{"taxonomy":"product_brand","embeddable":true,"href":"https:\/\/healthyskinsecrets.ch\/it\/wp-json\/wp\/v2\/product_brand?post=13798"},{"taxonomy":"product_cat","embeddable":true,"href":"https:\/\/healthyskinsecrets.ch\/it\/wp-json\/wp\/v2\/product_cat?post=13798"},{"taxonomy":"product_tag","embeddable":true,"href":"https:\/\/healthyskinsecrets.ch\/it\/wp-json\/wp\/v2\/product_tag?post=13798"}],"curies":[{"name":"wp","href":"https:\/\/api.w.org\/{rel}","templated":true}]}}