{"id":13788,"date":"2023-09-15T14:15:14","date_gmt":"2023-09-15T14:15:14","guid":{"rendered":"https:\/\/healthyskinsecrets.ch\/product\/import-placeholder-for-3555\/"},"modified":"2026-02-24T10:44:43","modified_gmt":"2026-02-24T10:44:43","slug":"dr-jart-cicapair-re-cover-55ml-ver-2","status":"publish","type":"product","link":"https:\/\/healthyskinsecrets.ch\/it\/product\/dr-jart-cicapair-re-cover-55ml-ver-2\/","title":{"rendered":"Dr. Jart+ Cicapair Re-Cover 55ml (Ver.2)"},"content":{"rendered":"<h3>Anwendung<\/h3>\n<ol>\n<li>Eine angemessene Menge auf die gereinigte (und mit Toner behandelte) Haut auftragen.<\/li>\n<li>In die Haut tupfen, bis es v\u00f6llig eingezogen ist.<\/li>\n<li>Morgens und \u00fcber Nacht anwenden.<\/li>\n<\/ol>\n<h3>Inhaltsstoffe<\/h3>\n<p>Water,Propanediol,Centella Asiatica Leaf Water,Butylene Glycol,Caprylic\/Capric Triglyceride,Diisostearyl Malate,Panthenol,Polyglyceryl-3 Methylglucose Distearate,Butyrospermum Parkii (Shea) Butter,Glyceryl Stearate,Macadamia Ternifolia Seed Oil,Niacinamide,Cetearyl Alcohol,Sodium Hyaluronate,Hydrogenated Poly(C6-14 Olefin),Hydrogenated Polydecene,Hydrogenated Polyisobutene,1,2-Hexanediol,PEG-8,Centella Asiatica Extract,Asiaticoside,Asiatic Acid,Madecassic Acid,Madecassoside,Centella Asiatica Meristem Cell Culture,Spirulina Platensis Powder,Copper Chlorophyll,Lysolecithin,Sucrose Laurate,Sodium Ascorbyl Phosphate,Sodium Glycerophosphate,Potassium Magnesium Aspartate,Calcium Gluconate,Magnesium Gluconate,Lavandula Angustifolia (Lavender) Oil,Citrus Grandis (Grapefruit) Peel Oil,Hydrogenated Lecithin,Rosmarinus Officinalis (Rosemary) Leaf Oil,Theobroma Cacao (Cocoa) Extract,Anthemis Nobilis Flower Oil,Houttuynia Cordata Extract,Selaginella Lepidophylla Extract,Arnica Montana Flower Extract,Artemisia Absinthium Extract,Achillea Millefolium Extract,Gentiana Lutea Root Extract,Aniba Rosaeodora (Rosewood) Wood Oil,Palmitic Acid,Polyacrylate-13,Tocopheryl Acetate,Beeswax,PEG-100 Stearate,Stearic Acid,Polyisobutene,Glycerin,Polysorbate 20,Sorbitan Isostearate,Carbomer,Adenosine,Tromethamine,Ceramide NP,Alcohol,Dextrin,Xanthan Gum,Disodium EDTA,Phenoxyethanol,Ethylhexylglycerin<\/p>\n<h3>Warnhinweise<\/h3>\n<ol>\n<li>Nur zur \u00e4u\u00dferlichen Anwendung geeignet.<\/li>\n<li>Nicht auf verletzte Haut oder auf Wunden auftragen.<\/li>\n<li>Sollten Nebenwirkungen wie Irritationen oder Ausschlag eintreten, Anwendung sofort beenden und unverz\u00fcglich an einen Arzt wenden.<\/li>\n<li>Kontakt mit den Augen vermeiden. Sollte das Produkt ins Auge gelangen, das Auge sofort gr\u00fcndlich mit klarem Wasser aussp\u00fclen.<\/li>\n<li>Au\u00dfer Reichweite von Kindern aufbewahren.<\/li>\n<li>Nicht schlucken. Bei Verschlucken Arzt oder Giftzentrale aufsuchen.<\/li>\n<\/ol>\n","protected":false},"excerpt":{"rendered":"<p><strong>Dr.Jart+<\/strong>\u00a0Cicapair Re-Cover (Ver.2) korrigiert den Hautton und kaschiert R\u00f6tungen. Die Creme sch\u00fctzt empfindliche, gestresste Haut und st\u00e4rkt den Hautschutz-Mantel. Sie regeneriert ersch\u00f6pfte Haut, erh\u00f6ht den Feuchtigkeits-Gehalt und sorgt f\u00fcr einen gesunden Look.<\/p>\n","protected":false},"featured_media":13832,"comment_status":"open","ping_status":"closed","template":"","meta":{"content-type":"","site-sidebar-layout":"default","site-content-layout":"default","ast-site-content-layout":"default","site-content-style":"default","site-sidebar-style":"default","ast-global-header-display":"","ast-banner-title-visibility":"","ast-main-header-display":"","ast-hfb-above-header-display":"","ast-hfb-below-header-display":"","ast-hfb-mobile-header-display":"","site-post-title":"","ast-breadcrumbs-content":"","ast-featured-img":"","footer-sml-layout":"","ast-disable-related-posts":"","theme-transparent-header-meta":"default","adv-header-id-meta":"","stick-header-meta":"","header-above-stick-meta":"","header-main-stick-meta":"","header-below-stick-meta":"","astra-migrate-meta-layouts":"set","ast-page-background-enabled":"default","ast-page-background-meta":{"desktop":{"background-color":"","background-image":"","background-repeat":"repeat","background-position":"center center","background-size":"auto","background-attachment":"scroll","background-type":"","background-media":"","overlay-type":"","overlay-color":"","overlay-opacity":"","overlay-gradient":""},"tablet":{"background-color":"","background-image":"","background-repeat":"repeat","background-position":"center center","background-size":"auto","background-attachment":"scroll","background-type":"","background-media":"","overlay-type":"","overlay-color":"","overlay-opacity":"","overlay-gradient":""},"mobile":{"background-color":"","background-image":"","background-repeat":"repeat","background-position":"center center","background-size":"auto","background-attachment":"scroll","background-type":"","background-media":"","overlay-type":"","overlay-color":"","overlay-opacity":"","overlay-gradient":""}},"ast-content-background-meta":{"desktop":{"background-color":"var(--ast-global-color-5)","background-image":"","background-repeat":"repeat","background-position":"center center","background-size":"auto","background-attachment":"scroll","background-type":"","background-media":"","overlay-type":"","overlay-color":"","overlay-opacity":"","overlay-gradient":""},"tablet":{"background-color":"var(--ast-global-color-5)","background-image":"","background-repeat":"repeat","background-position":"center center","background-size":"auto","background-attachment":"scroll","background-type":"","background-media":"","overlay-type":"","overlay-color":"","overlay-opacity":"","overlay-gradient":""},"mobile":{"background-color":"var(--ast-global-color-5)","background-image":"","background-repeat":"repeat","background-position":"center center","background-size":"auto","background-attachment":"scroll","background-type":"","background-media":"","overlay-type":"","overlay-color":"","overlay-opacity":"","overlay-gradient":""}}},"product_brand":[],"product_cat":[520,247,424],"product_tag":[45,352],"class_list":{"0":"post-13788","1":"product","2":"type-product","3":"status-publish","4":"has-post-thumbnail","6":"product_cat-8-koreanische-gesichtscreme","7":"product_cat-dr-jart","8":"product_cat-gesicht","9":"product_tag-moisturizer","10":"product_tag-spezielles","11":"pa_beduerfnisse-matte-muede","12":"pa_beduerfnisse-roetung","13":"pa_hauttyp-all","14":"desktop-align-left","15":"tablet-align-left","16":"mobile-align-left","18":"first","19":"outofstock","20":"taxable","21":"shipping-taxable","22":"product-type-variable"},"_links":{"self":[{"href":"https:\/\/healthyskinsecrets.ch\/it\/wp-json\/wp\/v2\/product\/13788","targetHints":{"allow":["GET"]}}],"collection":[{"href":"https:\/\/healthyskinsecrets.ch\/it\/wp-json\/wp\/v2\/product"}],"about":[{"href":"https:\/\/healthyskinsecrets.ch\/it\/wp-json\/wp\/v2\/types\/product"}],"replies":[{"embeddable":true,"href":"https:\/\/healthyskinsecrets.ch\/it\/wp-json\/wp\/v2\/comments?post=13788"}],"wp:featuredmedia":[{"embeddable":true,"href":"https:\/\/healthyskinsecrets.ch\/it\/wp-json\/wp\/v2\/media\/13832"}],"wp:attachment":[{"href":"https:\/\/healthyskinsecrets.ch\/it\/wp-json\/wp\/v2\/media?parent=13788"}],"wp:term":[{"taxonomy":"product_brand","embeddable":true,"href":"https:\/\/healthyskinsecrets.ch\/it\/wp-json\/wp\/v2\/product_brand?post=13788"},{"taxonomy":"product_cat","embeddable":true,"href":"https:\/\/healthyskinsecrets.ch\/it\/wp-json\/wp\/v2\/product_cat?post=13788"},{"taxonomy":"product_tag","embeddable":true,"href":"https:\/\/healthyskinsecrets.ch\/it\/wp-json\/wp\/v2\/product_tag?post=13788"}],"curies":[{"name":"wp","href":"https:\/\/api.w.org\/{rel}","templated":true}]}}