{"id":13628,"date":"2023-09-15T10:05:23","date_gmt":"2023-09-15T10:05:23","guid":{"rendered":"https:\/\/healthyskinsecrets.ch\/product\/import-placeholder-for-23887\/"},"modified":"2025-09-02T08:09:16","modified_gmt":"2025-09-02T08:09:16","slug":"medipeel-peptide9-volume-bio-tox-ampoule-100ml","status":"publish","type":"product","link":"https:\/\/healthyskinsecrets.ch\/it\/product\/medipeel-peptide9-volume-bio-tox-ampoule-100ml\/","title":{"rendered":"MediPeel Peptide9 Volume BIO TOX Ampoule 100ml"},"content":{"rendered":"<h3>Anwendung<\/h3>\n<p>Verteilen Sie nach der Anwendung des Toners die gew\u00fcnschte Menge sanft von der Gesichtsmitte nach au\u00dfen.<\/p>\n<h3>Inhaltsstoffe<\/h3>\n<div id=\"ntc-tab-2\" class=\"accordion-content ntc-tab-2\">Water, Glycerin, Butylene Glycol, Niacinamide, Sodium Lactate, 1,2-Hexanediol, Gellan Gum, Ethylhexylglycerin, Adenosine, Disodium EDTA, Juniperus Communis Fruit Extract, Eucalyptus Globulus Leaf Extract, Glyceryl Polymethacrylate, Centella Asiatica Extract, Propylene Glycol, Polygonum Cuspidatum Root Extract, Scutellaria Baicalensis Root Extract, Propanediol, Camellia Sinensis Leaf Extract, Glycyrrhiza Glabra (Licorice) Root Extract, Sodium Hyaluronate Crosspolymer, Chamomilla Recutita (Matricaria) Flower Extract, Rosmarinus Officinalis (Rosemary) Leaf Extract, Fructan, Hydrolyzed Glycosaminoglycans, Sodium Hyaluronate, Glycine, Serine, Glutamic acid, Hydrolyzed Elastin, Hydrogenated Polyisobutene, Aspartic acid, Hydrolyzed Hyaluronic Acid, Leucine, Cynanchum Atratum Extract, Astaxanthin, Desamido Collagen, Sorbitan Laurate, Alanine, Lysine, Arginine, Tyrosine, Phenylalanine, Proline, Valine, Threonine, Isoleucine, Histidine, Cysteine, Methionine, Palmitoyl Tripeptide-5, Hydrolyzed Collagen, Hydroxyethylcellulose, Acetyl Dipeptide-1 Cetyl Ester, Sodium Acetylated Hyaluronate, Palmitoyl Tetrapeptide-7, Palmitoyl Tripeptide-1, Palmitoyl Oligopeptide, Acetyl Hexapeptide-8, Copper Tripeptide-1, Hyaluronic Acid, Oligopeptide-29, Oligopeptide-32, Raspberry Ketone, Palmitoyl Pentapeptide-4, Anemarrhena Asphodeloides Root Extract, Polysorbate 80, PEG-60 Hydrogenated Castor Oil, Benzyl Glycol, Alcohol, Fragrance<\/div>\n<div><\/div>\n<h3>Warnhinweise<\/h3>\n<ol>\n<li>Nur zur \u00e4u\u00dferlichen Anwendung geeignet.<\/li>\n<li>Nicht auf verletzte Haut oder auf Wunden auftragen.<\/li>\n<li>Sollten Nebenwirkungen wie Irritationen oder Ausschlag eintreten, Anwendung sofort beenden und unverz\u00fcglich an einen Arzt wenden.<\/li>\n<li>Kontakt mit den Augen vermeiden. Sollte das Produkt ins Auge gelangen, das Auge sofort gr\u00fcndlich mit klarem Wasser aussp\u00fclen.<\/li>\n<li>Au\u00dfer Reichweite von Kindern aufbewahren.<\/li>\n<li>Nicht schlucken. Bei Verschlucken Arzt oder Giftzentrale aufsuchen.<\/li>\n<\/ol>\n","protected":false},"excerpt":{"rendered":"<p>Ampulle, die eine helle und strahlende Haut mit Astaxanthin vervollst\u00e4ndigt, das die 6.000-fache Wirkung von Vitamin C hat, und 9 Arten von Peptiden, die die Haut regenerieren. Sorgt f\u00fcr Feuchtigkeit, Elastizit\u00e4t, Aufhellungsfunktion, Glanz und Ausstrahlung. Der Inhaltsstoff Niacinamid hellt fahle und dunkle Haut auf.<br \/>\n<strong>Hauptvorteile:<\/strong><\/p>\n<ul>\n<li><strong>Aufhellende Wirkung<\/strong>: Reduziert Konzentration, Gr\u00f6\u00dfe und Dunkelheit von Flecken, Sommersprossen, Hautunreinheiten und pigmentiertem Melanin.<\/li>\n<li><strong>6.000-mal st\u00e4rkeres Vitamin C<\/strong>: Maximiert die antioxidative Aufhellungswirkung durch die Kombination von Astaxanthin, Peptid und aufhellenden Inhaltsstoffen, angek\u00fcndigt von der koreanischen Lebensmittel- und Arzneimittelbeh\u00f6rde.<\/li>\n<li><strong>Acetylhexapeptid-8<\/strong>: Verbessert die Hautelastizit\u00e4t, die Hautstruktur und feine F\u00e4ltchen mit dem anwendbaren Botox \u201eAcetylhexapeptid-8\u201c<\/li>\n<li><strong>Hyalurons\u00e4ure<\/strong>: versorgt trockene und raue Haut nicht nur mit Feuchtigkeit, sondern blockiert auch die Feuchtigkeitsverdunstung.<\/li>\n<li>Enth\u00e4lt 3 Arten von patentierten Inhaltsstoffen zur Hautregeneration (Anti-Aging, Verbesserung der Zellproliferation, Elastizit\u00e4tsverst\u00e4rkung und Hautschutz)<\/li>\n<li>Geleeartige Partikel spenden der Haut enorme Feuchtigkeit, hochkonzentrierte N\u00e4hrstoffe und ein taufrisches Aussehen, sodass die Haut klarer aussieht.<\/li>\n<\/ul>\n<p><strong>L\u00f6sungen f\u00fcr: <\/strong><\/p>\n<ul>\n<li>Flecken, Sommersprossen, unreine Haut<\/li>\n<li>Trockene und schlaffe Haut<\/li>\n<li>Stumpfe und raue Haut<\/li>\n<\/ul>\n","protected":false},"featured_media":15645,"comment_status":"open","ping_status":"closed","template":"","meta":{"content-type":"","site-sidebar-layout":"default","site-content-layout":"","ast-site-content-layout":"default","site-content-style":"default","site-sidebar-style":"default","ast-global-header-display":"","ast-banner-title-visibility":"","ast-main-header-display":"","ast-hfb-above-header-display":"","ast-hfb-below-header-display":"","ast-hfb-mobile-header-display":"","site-post-title":"","ast-breadcrumbs-content":"","ast-featured-img":"","footer-sml-layout":"","ast-disable-related-posts":"","theme-transparent-header-meta":"default","adv-header-id-meta":"","stick-header-meta":"","header-above-stick-meta":"","header-main-stick-meta":"","header-below-stick-meta":"","astra-migrate-meta-layouts":"set","ast-page-background-enabled":"default","ast-page-background-meta":{"desktop":{"background-color":"","background-image":"","background-repeat":"repeat","background-position":"center center","background-size":"auto","background-attachment":"scroll","background-type":"","background-media":"","overlay-type":"","overlay-color":"","overlay-opacity":"","overlay-gradient":""},"tablet":{"background-color":"","background-image":"","background-repeat":"repeat","background-position":"center center","background-size":"auto","background-attachment":"scroll","background-type":"","background-media":"","overlay-type":"","overlay-color":"","overlay-opacity":"","overlay-gradient":""},"mobile":{"background-color":"","background-image":"","background-repeat":"repeat","background-position":"center center","background-size":"auto","background-attachment":"scroll","background-type":"","background-media":"","overlay-type":"","overlay-color":"","overlay-opacity":"","overlay-gradient":""}},"ast-content-background-meta":{"desktop":{"background-color":"var(--ast-global-color-5)","background-image":"","background-repeat":"repeat","background-position":"center center","background-size":"auto","background-attachment":"scroll","background-type":"","background-media":"","overlay-type":"","overlay-color":"","overlay-opacity":"","overlay-gradient":""},"tablet":{"background-color":"var(--ast-global-color-5)","background-image":"","background-repeat":"repeat","background-position":"center center","background-size":"auto","background-attachment":"scroll","background-type":"","background-media":"","overlay-type":"","overlay-color":"","overlay-opacity":"","overlay-gradient":""},"mobile":{"background-color":"var(--ast-global-color-5)","background-image":"","background-repeat":"repeat","background-position":"center center","background-size":"auto","background-attachment":"scroll","background-type":"","background-media":"","overlay-type":"","overlay-color":"","overlay-opacity":"","overlay-gradient":""}}},"product_brand":[],"product_cat":[424,288],"product_tag":[425],"class_list":{"0":"post-13628","1":"product","2":"type-product","3":"status-publish","4":"has-post-thumbnail","6":"product_cat-gesicht","7":"product_cat-medi-peel","8":"product_tag-essence-serum-oil","9":"pa_hauttyp-all","10":"pa_hauttyp-empfindliche-haut","11":"pa_hauttyp-fettige","12":"pa_hauttyp-mischhaut","13":"pa_hauttyp-normal","14":"pa_hauttyp-trockene","15":"desktop-align-left","16":"tablet-align-left","17":"mobile-align-left","19":"first","20":"instock","21":"taxable","22":"shipping-taxable","23":"product-type-variable"},"_links":{"self":[{"href":"https:\/\/healthyskinsecrets.ch\/it\/wp-json\/wp\/v2\/product\/13628","targetHints":{"allow":["GET"]}}],"collection":[{"href":"https:\/\/healthyskinsecrets.ch\/it\/wp-json\/wp\/v2\/product"}],"about":[{"href":"https:\/\/healthyskinsecrets.ch\/it\/wp-json\/wp\/v2\/types\/product"}],"replies":[{"embeddable":true,"href":"https:\/\/healthyskinsecrets.ch\/it\/wp-json\/wp\/v2\/comments?post=13628"}],"wp:featuredmedia":[{"embeddable":true,"href":"https:\/\/healthyskinsecrets.ch\/it\/wp-json\/wp\/v2\/media\/15645"}],"wp:attachment":[{"href":"https:\/\/healthyskinsecrets.ch\/it\/wp-json\/wp\/v2\/media?parent=13628"}],"wp:term":[{"taxonomy":"product_brand","embeddable":true,"href":"https:\/\/healthyskinsecrets.ch\/it\/wp-json\/wp\/v2\/product_brand?post=13628"},{"taxonomy":"product_cat","embeddable":true,"href":"https:\/\/healthyskinsecrets.ch\/it\/wp-json\/wp\/v2\/product_cat?post=13628"},{"taxonomy":"product_tag","embeddable":true,"href":"https:\/\/healthyskinsecrets.ch\/it\/wp-json\/wp\/v2\/product_tag?post=13628"}],"curies":[{"name":"wp","href":"https:\/\/api.w.org\/{rel}","templated":true}]}}