{"id":13627,"date":"2023-09-15T10:05:22","date_gmt":"2023-09-15T10:05:22","guid":{"rendered":"https:\/\/healthyskinsecrets.ch\/product\/import-placeholder-for-21021\/"},"modified":"2024-09-15T15:58:44","modified_gmt":"2024-09-15T15:58:44","slug":"medipeel-peptide9-mela-stick","status":"publish","type":"product","link":"https:\/\/healthyskinsecrets.ch\/it\/product\/medipeel-peptide9-mela-stick\/","title":{"rendered":"MediPeel Peptide9 Mela Stick"},"content":{"rendered":"<h3>Anwendung<\/h3>\n<ol>\n<li>Im letzten Schritt der Hautpflege sanft um das Gesicht oder die trockene Hautpartie auftragen.<\/li>\n<li>Kann vor dem Make-up f\u00fcr eine taufrische und gl\u00e4nzende Haut verwendet werden.<\/li>\n<li>Verwenden Sie es jederzeit und \u00fcberall, um das Gesicht mit Feuchtigkeit zu versorgen.<\/li>\n<\/ol>\n<h3>Inhaltsstoffe<\/h3>\n<div id=\"ntc-tab-2\" class=\"accordion-content ntc-tab-2\">Helianthus Annuus (Sunflower) Seed Oil, Beeswax, Diisostearyl Malate, Octyldodecanol, Butyrospermum Parkii (Shea) Butter, Polyglyceryl-2 Triisostearate, Euphorbia Cerifera (Candelilla) Wax, Tocopheryl Acetate, Tridecyl Trimellitate, Ricinus Communis (Castor) Seed Oil, Polyethylene, Sorbitan Olivate, Prunus Amygdalus Dulcis (Sweet Almond) Oil, Ascorbic Acid, Polyglyceryl-2 Isostearate\/Dimer Dilinoleate Copolymer, Eclipta Prostrata Extract, Melia Azadirachta Leaf Extract, Melia Azadirachta Flower Extract, Monascus Extract, Coccinia Indica Fruit Extract, Daucus Carota Sativa (Carrot) Root Extract, Perilla Ocymoides Leaf Extract, Centella Asiatica Extract, Borago Officinalis Extract, Beta Vulgaris (Beet) Root Extract, Angelica Gigas Extract, Anthemis Nobilis Flower Extract, Calendula Officinalis Flower Extract, Solanum Melongena (Eggplant) Fruit Extract, Aloe Barbadensis Flower Extract, Curcuma Longa (Turmeric) Root Extract, Corallina Officinalis Extract, Ocimum Sanctum Leaf Extract, Acmella Oleracea Extract, Solanum Lycopersicum (Tomato) Fruit Extract, Anemarrhena Asphodeloides Root\u00a0Extract, Simmondsia Chinensis (Jojoba) Seed Oil, Camellia Sinensis Seed Oil, Camellia Japonica Seed Oil, Argania Spinosa Kernel Oil, Olea Europaea (Olive) Fruit Oil, Macadamia\u00a0Integrifolia Seed Oil, Cocos Nucifera (Coconut) Oil, Sodium Hyaluronate, Microcrystalline Wax, Bisabolol, Tocopherol, Caprylic\/Capric Triglyceride, Silica Dimethyl Silylate, Sorbitan\u00a0Sesquioleate, Moringa Oleifera Seed Oil, Water, Ceramide Np, Tranexamic Acid, Papain, Hydrogenated Polyisobutene, Glyceryl Glucoside, Propanediol, Squalane, Butylene Glycol,\u00a0Glycerin, 1,2-Hexanediol, Alcohol, PPG-26-Buteth-26, Caprylyl Glycol, Hydroxypropyltrimonium Hyaluronate, Nonapeptide-7(0.1 ppb), Nicotinoyl Tripeptide-35(0.1 ppb), Sodium\u00a0Acetylated Hyaluronate, Sodium Hyaluronate Crosspolymer, Acetyl Hexapeptide-8(0.2 ppb), Copper Tripeptide-1(1.5 ppb), Tripeptide-1(1.5 ppb), Tripeptide-29(2 ppb), Palmitoyl\u00a0Tetrapeptide-7(0.1 ppb), Palmitoyl Tripeptide-1(0.1 ppb), Palmitoyl Tripeptide-29(0.1 ppb), Palmitoyl Pentapeptide-4(0.1 ppb), Potassium Hyaluronate, Hydrolyzed Hyaluronic Acid,\u00a0Hyaluronic Acid, Hexapeptide-12(0.1 ppb), Hexapeptide-9(0.1 ppb), PEG-40 Hydrogenated Castor Oil, Dehydroacetic Acid, Fragrance<\/div>\n<div><\/div>\n<h3>Warnhinweise<\/h3>\n<ol>\n<li>Nur zur \u00e4u\u00dferlichen Anwendung geeignet.<\/li>\n<li>Nicht auf verletzte Haut oder auf Wunden auftragen.<\/li>\n<li>Sollten Nebenwirkungen wie Irritationen oder Ausschlag eintreten, Anwendung sofort beenden und unverz\u00fcglich an einen Arzt wenden.<\/li>\n<li>Kontakt mit den Augen vermeiden. Sollte das Produkt ins Auge gelangen, das Auge sofort gr\u00fcndlich mit klarem Wasser aussp\u00fclen.<\/li>\n<li>Au\u00dfer Reichweite von Kindern aufbewahren.<\/li>\n<li>Nicht schlucken. Bei Verschlucken Arzt oder Giftzentrale aufsuchen.<\/li>\n<\/ol>\n","protected":false},"excerpt":{"rendered":"<p>Hochkonzentrierter Multipflegestift, der Hyperpigmentierung, Sommersprossen und Falten mit einer einfachen Ber\u00fchrung behandelt.<\/p>\n<ul>\n<li><strong>L\u00f6sungen f\u00fcr: <\/strong>Haut, die hochkonzentrierte Pflege ben\u00f6tigt. Sommersprossen, Falten und trockene Haut. Stumpfe und dunkle Haut.<\/li>\n<li><strong>Produktfunktion: <\/strong>Aufhellend, Anti-Falten<\/li>\n<li><strong>Produkt Vorteile: <\/strong>Enth\u00e4lt mehr als das 180-fache von Tocopherylacetat, einem der Hauptbestandteile der IDEBENONE BRIGHTENING AMPULLE von DERMA MAISON. Hellt und strafft die Haut mit patentierten aufhellenden Inhaltsstoffen und 35.000 ppm Melatoxin-Komplex. Handlicher Stick mit hervorragenden Inhaltsstoffen l\u00e4sst die Haut durch h\u00e4ufiges Auftragen gl\u00e4nzender werden.<\/li>\n<\/ul>\n","protected":false},"featured_media":13672,"comment_status":"open","ping_status":"closed","template":"","meta":{"content-type":"","site-sidebar-layout":"default","site-content-layout":"default","ast-site-content-layout":"default","site-content-style":"default","site-sidebar-style":"default","ast-global-header-display":"","ast-banner-title-visibility":"","ast-main-header-display":"","ast-hfb-above-header-display":"","ast-hfb-below-header-display":"","ast-hfb-mobile-header-display":"","site-post-title":"","ast-breadcrumbs-content":"","ast-featured-img":"","footer-sml-layout":"","ast-disable-related-posts":"","theme-transparent-header-meta":"default","adv-header-id-meta":"","stick-header-meta":"","header-above-stick-meta":"","header-main-stick-meta":"","header-below-stick-meta":"","astra-migrate-meta-layouts":"set","ast-page-background-enabled":"default","ast-page-background-meta":{"desktop":{"background-color":"","background-image":"","background-repeat":"repeat","background-position":"center center","background-size":"auto","background-attachment":"scroll","background-type":"","background-media":"","overlay-type":"","overlay-color":"","overlay-opacity":"","overlay-gradient":""},"tablet":{"background-color":"","background-image":"","background-repeat":"repeat","background-position":"center center","background-size":"auto","background-attachment":"scroll","background-type":"","background-media":"","overlay-type":"","overlay-color":"","overlay-opacity":"","overlay-gradient":""},"mobile":{"background-color":"","background-image":"","background-repeat":"repeat","background-position":"center center","background-size":"auto","background-attachment":"scroll","background-type":"","background-media":"","overlay-type":"","overlay-color":"","overlay-opacity":"","overlay-gradient":""}},"ast-content-background-meta":{"desktop":{"background-color":"var(--ast-global-color-5)","background-image":"","background-repeat":"repeat","background-position":"center center","background-size":"auto","background-attachment":"scroll","background-type":"","background-media":"","overlay-type":"","overlay-color":"","overlay-opacity":"","overlay-gradient":""},"tablet":{"background-color":"var(--ast-global-color-5)","background-image":"","background-repeat":"repeat","background-position":"center center","background-size":"auto","background-attachment":"scroll","background-type":"","background-media":"","overlay-type":"","overlay-color":"","overlay-opacity":"","overlay-gradient":""},"mobile":{"background-color":"var(--ast-global-color-5)","background-image":"","background-repeat":"repeat","background-position":"center center","background-size":"auto","background-attachment":"scroll","background-type":"","background-media":"","overlay-type":"","overlay-color":"","overlay-opacity":"","overlay-gradient":""}}},"product_brand":[],"product_cat":[523,520,424,288],"product_tag":[45],"class_list":{"0":"post-13627","1":"product","2":"type-product","3":"status-publish","4":"has-post-thumbnail","6":"product_cat-6-augen-creme","7":"product_cat-8-koreanische-gesichtscreme","8":"product_cat-gesicht","9":"product_cat-medi-peel","10":"product_tag-moisturizer","11":"pa_beduerfnisse-augenringe","12":"pa_beduerfnisse-falten","13":"pa_beduerfnisse-matte-muede","14":"pa_beduerfnisse-pigmentierung","15":"pa_hauttyp-all","16":"pa_hauttyp-empfindliche-haut","17":"pa_hauttyp-fettige","18":"pa_hauttyp-mischhaut","19":"pa_hauttyp-normal","20":"pa_hauttyp-trockene","21":"desktop-align-left","22":"tablet-align-left","23":"mobile-align-left","25":"first","26":"instock","27":"taxable","28":"shipping-taxable","29":"product-type-variable"},"_links":{"self":[{"href":"https:\/\/healthyskinsecrets.ch\/it\/wp-json\/wp\/v2\/product\/13627","targetHints":{"allow":["GET"]}}],"collection":[{"href":"https:\/\/healthyskinsecrets.ch\/it\/wp-json\/wp\/v2\/product"}],"about":[{"href":"https:\/\/healthyskinsecrets.ch\/it\/wp-json\/wp\/v2\/types\/product"}],"replies":[{"embeddable":true,"href":"https:\/\/healthyskinsecrets.ch\/it\/wp-json\/wp\/v2\/comments?post=13627"}],"wp:featuredmedia":[{"embeddable":true,"href":"https:\/\/healthyskinsecrets.ch\/it\/wp-json\/wp\/v2\/media\/13672"}],"wp:attachment":[{"href":"https:\/\/healthyskinsecrets.ch\/it\/wp-json\/wp\/v2\/media?parent=13627"}],"wp:term":[{"taxonomy":"product_brand","embeddable":true,"href":"https:\/\/healthyskinsecrets.ch\/it\/wp-json\/wp\/v2\/product_brand?post=13627"},{"taxonomy":"product_cat","embeddable":true,"href":"https:\/\/healthyskinsecrets.ch\/it\/wp-json\/wp\/v2\/product_cat?post=13627"},{"taxonomy":"product_tag","embeddable":true,"href":"https:\/\/healthyskinsecrets.ch\/it\/wp-json\/wp\/v2\/product_tag?post=13627"}],"curies":[{"name":"wp","href":"https:\/\/api.w.org\/{rel}","templated":true}]}}