{"id":13624,"date":"2023-09-15T10:05:21","date_gmt":"2023-09-15T10:05:21","guid":{"rendered":"https:\/\/healthyskinsecrets.ch\/product\/import-placeholder-for-12686\/"},"modified":"2023-09-15T10:36:53","modified_gmt":"2023-09-15T10:36:53","slug":"medipeel-hyaluron-aqua-peptide-eye-patch-60ea","status":"publish","type":"product","link":"https:\/\/healthyskinsecrets.ch\/it\/product\/medipeel-hyaluron-aqua-peptide-eye-patch-60ea\/","title":{"rendered":"MediPeel Hyaluron Aqua Peptide Eye Patch 60ea"},"content":{"rendered":"<h3>Anwendung<\/h3>\n<ol>\n<li>Augenpads auf den Bereich unter den Augen und Nasolabialfalten auftragen, 20-30 Minuten einwirken lassen.<\/li>\n<li>Entfernen Sie die Patches, verteilen Sie die restliche Essenz auf dem Gesicht und klopfen Sie sie sanft mit den Fingerspitzen ein, um die Absorption zu unterst\u00fctzen.<\/li>\n<li>Pflaster nach Gebrauch entsorgen.<\/li>\n<li>Lassen Sie die Pflaster nicht die ganze Nacht auf der Haut.<\/li>\n<\/ol>\n<h3>Inhaltsstoffe<\/h3>\n<div id=\"ntc-tab-2\" class=\"accordion-content ntc-tab-2\">\n<div>\n<div>\n<div>Water, Glycerin, Carrageenan, Butylene Glycol, Beta-Glucan, Hydrolyzed Collagen, Laminaria Japonica Extract, Algae Extract, Macrocystis Pyrifera (Kelp) Extract, Enteromorpha Compressa Extract, Sargassum Fulvellum Extract, Spirulina Platensis Extract, Laminaria Digitata Extract, Undaria Pinnatifida Extract, Hizikia Fusiforme Extract, Codium Fragile Extract, Pearl Extract, Sodium Hyaluronate(110ppm), Ethylhexylglycerin, Hydrolyzed Hyaluronic Acid(1ppm), Sodium Acetylated Hyaluronate(1ppm), Hydroxypropyltrimonium Hyaluronate(10ppm), Potassium Hyaluronate(0.02ppm), Sodium Hyaluronate Crosspolymer(0.1ppm), Hyaluronic Acid(0.25ppm), Glyceryl Polymethacrylate, Propylene Glycol, Palmitoyl Oligopeptide(0.001ppm), Palmitoyl Tripeptide-1(0.001ppm), Palmitoyl Tetrapeptide-7(0.005ppm), Palmitoyl Tripeptide-5(0.1ppm), Acetyl Hexapeptide-8(0.001ppm), Copper Tripeptide-1(0.001ppm), Oligopeptide-29(0.0005ppm), Oligopeptide-32(0.0005ppm), Palmitoyl Pentapeptide-4(0.0001ppm), Propanediol, Pentylene Glycol, Cocos Nucifera (Coconut) Fruit Extract, Pinus Sylvestris Leaf Extract, Allantoin, Betaine, Dipotassium Glycyrrhizate, Calcium Lactate, Calcium Chloride, Cyclodextrin, Dextrin, Ceratonia Siliqua (Carob) Gum, Sucrose, Potassium Chloride, Cyamopsis Tetragonoloba (Guar) Gum, Cellulose Gum, Ricinus Communis (Castor) Seed Oil, Butyrospermum Parkii (Shea) Butter, Sorbitan Caprylate, Caprylic\/Capric Triglyceride, PEG-60 Hydrogenated Castor Oil, Ultramarines, Synthetic Fluorphlogopite, Titanium Dioxide, Arginine, Disodium EDTA, Ethyl Hexanediol, 1,2-Hexanediol, Chlorphenesin, Fragrance<\/div>\n<\/div>\n<\/div>\n<\/div>\n<div><\/div>\n<h3>Warnhinweise<\/h3>\n<ol>\n<li>Nur zur \u00e4u\u00dferlichen Anwendung geeignet.<\/li>\n<li>Nicht auf verletzte Haut oder auf Wunden auftragen.<\/li>\n<li>Sollten Nebenwirkungen wie Irritationen oder Ausschlag eintreten, Anwendung sofort beenden und unverz\u00fcglich an einen Arzt wenden.<\/li>\n<li>Kontakt mit den Augen vermeiden. Sollte das Produkt ins Auge gelangen, das Auge sofort gr\u00fcndlich mit klarem Wasser aussp\u00fclen.<\/li>\n<li>Au\u00dfer Reichweite von Kindern aufbewahren.<\/li>\n<li>Nicht schlucken. Bei Verschlucken Arzt oder Giftzentrale aufsuchen.<\/li>\n<\/ol>\n","protected":false},"excerpt":{"rendered":"<p>L\u00f6sungen f\u00fcr:<br \/>\nSchwellungen und Augenringe<br \/>\nFeine Linien und F\u00e4ltchen<br \/>\nVerlust an Festigkeit und Elastizit\u00e4t<br \/>\nMattheit und ungleichm\u00e4\u00dfige Textur<br \/>\nProdukt Vorteile:<br \/>\n1. Straffende\/feuchtigkeitsspendende Augenklappe f\u00fcr die Augenpartie, die an Elastizit\u00e4t verloren hat<br \/>\n2. Es macht die Augenpartie feucht und fest, mit Kollagen und \u03b2-Glucan, das der Haut Elastizit\u00e4t verleiht, zusammen mit Hyalurons\u00e4ure, die \u00fcber ein hervorragendes Feuchtigkeitsspeicherverm\u00f6gen verf\u00fcgt<\/p>\n","protected":false},"featured_media":13663,"comment_status":"open","ping_status":"closed","template":"","meta":{"content-type":"","site-sidebar-layout":"default","site-content-layout":"default","ast-site-content-layout":"default","site-content-style":"default","site-sidebar-style":"default","ast-global-header-display":"","ast-banner-title-visibility":"","ast-main-header-display":"","ast-hfb-above-header-display":"","ast-hfb-below-header-display":"","ast-hfb-mobile-header-display":"","site-post-title":"","ast-breadcrumbs-content":"","ast-featured-img":"","footer-sml-layout":"","ast-disable-related-posts":"","theme-transparent-header-meta":"default","adv-header-id-meta":"","stick-header-meta":"","header-above-stick-meta":"","header-main-stick-meta":"","header-below-stick-meta":"","astra-migrate-meta-layouts":"set","ast-page-background-enabled":"default","ast-page-background-meta":{"desktop":{"background-color":"","background-image":"","background-repeat":"repeat","background-position":"center center","background-size":"auto","background-attachment":"scroll","background-type":"","background-media":"","overlay-type":"","overlay-color":"","overlay-opacity":"","overlay-gradient":""},"tablet":{"background-color":"","background-image":"","background-repeat":"repeat","background-position":"center center","background-size":"auto","background-attachment":"scroll","background-type":"","background-media":"","overlay-type":"","overlay-color":"","overlay-opacity":"","overlay-gradient":""},"mobile":{"background-color":"","background-image":"","background-repeat":"repeat","background-position":"center center","background-size":"auto","background-attachment":"scroll","background-type":"","background-media":"","overlay-type":"","overlay-color":"","overlay-opacity":"","overlay-gradient":""}},"ast-content-background-meta":{"desktop":{"background-color":"var(--ast-global-color-5)","background-image":"","background-repeat":"repeat","background-position":"center center","background-size":"auto","background-attachment":"scroll","background-type":"","background-media":"","overlay-type":"","overlay-color":"","overlay-opacity":"","overlay-gradient":""},"tablet":{"background-color":"var(--ast-global-color-5)","background-image":"","background-repeat":"repeat","background-position":"center center","background-size":"auto","background-attachment":"scroll","background-type":"","background-media":"","overlay-type":"","overlay-color":"","overlay-opacity":"","overlay-gradient":""},"mobile":{"background-color":"var(--ast-global-color-5)","background-image":"","background-repeat":"repeat","background-position":"center center","background-size":"auto","background-attachment":"scroll","background-type":"","background-media":"","overlay-type":"","overlay-color":"","overlay-opacity":"","overlay-gradient":""}}},"product_brand":[],"product_cat":[523,424,288],"product_tag":[433],"class_list":{"0":"post-13624","1":"product","2":"type-product","3":"status-publish","4":"has-post-thumbnail","6":"product_cat-6-augen-creme","7":"product_cat-gesicht","8":"product_cat-medi-peel","9":"product_tag-augenpflege","10":"pa_beduerfnisse-augenringe","11":"pa_beduerfnisse-falten","12":"pa_beduerfnisse-matte-muede","13":"pa_beduerfnisse-talg","14":"pa_hauttyp-all","15":"pa_hauttyp-fettige","16":"pa_hauttyp-mischhaut","17":"pa_hauttyp-normal","18":"pa_hauttyp-trockene","19":"desktop-align-left","20":"tablet-align-left","21":"mobile-align-left","23":"first","24":"instock","25":"taxable","26":"shipping-taxable","27":"purchasable","28":"product-type-variable"},"_links":{"self":[{"href":"https:\/\/healthyskinsecrets.ch\/it\/wp-json\/wp\/v2\/product\/13624","targetHints":{"allow":["GET"]}}],"collection":[{"href":"https:\/\/healthyskinsecrets.ch\/it\/wp-json\/wp\/v2\/product"}],"about":[{"href":"https:\/\/healthyskinsecrets.ch\/it\/wp-json\/wp\/v2\/types\/product"}],"replies":[{"embeddable":true,"href":"https:\/\/healthyskinsecrets.ch\/it\/wp-json\/wp\/v2\/comments?post=13624"}],"wp:featuredmedia":[{"embeddable":true,"href":"https:\/\/healthyskinsecrets.ch\/it\/wp-json\/wp\/v2\/media\/13663"}],"wp:attachment":[{"href":"https:\/\/healthyskinsecrets.ch\/it\/wp-json\/wp\/v2\/media?parent=13624"}],"wp:term":[{"taxonomy":"product_brand","embeddable":true,"href":"https:\/\/healthyskinsecrets.ch\/it\/wp-json\/wp\/v2\/product_brand?post=13624"},{"taxonomy":"product_cat","embeddable":true,"href":"https:\/\/healthyskinsecrets.ch\/it\/wp-json\/wp\/v2\/product_cat?post=13624"},{"taxonomy":"product_tag","embeddable":true,"href":"https:\/\/healthyskinsecrets.ch\/it\/wp-json\/wp\/v2\/product_tag?post=13624"}],"curies":[{"name":"wp","href":"https:\/\/api.w.org\/{rel}","templated":true}]}}