{"id":13614,"date":"2023-09-15T10:05:21","date_gmt":"2023-09-15T10:05:21","guid":{"rendered":"https:\/\/healthyskinsecrets.ch\/product\/import-placeholder-for-9232\/"},"modified":"2024-09-21T12:06:59","modified_gmt":"2024-09-21T12:06:59","slug":"medipeel-pearl-collagen-firming-glow-mask-sheet-10ea","status":"publish","type":"product","link":"https:\/\/healthyskinsecrets.ch\/it\/product\/medipeel-pearl-collagen-firming-glow-mask-sheet-10ea\/","title":{"rendered":"MediPeel Pearl Collagen Firming Glow Mask Sheet (10ea)"},"content":{"rendered":"<h3>Anwendung<\/h3>\n<ol>\n<li>Bereiten Sie Ihre Haut nach der Reinigung mit Toner vor.<\/li>\n<li>Sheet Mask auftragen und 10-20 Minuten einwirken lassen.<\/li>\n<li>Mit lauwarmem Wasser absp\u00fclen.<\/li>\n<\/ol>\n<h3>Inhaltsstoffe<\/h3>\n<div id=\"ntc-tab-2\" class=\"accordion-content ntc-tab-2\">Water, Glycerin, Methylpropanediol, Betaine, Pearl Powder(10ppm), Pearl Extract(1.75ppm), Glycine Max (Soybean) Seed Extract, Rubus Idaeus (Raspberry) Fruit Extract, Rubus Coreanus Fruit Extract, Vaccinium Angustifolium (Blueberry) Fruit Extract, Ribes Nigrum (Black Currant) Leaf Extract, Euterpe Oleracea Fruit Extract, Oryza Sativa (Rice) Extract, Sesamum Indicum (Sesame) Seed Extract, Glycine Soja (Soybean) Seed Extract, Rubus Fruticosus (Blackberry) Fruit Extract, Hydrolyzed Extensin(1.5ppm), Hydrolyzed Collagen(1ppm), Collagen Amino Acids(1ppm), Ganoderma Lucidum (Mushroom) Stem Extract, Adenosine, Sodium Hyaluronate, Sodium Acetylated Hyaluronate, Hydrolyzed Hyaluronic Acid, Hydroxypropyltrimonium Hyaluronate, Sodium Hyaluronate Crosspolymer, Hyaluronic Acid, Potassium Hyaluronate, Punica Granatum Fruit Extract, Cornus Officinalis Fruit Extract, Prunus Serotina (Wild Cherry) Fruit Extract, Vaccinium Macrocarpon (Cranberry) Fruit Extract, Coptis Chinensis Root Extract, Macadamia Ternifolia Seed Oil, Argania Spinosa Kernel Oil, Brassica Campestris (Rapeseed) Seed Oil, Vitis Vinifera (Grape) Seed Oil, Apricot Kernel Oil, PEG-32, Propanediol, Pentylene Glycol, Cocos Nucifera (Coconut) Fruit Extract, Pinus Sylvestris Leaf Extract, PEG-60 Hydrogenated Castor Oil, Ethyl Hexanediol, 1,2-Hexanediol, Cetyl Ethylhexanoate, Polyglyceryl-10 Oleate, Polyglyceryl-2 Dioleate, Allantoin, Cyclodextrin, Dextrin, PEG-2M, Silica, Sodium Polyacrylate, C13-14 Isoparaffin, Laureth-7, Carbomer, Arginine, Xanthan Gum, Ethylhexylglycerin, Cellulose Gum, Butylene Glycol, Disodium EDTA, Fragrance<\/div>\n<div><\/div>\n<h3>Warnhinweise<\/h3>\n<ol>\n<li>Nur zur \u00e4u\u00dferlichen Anwendung geeignet.<\/li>\n<li>Nicht auf verletzte Haut oder auf Wunden auftragen.<\/li>\n<li>Sollten Nebenwirkungen wie Irritationen oder Ausschlag eintreten, Anwendung sofort beenden und unverz\u00fcglich an einen Arzt wenden.<\/li>\n<li>Kontakt mit den Augen vermeiden. Sollte das Produkt ins Auge gelangen, das Auge sofort gr\u00fcndlich mit klarem Wasser aussp\u00fclen.<\/li>\n<li>Au\u00dfer Reichweite von Kindern aufbewahren.<\/li>\n<li>Nicht schlucken. Bei Verschlucken Arzt oder Giftzentrale aufsuchen.<\/li>\n<\/ol>\n","protected":false},"excerpt":{"rendered":"<p>Die MEDI-PEEL Pearl Collagen Firming Glow Mask ist eine Express-Behandlung, die die Haut perfekt erfrischt, mit Feuchtigkeit versorgt und vor allem die Hautstruktur verbessert, indem sie Falten und Hautfalten in nur 15 Minuten auff\u00fcllt. Au\u00dferdem hilft die Maske, Spuren von M\u00fcdigkeit zu beseitigen, einen ebenm\u00e4\u00dfigen und gesunden Teint zur\u00fcckzugeben und die Haut von innen mit Glanz zu f\u00fcllen. Die Tuchmaske f\u00fcllt die Haut intensiv mit Feuchtigkeit, normalisiert den Lipid- und Wasser-Salz-Haushalt, beseitigt Schwellungen, Trockenheit, Schuppenbildung und ein Spannungsgef\u00fchl der Haut.<\/p>\n","protected":false},"featured_media":13641,"comment_status":"open","ping_status":"closed","template":"","meta":{"content-type":"","site-sidebar-layout":"default","site-content-layout":"default","ast-site-content-layout":"default","site-content-style":"default","site-sidebar-style":"default","ast-global-header-display":"","ast-banner-title-visibility":"","ast-main-header-display":"","ast-hfb-above-header-display":"","ast-hfb-below-header-display":"","ast-hfb-mobile-header-display":"","site-post-title":"","ast-breadcrumbs-content":"","ast-featured-img":"","footer-sml-layout":"","ast-disable-related-posts":"","theme-transparent-header-meta":"default","adv-header-id-meta":"","stick-header-meta":"","header-above-stick-meta":"","header-main-stick-meta":"","header-below-stick-meta":"","astra-migrate-meta-layouts":"set","ast-page-background-enabled":"default","ast-page-background-meta":{"desktop":{"background-color":"","background-image":"","background-repeat":"repeat","background-position":"center center","background-size":"auto","background-attachment":"scroll","background-type":"","background-media":"","overlay-type":"","overlay-color":"","overlay-opacity":"","overlay-gradient":""},"tablet":{"background-color":"","background-image":"","background-repeat":"repeat","background-position":"center center","background-size":"auto","background-attachment":"scroll","background-type":"","background-media":"","overlay-type":"","overlay-color":"","overlay-opacity":"","overlay-gradient":""},"mobile":{"background-color":"","background-image":"","background-repeat":"repeat","background-position":"center center","background-size":"auto","background-attachment":"scroll","background-type":"","background-media":"","overlay-type":"","overlay-color":"","overlay-opacity":"","overlay-gradient":""}},"ast-content-background-meta":{"desktop":{"background-color":"var(--ast-global-color-5)","background-image":"","background-repeat":"repeat","background-position":"center center","background-size":"auto","background-attachment":"scroll","background-type":"","background-media":"","overlay-type":"","overlay-color":"","overlay-opacity":"","overlay-gradient":""},"tablet":{"background-color":"var(--ast-global-color-5)","background-image":"","background-repeat":"repeat","background-position":"center center","background-size":"auto","background-attachment":"scroll","background-type":"","background-media":"","overlay-type":"","overlay-color":"","overlay-opacity":"","overlay-gradient":""},"mobile":{"background-color":"var(--ast-global-color-5)","background-image":"","background-repeat":"repeat","background-position":"center center","background-size":"auto","background-attachment":"scroll","background-type":"","background-media":"","overlay-type":"","overlay-color":"","overlay-opacity":"","overlay-gradient":""}}},"product_brand":[],"product_cat":[524,424,288],"product_tag":[432],"class_list":{"0":"post-13614","1":"product","2":"type-product","3":"status-publish","4":"has-post-thumbnail","6":"product_cat-4-beautymasken","7":"product_cat-gesicht","8":"product_cat-medi-peel","9":"product_tag-maske","10":"pa_beduerfnisse-falten","11":"pa_beduerfnisse-matte-muede","12":"pa_beduerfnisse-trockenheit","13":"pa_hauttyp-all","14":"pa_hauttyp-fettige","15":"pa_hauttyp-mischhaut","16":"pa_hauttyp-normal","17":"pa_hauttyp-trockene","18":"desktop-align-left","19":"tablet-align-left","20":"mobile-align-left","22":"first","23":"outofstock","24":"taxable","25":"shipping-taxable","26":"product-type-variable"},"_links":{"self":[{"href":"https:\/\/healthyskinsecrets.ch\/it\/wp-json\/wp\/v2\/product\/13614","targetHints":{"allow":["GET"]}}],"collection":[{"href":"https:\/\/healthyskinsecrets.ch\/it\/wp-json\/wp\/v2\/product"}],"about":[{"href":"https:\/\/healthyskinsecrets.ch\/it\/wp-json\/wp\/v2\/types\/product"}],"replies":[{"embeddable":true,"href":"https:\/\/healthyskinsecrets.ch\/it\/wp-json\/wp\/v2\/comments?post=13614"}],"wp:featuredmedia":[{"embeddable":true,"href":"https:\/\/healthyskinsecrets.ch\/it\/wp-json\/wp\/v2\/media\/13641"}],"wp:attachment":[{"href":"https:\/\/healthyskinsecrets.ch\/it\/wp-json\/wp\/v2\/media?parent=13614"}],"wp:term":[{"taxonomy":"product_brand","embeddable":true,"href":"https:\/\/healthyskinsecrets.ch\/it\/wp-json\/wp\/v2\/product_brand?post=13614"},{"taxonomy":"product_cat","embeddable":true,"href":"https:\/\/healthyskinsecrets.ch\/it\/wp-json\/wp\/v2\/product_cat?post=13614"},{"taxonomy":"product_tag","embeddable":true,"href":"https:\/\/healthyskinsecrets.ch\/it\/wp-json\/wp\/v2\/product_tag?post=13614"}],"curies":[{"name":"wp","href":"https:\/\/api.w.org\/{rel}","templated":true}]}}