{"id":13611,"date":"2023-09-15T10:05:20","date_gmt":"2023-09-15T10:05:20","guid":{"rendered":"https:\/\/healthyskinsecrets.ch\/product\/import-placeholder-for-9217\/"},"modified":"2023-09-15T10:29:42","modified_gmt":"2023-09-15T10:29:42","slug":"medipeel-hyaluron-cica-peptide-eye-patch-60ea","status":"publish","type":"product","link":"https:\/\/healthyskinsecrets.ch\/it\/product\/medipeel-hyaluron-cica-peptide-eye-patch-60ea\/","title":{"rendered":"MediPeel Hyaluron Cica Peptide Eye Patch 60ea"},"content":{"rendered":"<h3>Anwendung<\/h3>\n<ol>\n<li>Verwenden Sie nach der Gesichtsreinigung den mitgelieferten Spatel, um die Augenklappe an der gew\u00fcnschten Stelle anzubringen.<\/li>\n<li>Entfernen Sie die Patches nach 10-20 Minuten und massieren Sie die restliche Essenz sanft in Ihre Haut ein.<\/li>\n<\/ol>\n<h3>Inhaltsstoffe<\/h3>\n<div id=\"ntc-tab-2\" class=\"accordion-content ntc-tab-2\">Purified water, glycerin, carrageenan, butylene glycol, centella extract (10ppm), lavender flower extract, bergamot leaf extract, peppermint leaf extract, freesia extract, matricaria flower extract, rosemary leaf extract, aloe vera leaf extract, maltodextrin, Asiantic Acid, Asian Ticoside, Matecaic Acid, Hydrolyzed Collagen, Sodium Hyaluronate (110 ppm), Ethyl Nuclear Glycerin, Hydride-Red Hyaluronic Acid (1 ppm), Hydroxypropyl Tri Monium Hyaluronate (10ppm), Potassium Hyaluronate (0.02ppm), Sodium Hyaluronate Crosspolymer (0.1ppm), Hyaluronic Acid (0.25ppm), Glyceryl Polymethacrylate, Propylene Glycol Lycol, palmitoyl oligopeptide (0.001 ppm), palmitoyl tripeptide-1 (0.001 ppm), palmitoyl tetrapeptide-7 (0.005 ppm), palmitoyl tripeptide-5 (0.01 ppm), acetyl nucleus Peptide-8 (0.001 ppm), Cappertripeptide-1 (0.001 ppm), Oligopeptide-29 (0.0005 ppm), Oligopeptide-32 (0.0005 ppm), Palmitoylpentapeptide-4 (0.0001 ppm), Propanediol , Pentylene glycol, coconut coconut extract, old tree leaf extract, carob gum, sucrose, potassium chloride, guar gum, cellulose gum, allantoin, betaine, dipotassium glycylizate, calcium lactate, calcium chloride, castor Seed, Shea Butter, Fiji-60 Hydrogenated Castor Oil, Sorbitan Caprylate, Caprylic \/ Capric Triglyceride, Chromium Oxide Green, Synthetic Fluorofluorophyte, Titanium Dioxide, Arginine, Disodium Dioxide DTI, ethyl nucleodiol, 1,2 nucleodiol, clophenesin, Fragrance<\/div>\n<div><\/div>\n<h3>Warnhinweise<\/h3>\n<ol>\n<li>Nur zur \u00e4u\u00dferlichen Anwendung geeignet.<\/li>\n<li>Nicht auf verletzte Haut oder auf Wunden auftragen.<\/li>\n<li>Sollten Nebenwirkungen wie Irritationen oder Ausschlag eintreten, Anwendung sofort beenden und unverz\u00fcglich an einen Arzt wenden.<\/li>\n<li>Kontakt mit den Augen vermeiden. Sollte das Produkt ins Auge gelangen, das Auge sofort gr\u00fcndlich mit klarem Wasser aussp\u00fclen.<\/li>\n<li>Au\u00dfer Reichweite von Kindern aufbewahren.<\/li>\n<li>Nicht schlucken. Bei Verschlucken Arzt oder Giftzentrale aufsuchen.<\/li>\n<\/ol>\n","protected":false},"excerpt":{"rendered":"<p>Durch das Mischen von Kollagen und Peptiden in einem Zustand, der f\u00fcr Elastizit\u00e4t optimiert ist,<br \/>\nEs f\u00fcllt die wichtigsten Inhaltsstoffe f\u00fcr die Verbesserung der Elastizit\u00e4t aus dem tiefen Inneren der Haut.<br \/>\nDurch das Mischen von 9 Arten von Peptiden mit der einzigartigen Technologie von Medi-Peel,<br \/>\nes liefert reichlich Wirkstoffe an die Haut, so wie sie ist,<br \/>\nst\u00e4rkt die geschw\u00e4chte Hautbarriere und hilft, die Haut elastisch zu machen.<br \/>\n7 Arten von Hyalurons\u00e4ure f\u00fcllen die Feuchtigkeit und entziehen 100-mal mehr Feuchtigkeit<br \/>\nund helfen, die Haut feucht und glatt zu machen.<br \/>\nEs enth\u00e4lt Ecocert Bio-Zutaten, ist weniger reizend und mild,<br \/>\nSo kann es auch bei empfindlicher Haut sicher verwendet werden und hilft, die Haut ges\u00fcnder zu machen.<br \/>\nWenn es in hei\u00dfem Wasser aufgel\u00f6st wird, zersetzt es sich auf nat\u00fcrliche Weise und kann als Essenz verwendet werden.<\/p>\n","protected":false},"featured_media":13632,"comment_status":"open","ping_status":"closed","template":"","meta":{"content-type":"","site-sidebar-layout":"default","site-content-layout":"default","ast-site-content-layout":"default","site-content-style":"default","site-sidebar-style":"default","ast-global-header-display":"","ast-banner-title-visibility":"","ast-main-header-display":"","ast-hfb-above-header-display":"","ast-hfb-below-header-display":"","ast-hfb-mobile-header-display":"","site-post-title":"","ast-breadcrumbs-content":"","ast-featured-img":"","footer-sml-layout":"","ast-disable-related-posts":"","theme-transparent-header-meta":"default","adv-header-id-meta":"","stick-header-meta":"","header-above-stick-meta":"","header-main-stick-meta":"","header-below-stick-meta":"","astra-migrate-meta-layouts":"set","ast-page-background-enabled":"default","ast-page-background-meta":{"desktop":{"background-color":"","background-image":"","background-repeat":"repeat","background-position":"center center","background-size":"auto","background-attachment":"scroll","background-type":"","background-media":"","overlay-type":"","overlay-color":"","overlay-opacity":"","overlay-gradient":""},"tablet":{"background-color":"","background-image":"","background-repeat":"repeat","background-position":"center center","background-size":"auto","background-attachment":"scroll","background-type":"","background-media":"","overlay-type":"","overlay-color":"","overlay-opacity":"","overlay-gradient":""},"mobile":{"background-color":"","background-image":"","background-repeat":"repeat","background-position":"center center","background-size":"auto","background-attachment":"scroll","background-type":"","background-media":"","overlay-type":"","overlay-color":"","overlay-opacity":"","overlay-gradient":""}},"ast-content-background-meta":{"desktop":{"background-color":"var(--ast-global-color-5)","background-image":"","background-repeat":"repeat","background-position":"center center","background-size":"auto","background-attachment":"scroll","background-type":"","background-media":"","overlay-type":"","overlay-color":"","overlay-opacity":"","overlay-gradient":""},"tablet":{"background-color":"var(--ast-global-color-5)","background-image":"","background-repeat":"repeat","background-position":"center center","background-size":"auto","background-attachment":"scroll","background-type":"","background-media":"","overlay-type":"","overlay-color":"","overlay-opacity":"","overlay-gradient":""},"mobile":{"background-color":"var(--ast-global-color-5)","background-image":"","background-repeat":"repeat","background-position":"center center","background-size":"auto","background-attachment":"scroll","background-type":"","background-media":"","overlay-type":"","overlay-color":"","overlay-opacity":"","overlay-gradient":""}}},"product_brand":[],"product_cat":[523,424,288],"product_tag":[433],"class_list":{"0":"post-13611","1":"product","2":"type-product","3":"status-publish","4":"has-post-thumbnail","6":"product_cat-6-augen-creme","7":"product_cat-gesicht","8":"product_cat-medi-peel","9":"product_tag-augenpflege","10":"pa_beduerfnisse-anti-aging","11":"pa_beduerfnisse-trockenheit","12":"pa_hauttyp-all","13":"pa_hauttyp-empfindliche-haut","14":"pa_hauttyp-fettige","15":"pa_hauttyp-mischhaut","16":"pa_hauttyp-normal","17":"pa_hauttyp-trockene","18":"desktop-align-left","19":"tablet-align-left","20":"mobile-align-left","22":"first","23":"instock","24":"taxable","25":"shipping-taxable","26":"purchasable","27":"product-type-variable"},"_links":{"self":[{"href":"https:\/\/healthyskinsecrets.ch\/it\/wp-json\/wp\/v2\/product\/13611","targetHints":{"allow":["GET"]}}],"collection":[{"href":"https:\/\/healthyskinsecrets.ch\/it\/wp-json\/wp\/v2\/product"}],"about":[{"href":"https:\/\/healthyskinsecrets.ch\/it\/wp-json\/wp\/v2\/types\/product"}],"replies":[{"embeddable":true,"href":"https:\/\/healthyskinsecrets.ch\/it\/wp-json\/wp\/v2\/comments?post=13611"}],"wp:featuredmedia":[{"embeddable":true,"href":"https:\/\/healthyskinsecrets.ch\/it\/wp-json\/wp\/v2\/media\/13632"}],"wp:attachment":[{"href":"https:\/\/healthyskinsecrets.ch\/it\/wp-json\/wp\/v2\/media?parent=13611"}],"wp:term":[{"taxonomy":"product_brand","embeddable":true,"href":"https:\/\/healthyskinsecrets.ch\/it\/wp-json\/wp\/v2\/product_brand?post=13611"},{"taxonomy":"product_cat","embeddable":true,"href":"https:\/\/healthyskinsecrets.ch\/it\/wp-json\/wp\/v2\/product_cat?post=13611"},{"taxonomy":"product_tag","embeddable":true,"href":"https:\/\/healthyskinsecrets.ch\/it\/wp-json\/wp\/v2\/product_tag?post=13611"}],"curies":[{"name":"wp","href":"https:\/\/api.w.org\/{rel}","templated":true}]}}