{"id":13610,"date":"2023-09-15T10:05:20","date_gmt":"2023-09-15T10:05:20","guid":{"rendered":"https:\/\/healthyskinsecrets.ch\/product\/import-placeholder-for-7570\/"},"modified":"2023-09-15T10:22:40","modified_gmt":"2023-09-15T10:22:40","slug":"medipeel-bor-tox-multi-care-kit","status":"publish","type":"product","link":"https:\/\/healthyskinsecrets.ch\/it\/product\/medipeel-bor-tox-multi-care-kit\/","title":{"rendered":"MediPeel Bor-tox Multi Care Kit"},"content":{"rendered":"<h3>Anwendung<\/h3>\n<p><em>Bor-Tox Peptide Toner:<\/em><\/p>\n<ol>\n<li>2 bis 3 Tropfen auf die saubere Haut a:uftragen.<\/li>\n<li>Sanft in die Haut tupfen bis es v\u00f6llig eingezogen ist.<\/li>\n<\/ol>\n<p><em>Bor-Tox Peptide Emulsion:<\/em><\/p>\n<ol>\n<li>Eine angemessene Menge auf die gereinigte (und mit Toner behandelte) Haut auftragen.<\/li>\n<li>In die Haut tupfen, bis es v\u00f6llig eingezogen ist.<\/li>\n<\/ol>\n<p><em>Bor-Tox Peptide Ampoule:<\/em><\/p>\n<ol>\n<li>2 bis 3 Tropfen auf die saubere Haut auftragen.<\/li>\n<li>Sanft in die Haut tupfen bis es v\u00f6llig eingezogen ist.<\/li>\n<\/ol>\n<p><em>Bor-Tox Peptide Cream:<\/em><\/p>\n<ol>\n<li>Die gew\u00fcnschte Menge auf das gereinigte Gesicht geben.<\/li>\n<li>Die Creme sanft in die Haut einklopfen, bis sie vollst\u00e4ndig eingezogen ist.<\/li>\n<\/ol>\n<h3>Inhaltsstoffe<\/h3>\n<p><em>Bor-Tox Peptide Toner:<\/em><\/p>\n<p>Purified Water, Dipropylene Glycol, Methylpropanediol, Glycerin, 1,2-Hexanediol, Butylene Glycol, Allantoin, Polyglyceryl-10 Laurate, Polyglyceryl-4 Laurate, Betaine, Carbomer, Panthenol, Trehalose, Saccharomyces Ferment Filtrate, Bifida Ferment Filtrate, Lactobacillus\/Pumpkin Ferment Extract, Lactobacillus\/Soybean Ferment Extract, Lactobacillus\/Punica Granatum Fruit Ferment Extract, Lactobacillus\/Wasabia Japonica Root Ferment Extract, Saccharomyces\/Grape Ferment Extract, Arginine, Caprylyl\/Capryl Glucoside, Ethylhexylglycerin, Dipotassium Glycyrrhizate, Xanthan Gum, Adenosine, Glyceryl Acrylate\/Acrylic Acid Copolymer, Leontopodium Alpinum Callus Culture Extract, Sodium Hyaluronate, Disodium EDTA, Coptis Japonica Root Extract, Gluconolactone, Hydrolyzed Collagen, Hydrogenated Polyisobutene, Hydrolyzed Elastin, Lavandula Angustifolia (Lavender) Flower Extract, Origanum Vulgare Extract, Rosmarinus Officinalis (Rosemary) Leaf Extract, Thymus Vulgaris (Thyme) Flower\/Leaf\/Stem Extract, Jania Rubens Extract, Acetyl Hexapeptide-8, Copper, Tripeptide-1, Oligopeptide-29, Oligopeptide-32, Anemarrhena Asphodeloides Root Extract, Palmitoyl Pentapeptide-4, Fragrance<\/p>\n<p><em>Bor-Tox Peptide Emulsion:<\/em><\/p>\n<p>Purified Water, Dipropylene Glycol, Caprylic\/Capric Triglyceride, Butylene Glycol, Cetearyl Alcohol, Polyglyceryl-3 Distearate, 1,2-Hexanediol, Hydrogenated Polydecene, Sorbitan Stearate, Trifluoropropyl Dimethicone, Elaeis Guineensis (Palm) Oil, Glyceryl Stearate Citrate, Arginine, Carbomer, Allantoin, Betaine, Trehalose, Hydrogenated Polyisobutene, Hydrolyzed Collagen, Hydrolyzed Elastin, Leontopodium Alpinum Callus Culture Extract, Saccharomyces Ferment Filtrate, Bifida Ferment Filtrate, Lactobacillus\/Pumpkin Ferment Extract, Lactobacillus\/Soybean Ferment Extract, Lactobacillus\/Punica Granatum Fruit Ferment Extract, Lactobacillus\/Wasabia Japonica Root Ferment Extract, Saccharomyces\/Grape Ferment Extract, Sodium Hyaluronate, Hydroxypropyltrimonium Hyaluronate, Hydrolyzed Hyaluronic Acid, Sodium Acetylated Hyaluronate, Hyaluronic Acid, Sodium Hyaluronate Crosspolymer, Potassium Hyaluronate, Lavandula Angustifolia (Lavender) Flower Extract, Origanum Vulgare Extract, Rosmarinus Officinalis (Rosemary) Leaf Extract, Thymus Vulgaris (Thyme) Flower\/Leaf\/Stem Extract, Jania Rubens Extract, Dipotassium Glycyrrhizate, Adenosine, Anemarrhena Asphodeloides Root Extract, Acetyl Hexapeptide-8, Copper Tripeptide-1, Oligopeptide-29, Oligopeptide-32, Palmitoyl Pentapeptide-4, Inonotus Obliquus (Mushroom) Extract, Glycerin, Gardenia Florida Fruit Extract, Disodium EDTA, Ethylhexylglycerin, Fragrance<\/p>\n<p><em>Bor-Tox Peptide Ampoule:<\/em><\/p>\n<p>Hydrolyzed Collagen, Purified Water, Butylene Glycol, Hydrogenated Polyisobutene, 1,2-Hexanediol, Polyacrylamide, Lactobacillus\/Pumpkin Ferment Extract, Lactobacillus\/Soybean Ferment Extract, C13-14 Isoparaffin, Polysorbate 20, Arginine, Lactobacillus\/Punica Granatum Fruit Ferment Extract, Lactobacillus\/Wasabia Japonica Root Ferment Extract, Sodium Hyaluronate, Ethylhexylglycerin, Saccharomyces\/Grape Ferment Extract, Carbomer, Allantoin, Acrylates\/C10-30 Alkyl Acrylate Crosspolymer, Saccharomyces Ferment Filtrate, Laureth-7, Bifida Ferment Lysate, Disodium EDTA, Adenosine, Leontopodium Alpinum Callus Culture Extract, Fragrance, Hydrolyzed Elastin, Gardenia Florida Fruit Extract, Anemarrhena Asphodeloides Root Extract, Inonotus Obliquus (Mushroom) Extract, CI 19140, Copper Tripeptide-1, Acetyl Hexapeptide-8, Oligopeptide-32, Oligopeptide-29, Palmitoyl Pentapeptide-4<\/p>\n<p><em>Bor-Tox Peptide Cream:<\/em><\/p>\n<p>Purified Water, Dipropylene Glycol, Hydrogenated Polyisobutene, Butylene Glycol, Triethylhexanoin, Hydrolyzed Collagen, Cetearyl Alcohol, Butyrospermum Parkii (Shea) Butter, Caprylic\/Capric Triglyceride, Ethylhexyl Palmitate, 1,2-Hexanediol, Arachidyl Alcohol, Polyglyceryl-3 Distearate, Glycerin, Behenyl Alcohol, Trifluoropropyl Dimethicone, Arachidyl Glucoside, Sodium Polyacrylate, Tocopherol, Biosaccharide Gum-1, Hydroxyethyl Acrylate\/Sodium Acryloyldimethyl Taurate Copolymer, Squalane, Allantoin, Hydroxypropyl Guar, Macadamia Ternifolia Seed Oil, Panthenol, Trehalose, Simmondsia Chinensis (Jojoba) Seed Oil, Saccharomyces Ferment Filtrate, Glyceryl Stearate Citrate, Bifida Ferment Filtrate, Ethylhexylglycerin, Hydroxyethylcellulose, Hydrogenated Lecithin, Sodium Hyaluronate, Adenosine, Buteth-3, Lactobacillus\/Pumpkin Ferment Extract, Lactobacillus\/Soybean Ferment Extract, Leontopodium Alpinum Callus Culture Extract, Polysorbate 60, Disodium EDTA, Malt Extract, Stearic Acid, Fragrance, Sodium Benzotriazolyl Butylphenol Sulfonate, Lactobacillus\/Punica Granatum Fruit Ferment Extract, Lactobacillus\/Wasabia Japonica Root Ferment Extract, Saccharomyces\/Grape Ferment Extract, Sorbitan Isostearate, Hydrolyzed Elastin, Anemarrhena Asphodeloides Root Extract, Lavandula Angustifolia (Lavender) Flower Extract, Origanum Vulgare Extract, Rosmarinus Officinalis (Rosemary) Leaf Extract, Thymus Vulgaris (Thyme) Flower\/Leaf\/Stem Extract, Tributyl Citrate, Ceramide NP, Ceramide NS, Cholesterol, Phytosphingosine, Ceramide AP, Ceramide AS, Jania Rubens Extract, Acetyl Hexapeptide-8, Copper Tripeptide-1, Oligopeptide-29, Oligopeptide-32, Palmitoyl Pentapeptide-4, Ceramide EOP<\/p>\n<h3>Warnhinweise<\/h3>\n<ol>\n<li>Nur zur \u00e4u\u00dferlichen Anwendung geeignet.<\/li>\n<li>Nicht auf verletzte Haut oder auf Wunden auftragen.<\/li>\n<li>Sollten Nebenwirkungen wie Irritationen oder Ausschlag eintreten, Anwendung sofort beenden und unverz\u00fcglich an einen Arzt wenden.<\/li>\n<li>Kontakt mit den Augen vermeiden. Sollte das Produkt ins Auge gelangen, das Auge sofort gr\u00fcndlich mit klarem Wasser aussp\u00fclen.<\/li>\n<li>Au\u00dfer Reichweite von Kindern aufbewahren.<\/li>\n<li>Nicht schlucken. Bei Verschlucken Arzt oder Giftzentrale aufsuchen.<\/li>\n<\/ol>\n","protected":false},"excerpt":{"rendered":"<p>Dieses Bor-Tox Multi Care Kit enth\u00e4lt:<\/p>\n<ul>\n<li>Bor-Tox Peptide Toner 30ml<\/li>\n<li>Bor-Tox Peptide Emulsion 30ml<\/li>\n<li>Bor-Tox Peptide Ampoule 30ml<\/li>\n<li>Bor-Tox Peptide Cream 50g<\/li>\n<\/ul>\n<p>Dieses Multi-Pflegeset enth\u00e4lt eine Reihe von Hautpflegeprodukten, die die Symptome alternder Haut behandeln und gleichzeitig die Haut mit Feuchtigkeit versorgen. Angereichert mit Volufiline und 5 Peptiden, um die Hautelastizit\u00e4t zu verbessern und das Erscheinungsbild feiner Linien zu verfeinern. F\u00fcllt Kollagen, Elastin und Hyalurons\u00e4ure auf, die f\u00fcr eine gesund aussehende Haut wichtig sind. Angereichert mit Edelwei\u00df-Kalluskultur-Extrakt, um der Haut reichhaltige N\u00e4hrstoffe zu liefern. Enth\u00e4lt 7 fermentierte Inhaltsstoffe, die in die tiefe Hautschicht eindringen und gleichzeitig die Hautbarriere st\u00e4rken, um die Hautfeuchtigkeit zu erh\u00f6hen.<\/p>\n","protected":false},"featured_media":13630,"comment_status":"open","ping_status":"closed","template":"","meta":{"content-type":"","site-sidebar-layout":"default","site-content-layout":"default","ast-site-content-layout":"default","site-content-style":"default","site-sidebar-style":"default","ast-global-header-display":"","ast-banner-title-visibility":"","ast-main-header-display":"","ast-hfb-above-header-display":"","ast-hfb-below-header-display":"","ast-hfb-mobile-header-display":"","site-post-title":"","ast-breadcrumbs-content":"","ast-featured-img":"","footer-sml-layout":"","ast-disable-related-posts":"","theme-transparent-header-meta":"default","adv-header-id-meta":"","stick-header-meta":"","header-above-stick-meta":"","header-main-stick-meta":"","header-below-stick-meta":"","astra-migrate-meta-layouts":"set","ast-page-background-enabled":"default","ast-page-background-meta":{"desktop":{"background-color":"","background-image":"","background-repeat":"repeat","background-position":"center center","background-size":"auto","background-attachment":"scroll","background-type":"","background-media":"","overlay-type":"","overlay-color":"","overlay-opacity":"","overlay-gradient":""},"tablet":{"background-color":"","background-image":"","background-repeat":"repeat","background-position":"center center","background-size":"auto","background-attachment":"scroll","background-type":"","background-media":"","overlay-type":"","overlay-color":"","overlay-opacity":"","overlay-gradient":""},"mobile":{"background-color":"","background-image":"","background-repeat":"repeat","background-position":"center center","background-size":"auto","background-attachment":"scroll","background-type":"","background-media":"","overlay-type":"","overlay-color":"","overlay-opacity":"","overlay-gradient":""}},"ast-content-background-meta":{"desktop":{"background-color":"var(--ast-global-color-5)","background-image":"","background-repeat":"repeat","background-position":"center center","background-size":"auto","background-attachment":"scroll","background-type":"","background-media":"","overlay-type":"","overlay-color":"","overlay-opacity":"","overlay-gradient":""},"tablet":{"background-color":"var(--ast-global-color-5)","background-image":"","background-repeat":"repeat","background-position":"center center","background-size":"auto","background-attachment":"scroll","background-type":"","background-media":"","overlay-type":"","overlay-color":"","overlay-opacity":"","overlay-gradient":""},"mobile":{"background-color":"var(--ast-global-color-5)","background-image":"","background-repeat":"repeat","background-position":"center center","background-size":"auto","background-attachment":"scroll","background-type":"","background-media":"","overlay-type":"","overlay-color":"","overlay-opacity":"","overlay-gradient":""}}},"product_brand":[],"product_cat":[510,514,520,534,424,288],"product_tag":[40,425,45,522,511],"class_list":{"0":"post-13610","1":"product","2":"type-product","3":"status-publish","4":"has-post-thumbnail","6":"product_cat-3-gesichtswasser-toner","7":"product_cat-5-essence","8":"product_cat-8-koreanische-gesichtscreme","9":"product_cat-beauty-boxen","10":"product_cat-gesicht","11":"product_cat-medi-peel","12":"product_tag-toner-mist","13":"product_tag-essence-serum-oil","14":"product_tag-moisturizer","15":"product_tag-ampoule","16":"product_tag-toner","17":"pa_beduerfnisse-falten","18":"pa_hauttyp-all","19":"desktop-align-left","20":"tablet-align-left","21":"mobile-align-left","23":"first","24":"instock","25":"taxable","26":"shipping-taxable","27":"product-type-variable"},"_links":{"self":[{"href":"https:\/\/healthyskinsecrets.ch\/it\/wp-json\/wp\/v2\/product\/13610","targetHints":{"allow":["GET"]}}],"collection":[{"href":"https:\/\/healthyskinsecrets.ch\/it\/wp-json\/wp\/v2\/product"}],"about":[{"href":"https:\/\/healthyskinsecrets.ch\/it\/wp-json\/wp\/v2\/types\/product"}],"replies":[{"embeddable":true,"href":"https:\/\/healthyskinsecrets.ch\/it\/wp-json\/wp\/v2\/comments?post=13610"}],"wp:featuredmedia":[{"embeddable":true,"href":"https:\/\/healthyskinsecrets.ch\/it\/wp-json\/wp\/v2\/media\/13630"}],"wp:attachment":[{"href":"https:\/\/healthyskinsecrets.ch\/it\/wp-json\/wp\/v2\/media?parent=13610"}],"wp:term":[{"taxonomy":"product_brand","embeddable":true,"href":"https:\/\/healthyskinsecrets.ch\/it\/wp-json\/wp\/v2\/product_brand?post=13610"},{"taxonomy":"product_cat","embeddable":true,"href":"https:\/\/healthyskinsecrets.ch\/it\/wp-json\/wp\/v2\/product_cat?post=13610"},{"taxonomy":"product_tag","embeddable":true,"href":"https:\/\/healthyskinsecrets.ch\/it\/wp-json\/wp\/v2\/product_tag?post=13610"}],"curies":[{"name":"wp","href":"https:\/\/api.w.org\/{rel}","templated":true}]}}