{"id":13170,"date":"2023-03-15T18:51:34","date_gmt":"2023-03-15T18:51:34","guid":{"rendered":"https:\/\/healthyskinsecrets.ch\/product\/import-placeholder-for-4123\/"},"modified":"2026-02-24T13:10:54","modified_gmt":"2026-02-24T13:10:54","slug":"laneige-water-sleeping-mask-ex-70ml","status":"publish","type":"product","link":"https:\/\/healthyskinsecrets.ch\/it\/product\/laneige-water-sleeping-mask-ex-70ml\/","title":{"rendered":"Laneige Water Sleeping Mask EX 70ml"},"content":{"rendered":"<h3>Anwendung<\/h3>\n<ol>\n<li>Tragen Sie abends vor dem Schlafengehen eine geeignete Menge auf die Haut auf und lassen Sie die Maske \u00fcber Nacht einwirken.<\/li>\n<li>Sp\u00fclen Sie die Maske am n\u00e4chsten Morgen mit lauwarmem Wasser von der Haut ab.<\/li>\n<li>Gebrauchen Sie das Produkt 1-2x w\u00f6chentlich.<\/li>\n<li>Kombinieren Sie das Produkt mit Laneige <a href=\"https:\/\/vanesis.ch\/product\/laneige-water-bank-moisture-cream\/\">Water Bank Moisture Cream<\/a>, <a href=\"https:\/\/vanesis.ch\/product\/laneige-water-bank-hydro-essence\/\">Water Bank Hydro Essence<\/a>\u00a0und <a href=\"https:\/\/vanesis.ch\/product\/laneige-eye-sleeping-mask\/\">Eye Sleeping Mask<\/a>, um verbesserte Ergebnisse zu erzielen.<\/li>\n<\/ol>\n<h3>Inhaltsstoffe<\/h3>\n<p>Water, butylene glycol, cyclopentasiloxane, glycerin, trehalose, camellia sinensis leaf extract, water(himalaya snow water), prunus armeniaca (apricot) fruit extract, beta-glucan, castanea sativa (chestnut) seed extract, salix nigra (willow) bark extract, hydroxypropyl bispalmitamide mea, citrus medica limonum(lemon) fruit extract, musa sapientum (banana) fruit extract, actinidia chinensis (kiwi) fruit extract, solanum lycopersicum (tomato) fruit\/leaf\/stem extract, vitis vinifera (grape) fruit extract, 1,2-hexanediol, glycogen, glutamic acid, dimethicone, dimethicone\/vinyl dimethicone crosspolymer, dimethiconol, lysine HCL, magnesium gluconate, magnesium aspartate, mannitol, serine, sodium chondroitin sulfate, sucrose, stearyl behenate, citrulline, silica dimethyl silylate, acetyl tetrapeptide-11, atelocollagen, alanine, arginine, ammonium acryloyldimethyltaurate\/VP copolymer, ethylhexylglycerin, inulin lauryl carbamate, zinc gluconate, carbomer, copper gluconate, caprylyl glycol, calcium gluconate, threonine, tropolone, triethanolamine, pentaerythrityl tetraisostearate, polyglyceryl-3 methylglucose distearate, polysorbate 20, PCA, histidine HCL, disodium EDTA, chlorphenesin, phenoxyethanol, fragrance, Cl 42090.<\/p>\n<h3>Warnhinweise<\/h3>\n<ol>\n<li>Nur zur \u00e4u\u00dferlichen Anwendung geeignet.<\/li>\n<li>Nicht auf verletzte Haut oder auf Wunden auftragen.<\/li>\n<li>Sollten Nebenwirkungen wie Irritationen oder Ausschlag eintreten, Anwendung sofort beenden und unverz\u00fcglich an einen Arzt wenden.<\/li>\n<li>Kontakt mit den Augen vermeiden. Sollte das Produkt ins Auge gelangen, das Auge sofort gr\u00fcndlich mit klarem Wasser aussp\u00fclen.<\/li>\n<li>Au\u00dfer Reichweite von Kindern aufbewahren.<\/li>\n<li>Nicht schlucken. Bei Verschlucken Arzt oder Giftzentrale aufsuchen.<\/li>\n<\/ol>\n","protected":false},"excerpt":{"rendered":"<p><strong>Laneige<\/strong>\u00a0Water Sleeping Mask ist eine feuchtigkeitsspendende und beruhigende Nachtmaske, die mit dem patentierten Hydro Ionized Mineral Water von Laneige formuliert ist: 6 feuchtigkeitsspendende Mineralstoffe, die ionisiert und in Wasser stabilisiert sind, um schneller und tiefer in die Haut einzudringen. Zink, Kalium, Calcium, Magnesium, Mangan und Natrium versorgen die Haut mit Feuchtigkeit und halten einen idealen Feuchtigkeitsgehalt aufrecht, um zuk\u00fcnftigen Feuchtigkeitsverlust zu vermeiden.<\/p>\n<p>Die Maske ist durchtr\u00e4nkt mit einem beruhigenden Schlafduft: Orangenbl\u00fcte, Rose und Sandelholz, um die Haut zu entspannen, w\u00e4hrend Aprikosen- und Nachtkerzen-Extrakte die m\u00fcde Haut aufhellen und kl\u00e4ren. Tragen Sie die Maske vor dem Schlafengehen auf und wachen Sie am n\u00e4chsten Morgen mit einer frischen, geschmeidigen und strahlenden Haut auf!<\/p>\n<p>Kombinieren Sie das Produkt mit Laneige <a href=\"https:\/\/vanesis.ch\/product\/laneige-water-bank-moisture-cream\/\">Water Bank Moisture Cream<\/a>, Water Bank Hydro Essence\u00a0und <a href=\"https:\/\/vanesis.ch\/product\/laneige-eye-sleeping-mask\/\">Eye Sleeping Mask<\/a>, um verbesserte Ergebnisse zu erzielen.<\/p>\n","protected":false},"featured_media":13190,"comment_status":"open","ping_status":"closed","template":"","meta":{"content-type":"","site-sidebar-layout":"default","site-content-layout":"default","ast-site-content-layout":"default","site-content-style":"default","site-sidebar-style":"default","ast-global-header-display":"","ast-banner-title-visibility":"","ast-main-header-display":"","ast-hfb-above-header-display":"","ast-hfb-below-header-display":"","ast-hfb-mobile-header-display":"","site-post-title":"","ast-breadcrumbs-content":"","ast-featured-img":"","footer-sml-layout":"","ast-disable-related-posts":"","theme-transparent-header-meta":"default","adv-header-id-meta":"","stick-header-meta":"","header-above-stick-meta":"","header-main-stick-meta":"","header-below-stick-meta":"","astra-migrate-meta-layouts":"set","ast-page-background-enabled":"default","ast-page-background-meta":{"desktop":{"background-color":"","background-image":"","background-repeat":"repeat","background-position":"center center","background-size":"auto","background-attachment":"scroll","background-type":"","background-media":"","overlay-type":"","overlay-color":"","overlay-opacity":"","overlay-gradient":""},"tablet":{"background-color":"","background-image":"","background-repeat":"repeat","background-position":"center center","background-size":"auto","background-attachment":"scroll","background-type":"","background-media":"","overlay-type":"","overlay-color":"","overlay-opacity":"","overlay-gradient":""},"mobile":{"background-color":"","background-image":"","background-repeat":"repeat","background-position":"center center","background-size":"auto","background-attachment":"scroll","background-type":"","background-media":"","overlay-type":"","overlay-color":"","overlay-opacity":"","overlay-gradient":""}},"ast-content-background-meta":{"desktop":{"background-color":"var(--ast-global-color-5)","background-image":"","background-repeat":"repeat","background-position":"center center","background-size":"auto","background-attachment":"scroll","background-type":"","background-media":"","overlay-type":"","overlay-color":"","overlay-opacity":"","overlay-gradient":""},"tablet":{"background-color":"var(--ast-global-color-5)","background-image":"","background-repeat":"repeat","background-position":"center center","background-size":"auto","background-attachment":"scroll","background-type":"","background-media":"","overlay-type":"","overlay-color":"","overlay-opacity":"","overlay-gradient":""},"mobile":{"background-color":"var(--ast-global-color-5)","background-image":"","background-repeat":"repeat","background-position":"center center","background-size":"auto","background-attachment":"scroll","background-type":"","background-media":"","overlay-type":"","overlay-color":"","overlay-opacity":"","overlay-gradient":""}}},"product_brand":[],"product_cat":[532,504,424,282],"product_tag":[439],"class_list":{"0":"post-13170","1":"product","2":"type-product","3":"status-publish","4":"has-post-thumbnail","6":"product_cat-9-nachtcreme","7":"product_cat-cpnp","8":"product_cat-gesicht","9":"product_cat-laneige","10":"product_tag-schlafmaske","11":"pa_beduerfnisse-trockenheit","12":"pa_hauttyp-all","13":"desktop-align-left","14":"tablet-align-left","15":"mobile-align-left","17":"first","18":"instock","19":"taxable","20":"shipping-taxable","21":"purchasable","22":"product-type-variable"},"_links":{"self":[{"href":"https:\/\/healthyskinsecrets.ch\/it\/wp-json\/wp\/v2\/product\/13170","targetHints":{"allow":["GET"]}}],"collection":[{"href":"https:\/\/healthyskinsecrets.ch\/it\/wp-json\/wp\/v2\/product"}],"about":[{"href":"https:\/\/healthyskinsecrets.ch\/it\/wp-json\/wp\/v2\/types\/product"}],"replies":[{"embeddable":true,"href":"https:\/\/healthyskinsecrets.ch\/it\/wp-json\/wp\/v2\/comments?post=13170"}],"wp:featuredmedia":[{"embeddable":true,"href":"https:\/\/healthyskinsecrets.ch\/it\/wp-json\/wp\/v2\/media\/13190"}],"wp:attachment":[{"href":"https:\/\/healthyskinsecrets.ch\/it\/wp-json\/wp\/v2\/media?parent=13170"}],"wp:term":[{"taxonomy":"product_brand","embeddable":true,"href":"https:\/\/healthyskinsecrets.ch\/it\/wp-json\/wp\/v2\/product_brand?post=13170"},{"taxonomy":"product_cat","embeddable":true,"href":"https:\/\/healthyskinsecrets.ch\/it\/wp-json\/wp\/v2\/product_cat?post=13170"},{"taxonomy":"product_tag","embeddable":true,"href":"https:\/\/healthyskinsecrets.ch\/it\/wp-json\/wp\/v2\/product_tag?post=13170"}],"curies":[{"name":"wp","href":"https:\/\/api.w.org\/{rel}","templated":true}]}}