{"id":12968,"date":"2023-03-12T16:31:59","date_gmt":"2023-03-12T16:31:59","guid":{"rendered":"https:\/\/healthyskinsecrets.ch\/product\/import-placeholder-for-8559\/"},"modified":"2026-02-23T14:40:02","modified_gmt":"2026-02-23T14:40:02","slug":"apieu-honey-milk-lip-balm","status":"publish","type":"product","link":"https:\/\/healthyskinsecrets.ch\/it\/product\/apieu-honey-milk-lip-balm\/","title":{"rendered":"A'pieu Honey & Milk Lip Balm"},"content":{"rendered":"<h3><strong>Anwendung<\/strong><\/h3>\n<ol>\n<li>Tragen Sie den Lippenbalsam auf Ihre Lippen auf f\u00fcr hydratisierte und glatte Lippen!<\/li>\n<\/ol>\n<h3><strong>Inhaltsstoffe<\/strong><\/h3>\n<p>Petrolatum, Diisostearyl Malate, Methyl Hydrogenated Rosinate, Caprylic\/Capric Triglyceride, Ricinus Communis (Castor) Seed Oil, Microcrystalline Wax, Octyldodecanol, Cetyl Ricinoleate, Ozokerite, Polyethylene, Phytosteryl\/Isostearyl\/Cetyl\/Stearyl\/Behenyl Dimer Dilinoleate, Hydrogenated Vegetable Oil, Dicalcium Phosphate, Honey Extract, Milk Protein Extract, Glycerin, Polyglyceryl-2 Triisostearate, Tocopheryl Acetate, Water, Propylene Glycol, Phenoxyethanol, Fragrance, Tartrazine (CI 19140)<\/p>\n<h3>Warnhinweise<\/h3>\n<ol>\n<li>Nur zur \u00e4u\u00dferlichen Anwendung geeignet.<\/li>\n<li>Nicht auf verletzte Haut oder auf Wunden auftragen.<\/li>\n<li>Sollten Nebenwirkungen wie Irritationen oder Ausschlag eintreten, Anwendung sofort beenden und unverz\u00fcglich an einen Arzt wenden.<\/li>\n<li>Kontakt mit den Augen vermeiden. Sollte das Produkt ins Auge gelangen, das Auge sofort gr\u00fcndlich mit klarem Wasser aussp\u00fclen.<\/li>\n<li>Au\u00dfer Reichweite von Kindern aufbewahren.<\/li>\n<li>Nicht schlucken. Bei Verschlucken Arzt oder Giftzentrale aufsuchen.<\/li>\n<\/ol>\n","protected":false},"excerpt":{"rendered":"<p>Dieses Lippen\u00f6l ist angereichert mit N\u00e4hrstoffen und Feuchtigkeit aus Honig und Milch und macht die Lippen elastisch und geschmeidig. Extrakte aus Honig und Milchproteinen hinterlassen einen feuchtigkeitsspendenden Film auf den Lippen und schenken ihnen ein gesundes und geschmeidiges Aussehen.<\/p>\n<ul>\n<li>Lippen\u00f6l mit pflegenden und feuchtigkeitsspendenden Inhaltsstoffen, einschlie\u00dflich Honig und Milch, um geschmeidige und widerstandsf\u00e4hige Lippen zu f\u00f6rdern.<\/li>\n<li>Besitzt einen schwachen Milchduft, um deine Stimmung zu heben.<\/li>\n<li>Kann allein verwendet werden, um die Lippen nat\u00fcrlich weich aussehen zu lassen oder um den Lip-Tint mit einem gl\u00e4nzenden Effekt abzurunden.<\/li>\n<li>Schlie\u00dft Feuchtigkeit ein und spendet den Lippen intensive Feuchtigkeit f\u00fcr einen langanhaltenden prallen und gl\u00e4nzenden Look!<\/li>\n<\/ul>\n","protected":false},"featured_media":13002,"comment_status":"open","ping_status":"closed","template":"","meta":{"content-type":"","site-sidebar-layout":"default","site-content-layout":"default","ast-site-content-layout":"default","site-content-style":"default","site-sidebar-style":"default","ast-global-header-display":"","ast-banner-title-visibility":"","ast-main-header-display":"","ast-hfb-above-header-display":"","ast-hfb-below-header-display":"","ast-hfb-mobile-header-display":"","site-post-title":"","ast-breadcrumbs-content":"","ast-featured-img":"","footer-sml-layout":"","ast-disable-related-posts":"","theme-transparent-header-meta":"default","adv-header-id-meta":"","stick-header-meta":"","header-above-stick-meta":"","header-main-stick-meta":"","header-below-stick-meta":"","astra-migrate-meta-layouts":"set","ast-page-background-enabled":"default","ast-page-background-meta":{"desktop":{"background-color":"","background-image":"","background-repeat":"repeat","background-position":"center center","background-size":"auto","background-attachment":"scroll","background-type":"","background-media":"","overlay-type":"","overlay-color":"","overlay-opacity":"","overlay-gradient":""},"tablet":{"background-color":"","background-image":"","background-repeat":"repeat","background-position":"center center","background-size":"auto","background-attachment":"scroll","background-type":"","background-media":"","overlay-type":"","overlay-color":"","overlay-opacity":"","overlay-gradient":""},"mobile":{"background-color":"","background-image":"","background-repeat":"repeat","background-position":"center center","background-size":"auto","background-attachment":"scroll","background-type":"","background-media":"","overlay-type":"","overlay-color":"","overlay-opacity":"","overlay-gradient":""}},"ast-content-background-meta":{"desktop":{"background-color":"var(--ast-global-color-5)","background-image":"","background-repeat":"repeat","background-position":"center center","background-size":"auto","background-attachment":"scroll","background-type":"","background-media":"","overlay-type":"","overlay-color":"","overlay-opacity":"","overlay-gradient":""},"tablet":{"background-color":"var(--ast-global-color-5)","background-image":"","background-repeat":"repeat","background-position":"center center","background-size":"auto","background-attachment":"scroll","background-type":"","background-media":"","overlay-type":"","overlay-color":"","overlay-opacity":"","overlay-gradient":""},"mobile":{"background-color":"var(--ast-global-color-5)","background-image":"","background-repeat":"repeat","background-position":"center center","background-size":"auto","background-attachment":"scroll","background-type":"","background-media":"","overlay-type":"","overlay-color":"","overlay-opacity":"","overlay-gradient":""}}},"product_brand":[],"product_cat":[350,504,424,545],"product_tag":[352],"class_list":{"0":"post-12968","1":"product","2":"type-product","3":"status-publish","4":"has-post-thumbnail","6":"product_cat-apieu","7":"product_cat-cpnp","8":"product_cat-gesicht","9":"product_cat-pimple-patch","10":"product_tag-spezielles","11":"pa_hauttyp-all","12":"desktop-align-left","13":"tablet-align-left","14":"mobile-align-left","16":"first","17":"instock","18":"taxable","19":"shipping-taxable","20":"purchasable","21":"product-type-variable"},"_links":{"self":[{"href":"https:\/\/healthyskinsecrets.ch\/it\/wp-json\/wp\/v2\/product\/12968","targetHints":{"allow":["GET"]}}],"collection":[{"href":"https:\/\/healthyskinsecrets.ch\/it\/wp-json\/wp\/v2\/product"}],"about":[{"href":"https:\/\/healthyskinsecrets.ch\/it\/wp-json\/wp\/v2\/types\/product"}],"replies":[{"embeddable":true,"href":"https:\/\/healthyskinsecrets.ch\/it\/wp-json\/wp\/v2\/comments?post=12968"}],"wp:featuredmedia":[{"embeddable":true,"href":"https:\/\/healthyskinsecrets.ch\/it\/wp-json\/wp\/v2\/media\/13002"}],"wp:attachment":[{"href":"https:\/\/healthyskinsecrets.ch\/it\/wp-json\/wp\/v2\/media?parent=12968"}],"wp:term":[{"taxonomy":"product_brand","embeddable":true,"href":"https:\/\/healthyskinsecrets.ch\/it\/wp-json\/wp\/v2\/product_brand?post=12968"},{"taxonomy":"product_cat","embeddable":true,"href":"https:\/\/healthyskinsecrets.ch\/it\/wp-json\/wp\/v2\/product_cat?post=12968"},{"taxonomy":"product_tag","embeddable":true,"href":"https:\/\/healthyskinsecrets.ch\/it\/wp-json\/wp\/v2\/product_tag?post=12968"}],"curies":[{"name":"wp","href":"https:\/\/api.w.org\/{rel}","templated":true}]}}