{"id":12963,"date":"2023-03-12T16:31:59","date_gmt":"2023-03-12T16:31:59","guid":{"rendered":"https:\/\/healthyskinsecrets.ch\/product\/import-placeholder-for-7364\/"},"modified":"2026-02-23T14:34:46","modified_gmt":"2026-02-23T14:34:46","slug":"apieu-madecassoside-sleeping-mask-80ml","status":"publish","type":"product","link":"https:\/\/healthyskinsecrets.ch\/it\/product\/apieu-madecassoside-sleeping-mask-80ml\/","title":{"rendered":"A'pieu Madecassoside Sleeping Mask 80ml"},"content":{"rendered":"<h3>Anwendung<\/h3>\n<ol>\n<li>Als letzten Schritt der Hautpflege, vor dem Schlafen, eine angemessene Menge auf die Haut auftragen.<\/li>\n<li>Am n\u00e4chsten Morgen mit lauwarmem Wasser abwaschen.<\/li>\n<\/ol>\n<h3>Inhaltsstoffe<\/h3>\n<p>Water, Centella Asiatica Leaf Water, Beeswax, Butylene Glycol, Butyrospermum Parkii (Shea) Butter, Cetyl Alcohol, Hexylene Glycol, Niacinamide, Hydrogenated Polydecene, Simmondsia Chinensis (Jojoba) Seed Oil, Moringa Pterygosperma (Moringa Oleifera) Seed Oil, Betaine, Diglycerin, Glyceryl Stearate, Pentaerythrityl Tetraethylhexanoate, Phytosteryl\/Isostearyl\/Cetyl\/Stearyl\/Behenyl Dimer Dilinoleate, Ammonium Acryloyldimethyltaurate\/VP Copolymer, Caprylyl Methicone, Hydroxyacetophenone, Cetearyl Glucoside, Caprylic\/Capric Triglyceride, Madecassoside, Adenosine, Glycerin, Hydrogenated Lecithin, 1,2-Hexanediol, Ceramide NP, Glycosphingolipids, Stearic Acid, Ethylhexylglycerin, Phytosphingosine, Cetearyl Alcohol, Disodium EDTA<\/p>\n<h3>Warnhinweise<\/h3>\n<ol>\n<li>Nur zur \u00e4u\u00dferlichen Anwendung geeignet.<\/li>\n<li>Nicht auf verletzte Haut oder auf Wunden auftragen.<\/li>\n<li>Sollten Nebenwirkungen wie Irritationen oder Ausschlag eintreten, Anwendung sofort beenden und unverz\u00fcglich an einen Arzt wenden.<\/li>\n<li>Kontakt mit den Augen vermeiden. Sollte das Produkt ins Auge gelangen, das Auge sofort gr\u00fcndlich mit klarem Wasser aussp\u00fclen.<\/li>\n<li>Au\u00dfer Reichweite von Kindern aufbewahren.<\/li>\n<li>Nicht schlucken. Bei Verschlucken Arzt oder Giftzentrale aufsuchen.<\/li>\n<\/ol>\n","protected":false},"excerpt":{"rendered":"<p>Die<strong>\u00a0A&#8217;pieu\u00a0<\/strong>Madecassoside Sleeping Mask konzentriert sich auf die Regeneration m\u00fcder und strapazierter Haut \u00fcber Nacht. Ein Komplex aus verschiedenen Ceramiden versorgt die Haut, zusammen mit aus \u00d6l stammenden Inhaltsstoffen (\u00d6ls\u00e4uren, Palmitins\u00e4ure und Linols\u00e4ure),\u00a0effektiv mit Feuchtigkeit.<\/p>\n","protected":false},"featured_media":13000,"comment_status":"open","ping_status":"closed","template":"","meta":{"content-type":"","site-sidebar-layout":"default","site-content-layout":"default","ast-site-content-layout":"default","site-content-style":"default","site-sidebar-style":"default","ast-global-header-display":"","ast-banner-title-visibility":"","ast-main-header-display":"","ast-hfb-above-header-display":"","ast-hfb-below-header-display":"","ast-hfb-mobile-header-display":"","site-post-title":"","ast-breadcrumbs-content":"","ast-featured-img":"","footer-sml-layout":"","ast-disable-related-posts":"","theme-transparent-header-meta":"default","adv-header-id-meta":"","stick-header-meta":"","header-above-stick-meta":"","header-main-stick-meta":"","header-below-stick-meta":"","astra-migrate-meta-layouts":"set","ast-page-background-enabled":"default","ast-page-background-meta":{"desktop":{"background-color":"","background-image":"","background-repeat":"repeat","background-position":"center center","background-size":"auto","background-attachment":"scroll","background-type":"","background-media":"","overlay-type":"","overlay-color":"","overlay-opacity":"","overlay-gradient":""},"tablet":{"background-color":"","background-image":"","background-repeat":"repeat","background-position":"center center","background-size":"auto","background-attachment":"scroll","background-type":"","background-media":"","overlay-type":"","overlay-color":"","overlay-opacity":"","overlay-gradient":""},"mobile":{"background-color":"","background-image":"","background-repeat":"repeat","background-position":"center center","background-size":"auto","background-attachment":"scroll","background-type":"","background-media":"","overlay-type":"","overlay-color":"","overlay-opacity":"","overlay-gradient":""}},"ast-content-background-meta":{"desktop":{"background-color":"var(--ast-global-color-5)","background-image":"","background-repeat":"repeat","background-position":"center center","background-size":"auto","background-attachment":"scroll","background-type":"","background-media":"","overlay-type":"","overlay-color":"","overlay-opacity":"","overlay-gradient":""},"tablet":{"background-color":"var(--ast-global-color-5)","background-image":"","background-repeat":"repeat","background-position":"center center","background-size":"auto","background-attachment":"scroll","background-type":"","background-media":"","overlay-type":"","overlay-color":"","overlay-opacity":"","overlay-gradient":""},"mobile":{"background-color":"var(--ast-global-color-5)","background-image":"","background-repeat":"repeat","background-position":"center center","background-size":"auto","background-attachment":"scroll","background-type":"","background-media":"","overlay-type":"","overlay-color":"","overlay-opacity":"","overlay-gradient":""}}},"product_brand":[],"product_cat":[524,532,350,504,424],"product_tag":[439],"class_list":{"0":"post-12963","1":"product","2":"type-product","3":"status-publish","4":"has-post-thumbnail","6":"product_cat-4-beautymasken","7":"product_cat-9-nachtcreme","8":"product_cat-apieu","9":"product_cat-cpnp","10":"product_cat-gesicht","11":"product_tag-schlafmaske","12":"pa_beduerfnisse-beschaedigt","13":"pa_beduerfnisse-matte-muede","14":"pa_hauttyp-all","15":"pa_hauttyp-fettige","16":"pa_hauttyp-mischhaut","17":"pa_hauttyp-normal","18":"pa_hauttyp-trockene","19":"desktop-align-left","20":"tablet-align-left","21":"mobile-align-left","23":"first","24":"instock","25":"taxable","26":"shipping-taxable","27":"purchasable","28":"product-type-variable"},"_links":{"self":[{"href":"https:\/\/healthyskinsecrets.ch\/it\/wp-json\/wp\/v2\/product\/12963","targetHints":{"allow":["GET"]}}],"collection":[{"href":"https:\/\/healthyskinsecrets.ch\/it\/wp-json\/wp\/v2\/product"}],"about":[{"href":"https:\/\/healthyskinsecrets.ch\/it\/wp-json\/wp\/v2\/types\/product"}],"replies":[{"embeddable":true,"href":"https:\/\/healthyskinsecrets.ch\/it\/wp-json\/wp\/v2\/comments?post=12963"}],"wp:featuredmedia":[{"embeddable":true,"href":"https:\/\/healthyskinsecrets.ch\/it\/wp-json\/wp\/v2\/media\/13000"}],"wp:attachment":[{"href":"https:\/\/healthyskinsecrets.ch\/it\/wp-json\/wp\/v2\/media?parent=12963"}],"wp:term":[{"taxonomy":"product_brand","embeddable":true,"href":"https:\/\/healthyskinsecrets.ch\/it\/wp-json\/wp\/v2\/product_brand?post=12963"},{"taxonomy":"product_cat","embeddable":true,"href":"https:\/\/healthyskinsecrets.ch\/it\/wp-json\/wp\/v2\/product_cat?post=12963"},{"taxonomy":"product_tag","embeddable":true,"href":"https:\/\/healthyskinsecrets.ch\/it\/wp-json\/wp\/v2\/product_tag?post=12963"}],"curies":[{"name":"wp","href":"https:\/\/api.w.org\/{rel}","templated":true}]}}