{"id":12849,"date":"2023-03-10T18:53:25","date_gmt":"2023-03-10T18:53:25","guid":{"rendered":"https:\/\/healthyskinsecrets.ch\/product\/import-placeholder-for-19156\/"},"modified":"2026-02-24T10:51:36","modified_gmt":"2026-02-24T10:51:36","slug":"holika-holika-baby-silky-foot-one-shot-peeling","status":"publish","type":"product","link":"https:\/\/healthyskinsecrets.ch\/it\/product\/holika-holika-baby-silky-foot-one-shot-peeling\/","title":{"rendered":"Holika Holika BABY Silky Foot One Shot Peeling"},"content":{"rendered":"<h3>Anwendung<\/h3>\n<ol>\n<li>Die Socken \u00fcber die gereinigten und trockenen F\u00fc\u00dfe ziehen.<\/li>\n<li>Das enthaltene Serum auf beide Socken aufteilen.<\/li>\n<li>F\u00fcr etwa 1,5 Stunden einwirken lassen.<\/li>\n<li>Danach die F\u00fc\u00dfe reinigen.<\/li>\n<li>Nach etwa sieben Tagen beginnen sich die Hornhaut-Stellen von der Fu\u00dfsohle zu l\u00f6sen.<\/li>\n<\/ol>\n<h3>Hauptinhaltsstoffe<\/h3>\n<p>aqua,\u00a0alcohol,\u00a0lactic acid,\u00a0sodium lactate,\u00a0glycolic acid,\u00a0glycerin,\u00a0arginine,\u00a0phenoxyethanol,\u00a0peg-60 hydrogenated castor oil,\u00a0salicylic acid,\u00a0parfum,\u00a0disodium edta,\u00a0vitis vinifera (grape) fruit extract,\u00a0citrus aurantium dulcis fruit extract (orange fruit),\u00a0pyrus malus (apple) fruit extract,\u00a0citrus medica limonum (lemon) fruit extract,\u00a0citrus aurantifolia (lime) fruit extract,\u00a0urea,\u00a0Pinus Densiflora Extract,\u00a0thuja orientalis extract,\u00a0chamaecyparis obtusa leaf extract,\u00a0camellia sinensis leaf extract,\u00a0rosmarinus officinalis (rosemary) leaf extract,\u00a0lavandula angustifolia (lavender) extract,\u00a0thymus vulgaris (thyme) extract,\u00a0pelargonium graveolens extract,\u00a0origanum vulgare(oregano) leaf extract,\u00a0eucalyptus globulus leaf extract, melaleuca alternifolia (tea tree) leaf extract, butyrospermum parkii (shea butter<span style=\"font-size: 16px; font-style: normal; font-weight: 400;\">)<\/span><span style=\"font-size: 16px; font-style: normal; font-weight: 400;\">\u00a0<\/span><\/p>\n<h3>Warnhinweise<\/h3>\n<ol>\n<li>Nur zur \u00e4u\u00dferlichen Anwendung geeignet.<\/li>\n<li>Nicht auf verletzte Haut oder auf Wunden auftragen.<\/li>\n<li>Sollten Nebenwirkungen wie Irritationen oder Ausschlag eintreten, Anwendung sofort beenden und unverz\u00fcglich an einen Arzt wenden.<\/li>\n<li>Kontakt mit den Augen vermeiden. Sollte das Produkt ins Auge gelangen, das Auge sofort gr\u00fcndlich mit klarem Wasser aussp\u00fclen.<\/li>\n<li>Au\u00dfer Reichweite von Kindern aufbewahren.<\/li>\n<li>Nicht schlucken. Bei Verschlucken Arzt oder Giftzentrale aufsuchen.<\/li>\n<\/ol>\n","protected":false},"excerpt":{"rendered":"<p>Ganz ohne Pedik\u00fcre zu wunderbar geschmeidigen F\u00fc\u00dfen &#8211; diese Maske macht&#8217;s m\u00f6glich! Das Serum enth\u00e4lt 16 verschiedene Pflanzenextrakte &#8211; darunter etwa Lavendel, Rosmarin oder Teebaum &#8211; die als AHA-Peeling den nat\u00fcrlichen Regenerationsprozess der Haut ankurbeln. Schon nach wenigen Tagen fallen abgestorbene Hautzellen von selbst ab und zur\u00fcck bleiben streichelzarte, babyweiche F\u00fc\u00dfe. Auch st\u00f6rende Geruchsbakterien lassen sich so ideal bek\u00e4mpfen.<\/p>\n","protected":false},"featured_media":12885,"comment_status":"open","ping_status":"closed","template":"","meta":{"content-type":"","site-sidebar-layout":"default","site-content-layout":"default","ast-site-content-layout":"default","site-content-style":"default","site-sidebar-style":"default","ast-global-header-display":"","ast-banner-title-visibility":"","ast-main-header-display":"","ast-hfb-above-header-display":"","ast-hfb-below-header-display":"","ast-hfb-mobile-header-display":"","site-post-title":"","ast-breadcrumbs-content":"","ast-featured-img":"","footer-sml-layout":"","ast-disable-related-posts":"","theme-transparent-header-meta":"default","adv-header-id-meta":"","stick-header-meta":"","header-above-stick-meta":"","header-main-stick-meta":"","header-below-stick-meta":"","astra-migrate-meta-layouts":"set","ast-page-background-enabled":"default","ast-page-background-meta":{"desktop":{"background-color":"","background-image":"","background-repeat":"repeat","background-position":"center center","background-size":"auto","background-attachment":"scroll","background-type":"","background-media":"","overlay-type":"","overlay-color":"","overlay-opacity":"","overlay-gradient":""},"tablet":{"background-color":"","background-image":"","background-repeat":"repeat","background-position":"center center","background-size":"auto","background-attachment":"scroll","background-type":"","background-media":"","overlay-type":"","overlay-color":"","overlay-opacity":"","overlay-gradient":""},"mobile":{"background-color":"","background-image":"","background-repeat":"repeat","background-position":"center center","background-size":"auto","background-attachment":"scroll","background-type":"","background-media":"","overlay-type":"","overlay-color":"","overlay-opacity":"","overlay-gradient":""}},"ast-content-background-meta":{"desktop":{"background-color":"var(--ast-global-color-5)","background-image":"","background-repeat":"repeat","background-position":"center center","background-size":"auto","background-attachment":"scroll","background-type":"","background-media":"","overlay-type":"","overlay-color":"","overlay-opacity":"","overlay-gradient":""},"tablet":{"background-color":"var(--ast-global-color-5)","background-image":"","background-repeat":"repeat","background-position":"center center","background-size":"auto","background-attachment":"scroll","background-type":"","background-media":"","overlay-type":"","overlay-color":"","overlay-opacity":"","overlay-gradient":""},"mobile":{"background-color":"var(--ast-global-color-5)","background-image":"","background-repeat":"repeat","background-position":"center center","background-size":"auto","background-attachment":"scroll","background-type":"","background-media":"","overlay-type":"","overlay-color":"","overlay-opacity":"","overlay-gradient":""}}},"product_brand":[],"product_cat":[504,477,263,437],"product_tag":[352],"class_list":{"0":"post-12849","1":"product","2":"type-product","3":"status-publish","4":"has-post-thumbnail","6":"product_cat-cpnp","7":"product_cat-fusspflege","8":"product_cat-holika-holika","9":"product_cat-koerper","10":"product_tag-spezielles","11":"pa_beduerfnisse-matte-muede","12":"pa_beduerfnisse-trockenheit","13":"pa_hauttyp-all","14":"pa_hauttyp-fettige","15":"pa_hauttyp-mischhaut","16":"pa_hauttyp-normal","17":"pa_hauttyp-trockene","18":"desktop-align-left","19":"tablet-align-left","20":"mobile-align-left","22":"first","23":"outofstock","24":"taxable","25":"shipping-taxable","26":"purchasable","27":"product-type-variable"},"_links":{"self":[{"href":"https:\/\/healthyskinsecrets.ch\/it\/wp-json\/wp\/v2\/product\/12849","targetHints":{"allow":["GET"]}}],"collection":[{"href":"https:\/\/healthyskinsecrets.ch\/it\/wp-json\/wp\/v2\/product"}],"about":[{"href":"https:\/\/healthyskinsecrets.ch\/it\/wp-json\/wp\/v2\/types\/product"}],"replies":[{"embeddable":true,"href":"https:\/\/healthyskinsecrets.ch\/it\/wp-json\/wp\/v2\/comments?post=12849"}],"wp:featuredmedia":[{"embeddable":true,"href":"https:\/\/healthyskinsecrets.ch\/it\/wp-json\/wp\/v2\/media\/12885"}],"wp:attachment":[{"href":"https:\/\/healthyskinsecrets.ch\/it\/wp-json\/wp\/v2\/media?parent=12849"}],"wp:term":[{"taxonomy":"product_brand","embeddable":true,"href":"https:\/\/healthyskinsecrets.ch\/it\/wp-json\/wp\/v2\/product_brand?post=12849"},{"taxonomy":"product_cat","embeddable":true,"href":"https:\/\/healthyskinsecrets.ch\/it\/wp-json\/wp\/v2\/product_cat?post=12849"},{"taxonomy":"product_tag","embeddable":true,"href":"https:\/\/healthyskinsecrets.ch\/it\/wp-json\/wp\/v2\/product_tag?post=12849"}],"curies":[{"name":"wp","href":"https:\/\/api.w.org\/{rel}","templated":true}]}}