{"id":12840,"date":"2023-03-10T18:53:24","date_gmt":"2023-03-10T18:53:24","guid":{"rendered":"https:\/\/healthyskinsecrets.ch\/product\/import-placeholder-for-7489\/"},"modified":"2026-02-24T10:51:34","modified_gmt":"2026-02-24T10:51:34","slug":"holika-holika-white-wine-therapy-sleeping-mask-120ml","status":"publish","type":"product","link":"https:\/\/healthyskinsecrets.ch\/it\/product\/holika-holika-white-wine-therapy-sleeping-mask-120ml\/","title":{"rendered":"Holika Holika White Wine Therapy Sleeping Mask 120ml"},"content":{"rendered":"<h3>Anwendung<\/h3>\n<ol>\n<li>Tragen Sie eine gro\u00dfz\u00fcgige Menge auf das Gesicht auf und massieren Sie das Produkt f\u00fcr eine zus\u00e4tzliche Absorption in die Haut ein.<\/li>\n<li>Lassen Sie es \u00fcber Nacht einwirken.<\/li>\n<li>Sp\u00fclen Sie es morgens mit lauwarmem Wasser von der Haut ab.<\/li>\n<li>Gebrauchen Sie das Produkt 2-3 Mal pro Woche.<\/li>\n<\/ol>\n<h3>Inhaltsstoffe<\/h3>\n<p>Water, Wine Extract, Glycerin, Cyclopentasiloxane, Dimethicone, Cyclohexasiloxane, Alcohol, Cyclomethicone, Sodium Chloride, Butylene Glycol, Butylene Glycol Dicaprylate\/Dicaprate, Hydrogenated Polyisobutene, Niacinamide, Sorbitan Sesquioleate, Dimethicone\/Vinyl Dimethicone Crosspolymer, Quaternium-18 Bentonite, Silica Dimethyl Silylate, PEG-10 Dimethicone, Phenoxyethanol, Cetyl PEG\/PPG-10\/1 Dimethicone, Allantoin, Caprylhydroxamic Acid, Caprylyl Glycol, Rosmarinus Officinalis (Rosemary) Extract, Lavandula Angustifolia (Lavender) Extract, Thymus Vulgaris (Thyme) Extract, Bergenia Ciliata Root Extract, Viola Mandshurica Flower Extract, Impatiens Balsamina Flower Extract, Vaccinium Myrtillus Fruit Extract, Saccharum Officinarum (Sugar Cane) Extract, Citrus Aurantium Dulcis (Orange) Fruit Extract, Citrus Limon (Lemon) Fruit Extract, Acer Saccharum (Sugar Maple) Extract, Disodium EDTA, Sodium Hyaluronate, Fragrance<\/p>\n<h3>Warnhinweise<\/h3>\n<ol>\n<li>Nur zur \u00e4u\u00dferlichen Anwendung geeignet.<\/li>\n<li>Nicht auf verletzte Haut oder auf Wunden auftragen.<\/li>\n<li>Sollten Nebenwirkungen wie Irritationen oder Ausschlag eintreten, Anwendung sofort beenden und unverz\u00fcglich an einen Arzt wenden.<\/li>\n<li>Kontakt mit den Augen vermeiden. Sollte das Produkt ins Auge gelangen, das Auge sofort gr\u00fcndlich mit klarem Wasser aussp\u00fclen.<\/li>\n<li>Au\u00dfer Reichweite von Kindern aufbewahren.<\/li>\n<li>Nicht schlucken. Bei Verschlucken Arzt oder Giftzentrale aufsuchen.<\/li>\n<\/ol>\n","protected":false},"excerpt":{"rendered":"<p><strong>Holika Holika<\/strong>\u00a0White Wine Sleeping Mask enth\u00e4lt Wei\u00dfwein-Extrakte, um die Haut aufzuhellen und mit Feuchtigkeit zu versorgen. Die cremige Geltextur zieht schnell ein und macht die Haut weich sowie strahlend.<\/p>\n","protected":false},"featured_media":12865,"comment_status":"open","ping_status":"closed","template":"","meta":{"content-type":"","site-sidebar-layout":"default","site-content-layout":"default","ast-site-content-layout":"default","site-content-style":"default","site-sidebar-style":"default","ast-global-header-display":"","ast-banner-title-visibility":"","ast-main-header-display":"","ast-hfb-above-header-display":"","ast-hfb-below-header-display":"","ast-hfb-mobile-header-display":"","site-post-title":"","ast-breadcrumbs-content":"","ast-featured-img":"","footer-sml-layout":"","ast-disable-related-posts":"","theme-transparent-header-meta":"default","adv-header-id-meta":"","stick-header-meta":"","header-above-stick-meta":"","header-main-stick-meta":"","header-below-stick-meta":"","astra-migrate-meta-layouts":"default","ast-page-background-enabled":"default","ast-page-background-meta":{"desktop":{"background-color":"","background-image":"","background-repeat":"repeat","background-position":"center center","background-size":"auto","background-attachment":"scroll","background-type":"","background-media":"","overlay-type":"","overlay-color":"","overlay-opacity":"","overlay-gradient":""},"tablet":{"background-color":"","background-image":"","background-repeat":"repeat","background-position":"center center","background-size":"auto","background-attachment":"scroll","background-type":"","background-media":"","overlay-type":"","overlay-color":"","overlay-opacity":"","overlay-gradient":""},"mobile":{"background-color":"","background-image":"","background-repeat":"repeat","background-position":"center center","background-size":"auto","background-attachment":"scroll","background-type":"","background-media":"","overlay-type":"","overlay-color":"","overlay-opacity":"","overlay-gradient":""}},"ast-content-background-meta":{"desktop":{"background-color":"var(--ast-global-color-5)","background-image":"","background-repeat":"repeat","background-position":"center center","background-size":"auto","background-attachment":"scroll","background-type":"","background-media":"","overlay-type":"","overlay-color":"","overlay-opacity":"","overlay-gradient":""},"tablet":{"background-color":"var(--ast-global-color-5)","background-image":"","background-repeat":"repeat","background-position":"center center","background-size":"auto","background-attachment":"scroll","background-type":"","background-media":"","overlay-type":"","overlay-color":"","overlay-opacity":"","overlay-gradient":""},"mobile":{"background-color":"var(--ast-global-color-5)","background-image":"","background-repeat":"repeat","background-position":"center center","background-size":"auto","background-attachment":"scroll","background-type":"","background-media":"","overlay-type":"","overlay-color":"","overlay-opacity":"","overlay-gradient":""}}},"product_brand":[],"product_cat":[524,532,504,424,263],"product_tag":[439,352],"class_list":{"0":"post-12840","1":"product","2":"type-product","3":"status-publish","4":"has-post-thumbnail","6":"product_cat-4-beautymasken","7":"product_cat-9-nachtcreme","8":"product_cat-cpnp","9":"product_cat-gesicht","10":"product_cat-holika-holika","11":"product_tag-schlafmaske","12":"product_tag-spezielles","13":"pa_beduerfnisse-trockenheit","14":"pa_hauttyp-normal","15":"pa_hauttyp-trockene","16":"desktop-align-left","17":"tablet-align-left","18":"mobile-align-left","20":"first","21":"outofstock","22":"taxable","23":"shipping-taxable","24":"purchasable","25":"product-type-variable"},"_links":{"self":[{"href":"https:\/\/healthyskinsecrets.ch\/it\/wp-json\/wp\/v2\/product\/12840","targetHints":{"allow":["GET"]}}],"collection":[{"href":"https:\/\/healthyskinsecrets.ch\/it\/wp-json\/wp\/v2\/product"}],"about":[{"href":"https:\/\/healthyskinsecrets.ch\/it\/wp-json\/wp\/v2\/types\/product"}],"replies":[{"embeddable":true,"href":"https:\/\/healthyskinsecrets.ch\/it\/wp-json\/wp\/v2\/comments?post=12840"}],"wp:featuredmedia":[{"embeddable":true,"href":"https:\/\/healthyskinsecrets.ch\/it\/wp-json\/wp\/v2\/media\/12865"}],"wp:attachment":[{"href":"https:\/\/healthyskinsecrets.ch\/it\/wp-json\/wp\/v2\/media?parent=12840"}],"wp:term":[{"taxonomy":"product_brand","embeddable":true,"href":"https:\/\/healthyskinsecrets.ch\/it\/wp-json\/wp\/v2\/product_brand?post=12840"},{"taxonomy":"product_cat","embeddable":true,"href":"https:\/\/healthyskinsecrets.ch\/it\/wp-json\/wp\/v2\/product_cat?post=12840"},{"taxonomy":"product_tag","embeddable":true,"href":"https:\/\/healthyskinsecrets.ch\/it\/wp-json\/wp\/v2\/product_tag?post=12840"}],"curies":[{"name":"wp","href":"https:\/\/api.w.org\/{rel}","templated":true}]}}