{"id":12510,"date":"2023-03-08T11:11:02","date_gmt":"2023-03-08T11:11:02","guid":{"rendered":"https:\/\/healthyskinsecrets.ch\/product\/import-placeholder-for-11986\/"},"modified":"2026-02-24T12:34:36","modified_gmt":"2026-02-24T12:34:36","slug":"heimish-black-tea-mask-pack-110ml","status":"publish","type":"product","link":"https:\/\/healthyskinsecrets.ch\/it\/product\/heimish-black-tea-mask-pack-110ml\/","title":{"rendered":"Heimish Black Tea Mask Pack 110ml"},"content":{"rendered":"<h3>Anwendung<\/h3>\n<ol>\n<li>Auf die trockene, gereinigte Haut auftragen und dabei die Augenpartie aussparen.<\/li>\n<li>15 Minuten einwirken lassen.<\/li>\n<li>Mit lauwarmem Wasser absp\u00fclen.<\/li>\n<\/ol>\n<h3>Hauptinhaltsstoffe<\/h3>\n<p>Water, Propanediol, Glycerin, Caprylic\/Capric Triglyceride, Camellia Sinensis Leaf Water, Litchi Chinensis Fruit Extract, Aloe Barbadensis Leaf Extract, Centella Asiatica Extract, Cinnamomum Zeylanicum Bark Extract, Sanguisorba Officinalis Root Extract, Pelargonium Graveolens Extract, Nelumbo Nucifera Flower Extract, Uncaria Gambir Extract, Dimethicone, Sodium Polyacrylate Starch, Cetearyl Olivate, Sorbitan Olivate, Ammonium Acryloyldimethyltaurate\/VP Copolymer, Sodium Acrylates Crosspolymer-2, Coptis Japonica Root Extract, Butylene Glycol, Coccinia Indica Fruit Extract, Eclipta Prostrata Extract, Theobroma Cacao (Cocoa) Seed Extract, Silica, Dextrin, Sodium Hyaluronate, Disodium EDTA, Phenoxyethanol, Chlorphenesin, Ethylhexylglycerin, Caprylyl Glycol, 1,2-Hexanediol, Fragrance<\/p>\n<h3>Warnhinweise<\/h3>\n<ol>\n<li>Nur zur \u00e4u\u00dferlichen Anwendung geeignet.<\/li>\n<li>Nicht auf verletzte Haut oder auf Wunden auftragen.<\/li>\n<li>Sollten Nebenwirkungen wie Irritationen oder Ausschlag eintreten, Anwendung sofort beenden und unverz\u00fcglich an einen Arzt wenden.<\/li>\n<li>Kontakt mit den Augen vermeiden. Sollte das Produkt ins Auge gelangen, das Auge sofort gr\u00fcndlich mit klarem Wasser aussp\u00fclen.<\/li>\n<li>Au\u00dfer Reichweite von Kindern aufbewahren.<\/li>\n<li>Nicht schlucken. Bei Verschlucken Arzt oder Giftzentrale aufsuchen.<\/li>\n<\/ol>\n","protected":false},"excerpt":{"rendered":"<p>Die Heimish Schwarztee-Maske verj\u00fcngt effektiv m\u00fcde, geschwollene Haut in nur f\u00fcnf Minuten. Sobald Sie es auf Ihre Haut auftragen, werden Sie es kalt und k\u00fchl sp\u00fcren, die Schwellung sofort reduzieren und den Feuchtigkeitsgehalt erh\u00f6hen. Reich an Antioxidantien, verbessert es die Elastizit\u00e4t und Vitalit\u00e4t der Haut, w\u00e4hrend sein Hauptbestandteil, schwarzer Tee, dank seiner antibakteriellen Eigenschaften Entz\u00fcndungen, Narben und Akne heilt. Liitchi Chinensis Fruit Extract, ein antioxidativer Inhaltsstoff, sch\u00fctzt die Haut auch vor freien Radikalen.<br \/>\nAloe Barbadensis-Blattwasser spendet tiefe Feuchtigkeit und lindert Entz\u00fcndungen und R\u00f6tungen der Haut, und der darin enthaltene Centella Asiatica-Extrakt ist seit Jahrhunderten f\u00fcr seine entz\u00fcndungshemmenden und heilenden Eigenschaften bekannt.<\/p>\n<p>Die Maske l\u00e4sst sich einfach auftragen und nach Gebrauch absp\u00fclen. Die Heimish Black Tea Mask kann zu jeder Tageszeit verwendet werden. Wir m\u00f6gen es besonders als Morgenmaske wegen seiner Wirksamkeit bei der Verringerung von Schwellungen und der Pflege m\u00fcder Haut.<\/p>\n","protected":false},"featured_media":12504,"comment_status":"open","ping_status":"closed","template":"","meta":{"content-type":"","site-sidebar-layout":"default","site-content-layout":"default","ast-site-content-layout":"default","site-content-style":"default","site-sidebar-style":"default","ast-global-header-display":"","ast-banner-title-visibility":"","ast-main-header-display":"","ast-hfb-above-header-display":"","ast-hfb-below-header-display":"","ast-hfb-mobile-header-display":"","site-post-title":"","ast-breadcrumbs-content":"","ast-featured-img":"","footer-sml-layout":"","ast-disable-related-posts":"","theme-transparent-header-meta":"default","adv-header-id-meta":"","stick-header-meta":"","header-above-stick-meta":"","header-main-stick-meta":"","header-below-stick-meta":"","astra-migrate-meta-layouts":"set","ast-page-background-enabled":"default","ast-page-background-meta":{"desktop":{"background-color":"","background-image":"","background-repeat":"repeat","background-position":"center center","background-size":"auto","background-attachment":"scroll","background-type":"","background-media":"","overlay-type":"","overlay-color":"","overlay-opacity":"","overlay-gradient":""},"tablet":{"background-color":"","background-image":"","background-repeat":"repeat","background-position":"center center","background-size":"auto","background-attachment":"scroll","background-type":"","background-media":"","overlay-type":"","overlay-color":"","overlay-opacity":"","overlay-gradient":""},"mobile":{"background-color":"","background-image":"","background-repeat":"repeat","background-position":"center center","background-size":"auto","background-attachment":"scroll","background-type":"","background-media":"","overlay-type":"","overlay-color":"","overlay-opacity":"","overlay-gradient":""}},"ast-content-background-meta":{"desktop":{"background-color":"var(--ast-global-color-5)","background-image":"","background-repeat":"repeat","background-position":"center center","background-size":"auto","background-attachment":"scroll","background-type":"","background-media":"","overlay-type":"","overlay-color":"","overlay-opacity":"","overlay-gradient":""},"tablet":{"background-color":"var(--ast-global-color-5)","background-image":"","background-repeat":"repeat","background-position":"center center","background-size":"auto","background-attachment":"scroll","background-type":"","background-media":"","overlay-type":"","overlay-color":"","overlay-opacity":"","overlay-gradient":""},"mobile":{"background-color":"var(--ast-global-color-5)","background-image":"","background-repeat":"repeat","background-position":"center center","background-size":"auto","background-attachment":"scroll","background-type":"","background-media":"","overlay-type":"","overlay-color":"","overlay-opacity":"","overlay-gradient":""}}},"product_brand":[],"product_cat":[524,504,424,260],"product_tag":[432],"class_list":{"0":"post-12510","1":"product","2":"type-product","3":"status-publish","4":"has-post-thumbnail","6":"product_cat-4-beautymasken","7":"product_cat-cpnp","8":"product_cat-gesicht","9":"product_cat-heimish","10":"product_tag-maske","11":"pa_hauttyp-all","12":"pa_hauttyp-empfindliche-haut","13":"pa_hauttyp-fettige","14":"pa_hauttyp-mischhaut","15":"pa_hauttyp-normal","16":"pa_hauttyp-trockene","17":"desktop-align-left","18":"tablet-align-left","19":"mobile-align-left","21":"first","22":"instock","23":"taxable","24":"shipping-taxable","25":"purchasable","26":"product-type-variable"},"_links":{"self":[{"href":"https:\/\/healthyskinsecrets.ch\/it\/wp-json\/wp\/v2\/product\/12510","targetHints":{"allow":["GET"]}}],"collection":[{"href":"https:\/\/healthyskinsecrets.ch\/it\/wp-json\/wp\/v2\/product"}],"about":[{"href":"https:\/\/healthyskinsecrets.ch\/it\/wp-json\/wp\/v2\/types\/product"}],"replies":[{"embeddable":true,"href":"https:\/\/healthyskinsecrets.ch\/it\/wp-json\/wp\/v2\/comments?post=12510"}],"wp:featuredmedia":[{"embeddable":true,"href":"https:\/\/healthyskinsecrets.ch\/it\/wp-json\/wp\/v2\/media\/12504"}],"wp:attachment":[{"href":"https:\/\/healthyskinsecrets.ch\/it\/wp-json\/wp\/v2\/media?parent=12510"}],"wp:term":[{"taxonomy":"product_brand","embeddable":true,"href":"https:\/\/healthyskinsecrets.ch\/it\/wp-json\/wp\/v2\/product_brand?post=12510"},{"taxonomy":"product_cat","embeddable":true,"href":"https:\/\/healthyskinsecrets.ch\/it\/wp-json\/wp\/v2\/product_cat?post=12510"},{"taxonomy":"product_tag","embeddable":true,"href":"https:\/\/healthyskinsecrets.ch\/it\/wp-json\/wp\/v2\/product_tag?post=12510"}],"curies":[{"name":"wp","href":"https:\/\/api.w.org\/{rel}","templated":true}]}}