{"id":12159,"date":"2023-02-26T13:15:06","date_gmt":"2023-02-26T13:15:06","guid":{"rendered":"https:\/\/healthyskinsecrets.ch\/product\/jkosmec-green-tea-ultimate-hydrating-mask-pack\/"},"modified":"2025-04-09T12:49:44","modified_gmt":"2025-04-09T12:49:44","slug":"jkosmec-green-tea-ultimate-hydrating-mask-pack","status":"publish","type":"product","link":"https:\/\/healthyskinsecrets.ch\/it\/product\/jkosmec-green-tea-ultimate-hydrating-mask-pack\/","title":{"rendered":"JKosmec Green Tea Ultimate Hydrating Mask Pack"},"content":{"rendered":"<h3>Anwendung<\/h3>\n<ol>\n<li>Verwenden Sie nach der Reinigung einen Toner, um die Hautstruktur zu pflegen.<\/li>\n<li>Entfalten Sie die Maske und legen Sie sie auf Ihr Gesicht, wobei Sie die Augen- und Lippenpartie aussparen.<\/li>\n<li>Nehmen Sie die Maske nach 15-20 Minuten ab und tupfen Sie sie sanft auf die Haut, um die Essenzen vollst\u00e4ndig aufzunehmen.<\/li>\n<\/ol>\n<h3>Hauptinhaltsstoffe<\/h3>\n<p>Water, Propylene Glycol, Glycerin, Polysorbate 80, Camellia Sinensis Leaf Extract (250ppm), Butylene Glycol, Lactobacillus\/Soybean Ferment Extract, Portulaca Oleracea Extract, Scutellaria Baicalensis Root Extract, Diospyros Kaki Leaf Extract, Ulmus Campestris (Elm) Bark Extract, Plantago Asiatica Extract, Laminaria Digitata Extract, Salix Alba (Willow) Bark Extract, Dipropylene Glycol, Sodium Hyaluronate, Hydroxyethylcellulose, Carbomer, Triethanolamine, Chlorphenesin, Phenoxyethanol, Disodium EDTA, Fragrance<\/p>\n<p>*Eine Ver\u00e4nderung der Inhaltsstoffe unterliegt dem Ermessen des Herstellers. Willst du vor dem Kauf ganz sicher gehen? Dann kontaktiere uns f\u00fcr ein Foto der aktuellen Produktverpackung.<\/p>\n<h3>Warnhinweise<\/h3>\n<ol>\n<li>Nur zur \u00e4u\u00dferlichen Anwendung geeignet.<\/li>\n<li>Nicht auf verletzte Haut oder auf Wunden auftragen.<\/li>\n<li>Sollten Nebenwirkungen wie Irritationen oder Ausschlag eintreten, Anwendung sofort beenden und unverz\u00fcglich an einen Arzt wenden.<\/li>\n<li>Kontakt mit den Augen vermeiden. Sollte das Produkt ins Auge gelangen, das Auge sofort gr\u00fcndlich mit klarem Wasser aussp\u00fclen.<\/li>\n<li>Au\u00dfer Reichweite von Kindern aufbewahren.<\/li>\n<li>Nicht schlucken. Bei Verschlucken Arzt oder Giftzentrale aufsuchen.<\/li>\n<\/ol>\n","protected":false},"excerpt":{"rendered":"<p>Der Green Tea Ultimate Hydrating Mask Pack enth\u00e4lt Catechine, die aktiven Sauerstoff hemmen, der eine der Ursachen der Hautalterung ist, und stumpfer Haut Energie zur\u00fcckgeben. Reguliert den Talg- und Wasser-\u00d6l-Haushalt Ihrer Haut und macht sie gesund und strahlend. Gr\u00fcntee-Extrakt enth\u00e4lt au\u00dferdem Tannine, die antibakteriell wirken, Ihre Haut vor den Folgen von Stress und Sonnenlicht sch\u00fctzen.<\/p>\n<p><strong>Aktive Komponenten: Green Tea<\/strong><\/p>\n<ul>\n<li>Gr\u00fcntee-Extrakt beruhigt, spendet Feuchtigkeit und k\u00fchlt die Haut.<\/li>\n<li>Gr\u00fcntee-Extrakt enth\u00e4lt Catechine, die den aktiven Sauerstoff hemmen, der eine der Ursachen des Alterns ist, und der stumpfen Haut Energie zur\u00fcckgeben.<\/li>\n<li>Gr\u00fcntee-Extrakt enth\u00e4lt auch Tannine, die antibakteriell wirken und Ihre Haut vor den Folgen von Stress und Sonnenlicht sch\u00fctzen.<\/li>\n<li>Reguliert das Talg- und Wasser-\u00d6l-Gleichgewicht Ihrer Haut und macht sie gesund und strahlend.<\/li>\n<li>Die Maske hilft, das Feuchtigkeitsgleichgewicht wiederherzustellen, Geschmeidigkeit und einen gesunden Teint der Haut wiederherzustellen.<\/li>\n<\/ul>\n<p><strong>Hauptfunktion: <\/strong>Reinigend, feuchtigkeitsspendend, porenberuhigend<\/p>\n","protected":false},"featured_media":12197,"comment_status":"open","ping_status":"closed","template":"","meta":{"content-type":"","site-sidebar-layout":"default","site-content-layout":"default","ast-site-content-layout":"default","site-content-style":"default","site-sidebar-style":"default","ast-global-header-display":"","ast-banner-title-visibility":"","ast-main-header-display":"","ast-hfb-above-header-display":"","ast-hfb-below-header-display":"","ast-hfb-mobile-header-display":"","site-post-title":"","ast-breadcrumbs-content":"","ast-featured-img":"","footer-sml-layout":"","ast-disable-related-posts":"","theme-transparent-header-meta":"default","adv-header-id-meta":"","stick-header-meta":"","header-above-stick-meta":"","header-main-stick-meta":"","header-below-stick-meta":"","astra-migrate-meta-layouts":"set","ast-page-background-enabled":"default","ast-page-background-meta":{"desktop":{"background-color":"","background-image":"","background-repeat":"repeat","background-position":"center center","background-size":"auto","background-attachment":"scroll","background-type":"","background-media":"","overlay-type":"","overlay-color":"","overlay-opacity":"","overlay-gradient":""},"tablet":{"background-color":"","background-image":"","background-repeat":"repeat","background-position":"center center","background-size":"auto","background-attachment":"scroll","background-type":"","background-media":"","overlay-type":"","overlay-color":"","overlay-opacity":"","overlay-gradient":""},"mobile":{"background-color":"","background-image":"","background-repeat":"repeat","background-position":"center center","background-size":"auto","background-attachment":"scroll","background-type":"","background-media":"","overlay-type":"","overlay-color":"","overlay-opacity":"","overlay-gradient":""}},"ast-content-background-meta":{"desktop":{"background-color":"var(--ast-global-color-5)","background-image":"","background-repeat":"repeat","background-position":"center center","background-size":"auto","background-attachment":"scroll","background-type":"","background-media":"","overlay-type":"","overlay-color":"","overlay-opacity":"","overlay-gradient":""},"tablet":{"background-color":"var(--ast-global-color-5)","background-image":"","background-repeat":"repeat","background-position":"center center","background-size":"auto","background-attachment":"scroll","background-type":"","background-media":"","overlay-type":"","overlay-color":"","overlay-opacity":"","overlay-gradient":""},"mobile":{"background-color":"var(--ast-global-color-5)","background-image":"","background-repeat":"repeat","background-position":"center center","background-size":"auto","background-attachment":"scroll","background-type":"","background-media":"","overlay-type":"","overlay-color":"","overlay-opacity":"","overlay-gradient":""}}},"product_brand":[],"product_cat":[524,503],"product_tag":[432],"class_list":{"0":"post-12159","1":"product","2":"type-product","3":"status-publish","4":"has-post-thumbnail","6":"product_cat-4-beautymasken","7":"product_cat-jkosmec","8":"product_tag-maske","9":"pa_beduerfnisse-anti-aging","10":"pa_beduerfnisse-matte-muede","11":"pa_beduerfnisse-talg","12":"pa_beduerfnisse-trockenheit","13":"pa_hauttyp-all","14":"pa_hauttyp-fettige","15":"pa_hauttyp-mischhaut","16":"pa_hauttyp-normal","17":"pa_hauttyp-trockene","18":"desktop-align-left","19":"tablet-align-left","20":"mobile-align-left","22":"first","23":"instock","24":"taxable","25":"shipping-taxable","26":"product-type-variable"},"_links":{"self":[{"href":"https:\/\/healthyskinsecrets.ch\/it\/wp-json\/wp\/v2\/product\/12159","targetHints":{"allow":["GET"]}}],"collection":[{"href":"https:\/\/healthyskinsecrets.ch\/it\/wp-json\/wp\/v2\/product"}],"about":[{"href":"https:\/\/healthyskinsecrets.ch\/it\/wp-json\/wp\/v2\/types\/product"}],"replies":[{"embeddable":true,"href":"https:\/\/healthyskinsecrets.ch\/it\/wp-json\/wp\/v2\/comments?post=12159"}],"wp:featuredmedia":[{"embeddable":true,"href":"https:\/\/healthyskinsecrets.ch\/it\/wp-json\/wp\/v2\/media\/12197"}],"wp:attachment":[{"href":"https:\/\/healthyskinsecrets.ch\/it\/wp-json\/wp\/v2\/media?parent=12159"}],"wp:term":[{"taxonomy":"product_brand","embeddable":true,"href":"https:\/\/healthyskinsecrets.ch\/it\/wp-json\/wp\/v2\/product_brand?post=12159"},{"taxonomy":"product_cat","embeddable":true,"href":"https:\/\/healthyskinsecrets.ch\/it\/wp-json\/wp\/v2\/product_cat?post=12159"},{"taxonomy":"product_tag","embeddable":true,"href":"https:\/\/healthyskinsecrets.ch\/it\/wp-json\/wp\/v2\/product_tag?post=12159"}],"curies":[{"name":"wp","href":"https:\/\/api.w.org\/{rel}","templated":true}]}}