{"id":12130,"date":"2023-02-26T13:14:57","date_gmt":"2023-02-26T13:14:57","guid":{"rendered":"https:\/\/healthyskinsecrets.ch\/product\/vt-cosmetics-cica-nutrition-sleeping-mask\/"},"modified":"2026-02-24T11:04:23","modified_gmt":"2026-02-24T11:04:23","slug":"vt-cosmetics-cica-nutrition-sleeping-mask","status":"publish","type":"product","link":"https:\/\/healthyskinsecrets.ch\/it\/product\/vt-cosmetics-cica-nutrition-sleeping-mask\/","title":{"rendered":"VT Cosmetics CICA Nutrition Sleeping Mask"},"content":{"rendered":"<h3>Anwendung<\/h3>\n<ol>\n<li>Bereiten Sie Ihre Haut nach der Reinigung mit Toner vor.<\/li>\n<li>Verteilen Sie die Formel gleichm\u00e4\u00dfig \u00fcber das gesamte Gesicht.<\/li>\n<li>\u00a0Morgens mit lauwarmem Wasser absp\u00fclen.<\/li>\n<\/ol>\n<h3>Inhaltsstoffe<\/h3>\n<p>Water, Glycerin, Cetyl Ethylhexanoate, Ethylhexyl Palmitate, Butylene Glycol, Cetearyl Alcohol, Propanediol, Glycosyl Trehalose, Polysorbate 60, Glyceryl Polymethacrylate, Palmitic Acid, Hydrogenated Starch Hydrolysate, Glyceryl Stearate, 1,2-Hexanediol, Vinyl Dimethicone, PEG-100 Stearate, Stearic Acid, Sodium Carbomer, Hydroxyacetophenone, Sorbitan Stearate, Propylene Glycol, Sodium Acrylate\/Sodium Acryloyldimethyl Taurate Copolymer, Isohexadecane, Xanthan Gum, Coptis Japonica Root Extract, Fragrance, Centella Asiatica Extract, Polysorbate 80, Ethylhexylglycerin, Melia Azadirachta Leaf Extract, Disodium EDTA, Theobroma Cacao (Cocoa) Seed Extract, Sorbitan Oleate, Sodium Hyaluronate, Hyaluronic Acid, Hydrolyzed Hyaluronic Acid, Myristic Acid, Dextrin, Melia Azadirachta Flower Extract, Leontopodium Alpinum Callus Culture Extract, Vaccinium Macrocarpon (Cranberry) Fruit Extract, Adansonia Digitata Seed Extract, Equisetum Arvense Extract, Olea Europaea (Olive) Leaf Extract, Sophora Japonica Flower Extract, Fructan, Propolis Extract, Asiaticoside, Madecassic Acid, Asiatic Acid, Madecassoside, Rubus Fruticosus (Blackberry) Fruit Extract, Euterpe Oleracea Fruit Extract, Ribes Nigrum (Black Currant) Fruit Extract, Phyllanthus Emblica Fruit Extract, Malpighia Glabra (Acerola) Fruit Extract, Vaccinium Angustifolium (Blueberry) Fruit Extract, Fragaria Chiloensis (Strawberry) Fruit Extract, Vaccinium Vitis-Idaea Fruit Extract, Vaccinium Myrtillus Fruit Extract<\/p>\n<h3>Warnhinweise<\/h3>\n<ol>\n<li>Nur zur \u00e4u\u00dferlichen Anwendung geeignet.<\/li>\n<li>Nicht auf verletzte Haut oder auf Wunden auftragen.<\/li>\n<li>Sollten Nebenwirkungen wie Irritationen oder Ausschlag eintreten, Anwendung sofort beenden und unverz\u00fcglich an einen Arzt wenden.<\/li>\n<li>Kontakt mit den Augen vermeiden. Sollte das Produkt ins Auge gelangen, das Auge sofort gr\u00fcndlich mit klarem Wasser aussp\u00fclen.<\/li>\n<li>Au\u00dfer Reichweite von Kindern aufbewahren.<\/li>\n<li>Nicht schlucken. Bei Verschlucken Arzt oder Giftzentrale aufsuchen.<\/li>\n<\/ol>\n","protected":false},"excerpt":{"rendered":"<p>Eine einzeln verpackte Schlafmaskenpackung pflegt intensiv. Die leichte, schnell einziehende Formel hinterl\u00e4sst ein angenehmes und gesch\u00fctztes Hautgef\u00fchl. Mit CICALIAO&#x2122; und CICAHYALON&#x2122; f\u00fcr hervorragende beruhigende und feuchtigkeitsspendende Eigenschaften. Sein Beerenkomplex hilft auch, die Haut zu beleben und aufzuhellen.<\/p>\n","protected":false},"featured_media":12247,"comment_status":"open","ping_status":"closed","template":"","meta":{"content-type":"","site-sidebar-layout":"default","site-content-layout":"default","ast-site-content-layout":"default","site-content-style":"default","site-sidebar-style":"default","ast-global-header-display":"","ast-banner-title-visibility":"","ast-main-header-display":"","ast-hfb-above-header-display":"","ast-hfb-below-header-display":"","ast-hfb-mobile-header-display":"","site-post-title":"","ast-breadcrumbs-content":"","ast-featured-img":"","footer-sml-layout":"","ast-disable-related-posts":"","theme-transparent-header-meta":"default","adv-header-id-meta":"","stick-header-meta":"","header-above-stick-meta":"","header-main-stick-meta":"","header-below-stick-meta":"","astra-migrate-meta-layouts":"default","ast-page-background-enabled":"default","ast-page-background-meta":{"desktop":{"background-color":"","background-image":"","background-repeat":"repeat","background-position":"center center","background-size":"auto","background-attachment":"scroll","background-type":"","background-media":"","overlay-type":"","overlay-color":"","overlay-opacity":"","overlay-gradient":""},"tablet":{"background-color":"","background-image":"","background-repeat":"repeat","background-position":"center center","background-size":"auto","background-attachment":"scroll","background-type":"","background-media":"","overlay-type":"","overlay-color":"","overlay-opacity":"","overlay-gradient":""},"mobile":{"background-color":"","background-image":"","background-repeat":"repeat","background-position":"center center","background-size":"auto","background-attachment":"scroll","background-type":"","background-media":"","overlay-type":"","overlay-color":"","overlay-opacity":"","overlay-gradient":""}},"ast-content-background-meta":{"desktop":{"background-color":"var(--ast-global-color-5)","background-image":"","background-repeat":"repeat","background-position":"center center","background-size":"auto","background-attachment":"scroll","background-type":"","background-media":"","overlay-type":"","overlay-color":"","overlay-opacity":"","overlay-gradient":""},"tablet":{"background-color":"var(--ast-global-color-5)","background-image":"","background-repeat":"repeat","background-position":"center center","background-size":"auto","background-attachment":"scroll","background-type":"","background-media":"","overlay-type":"","overlay-color":"","overlay-opacity":"","overlay-gradient":""},"mobile":{"background-color":"var(--ast-global-color-5)","background-image":"","background-repeat":"repeat","background-position":"center center","background-size":"auto","background-attachment":"scroll","background-type":"","background-media":"","overlay-type":"","overlay-color":"","overlay-opacity":"","overlay-gradient":""}}},"product_brand":[],"product_cat":[524,532,504,424,334],"product_tag":[439],"class_list":{"0":"post-12130","1":"product","2":"type-product","3":"status-publish","4":"has-post-thumbnail","6":"product_cat-4-beautymasken","7":"product_cat-9-nachtcreme","8":"product_cat-cpnp","9":"product_cat-gesicht","10":"product_cat-vt-cosmetics","11":"product_tag-schlafmaske","12":"pa_beduerfnisse-pigmentierung","13":"pa_beduerfnisse-trockenheit","14":"pa_hauttyp-all","15":"pa_hauttyp-fettige","16":"pa_hauttyp-mischhaut","17":"pa_hauttyp-normal","18":"pa_hauttyp-trockene","19":"desktop-align-left","20":"tablet-align-left","21":"mobile-align-left","23":"first","24":"outofstock","25":"taxable","26":"shipping-taxable","27":"purchasable","28":"product-type-variable"},"_links":{"self":[{"href":"https:\/\/healthyskinsecrets.ch\/it\/wp-json\/wp\/v2\/product\/12130","targetHints":{"allow":["GET"]}}],"collection":[{"href":"https:\/\/healthyskinsecrets.ch\/it\/wp-json\/wp\/v2\/product"}],"about":[{"href":"https:\/\/healthyskinsecrets.ch\/it\/wp-json\/wp\/v2\/types\/product"}],"replies":[{"embeddable":true,"href":"https:\/\/healthyskinsecrets.ch\/it\/wp-json\/wp\/v2\/comments?post=12130"}],"wp:featuredmedia":[{"embeddable":true,"href":"https:\/\/healthyskinsecrets.ch\/it\/wp-json\/wp\/v2\/media\/12247"}],"wp:attachment":[{"href":"https:\/\/healthyskinsecrets.ch\/it\/wp-json\/wp\/v2\/media?parent=12130"}],"wp:term":[{"taxonomy":"product_brand","embeddable":true,"href":"https:\/\/healthyskinsecrets.ch\/it\/wp-json\/wp\/v2\/product_brand?post=12130"},{"taxonomy":"product_cat","embeddable":true,"href":"https:\/\/healthyskinsecrets.ch\/it\/wp-json\/wp\/v2\/product_cat?post=12130"},{"taxonomy":"product_tag","embeddable":true,"href":"https:\/\/healthyskinsecrets.ch\/it\/wp-json\/wp\/v2\/product_tag?post=12130"}],"curies":[{"name":"wp","href":"https:\/\/api.w.org\/{rel}","templated":true}]}}