{"id":12087,"date":"2023-02-26T12:32:23","date_gmt":"2023-02-26T12:32:23","guid":{"rendered":"https:\/\/healthyskinsecrets.ch\/product\/miverum-forever-young-miracle-20-toner\/"},"modified":"2026-03-30T12:19:59","modified_gmt":"2026-03-30T12:19:59","slug":"miverum-forever-young-miracle-20-toner","status":"publish","type":"product","link":"https:\/\/healthyskinsecrets.ch\/it\/product\/miverum-forever-young-miracle-20-toner\/","title":{"rendered":"Miverum Forever Young Miracle 20 Toner"},"content":{"rendered":"<h3>Anwendung<\/h3>\n<ol>\n<li>Nachdem Sie die Flasche gesch\u00fcttelt haben, nehmen Sie eine angemessene Menge des Toners und tragen Sie ihn sanft auf die Haut auf, tupfen Sie ihn zur besseren Aufnahme leicht ein oder tr\u00e4nken Sie das Wattepad mit dem Toner und wischen Sie die Haut sanft ab.<\/li>\n<\/ol>\n<h3>Hauptinhaltsstoffe<\/h3>\n<p>Water, Butylene Glycol, Glycerin, Propanediol, Panthenol, Betaine, Dipropylene Glycol, Hydroxyacetophenone, Allantoin, Polyglyceryl-10 Laurate, Caprylyl Glycol, Polyglyceryl-10 Myristate, Disodium EDTA, Hippophae Rhamnoides Extract, Dipotassium Glycyrrhizate, 1,2-Hexanediol. Rubus Idaeus (Raspberry) Fruit Extract, Solanum Tuberosum (Potato) Pulp Extract, Solanum Lycopersicum (Tomato) Fruit\/Leaf\/Stem Extract, Oryza Sativa (Rice) Extract, Glycine Soja (Soybean) Seed Extract, Daucus Carota Sativa (Carrot) Root Extract, Cucurbita Pepo (Pumpkin) Fruit Extract, Cucumis Sativus (Cucumber) Fruit Extract, Brassica Oleracea Italica (Broccoli) Extract, Orchid Extract, Vaccinium Myrtillus Fruit Extract, Vaccinium Angustifolium (Blueberry) Fruit Extract, Sambucus Nigra Fruit Extract, Rubus Fruticosus (Blackberry) Fruit Extract, Phyllanthus Emblica Fruit Extract, Myrciaria Dubia Fruit Extract, Lycium Chinense Fruit Extract, Fragaria Chiloensis (Strawberry) Fruit Extract, Euterpe Oleracea Fruit Extract, Phenoxyethanol, Fragrance<\/p>\n<p>*Eine Ver\u00e4nderung der Inhaltsstoffe unterliegt dem Ermessen des Herstellers. Willst du vor dem Kauf ganz sicher gehen? Dann kontaktiere uns f\u00fcr ein Foto der aktuellen Produktverpackung.<\/p>\n<h3>Warnhinweise<\/h3>\n<ol>\n<li>Nur zur \u00e4u\u00dferlichen Anwendung geeignet.<\/li>\n<li>Nicht auf verletzte Haut oder auf Wunden auftragen.<\/li>\n<li>Sollten Nebenwirkungen wie Irritationen oder Ausschlag eintreten, Anwendung sofort beenden und unverz\u00fcglich an einen Arzt wenden.<\/li>\n<li>Kontakt mit den Augen vermeiden. Sollte das Produkt ins Auge gelangen, das Auge sofort gr\u00fcndlich mit klarem Wasser aussp\u00fclen.<\/li>\n<li>Au\u00dfer Reichweite von Kindern aufbewahren.<\/li>\n<li>Nicht schlucken. Bei Verschlucken Arzt oder Giftzentrale aufsuchen.<\/li>\n<\/ol>\n","protected":false},"excerpt":{"rendered":"<p><strong>Miverum Forever Young Miracle 20 Toner<\/strong> mit zwanzig Pflanzenextrakten ist der Beginn Ihrer jugendlichen Haut. Nat\u00fcrliche Inhaltsstoffe spenden intensiv Feuchtigkeit und pflegen die gestresste Haut und geben ihr Festigkeit, Elastizit\u00e4t und einen gesunden Teint zur\u00fcck.<\/p>\n<p><strong>Wirkstoffe: <\/strong>20 nat\u00fcrliche Extrakte<\/p>\n<ul>\n<li>Leistungsstarker antioxidativer Beerenkomplex: Enth\u00e4lt 10 Arten von Extrakten, die die Haut weich, glatt und sauber machen. Der Komplex bietet auch eine wirksame Anti-Aging-Pflege, indem er freie Radikale beseitigt, die die Hauptursachen der Hautalterung sind.<\/li>\n<li>Orchideenextrakt: ist ein ausgezeichnetes Antioxidans, das auch f\u00fcr seine feuchtigkeitsspendende und aufhellende Wirkung bekannt ist. Der Orchideenextrakt hilft, Ihre Haut nach der Reinigung nat\u00fcrlich strahlend und geschmeidig zu halten.<\/li>\n<li>Komplex aus 9 Arten von Extrakten: aus Pflanzen wie Tomaten und Brokkoli gewonnen, hilft, die Haut gesund und voller Energie zu halten.<\/li>\n<li>Panthenol: Hilft, die Hautbarriere zu st\u00e4rken, um die Vitalit\u00e4t der Haut und einen gesunden Teint zu erhalten.<\/li>\n<\/ul>\n<p><strong>Hauptfunktion: <\/strong>Feuchtigkeitsspendend, Anti-Aging<\/p>\n","protected":false},"featured_media":12081,"comment_status":"open","ping_status":"closed","template":"","meta":{"content-type":"","site-sidebar-layout":"default","site-content-layout":"default","ast-site-content-layout":"default","site-content-style":"default","site-sidebar-style":"default","ast-global-header-display":"","ast-banner-title-visibility":"","ast-main-header-display":"","ast-hfb-above-header-display":"","ast-hfb-below-header-display":"","ast-hfb-mobile-header-display":"","site-post-title":"","ast-breadcrumbs-content":"","ast-featured-img":"","footer-sml-layout":"","ast-disable-related-posts":"","theme-transparent-header-meta":"default","adv-header-id-meta":"","stick-header-meta":"","header-above-stick-meta":"","header-main-stick-meta":"","header-below-stick-meta":"","astra-migrate-meta-layouts":"set","ast-page-background-enabled":"default","ast-page-background-meta":{"desktop":{"background-color":"","background-image":"","background-repeat":"repeat","background-position":"center center","background-size":"auto","background-attachment":"scroll","background-type":"","background-media":"","overlay-type":"","overlay-color":"","overlay-opacity":"","overlay-gradient":""},"tablet":{"background-color":"","background-image":"","background-repeat":"repeat","background-position":"center center","background-size":"auto","background-attachment":"scroll","background-type":"","background-media":"","overlay-type":"","overlay-color":"","overlay-opacity":"","overlay-gradient":""},"mobile":{"background-color":"","background-image":"","background-repeat":"repeat","background-position":"center center","background-size":"auto","background-attachment":"scroll","background-type":"","background-media":"","overlay-type":"","overlay-color":"","overlay-opacity":"","overlay-gradient":""}},"ast-content-background-meta":{"desktop":{"background-color":"var(--ast-global-color-5)","background-image":"","background-repeat":"repeat","background-position":"center center","background-size":"auto","background-attachment":"scroll","background-type":"","background-media":"","overlay-type":"","overlay-color":"","overlay-opacity":"","overlay-gradient":""},"tablet":{"background-color":"var(--ast-global-color-5)","background-image":"","background-repeat":"repeat","background-position":"center center","background-size":"auto","background-attachment":"scroll","background-type":"","background-media":"","overlay-type":"","overlay-color":"","overlay-opacity":"","overlay-gradient":""},"mobile":{"background-color":"var(--ast-global-color-5)","background-image":"","background-repeat":"repeat","background-position":"center center","background-size":"auto","background-attachment":"scroll","background-type":"","background-media":"","overlay-type":"","overlay-color":"","overlay-opacity":"","overlay-gradient":""}}},"product_brand":[],"product_cat":[510,500],"product_tag":[40],"class_list":{"0":"post-12087","1":"product","2":"type-product","3":"status-publish","4":"has-post-thumbnail","6":"product_cat-3-gesichtswasser-toner","7":"product_cat-miverum","8":"product_tag-toner-mist","9":"pa_beduerfnisse-anti-aging","10":"pa_beduerfnisse-falten","11":"pa_beduerfnisse-matte-muede","12":"pa_beduerfnisse-trockenheit","13":"pa_hauttyp-all","14":"pa_hauttyp-fettige","15":"pa_hauttyp-mischhaut","16":"pa_hauttyp-normal","17":"pa_hauttyp-trockene","18":"desktop-align-left","19":"tablet-align-left","20":"mobile-align-left","22":"first","23":"instock","24":"taxable","25":"shipping-taxable","26":"product-type-variable"},"_links":{"self":[{"href":"https:\/\/healthyskinsecrets.ch\/it\/wp-json\/wp\/v2\/product\/12087","targetHints":{"allow":["GET"]}}],"collection":[{"href":"https:\/\/healthyskinsecrets.ch\/it\/wp-json\/wp\/v2\/product"}],"about":[{"href":"https:\/\/healthyskinsecrets.ch\/it\/wp-json\/wp\/v2\/types\/product"}],"replies":[{"embeddable":true,"href":"https:\/\/healthyskinsecrets.ch\/it\/wp-json\/wp\/v2\/comments?post=12087"}],"wp:featuredmedia":[{"embeddable":true,"href":"https:\/\/healthyskinsecrets.ch\/it\/wp-json\/wp\/v2\/media\/12081"}],"wp:attachment":[{"href":"https:\/\/healthyskinsecrets.ch\/it\/wp-json\/wp\/v2\/media?parent=12087"}],"wp:term":[{"taxonomy":"product_brand","embeddable":true,"href":"https:\/\/healthyskinsecrets.ch\/it\/wp-json\/wp\/v2\/product_brand?post=12087"},{"taxonomy":"product_cat","embeddable":true,"href":"https:\/\/healthyskinsecrets.ch\/it\/wp-json\/wp\/v2\/product_cat?post=12087"},{"taxonomy":"product_tag","embeddable":true,"href":"https:\/\/healthyskinsecrets.ch\/it\/wp-json\/wp\/v2\/product_tag?post=12087"}],"curies":[{"name":"wp","href":"https:\/\/api.w.org\/{rel}","templated":true}]}}