{"id":12034,"date":"2023-02-26T12:31:58","date_gmt":"2023-02-26T12:31:58","guid":{"rendered":"https:\/\/healthyskinsecrets.ch\/product\/jkosmec-primrose-and-snail-hand-cream-100ml\/"},"modified":"2024-09-16T19:41:39","modified_gmt":"2024-09-16T19:41:39","slug":"jkosmec-primrose-and-snail-hand-cream-100ml","status":"publish","type":"product","link":"https:\/\/healthyskinsecrets.ch\/it\/product\/jkosmec-primrose-and-snail-hand-cream-100ml\/","title":{"rendered":"JKosmec Primrose and Snail Hand Cream 100ml"},"content":{"rendered":"<h3>Anwendung<\/h3>\n<ol>\n<li>Geben Sie eine angemessene Menge auf den Handr\u00fccken und reiben Sie die Handr\u00fccken aneinander.<\/li>\n<li>Tragen Sie das Produkt auf die gesamten H\u00e4nde auf. Die weiche Creme verteilt sich, w\u00e4hrend sie auf Ihren H\u00e4nden schmilzt.<\/li>\n<\/ol>\n<h3>Hauptinhaltsstoffe<\/h3>\n<p>Water, Mineral Oil, Sorbitol, Cetearyl Alcohol, Palmitic Acid, Glyceryl Stearate, Stearic Acid, Carbomer, Triethanolamine, Polysorbate 60, Sorbitan Stearate, Dimethicone, Xanthan Gum, Oenothera Biennis (Evening Primrose) Oil(1,000ppm), Butylene Glycol, Myristic Acid, Lauric Acid, Snail Secretion Filtrate(100ppm), Butyrospermum Parkii (Shea) Butter, Sodium Hyaluronate, Centella Asiatica Extract, Scutellaria Baicalensis Root Extract, Polygonum Cuspidatum Root Extract, 1,2-Hexanediol, Glycyrrhiza Glabra (Licorice) Root Extract, Camellia Sinensis Leaf Extract, Chamomilla Recutita (Matricaria) Flower Extract, Rosmarinus Officinalis (Rosemary) Leaf Extract, Phenoxyethanol, Chlorphenesin, Disodium EDTA, Fragrance<\/p>\n<p>*Eine Ver\u00e4nderung der Inhaltsstoffe unterliegt dem Ermessen des Herstellers. Willst du vor dem Kauf ganz sicher gehen? Dann kontaktiere uns f\u00fcr ein Foto der aktuellen Produktverpackung.<\/p>\n<h3>Warnhinweise<\/h3>\n<ol>\n<li>Nur zur \u00e4u\u00dferlichen Anwendung geeignet.<\/li>\n<li>Nicht auf verletzte Haut oder auf Wunden auftragen.<\/li>\n<li>Sollten Nebenwirkungen wie Irritationen oder Ausschlag eintreten, Anwendung sofort beenden und unverz\u00fcglich an einen Arzt wenden.<\/li>\n<li>Kontakt mit den Augen vermeiden. Sollte das Produkt ins Auge gelangen, das Auge sofort gr\u00fcndlich mit klarem Wasser aussp\u00fclen.<\/li>\n<li>Au\u00dfer Reichweite von Kindern aufbewahren.<\/li>\n<li>Nicht schlucken. Bei Verschlucken Arzt oder Giftzentrale aufsuchen.<\/li>\n<\/ol>\n","protected":false},"excerpt":{"rendered":"<p><strong>JKosmec Primrose and Snail Hand Cream<\/strong> Diese Handcreme enth\u00e4lt nat\u00fcrliche feuchtigkeitsspendende Inhaltsstoffe wie Schneckenschleim und Nachtkerzen\u00f6l, die Ihre Haut sanft pflegen und geschmeidiger machen. Die Creme zieht schnell ein, ohne klebriges Finish f\u00fcr Ihre weiche und glatte Haut, was sie ideal f\u00fcr B\u00fcroangestellte macht. Der leichte und sanfte Duft von Primel wird Sie jedes Mal erfreuen, wenn Sie diese Creme auftragen, und Ihnen den ganzen Tag lang Freude und Gl\u00fccksgef\u00fchle geben.<\/p>\n<p><strong>Wirkstoffe: <\/strong> Primel, Schneckenschleim, Sheabutter<\/p>\n<ul>\n<li>Nat\u00fcrliche feuchtigkeitsspendende Komponenten: Diese spezielle parf\u00fcmierte Handcreme, die nat\u00fcrliche feuchtigkeitsspendende Inhaltsstoffe wie Nachtkerzen\u00f6l und Schneckenschleim enth\u00e4lt, pflegt Ihre Haut aktiv und hinterl\u00e4sst einen zarten Duft.<\/li>\n<li>Seidiger Hauteffekt: Die Kombination aus Nachtkerzen\u00f6l, Schneckenschleim und Sheabutter pflegt aktiv trockene Handhaut und macht sie gesund, strahlend und strahlend.<\/li>\n<li>Feuchtigkeitskraft der Nachtkerze: Nachtkerzen\u00f6l zieht gut ein, um Ihre H\u00e4nde glatt und weich zu halten.<\/li>\n<\/ul>\n<p><strong>Hauptfunktion: F<\/strong>euchtigkeitsspendend<\/p>\n","protected":false},"featured_media":12030,"comment_status":"open","ping_status":"closed","template":"","meta":{"content-type":"","site-sidebar-layout":"default","site-content-layout":"default","ast-site-content-layout":"default","site-content-style":"default","site-sidebar-style":"default","ast-global-header-display":"","ast-banner-title-visibility":"","ast-main-header-display":"","ast-hfb-above-header-display":"","ast-hfb-below-header-display":"","ast-hfb-mobile-header-display":"","site-post-title":"","ast-breadcrumbs-content":"","ast-featured-img":"","footer-sml-layout":"","ast-disable-related-posts":"","theme-transparent-header-meta":"default","adv-header-id-meta":"","stick-header-meta":"","header-above-stick-meta":"","header-main-stick-meta":"","header-below-stick-meta":"","astra-migrate-meta-layouts":"set","ast-page-background-enabled":"default","ast-page-background-meta":{"desktop":{"background-color":"","background-image":"","background-repeat":"repeat","background-position":"center center","background-size":"auto","background-attachment":"scroll","background-type":"","background-media":"","overlay-type":"","overlay-color":"","overlay-opacity":"","overlay-gradient":""},"tablet":{"background-color":"","background-image":"","background-repeat":"repeat","background-position":"center center","background-size":"auto","background-attachment":"scroll","background-type":"","background-media":"","overlay-type":"","overlay-color":"","overlay-opacity":"","overlay-gradient":""},"mobile":{"background-color":"","background-image":"","background-repeat":"repeat","background-position":"center center","background-size":"auto","background-attachment":"scroll","background-type":"","background-media":"","overlay-type":"","overlay-color":"","overlay-opacity":"","overlay-gradient":""}},"ast-content-background-meta":{"desktop":{"background-color":"var(--ast-global-color-5)","background-image":"","background-repeat":"repeat","background-position":"center center","background-size":"auto","background-attachment":"scroll","background-type":"","background-media":"","overlay-type":"","overlay-color":"","overlay-opacity":"","overlay-gradient":""},"tablet":{"background-color":"var(--ast-global-color-5)","background-image":"","background-repeat":"repeat","background-position":"center center","background-size":"auto","background-attachment":"scroll","background-type":"","background-media":"","overlay-type":"","overlay-color":"","overlay-opacity":"","overlay-gradient":""},"mobile":{"background-color":"var(--ast-global-color-5)","background-image":"","background-repeat":"repeat","background-position":"center center","background-size":"auto","background-attachment":"scroll","background-type":"","background-media":"","overlay-type":"","overlay-color":"","overlay-opacity":"","overlay-gradient":""}}},"product_brand":[],"product_cat":[484,503,437],"product_tag":[],"class_list":{"0":"post-12034","1":"product","2":"type-product","3":"status-publish","4":"has-post-thumbnail","6":"product_cat-handpflege","7":"product_cat-jkosmec","8":"product_cat-koerper","9":"pa_beduerfnisse-trockenheit","10":"pa_hauttyp-all","11":"pa_hauttyp-fettige","12":"pa_hauttyp-mischhaut","13":"pa_hauttyp-normal","14":"pa_hauttyp-trockene","15":"desktop-align-left","16":"tablet-align-left","17":"mobile-align-left","19":"first","20":"instock","21":"taxable","22":"shipping-taxable","23":"product-type-variable"},"_links":{"self":[{"href":"https:\/\/healthyskinsecrets.ch\/it\/wp-json\/wp\/v2\/product\/12034","targetHints":{"allow":["GET"]}}],"collection":[{"href":"https:\/\/healthyskinsecrets.ch\/it\/wp-json\/wp\/v2\/product"}],"about":[{"href":"https:\/\/healthyskinsecrets.ch\/it\/wp-json\/wp\/v2\/types\/product"}],"replies":[{"embeddable":true,"href":"https:\/\/healthyskinsecrets.ch\/it\/wp-json\/wp\/v2\/comments?post=12034"}],"wp:featuredmedia":[{"embeddable":true,"href":"https:\/\/healthyskinsecrets.ch\/it\/wp-json\/wp\/v2\/media\/12030"}],"wp:attachment":[{"href":"https:\/\/healthyskinsecrets.ch\/it\/wp-json\/wp\/v2\/media?parent=12034"}],"wp:term":[{"taxonomy":"product_brand","embeddable":true,"href":"https:\/\/healthyskinsecrets.ch\/it\/wp-json\/wp\/v2\/product_brand?post=12034"},{"taxonomy":"product_cat","embeddable":true,"href":"https:\/\/healthyskinsecrets.ch\/it\/wp-json\/wp\/v2\/product_cat?post=12034"},{"taxonomy":"product_tag","embeddable":true,"href":"https:\/\/healthyskinsecrets.ch\/it\/wp-json\/wp\/v2\/product_tag?post=12034"}],"curies":[{"name":"wp","href":"https:\/\/api.w.org\/{rel}","templated":true}]}}