{"id":12011,"date":"2023-02-26T12:31:49","date_gmt":"2023-02-26T12:31:49","guid":{"rendered":"https:\/\/healthyskinsecrets.ch\/product\/jkosmec-sweet-mango-soothing-gel-300ml\/"},"modified":"2024-09-16T19:43:30","modified_gmt":"2024-09-16T19:43:30","slug":"jkosmec-sweet-mango-soothing-gel-300ml","status":"publish","type":"product","link":"https:\/\/healthyskinsecrets.ch\/it\/product\/jkosmec-sweet-mango-soothing-gel-300ml\/","title":{"rendered":"JKosmec Sweet Mango Soothing Gel 300ml"},"content":{"rendered":"<h3>Anwendung<\/h3>\n<p>Tragen Sie eine ausreichende Menge auf Gesicht und K\u00f6rper auf, wo die Haut Feuchtigkeit und Beruhigung ben\u00f6tigt.<\/p>\n<h3>Inhaltsstoffe<\/h3>\n<p>Water, Mangifera Indica (Mango) Fruit Extract (900ppm), Butylene Glycol, 1,2-Hexanediol, Methylpropanediol, PEG-60 Hydrogenated Castor Oil, Carbomer, Triethanolamine, Chlorphenesin, Phenoxyethanol, Disodium EDTA, Fragrance<\/p>\n<h3>Warnhinweise<\/h3>\n<ol>\n<li>Nur zur \u00e4u\u00dferlichen Anwendung geeignet.<\/li>\n<li>Nicht auf verletzte Haut oder auf Wunden auftragen.<\/li>\n<li>Sollten Nebenwirkungen wie Irritationen oder Ausschlag eintreten, Anwendung sofort beenden und unverz\u00fcglich an einen Arzt wenden.<\/li>\n<li>Kontakt mit den Augen vermeiden. Sollte das Produkt ins Auge gelangen, das Auge sofort gr\u00fcndlich mit klarem Wasser aussp\u00fclen.<\/li>\n<li>Au\u00dfer Reichweite von Kindern aufbewahren.<\/li>\n<li>Nicht schlucken. Bei Verschlucken Arzt oder Giftzentrale aufsuchen.<\/li>\n<\/ol>\n","protected":false},"excerpt":{"rendered":"<p><strong>JKosmec Sweet Mango Soothing Gel<\/strong> mit s\u00fc\u00dfem Mango-Extrakt pflegt Ihre Haut sanft, erfrischt und spendet ihr Feuchtigkeit. Mango-Extrakt pflegt sanft Ihre Haut, spendet ihr Feuchtigkeit, hinterl\u00e4sst sie erfrischt und gepflegt. Das beruhigende Gel zieht schnell ein, ohne ein klebriges Gef\u00fchl zu hinterlassen. Es hat einen leicht k\u00fchlenden Effekt, macht Ihre Haut glatt und mit Feuchtigkeit versorgt. Das multifunktionale Gel kann f\u00fcr das Gesicht und den ganzen K\u00f6rper verwendet werden.<\/p>\n<p><strong>Wirkstoffe: <\/strong><\/p>\n<ul>\n<li style=\"list-style-type: none;\">\n<ul>\n<li><strong>Mango<\/strong> enth\u00e4lt Beta-Carotin, das hilft, Ihre Haut vor sch\u00e4dlichem Sauerstoff zu sch\u00fctzen, es enth\u00e4lt auch die Vitamine A und E, die ebenfalls eine antioxidative Wirkung haben und helfen, den\u00a0Alterungsprozess\u00a0zu verlangsamen.<\/li>\n<\/ul>\n<\/li>\n<\/ul>\n<p><strong>Hauptfunktion: <\/strong>Feuchtigkeitsspendend, pflegend, beruhigend<\/p>\n","protected":false},"featured_media":12008,"comment_status":"open","ping_status":"closed","template":"","meta":{"content-type":"","site-sidebar-layout":"default","site-content-layout":"default","ast-site-content-layout":"default","site-content-style":"default","site-sidebar-style":"default","ast-global-header-display":"","ast-banner-title-visibility":"","ast-main-header-display":"","ast-hfb-above-header-display":"","ast-hfb-below-header-display":"","ast-hfb-mobile-header-display":"","site-post-title":"","ast-breadcrumbs-content":"","ast-featured-img":"","footer-sml-layout":"","ast-disable-related-posts":"","theme-transparent-header-meta":"default","adv-header-id-meta":"","stick-header-meta":"","header-above-stick-meta":"","header-main-stick-meta":"","header-below-stick-meta":"","astra-migrate-meta-layouts":"set","ast-page-background-enabled":"default","ast-page-background-meta":{"desktop":{"background-color":"","background-image":"","background-repeat":"repeat","background-position":"center center","background-size":"auto","background-attachment":"scroll","background-type":"","background-media":"","overlay-type":"","overlay-color":"","overlay-opacity":"","overlay-gradient":""},"tablet":{"background-color":"","background-image":"","background-repeat":"repeat","background-position":"center center","background-size":"auto","background-attachment":"scroll","background-type":"","background-media":"","overlay-type":"","overlay-color":"","overlay-opacity":"","overlay-gradient":""},"mobile":{"background-color":"","background-image":"","background-repeat":"repeat","background-position":"center center","background-size":"auto","background-attachment":"scroll","background-type":"","background-media":"","overlay-type":"","overlay-color":"","overlay-opacity":"","overlay-gradient":""}},"ast-content-background-meta":{"desktop":{"background-color":"var(--ast-global-color-5)","background-image":"","background-repeat":"repeat","background-position":"center center","background-size":"auto","background-attachment":"scroll","background-type":"","background-media":"","overlay-type":"","overlay-color":"","overlay-opacity":"","overlay-gradient":""},"tablet":{"background-color":"var(--ast-global-color-5)","background-image":"","background-repeat":"repeat","background-position":"center center","background-size":"auto","background-attachment":"scroll","background-type":"","background-media":"","overlay-type":"","overlay-color":"","overlay-opacity":"","overlay-gradient":""},"mobile":{"background-color":"var(--ast-global-color-5)","background-image":"","background-repeat":"repeat","background-position":"center center","background-size":"auto","background-attachment":"scroll","background-type":"","background-media":"","overlay-type":"","overlay-color":"","overlay-opacity":"","overlay-gradient":""}}},"product_brand":[],"product_cat":[520,528,477,484,503,437],"product_tag":[45],"class_list":{"0":"post-12011","1":"product","2":"type-product","3":"status-publish","4":"has-post-thumbnail","6":"product_cat-8-koreanische-gesichtscreme","7":"product_cat-body-lotion","8":"product_cat-fusspflege","9":"product_cat-handpflege","10":"product_cat-jkosmec","11":"product_cat-koerper","12":"product_tag-moisturizer","13":"pa_beduerfnisse-anti-aging","14":"pa_beduerfnisse-matte-muede","15":"pa_beduerfnisse-trockenheit","16":"pa_hauttyp-all","17":"pa_hauttyp-fettige","18":"pa_hauttyp-mischhaut","19":"pa_hauttyp-normal","20":"pa_hauttyp-trockene","21":"desktop-align-left","22":"tablet-align-left","23":"mobile-align-left","25":"first","26":"instock","27":"taxable","28":"shipping-taxable","29":"product-type-variable"},"_links":{"self":[{"href":"https:\/\/healthyskinsecrets.ch\/it\/wp-json\/wp\/v2\/product\/12011","targetHints":{"allow":["GET"]}}],"collection":[{"href":"https:\/\/healthyskinsecrets.ch\/it\/wp-json\/wp\/v2\/product"}],"about":[{"href":"https:\/\/healthyskinsecrets.ch\/it\/wp-json\/wp\/v2\/types\/product"}],"replies":[{"embeddable":true,"href":"https:\/\/healthyskinsecrets.ch\/it\/wp-json\/wp\/v2\/comments?post=12011"}],"wp:featuredmedia":[{"embeddable":true,"href":"https:\/\/healthyskinsecrets.ch\/it\/wp-json\/wp\/v2\/media\/12008"}],"wp:attachment":[{"href":"https:\/\/healthyskinsecrets.ch\/it\/wp-json\/wp\/v2\/media?parent=12011"}],"wp:term":[{"taxonomy":"product_brand","embeddable":true,"href":"https:\/\/healthyskinsecrets.ch\/it\/wp-json\/wp\/v2\/product_brand?post=12011"},{"taxonomy":"product_cat","embeddable":true,"href":"https:\/\/healthyskinsecrets.ch\/it\/wp-json\/wp\/v2\/product_cat?post=12011"},{"taxonomy":"product_tag","embeddable":true,"href":"https:\/\/healthyskinsecrets.ch\/it\/wp-json\/wp\/v2\/product_tag?post=12011"}],"curies":[{"name":"wp","href":"https:\/\/api.w.org\/{rel}","templated":true}]}}