{"id":11989,"date":"2023-02-26T12:31:40","date_gmt":"2023-02-26T12:31:40","guid":{"rendered":"https:\/\/healthyskinsecrets.ch\/product\/jkosmec-all-bright-snail-and-hyaluron-foam-cleanser-180ml\/"},"modified":"2024-09-23T12:44:58","modified_gmt":"2024-09-23T12:44:58","slug":"jkosmec-all-bright-snail-and-hyaluron-foam-cleanser-180ml","status":"publish","type":"product","link":"https:\/\/healthyskinsecrets.ch\/it\/product\/jkosmec-all-bright-snail-and-hyaluron-foam-cleanser-180ml\/","title":{"rendered":"JKosmec All Bright Snail and Hyaluron Foam Cleanser 180ml"},"content":{"rendered":"<h3>Anwendung<\/h3>\n<ol>\n<li>Befeuchten Sie Ihr Gesicht und Ihre H\u00e4nde, tragen Sie dann die ben\u00f6tigte Menge des Reinigungsmittels auf Ihre Handfl\u00e4che auf und sch\u00e4umen Sie es ausreichend auf.<\/li>\n<li>Tragen Sie den Schaum auf Ihr Gesicht auf und massieren Sie ihn sanft ein.<\/li>\n<li>Waschen Sie den Schaum mit lauwarmem Wasser ab.<\/li>\n<\/ol>\n<h3>Inhaltsstoffe<\/h3>\n<p>Water, Myristic Acid, Glycerin, Palmitic Acid, Stearic Acid, Lauric Acid, Potassium Hydroxide, Propylene Glycol, Cocamidopropyl Betaine, Sorbitan Olivate, Snail Secretion Filtrate (100ppm), Sodium Hyaluronate (100ppm), Glyceryl Stearate, Sodium Chloride, PEG-100 Stearate, Chlorphenesin, Hydroxyethylcellulose, Tocopheryl Acetate, Butylene Glycol, Dipropylene Glycol, Centella Asiatica Extract, 1,2-Hexanediol, Polygonum Cuspidatum Root Extract, Scutellaria Baicalensis Root Extract, Camellia Sinensis Leaf Extract, Glycyrrhiza Glabra (Licorice) Root Extract, Rosmarinus Officinalis (Rosemary) Leaf Extract, Chamomilla Recutita (Matricaria) Flower Extract, Disodium EDTA, CI 42090, Phenoxyethanol, Fragrance<\/p>\n<h3>Warnhinweise<\/h3>\n<ol>\n<li>Nur zur \u00e4u\u00dferlichen Anwendung geeignet.<\/li>\n<li>Nicht auf verletzte Haut oder auf Wunden auftragen.<\/li>\n<li>Sollten Nebenwirkungen wie Irritationen oder Ausschlag eintreten, Anwendung sofort beenden und unverz\u00fcglich an einen Arzt wenden.<\/li>\n<li>Kontakt mit den Augen vermeiden. Sollte das Produkt ins Auge gelangen, das Auge sofort gr\u00fcndlich mit klarem Wasser aussp\u00fclen.<\/li>\n<li>Au\u00dfer Reichweite von Kindern aufbewahren.<\/li>\n<li>Nicht schlucken. Bei Verschlucken Arzt oder Giftzentrale aufsuchen.<\/li>\n<\/ol>\n","protected":false},"excerpt":{"rendered":"<p><strong>JKosmec All Bright Snail and Hyaluron Foam Cleanser<\/strong> enth\u00e4lt Schneckenschleim und Hyaluron, die Feuchtigkeit spenden und die nat\u00fcrliche Ausstrahlung Ihrer Haut perfekt wiederherstellen, alle Unreinheiten und Make-up-Reste entfernen. Der feuchtigkeitsspendende Reinigungsschaum h\u00e4lt Ihre Haut weich und geschmeidig.<\/p>\n<p><strong>Wirkstoffe: <\/strong><\/p>\n<ul>\n<li><strong>Hyaluron<\/strong> hilft, eine sch\u00fctzende Barriere zu schaffen, die verhindert, dass Feuchtigkeit verdunstet und die Haut austrocknet.<\/li>\n<li><strong>Snail Mucin<\/strong> pflegt die Haut und macht sie geschmeidiger, leichter und strahlender.<\/li>\n<\/ul>\n<p><strong>Eigenschaften:<\/strong><\/p>\n<ul>\n<li>Tiefenreinigung: Entfernt effektiv Make-up-Reste und andere Verunreinigungen.<\/li>\n<li>Weicher Schaum: Reichhaltiger cremiger Schaum ist perfekt sanft zu Ihrer Haut.<\/li>\n<li>Saubere Poren: Hilft dank spezieller Wirkstoffe, Unreinheiten porentief zu reinigen.<\/li>\n<\/ul>\n<p><strong>Hauptfunktion: <\/strong>Aufhellung, Reinigung, Feuchtigkeitsversorgung<\/p>\n","protected":false},"featured_media":11984,"comment_status":"open","ping_status":"closed","template":"","meta":{"content-type":"","site-sidebar-layout":"default","site-content-layout":"default","ast-site-content-layout":"default","site-content-style":"default","site-sidebar-style":"default","ast-global-header-display":"","ast-banner-title-visibility":"","ast-main-header-display":"","ast-hfb-above-header-display":"","ast-hfb-below-header-display":"","ast-hfb-mobile-header-display":"","site-post-title":"","ast-breadcrumbs-content":"","ast-featured-img":"","footer-sml-layout":"","ast-disable-related-posts":"","theme-transparent-header-meta":"default","adv-header-id-meta":"","stick-header-meta":"","header-above-stick-meta":"","header-main-stick-meta":"","header-below-stick-meta":"","astra-migrate-meta-layouts":"set","ast-page-background-enabled":"default","ast-page-background-meta":{"desktop":{"background-color":"","background-image":"","background-repeat":"repeat","background-position":"center center","background-size":"auto","background-attachment":"scroll","background-type":"","background-media":"","overlay-type":"","overlay-color":"","overlay-opacity":"","overlay-gradient":""},"tablet":{"background-color":"","background-image":"","background-repeat":"repeat","background-position":"center center","background-size":"auto","background-attachment":"scroll","background-type":"","background-media":"","overlay-type":"","overlay-color":"","overlay-opacity":"","overlay-gradient":""},"mobile":{"background-color":"","background-image":"","background-repeat":"repeat","background-position":"center center","background-size":"auto","background-attachment":"scroll","background-type":"","background-media":"","overlay-type":"","overlay-color":"","overlay-opacity":"","overlay-gradient":""}},"ast-content-background-meta":{"desktop":{"background-color":"var(--ast-global-color-5)","background-image":"","background-repeat":"repeat","background-position":"center center","background-size":"auto","background-attachment":"scroll","background-type":"","background-media":"","overlay-type":"","overlay-color":"","overlay-opacity":"","overlay-gradient":""},"tablet":{"background-color":"var(--ast-global-color-5)","background-image":"","background-repeat":"repeat","background-position":"center center","background-size":"auto","background-attachment":"scroll","background-type":"","background-media":"","overlay-type":"","overlay-color":"","overlay-opacity":"","overlay-gradient":""},"mobile":{"background-color":"var(--ast-global-color-5)","background-image":"","background-repeat":"repeat","background-position":"center center","background-size":"auto","background-attachment":"scroll","background-type":"","background-media":"","overlay-type":"","overlay-color":"","overlay-opacity":"","overlay-gradient":""}}},"product_brand":[],"product_cat":[513,504,503],"product_tag":[427],"class_list":{"0":"post-11989","1":"product","2":"type-product","3":"status-publish","4":"has-post-thumbnail","6":"product_cat-1-cleanser","7":"product_cat-cpnp","8":"product_cat-jkosmec","9":"product_tag-reinigung","10":"pa_beduerfnisse-hautunreinheit","11":"pa_hauttyp-all","12":"pa_hauttyp-fettige","13":"pa_hauttyp-mischhaut","14":"pa_hauttyp-normal","15":"pa_hauttyp-trockene","16":"desktop-align-left","17":"tablet-align-left","18":"mobile-align-left","20":"first","21":"instock","22":"taxable","23":"shipping-taxable","24":"purchasable","25":"product-type-variable","26":"has-default-attributes"},"_links":{"self":[{"href":"https:\/\/healthyskinsecrets.ch\/it\/wp-json\/wp\/v2\/product\/11989","targetHints":{"allow":["GET"]}}],"collection":[{"href":"https:\/\/healthyskinsecrets.ch\/it\/wp-json\/wp\/v2\/product"}],"about":[{"href":"https:\/\/healthyskinsecrets.ch\/it\/wp-json\/wp\/v2\/types\/product"}],"replies":[{"embeddable":true,"href":"https:\/\/healthyskinsecrets.ch\/it\/wp-json\/wp\/v2\/comments?post=11989"}],"wp:featuredmedia":[{"embeddable":true,"href":"https:\/\/healthyskinsecrets.ch\/it\/wp-json\/wp\/v2\/media\/11984"}],"wp:attachment":[{"href":"https:\/\/healthyskinsecrets.ch\/it\/wp-json\/wp\/v2\/media?parent=11989"}],"wp:term":[{"taxonomy":"product_brand","embeddable":true,"href":"https:\/\/healthyskinsecrets.ch\/it\/wp-json\/wp\/v2\/product_brand?post=11989"},{"taxonomy":"product_cat","embeddable":true,"href":"https:\/\/healthyskinsecrets.ch\/it\/wp-json\/wp\/v2\/product_cat?post=11989"},{"taxonomy":"product_tag","embeddable":true,"href":"https:\/\/healthyskinsecrets.ch\/it\/wp-json\/wp\/v2\/product_tag?post=11989"}],"curies":[{"name":"wp","href":"https:\/\/api.w.org\/{rel}","templated":true}]}}