{"id":11971,"date":"2023-02-26T12:31:33","date_gmt":"2023-02-26T12:31:33","guid":{"rendered":"https:\/\/healthyskinsecrets.ch\/product\/jkosmec-all-bright-honey-and-vitamin-c-peeling-gel-180ml\/"},"modified":"2024-09-23T12:50:41","modified_gmt":"2024-09-23T12:50:41","slug":"jkosmec-all-bright-honey-and-vitamin-c-peeling-gel-180ml","status":"publish","type":"product","link":"https:\/\/healthyskinsecrets.ch\/it\/product\/jkosmec-all-bright-honey-and-vitamin-c-peeling-gel-180ml\/","title":{"rendered":"JKosmec All Bright Honey and Vitamin C Peeling Gel 180ml"},"content":{"rendered":"<h3>Anwendung<\/h3>\n<ol>\n<li>Tragen Sie eine geeignete Menge mit sauberen H\u00e4nden auf das nasse Gesicht und den Hals auf.<\/li>\n<li>Massieren Sie das Produkt sanft in die Haut ein.<\/li>\n<li>Waschen Sie es anschlie\u00dfend mit lauwarmem Wasser ab und tupfen Sie die Haut mit einem weichen, sauberen Handtuch trocken.<\/li>\n<\/ol>\n<h3>Inhaltsstoffe<\/h3>\n<p>Water, Cellulose, Alcohol, Propylene Glycol, Carbomer, Honey Extract (100ppm), Polysorbate 80, Butylene Glycol, Ascorbic Acid (10ppm), Dipropylene Glycol, Centella Asiatica Extract, Scutellaria Baicalensis Root Extract, Polygonum Cuspidatum Root Extract, 1,2-Hexanediol, Glycyrrhiza Glabra (Licorice) Root Extract, Camellia Sinensis Leaf Extract, Rosmarinus Officinalis (Rosemary) Leaf Extract, Chamomilla Recutita (Matricaria) Flower Extract, Disodium EDTA, Benzophenone-9, CI 15985, CI 19140, Phenoxyethanol, Cetrimonium Chloride, Fragrance<\/p>\n<h3>Warnhinweise<\/h3>\n<ol>\n<li>Nur zur \u00e4u\u00dferlichen Anwendung geeignet.<\/li>\n<li>Nicht auf verletzte Haut oder auf Wunden auftragen.<\/li>\n<li>Sollten Nebenwirkungen wie Irritationen oder Ausschlag eintreten, Anwendung sofort beenden und unverz\u00fcglich an einen Arzt wenden.<\/li>\n<li>Kontakt mit den Augen vermeiden. Sollte das Produkt ins Auge gelangen, das Auge sofort gr\u00fcndlich mit klarem Wasser aussp\u00fclen.<\/li>\n<li>Au\u00dfer Reichweite von Kindern aufbewahren.<\/li>\n<li>Nicht schlucken. Bei Verschlucken Arzt oder Giftzentrale aufsuchen.<\/li>\n<\/ol>\n","protected":false},"excerpt":{"rendered":"<p><strong>JKosmec All Bright Honey and Vitamin C Peeling Gel<\/strong>\u00a0enth\u00e4lt Honig und Vitamin C, die Ihre Haut hell und strahlend machen. Honig hat ausgezeichnete feuchtigkeitsspendende und antibakterielle Eigenschaften und hilft bei der Bek\u00e4mpfung von Akne. Honig ist reich an N\u00e4hrstoffen, Aminos\u00e4uren, Vitaminen und Mineralien, die perfekt n\u00e4hren und Feuchtigkeit spenden und dazu beitragen, den perfekten Feuchtigkeitsgehalt Ihrer Haut aufrechtzuerhalten. Honig hat auch eine leicht aufhellende Wirkung, verbessert den Hautton, hilft Augenringe zu reduzieren und Pigmentflecken vorzubeugen. Vitamin C hilft, empfindliche Haut zu beruhigen, Talg zu regulieren und hilft, das Wasser- und \u00d6lgleichgewicht Ihrer Haut aufrechtzuerhalten. Vitamin C baut auch Stress ab, gibt m\u00fcder und stumpfer Haut Energie und Licht zur\u00fcck, macht sie ges\u00fcnder, heller und strahlender. Die aktiven Komponenten spenden Feuchtigkeit und n\u00e4hren die Haut und machen sie geschmeidiger, gesunder, glatter und seidiger.<\/p>\n<p><strong>Wirkstoffe: <\/strong><\/p>\n<ul>\n<li><strong>Honig<\/strong> ist eine reichhaltige Quelle f\u00fcr Aminos\u00e4uren, Vitamine und Mineralien, die dazu beitragen, das N\u00e4hrstoffgleichgewicht in Ihrer Haut wiederherzustellen und ihren nat\u00fcrlichen Feuchtigkeitsgehalt aufrechtzuerhalten. Honig ist auch f\u00fcr seine hervorragenden antibakteriellen Eigenschaften bekannt.<\/li>\n<li><strong>Vitamin C<\/strong> hilft, den Talg zu regulieren, hilft Pigmentflecken vorzubeugen und macht die Haut heller und strahlender.<\/li>\n<\/ul>\n<p><strong>Eigenschaften:<\/strong><\/p>\n<ul>\n<li>Hautfreundliches Peeling: Mikropartikel aus nat\u00fcrlicher Zellulose binden Hautunreinheiten sowie abgestorbene Hautsch\u00fcppchen und bilden kleine R\u00f6llchen, die sich leicht mit Wasser abwaschen lassen, ohne Ihre Haut zu sch\u00e4digen.<\/li>\n<li>Sanftes Gel: Aktive Bestandteile des Gels erweichen abgestorbene Hautzellen und dringen tief ein, um Unreinheiten in Ihren Poren zu schmelzen und eine effektivere Reinigung zu erm\u00f6glichen.<\/li>\n<li>Seidige Haut: Effektive Hautreinigung zusammen mit der Wirkung der pflegenden Inhaltsstoffe des Peeling-Gels machen Ihre Haut ges\u00fcnder, glatter und seidiger.<\/li>\n<li>Feuchtigkeitspflege: Feuchtigkeitsspendende Komponenten pflegen Ihre Haut sanft w\u00e4hrend und nach der Peeling-Behandlung.<\/li>\n<\/ul>\n<p><strong>Hauptfunktion: <\/strong>Aufhellung, Reinigung, Gl\u00e4ttung<\/p>\n","protected":false},"featured_media":11966,"comment_status":"open","ping_status":"closed","template":"","meta":{"content-type":"","site-sidebar-layout":"default","site-content-layout":"default","ast-site-content-layout":"default","site-content-style":"default","site-sidebar-style":"default","ast-global-header-display":"","ast-banner-title-visibility":"","ast-main-header-display":"","ast-hfb-above-header-display":"","ast-hfb-below-header-display":"","ast-hfb-mobile-header-display":"","site-post-title":"","ast-breadcrumbs-content":"","ast-featured-img":"","footer-sml-layout":"","ast-disable-related-posts":"","theme-transparent-header-meta":"default","adv-header-id-meta":"","stick-header-meta":"","header-above-stick-meta":"","header-main-stick-meta":"","header-below-stick-meta":"","astra-migrate-meta-layouts":"set","ast-page-background-enabled":"default","ast-page-background-meta":{"desktop":{"background-color":"","background-image":"","background-repeat":"repeat","background-position":"center center","background-size":"auto","background-attachment":"scroll","background-type":"","background-media":"","overlay-type":"","overlay-color":"","overlay-opacity":"","overlay-gradient":""},"tablet":{"background-color":"","background-image":"","background-repeat":"repeat","background-position":"center center","background-size":"auto","background-attachment":"scroll","background-type":"","background-media":"","overlay-type":"","overlay-color":"","overlay-opacity":"","overlay-gradient":""},"mobile":{"background-color":"","background-image":"","background-repeat":"repeat","background-position":"center center","background-size":"auto","background-attachment":"scroll","background-type":"","background-media":"","overlay-type":"","overlay-color":"","overlay-opacity":"","overlay-gradient":""}},"ast-content-background-meta":{"desktop":{"background-color":"var(--ast-global-color-5)","background-image":"","background-repeat":"repeat","background-position":"center center","background-size":"auto","background-attachment":"scroll","background-type":"","background-media":"","overlay-type":"","overlay-color":"","overlay-opacity":"","overlay-gradient":""},"tablet":{"background-color":"var(--ast-global-color-5)","background-image":"","background-repeat":"repeat","background-position":"center center","background-size":"auto","background-attachment":"scroll","background-type":"","background-media":"","overlay-type":"","overlay-color":"","overlay-opacity":"","overlay-gradient":""},"mobile":{"background-color":"var(--ast-global-color-5)","background-image":"","background-repeat":"repeat","background-position":"center center","background-size":"auto","background-attachment":"scroll","background-type":"","background-media":"","overlay-type":"","overlay-color":"","overlay-opacity":"","overlay-gradient":""}}},"product_brand":[],"product_cat":[512,504,503],"product_tag":[39],"class_list":{"0":"post-11971","1":"product","2":"type-product","3":"status-publish","4":"has-post-thumbnail","6":"product_cat-2-gesichtspeeling","7":"product_cat-cpnp","8":"product_cat-jkosmec","9":"product_tag-peeling","10":"pa_beduerfnisse-akne","11":"pa_beduerfnisse-augenringe","12":"pa_beduerfnisse-matte-muede","13":"pa_beduerfnisse-pigmentierung","14":"pa_beduerfnisse-talg","15":"pa_hauttyp-all","16":"pa_hauttyp-empfindliche-haut","17":"pa_hauttyp-fettige","18":"pa_hauttyp-mischhaut","19":"pa_hauttyp-normal","20":"pa_hauttyp-trockene","21":"desktop-align-left","22":"tablet-align-left","23":"mobile-align-left","25":"first","26":"instock","27":"taxable","28":"shipping-taxable","29":"purchasable","30":"product-type-variable","31":"has-default-attributes"},"_links":{"self":[{"href":"https:\/\/healthyskinsecrets.ch\/it\/wp-json\/wp\/v2\/product\/11971","targetHints":{"allow":["GET"]}}],"collection":[{"href":"https:\/\/healthyskinsecrets.ch\/it\/wp-json\/wp\/v2\/product"}],"about":[{"href":"https:\/\/healthyskinsecrets.ch\/it\/wp-json\/wp\/v2\/types\/product"}],"replies":[{"embeddable":true,"href":"https:\/\/healthyskinsecrets.ch\/it\/wp-json\/wp\/v2\/comments?post=11971"}],"wp:featuredmedia":[{"embeddable":true,"href":"https:\/\/healthyskinsecrets.ch\/it\/wp-json\/wp\/v2\/media\/11966"}],"wp:attachment":[{"href":"https:\/\/healthyskinsecrets.ch\/it\/wp-json\/wp\/v2\/media?parent=11971"}],"wp:term":[{"taxonomy":"product_brand","embeddable":true,"href":"https:\/\/healthyskinsecrets.ch\/it\/wp-json\/wp\/v2\/product_brand?post=11971"},{"taxonomy":"product_cat","embeddable":true,"href":"https:\/\/healthyskinsecrets.ch\/it\/wp-json\/wp\/v2\/product_cat?post=11971"},{"taxonomy":"product_tag","embeddable":true,"href":"https:\/\/healthyskinsecrets.ch\/it\/wp-json\/wp\/v2\/product_tag?post=11971"}],"curies":[{"name":"wp","href":"https:\/\/api.w.org\/{rel}","templated":true}]}}