{"id":10139,"date":"2022-07-12T19:47:36","date_gmt":"2022-07-12T19:47:36","guid":{"rendered":"https:\/\/healthyskinsecrets.ch\/product\/import-placeholder-for-14395\/"},"modified":"2024-09-15T15:27:11","modified_gmt":"2024-09-15T15:27:11","slug":"pyunkang-yul-ato-mild-sun-cream-75ml","status":"publish","type":"product","link":"https:\/\/healthyskinsecrets.ch\/it\/product\/pyunkang-yul-ato-mild-sun-cream-75ml\/","title":{"rendered":"Pyunkang Yul ATO Mild Sun Cream 75ml"},"content":{"rendered":"<h3>Anwendung<\/h3>\n<ol>\n<li>In der letzten Phase deiner Hautpflegeroutine gleichm\u00e4\u00dfig auf dein Gesicht verteilen und vollst\u00e4ndig einziehen lassen.<\/li>\n<li>Um dein Gesicht ideal zu sch\u00fctzen ben\u00f6tigst du 2mg\/cm\u00b2.<\/li>\n<li>Da dies schwer einzusch\u00e4tzen ist, solltest du als Faustformel 1,5 &#8211; 2 g Sonnencreme pro Anwendung verwenden.<\/li>\n<\/ol>\n<h3>Inhaltsstoffe<\/h3>\n<p>Aqua, C12-15 Alkyl Benzoate, Propanediol, Methylpropanediol Cyclomethicone, Dipropylene Glycol, Glycerol, 1,2-Hexanediol, Pentylene Glycol, Aluminum Stearate Polyhydroxystearic Acid, Caprylic\/Capric\/Succinic Triclyceride, Polymethylsilsesquioxane, Silica, Polyacrylate Crosspolymer-6, Ammonium Acryloyldimethyltaurate\/VP Copolymer, Alumina Cetyl Hydroxyethylcellulose, Cellulose Gum, Hydroxypropyl Methylcellulose, Ethylhexylglycerin, Tromethamine, Tert-Butyl Alcohol, Lonicera Japonica (Honeysuckle) Flower Extract, Butylene Glycol, Artemisia Princeps Leaf Extract, Camellia Sinensis Leaf Extract, Caprylic\/Capric Triglyceride, Sodium Hyaluronate Phosphatidylcholine, Ceramide NP, Glycine, Serine, Glutamic Acid, Lysine, Alanine, Threonine, Proline, Arginine, Titanium Dioxide<\/p>\n<p>*Eine Ver\u00e4nderung der Inhaltsstoffe unterliegt dem Ermessen des Herstellers. Willst du vor dem Kauf ganz sicher gehen? Dann kontaktiere uns f\u00fcr ein Foto der aktuellen Produktverpackung.<\/p>\n<h3>Warnhinweise<\/h3>\n<ol>\n<li>Nur zur \u00e4u\u00dferlichen Anwendung geeignet.<\/li>\n<li>Nicht auf verletzte Haut oder auf Wunden auftragen.<\/li>\n<li>Sollten Nebenwirkungen wie Irritationen oder Ausschlag eintreten, Anwendung sofort beenden und unverz\u00fcglich an einen Arzt wenden.<\/li>\n<li>Kontakt mit den Augen vermeiden. Sollte das Produkt ins Auge gelangen, das Auge sofort gr\u00fcndlich mit klarem Wasser aussp\u00fclen.<\/li>\n<li>Au\u00dfer Reichweite von Kindern aufbewahren.<\/li>\n<li>Nicht schlucken. Bei Verschlucken Arzt oder Giftzentrale aufsuchen.<\/li>\n<\/ol>\n","protected":false},"excerpt":{"rendered":"<p>Die Pyunkang Yul ATO Mild Sun Cream SPF45 PA+++ ist eine milde, leichte Sonnencreme mit EWG-gepr\u00fcften Inhaltsstoffen zum Schutz deiner empfindlichen Haut. Sie besitzt einen leistungsstarken SPF 45 PA +++ mit breitem Spektrum zum Schutz vor UVB und UVA Strahlen und vor freie Radikale. Die Pyunkang Yul ATO Mild Sun Cream SPF45 PA+++ ist angereichert mit Hyalurons\u00e4ure, Ceramiden und Extrakten auf pflanzlicher Basis zur Beruhigung und Befeuchtung trockener, empfindlicher Haut. Das besondere andere dieser wunderbaren Sonnencreme ist die leichte Textur, die ohne zu wei\u00dfeln in die Haut einzieht und ein pefektes <strong>mattes Finish<\/strong> hinterl\u00e4sst. Koreaner sind bekannt f\u00fcr Ihre Sonnencreme, die schnell einziehen und nicht wei\u00dfeln, aber diese Sonnencreme ist auch unter koreanischen Topsellern etwas ganz besonders. Die pflegende Wirkung in Kombination mit dem t\u00e4glichen Schutz ist einzigartig auf dem Markt.<\/p>\n","protected":false},"featured_media":10468,"comment_status":"open","ping_status":"closed","template":"","meta":{"content-type":"","site-sidebar-layout":"default","site-content-layout":"default","ast-site-content-layout":"default","site-content-style":"default","site-sidebar-style":"default","ast-global-header-display":"","ast-banner-title-visibility":"","ast-main-header-display":"","ast-hfb-above-header-display":"","ast-hfb-below-header-display":"","ast-hfb-mobile-header-display":"","site-post-title":"","ast-breadcrumbs-content":"","ast-featured-img":"","footer-sml-layout":"","ast-disable-related-posts":"","theme-transparent-header-meta":"default","adv-header-id-meta":"","stick-header-meta":"","header-above-stick-meta":"","header-main-stick-meta":"","header-below-stick-meta":"","astra-migrate-meta-layouts":"set","ast-page-background-enabled":"default","ast-page-background-meta":{"desktop":{"background-color":"","background-image":"","background-repeat":"repeat","background-position":"center center","background-size":"auto","background-attachment":"scroll","background-type":"","background-media":"","overlay-type":"","overlay-color":"","overlay-opacity":"","overlay-gradient":""},"tablet":{"background-color":"","background-image":"","background-repeat":"repeat","background-position":"center center","background-size":"auto","background-attachment":"scroll","background-type":"","background-media":"","overlay-type":"","overlay-color":"","overlay-opacity":"","overlay-gradient":""},"mobile":{"background-color":"","background-image":"","background-repeat":"repeat","background-position":"center center","background-size":"auto","background-attachment":"scroll","background-type":"","background-media":"","overlay-type":"","overlay-color":"","overlay-opacity":"","overlay-gradient":""}},"ast-content-background-meta":{"desktop":{"background-color":"var(--ast-global-color-5)","background-image":"","background-repeat":"repeat","background-position":"center center","background-size":"auto","background-attachment":"scroll","background-type":"","background-media":"","overlay-type":"","overlay-color":"","overlay-opacity":"","overlay-gradient":""},"tablet":{"background-color":"var(--ast-global-color-5)","background-image":"","background-repeat":"repeat","background-position":"center center","background-size":"auto","background-attachment":"scroll","background-type":"","background-media":"","overlay-type":"","overlay-color":"","overlay-opacity":"","overlay-gradient":""},"mobile":{"background-color":"var(--ast-global-color-5)","background-image":"","background-repeat":"repeat","background-position":"center center","background-size":"auto","background-attachment":"scroll","background-type":"","background-media":"","overlay-type":"","overlay-color":"","overlay-opacity":"","overlay-gradient":""}}},"product_brand":[],"product_cat":[424,307],"product_tag":[430],"class_list":{"0":"post-10139","1":"product","2":"type-product","3":"status-publish","4":"has-post-thumbnail","6":"product_cat-gesicht","7":"product_cat-pyunkang-yul","8":"product_tag-sonnenschutz","9":"pa_beduerfnisse-roetung","10":"pa_beduerfnisse-trockenheit","11":"pa_hauttyp-all","12":"pa_hauttyp-empfindliche-haut","13":"pa_hauttyp-fettige","14":"pa_hauttyp-mischhaut","15":"pa_hauttyp-normal","16":"pa_hauttyp-trockene","17":"desktop-align-left","18":"tablet-align-left","19":"mobile-align-left","21":"first","22":"instock","23":"taxable","24":"shipping-taxable","25":"product-type-variable"},"_links":{"self":[{"href":"https:\/\/healthyskinsecrets.ch\/it\/wp-json\/wp\/v2\/product\/10139","targetHints":{"allow":["GET"]}}],"collection":[{"href":"https:\/\/healthyskinsecrets.ch\/it\/wp-json\/wp\/v2\/product"}],"about":[{"href":"https:\/\/healthyskinsecrets.ch\/it\/wp-json\/wp\/v2\/types\/product"}],"replies":[{"embeddable":true,"href":"https:\/\/healthyskinsecrets.ch\/it\/wp-json\/wp\/v2\/comments?post=10139"}],"wp:featuredmedia":[{"embeddable":true,"href":"https:\/\/healthyskinsecrets.ch\/it\/wp-json\/wp\/v2\/media\/10468"}],"wp:attachment":[{"href":"https:\/\/healthyskinsecrets.ch\/it\/wp-json\/wp\/v2\/media?parent=10139"}],"wp:term":[{"taxonomy":"product_brand","embeddable":true,"href":"https:\/\/healthyskinsecrets.ch\/it\/wp-json\/wp\/v2\/product_brand?post=10139"},{"taxonomy":"product_cat","embeddable":true,"href":"https:\/\/healthyskinsecrets.ch\/it\/wp-json\/wp\/v2\/product_cat?post=10139"},{"taxonomy":"product_tag","embeddable":true,"href":"https:\/\/healthyskinsecrets.ch\/it\/wp-json\/wp\/v2\/product_tag?post=10139"}],"curies":[{"name":"wp","href":"https:\/\/api.w.org\/{rel}","templated":true}]}}