{"id":10127,"date":"2022-07-12T19:47:33","date_gmt":"2022-07-12T19:47:33","guid":{"rendered":"https:\/\/healthyskinsecrets.ch\/product\/import-placeholder-for-14090\/"},"modified":"2024-09-15T15:26:36","modified_gmt":"2024-09-15T15:26:36","slug":"pyunkang-yul-highly-moisturizing-essence-mask-pack","status":"publish","type":"product","link":"https:\/\/healthyskinsecrets.ch\/it\/product\/pyunkang-yul-highly-moisturizing-essence-mask-pack\/","title":{"rendered":"Pyunkang Yul Highly Moisturizing Essence Mask Pack (1ea)"},"content":{"rendered":"<h3>Anwendung<\/h3>\n<ol>\n<li>Entnehmen Sie die Maske aus der Verpackung und falten Sie sie vorsichtig auseinander.<\/li>\n<li>Legen Sie die Maske auf das gereinigte Gesicht und lassen Sie sie f\u00fcr <strong>15-20<\/strong> Minuten einwirken.<\/li>\n<li>Entfernen Sie die Maske anschlie\u00dfend vorsichtig und arbeiten Sie das restliche Serum sanft in die Haut ein, bis es vollst\u00e4ndig eingezogen ist.<\/li>\n<\/ol>\n<h3>Inhaltsstoffe<\/h3>\n<p>Water, Glycereth-26, Glycerin, Dipropylene Glycol, Panthenol, Betaine, Astragalus Membranaceus Root Extract, Artemisia Princeps Leaf Extract, Centella Asiatica Extract, Camellia Sinensis Leaf Extract, Melaleuca Alternifolia (Tea Tree) Leaf Extract, Ceramide NP, Sodium Hyaluronate, Sodium Hyaluronate Crosspolymer, Hydrolyzed Hyaluronic Acid, Hyaluronic Acid, Hydrolyzed Sodium Hyaluronate, Pentylene Glycol, Hydrogenated Lecithin, Squalane, Macadamia Ternifolia Seed Oil, Cetearyl Alcohol, Ethylhexylglycerin, Hydroxyethyl Urea, Methyl Gluceth-20, Carbomer, Xanthan Gum, Arginine, Propanediol, Butylene Glycol, Hydroxyacetophenone, 1,2-Hexanediol, Dipotassium Glycyrrhizate, Disodium EDTA<\/p>\n<p>*Eine Ver\u00e4nderung der Inhaltsstoffe unterliegt dem Ermessen des Herstellers. Willst du vor dem Kauf ganz sicher gehen? Dann kontaktiere uns f\u00fcr ein Foto der aktuellen Produktverpackung.<\/p>\n<h3>Warnhinweise<\/h3>\n<ol>\n<li>Nur zur \u00e4u\u00dferlichen Anwendung geeignet.<\/li>\n<li>Nicht auf verletzte Haut oder auf Wunden auftragen.<\/li>\n<li>Sollten Nebenwirkungen wie Irritationen oder Ausschlag eintreten, Anwendung sofort beenden und unverz\u00fcglich an einen Arzt wenden.<\/li>\n<li>Kontakt mit den Augen vermeiden. Sollte das Produkt ins Auge gelangen, das Auge sofort gr\u00fcndlich mit klarem Wasser aussp\u00fclen.<\/li>\n<li>Au\u00dfer Reichweite von Kindern aufbewahren.<\/li>\n<li>Nicht schlucken. Bei Verschlucken Arzt oder Giftzentrale aufsuchen.<\/li>\n<\/ol>\n","protected":false},"excerpt":{"rendered":"<p><strong>Pyunkang Yul<\/strong>\u00a0Highly Moisturizing Essence Mask Pack versorgt die Haut mit 5 verschiedenen Arten von Hyaluron-S\u00e4ure, die intensiv Feuchtigkeit spenden. Dar\u00fcber hinaus sind vielf\u00e4ltige Kr\u00e4uter-Extrakte enthalten, welche die Haut n\u00e4hren und beruhigen. Die Maske l\u00e4sst die Haut wundersch\u00f6n und gesund strahlen.<\/p>\n","protected":false},"featured_media":10473,"comment_status":"open","ping_status":"closed","template":"","meta":{"content-type":"","site-sidebar-layout":"default","site-content-layout":"default","ast-site-content-layout":"default","site-content-style":"default","site-sidebar-style":"default","ast-global-header-display":"","ast-banner-title-visibility":"","ast-main-header-display":"","ast-hfb-above-header-display":"","ast-hfb-below-header-display":"","ast-hfb-mobile-header-display":"","site-post-title":"","ast-breadcrumbs-content":"","ast-featured-img":"","footer-sml-layout":"","ast-disable-related-posts":"","theme-transparent-header-meta":"default","adv-header-id-meta":"","stick-header-meta":"","header-above-stick-meta":"","header-main-stick-meta":"","header-below-stick-meta":"","astra-migrate-meta-layouts":"default","ast-page-background-enabled":"default","ast-page-background-meta":{"desktop":{"background-color":"","background-image":"","background-repeat":"repeat","background-position":"center center","background-size":"auto","background-attachment":"scroll","background-type":"","background-media":"","overlay-type":"","overlay-color":"","overlay-opacity":"","overlay-gradient":""},"tablet":{"background-color":"","background-image":"","background-repeat":"repeat","background-position":"center center","background-size":"auto","background-attachment":"scroll","background-type":"","background-media":"","overlay-type":"","overlay-color":"","overlay-opacity":"","overlay-gradient":""},"mobile":{"background-color":"","background-image":"","background-repeat":"repeat","background-position":"center center","background-size":"auto","background-attachment":"scroll","background-type":"","background-media":"","overlay-type":"","overlay-color":"","overlay-opacity":"","overlay-gradient":""}},"ast-content-background-meta":{"desktop":{"background-color":"var(--ast-global-color-5)","background-image":"","background-repeat":"repeat","background-position":"center center","background-size":"auto","background-attachment":"scroll","background-type":"","background-media":"","overlay-type":"","overlay-color":"","overlay-opacity":"","overlay-gradient":""},"tablet":{"background-color":"var(--ast-global-color-5)","background-image":"","background-repeat":"repeat","background-position":"center center","background-size":"auto","background-attachment":"scroll","background-type":"","background-media":"","overlay-type":"","overlay-color":"","overlay-opacity":"","overlay-gradient":""},"mobile":{"background-color":"var(--ast-global-color-5)","background-image":"","background-repeat":"repeat","background-position":"center center","background-size":"auto","background-attachment":"scroll","background-type":"","background-media":"","overlay-type":"","overlay-color":"","overlay-opacity":"","overlay-gradient":""}}},"product_brand":[],"product_cat":[504,424,307],"product_tag":[432],"class_list":{"0":"post-10127","1":"product","2":"type-product","3":"status-publish","4":"has-post-thumbnail","6":"product_cat-cpnp","7":"product_cat-gesicht","8":"product_cat-pyunkang-yul","9":"product_tag-maske","10":"pa_beduerfnisse-trockenheit","11":"pa_hauttyp-all","12":"pa_hauttyp-fettige","13":"pa_hauttyp-mischhaut","14":"pa_hauttyp-normal","15":"pa_hauttyp-trockene","16":"desktop-align-left","17":"tablet-align-left","18":"mobile-align-left","20":"first","21":"instock","22":"taxable","23":"shipping-taxable","24":"purchasable","25":"product-type-variable"},"_links":{"self":[{"href":"https:\/\/healthyskinsecrets.ch\/it\/wp-json\/wp\/v2\/product\/10127","targetHints":{"allow":["GET"]}}],"collection":[{"href":"https:\/\/healthyskinsecrets.ch\/it\/wp-json\/wp\/v2\/product"}],"about":[{"href":"https:\/\/healthyskinsecrets.ch\/it\/wp-json\/wp\/v2\/types\/product"}],"replies":[{"embeddable":true,"href":"https:\/\/healthyskinsecrets.ch\/it\/wp-json\/wp\/v2\/comments?post=10127"}],"wp:featuredmedia":[{"embeddable":true,"href":"https:\/\/healthyskinsecrets.ch\/it\/wp-json\/wp\/v2\/media\/10473"}],"wp:attachment":[{"href":"https:\/\/healthyskinsecrets.ch\/it\/wp-json\/wp\/v2\/media?parent=10127"}],"wp:term":[{"taxonomy":"product_brand","embeddable":true,"href":"https:\/\/healthyskinsecrets.ch\/it\/wp-json\/wp\/v2\/product_brand?post=10127"},{"taxonomy":"product_cat","embeddable":true,"href":"https:\/\/healthyskinsecrets.ch\/it\/wp-json\/wp\/v2\/product_cat?post=10127"},{"taxonomy":"product_tag","embeddable":true,"href":"https:\/\/healthyskinsecrets.ch\/it\/wp-json\/wp\/v2\/product_tag?post=10127"}],"curies":[{"name":"wp","href":"https:\/\/api.w.org\/{rel}","templated":true}]}}