{"id":10110,"date":"2022-07-12T19:47:08","date_gmt":"2022-07-12T19:47:08","guid":{"rendered":"https:\/\/healthyskinsecrets.ch\/product\/import-placeholder-for-12232\/"},"modified":"2023-10-19T17:45:06","modified_gmt":"2023-10-19T17:45:06","slug":"pyunkang-yul-low-ph-scalp-shampoo-500ml","status":"publish","type":"product","link":"https:\/\/healthyskinsecrets.ch\/it\/product\/pyunkang-yul-low-ph-scalp-shampoo-500ml\/","title":{"rendered":"Pyunkang yul Low pH Scalp Shampoo 500ml"},"content":{"rendered":"<h3>Anwendung<\/h3>\n<ol>\n<li>Trage eine angemessene Menge des Shampoos auf den Ansatz deines nassen Haares auf.<\/li>\n<li>Massiere es auf deiner Kopfhaut und in dein Haar zum Aufsch\u00e4umen des Shampoos ein.<\/li>\n<li>Im Anschluss gr\u00fcndlich unter flie\u00dfendem Wasser aussp\u00fclen.<\/li>\n<li><strong>Tipp:<\/strong> die Produktreste, die beim Auswaschen \u00fcber die L\u00e4ngen flie\u00dfen, reichen f\u00fcr die Reinigung aus. Gerade in langem Haar werden die oftmals trockenen Spitzen durch zu viel Shampoo strapaziert.<\/li>\n<\/ol>\n<h3>Hauptinhaltsstoffe<\/h3>\n<p>Water, Coco-Betaine, Sodium Cocoyl Alaninate, Lauryl Glucoside, Disodium Laureth Sulfosuccinate, Glycerin, Sodium Chloride, Sodium Lauroyl Methyl Isethionate, Caprylyl Glycol, Cetyl Alcohol, Hydroxyacetrophenone, Polyquaternium-10, Citric Acid, Menthol, Guar Hydroxypropyltrimonium Chloride, Melaleuca Alternifolia (Tea Tree) Leaf Oil, Pentasodium Pentetate, Citrus Paradisi (Grapefruit) Peel Oil, Butylene Glycol, Acorus Calamus Root Extract, Allium Cepa (Onion) Bulb Extract, Artemisia Capillaris Extract, Brassica Oleracea Italica (Broccoli) Extract, 1.2-Hexanediol, Cnidium Officinale Root Extract, Houttuynia Cordata Extract, Cysteine, Methionine, Melaleuca Alternifolia (Tea Tree) Leaf Extract, Salvia Officinalis (Sage) Leaf Extract, Camellia Japonica Flower Extract, Zingiber Officinale (Ginger) Root Extract, Ethylhexylglycerin<\/p>\n<h3>Warnhinweise<\/h3>\n<ol>\n<li>Nur zur \u00e4u\u00dferlichen Anwendung geeignet.<\/li>\n<li>Nicht auf verletzte Haut oder auf Wunden auftragen.<\/li>\n<li>Sollten Nebenwirkungen wie Irritationen oder Ausschlag eintreten, Anwendung sofort beenden und unverz\u00fcglich an einen Arzt wenden.<\/li>\n<li>Kontakt mit den Augen vermeiden. Sollte das Produkt ins Auge gelangen, das Auge sofort gr\u00fcndlich mit klarem Wasser aussp\u00fclen.<\/li>\n<li>Au\u00dfer Reichweite von Kindern aufbewahren.<\/li>\n<li>Nicht schlucken. Bei Verschlucken Arzt oder Giftzentrale aufsuchen.<\/li>\n<\/ol>\n","protected":false},"excerpt":{"rendered":"<p>Pyunkang Yul Low pH Scalp Shampoo ist ein sulfatfreies Shampoo, das das Haar nicht austrocknet, sondern Kopfhaut und Haar pflegt. Der niedrige pH-Wert des Shampoos in Kombination mit den milden nat\u00fcrlichen Tensiden sorgt f\u00fcr eine sanfte Reinigung, ohne der Kopfhaut und den Haaren die nat\u00fcrlichen \u00d6le zu entziehen, sondern verbessert die Haarstruktur und sorgt f\u00fcr eine gesunde Kopfhaut. Die enthaltenden Ingwer- und Teebaumblattextrakte beruhigen die gereizte und empfindliche Kopfhaut. Das Pyunkang Yul Low pH Scalp Shampoos entwirrt und pflegt die Haare effektiv.Alle Pyunkang Yul Produkte werden in Korea hergestellt, sind von Dermatologen entwickelt und tierversuchsfrei.<\/p>\n","protected":false},"featured_media":10464,"comment_status":"open","ping_status":"closed","template":"","meta":{"content-type":"","site-sidebar-layout":"default","site-content-layout":"default","ast-site-content-layout":"default","site-content-style":"default","site-sidebar-style":"default","ast-global-header-display":"","ast-banner-title-visibility":"","ast-main-header-display":"","ast-hfb-above-header-display":"","ast-hfb-below-header-display":"","ast-hfb-mobile-header-display":"","site-post-title":"","ast-breadcrumbs-content":"","ast-featured-img":"","footer-sml-layout":"","ast-disable-related-posts":"","theme-transparent-header-meta":"default","adv-header-id-meta":"","stick-header-meta":"","header-above-stick-meta":"","header-main-stick-meta":"","header-below-stick-meta":"","astra-migrate-meta-layouts":"set","ast-page-background-enabled":"default","ast-page-background-meta":{"desktop":{"background-color":"","background-image":"","background-repeat":"repeat","background-position":"center center","background-size":"auto","background-attachment":"scroll","background-type":"","background-media":"","overlay-type":"","overlay-color":"","overlay-opacity":"","overlay-gradient":""},"tablet":{"background-color":"","background-image":"","background-repeat":"repeat","background-position":"center center","background-size":"auto","background-attachment":"scroll","background-type":"","background-media":"","overlay-type":"","overlay-color":"","overlay-opacity":"","overlay-gradient":""},"mobile":{"background-color":"","background-image":"","background-repeat":"repeat","background-position":"center center","background-size":"auto","background-attachment":"scroll","background-type":"","background-media":"","overlay-type":"","overlay-color":"","overlay-opacity":"","overlay-gradient":""}},"ast-content-background-meta":{"desktop":{"background-color":"var(--ast-global-color-5)","background-image":"","background-repeat":"repeat","background-position":"center center","background-size":"auto","background-attachment":"scroll","background-type":"","background-media":"","overlay-type":"","overlay-color":"","overlay-opacity":"","overlay-gradient":""},"tablet":{"background-color":"var(--ast-global-color-5)","background-image":"","background-repeat":"repeat","background-position":"center center","background-size":"auto","background-attachment":"scroll","background-type":"","background-media":"","overlay-type":"","overlay-color":"","overlay-opacity":"","overlay-gradient":""},"mobile":{"background-color":"var(--ast-global-color-5)","background-image":"","background-repeat":"repeat","background-position":"center center","background-size":"auto","background-attachment":"scroll","background-type":"","background-media":"","overlay-type":"","overlay-color":"","overlay-opacity":"","overlay-gradient":""}}},"product_brand":[],"product_cat":[478,437,307],"product_tag":[427],"class_list":{"0":"post-10110","1":"product","2":"type-product","3":"status-publish","4":"has-post-thumbnail","6":"product_cat-haar","7":"product_cat-koerper","8":"product_cat-pyunkang-yul","9":"product_tag-reinigung","10":"pa_beduerfnisse-anti-aging","11":"pa_beduerfnisse-fettigkeit","12":"pa_hauttyp-all","13":"desktop-align-left","14":"tablet-align-left","15":"mobile-align-left","17":"first","18":"instock","19":"taxable","20":"shipping-taxable","21":"product-type-variable"},"_links":{"self":[{"href":"https:\/\/healthyskinsecrets.ch\/it\/wp-json\/wp\/v2\/product\/10110","targetHints":{"allow":["GET"]}}],"collection":[{"href":"https:\/\/healthyskinsecrets.ch\/it\/wp-json\/wp\/v2\/product"}],"about":[{"href":"https:\/\/healthyskinsecrets.ch\/it\/wp-json\/wp\/v2\/types\/product"}],"replies":[{"embeddable":true,"href":"https:\/\/healthyskinsecrets.ch\/it\/wp-json\/wp\/v2\/comments?post=10110"}],"wp:featuredmedia":[{"embeddable":true,"href":"https:\/\/healthyskinsecrets.ch\/it\/wp-json\/wp\/v2\/media\/10464"}],"wp:attachment":[{"href":"https:\/\/healthyskinsecrets.ch\/it\/wp-json\/wp\/v2\/media?parent=10110"}],"wp:term":[{"taxonomy":"product_brand","embeddable":true,"href":"https:\/\/healthyskinsecrets.ch\/it\/wp-json\/wp\/v2\/product_brand?post=10110"},{"taxonomy":"product_cat","embeddable":true,"href":"https:\/\/healthyskinsecrets.ch\/it\/wp-json\/wp\/v2\/product_cat?post=10110"},{"taxonomy":"product_tag","embeddable":true,"href":"https:\/\/healthyskinsecrets.ch\/it\/wp-json\/wp\/v2\/product_tag?post=10110"}],"curies":[{"name":"wp","href":"https:\/\/api.w.org\/{rel}","templated":true}]}}