{"id":10107,"date":"2022-07-12T19:47:08","date_gmt":"2022-07-12T19:47:08","guid":{"rendered":"https:\/\/healthyskinsecrets.ch\/product\/import-placeholder-for-12218\/"},"modified":"2023-06-17T12:03:35","modified_gmt":"2023-06-17T12:03:35","slug":"pyunkang-yul-kids-baby-wash-590ml","status":"publish","type":"product","link":"https:\/\/healthyskinsecrets.ch\/it\/product\/pyunkang-yul-kids-baby-wash-590ml\/","title":{"rendered":"Pyunkang yul Kids & Baby Wash 590ml"},"content":{"rendered":"<h3>Anwendung<\/h3>\n<p>1. Sch\u00e4umen Sie eine m\u00e4\u00dfige Menge mit nassen H\u00e4nden auf und massieren Sie es \u00fcber den ganzen K\u00f6rper.<\/p>\n<p>2. Mit lauwarmem Wasser absp\u00fclen.<\/p>\n<h3>Hauptinhaltsstoffe<\/h3>\n<p>Purified Water, Disodium Cocoamphodiacetate, Lauryl Hydroxysultaine, Sodium Chloride, Glycerine, Sodium Cocoyl Alaninate, Acrylates Copolymer, C12-14 Pareth-12, Butylene Glycol, Caprylyl Glycol, Hydroxyacetophenone, Pentylene Glycol, Citrus Aurantium Dulcis (Orange) Peel Oil, Citrus Aurantium Bergamia (Bergamot) Fruit Oil, Citrus Nobilis (Mandarin Orange) Peel Oil, Dipropylene Glycol, Hexylene Glycol, Disodium EDTA, Tocopherol, Simmondsia Chinensis (Jojoba) Seed Oil, Prunus Amygdalus Dulcis (Sweet Almond) Oil, Persea Gratissima (Avocado) Oil, Helianthus Annuus (Sunflower) Seed Oil, Camellia Japonica Seed Oil, Argania Spinosa Kernel Oil, Centella Asiatica Extract, Salix Alba (Willow) Bark Extract, Polyglyceryl-10 Myristate, 1,2-Hexanediol, Acorus Calamus Root Extract, Artemisia Vulgaris Extract, Camellia Sinensis Leaf Extract, Houttuynia Cordata Extract, Perilla Frutescens Leaf Extract, Propanediol, Caprylic\/Capric Triglyceride, Cetyl Ethylhexanoate, Ethylhexyl Palmitate, Chenopodium Quinoa Seed Extract, Oryza Sativa (Rice) Bran Extract, Oryza Sativa Germ Extract, Oryza Sativa (Rice) Extract, Phaseolus Angularis Seed Extract, Macadamia Ternifolia Seed Oil, Cnidium Officinale Root Extract, Anastatica Hierochuntica Extract, Arachis Hypogaea (Peanut) Fruit Extract, Phaseolus Vulgaris (Kidney Bean) Seed Extract, Sodium Hyaluronate, Phaseolus Radiatus Seed Extract, Lonicera Japonica (Honeysuckle) Flower Extract, Lens Esculenta (Lentil) Fruit Extract, Phytosteryl\/Behenyl\/Octyldodecyl Lauroyl Glutamate, Brassica Campestris Sterols, Cholesterol, Hydrogenated Lecithin, Hydrolyzed Hyaluronic Acid, Hydroxypropyltrimonium Hyaluronate, Polyglyceryl-10 Oleate, Potassium Cetyl Phosphate Ceramide NP, Sodium Hyaluronate Crosspolymer, Sodium Acetylated Hyaluronate, Ceramide NS, Ceramide EOP, Limonene, Linalool<\/p>\n<h3>Warnhinweise<\/h3>\n<ol>\n<li>Nur zur \u00e4u\u00dferlichen Anwendung geeignet.<\/li>\n<li>Nicht auf verletzte Haut oder auf Wunden auftragen.<\/li>\n<li>Sollten Nebenwirkungen wie Irritationen oder Ausschlag eintreten, Anwendung sofort beenden und unverz\u00fcglich an einen Arzt wenden.<\/li>\n<li>Kontakt mit den Augen vermeiden. Sollte das Produkt ins Auge gelangen, das Auge sofort gr\u00fcndlich mit klarem Wasser aussp\u00fclen.<\/li>\n<li>Au\u00dfer Reichweite von Kindern aufbewahren.<\/li>\n<li>Nicht schlucken. Bei Verschlucken Arzt oder Giftzentrale aufsuchen.<\/li>\n<\/ol>\n","protected":false},"excerpt":{"rendered":"<h5>\u00dcber die Marke:\u00a0Pyunkang Yul<\/h5>\n<p><span class=\"notranslate\">Pyunkang Yul<\/span>\u00a0wurde im M\u00e4rz 2016 vom Pyunkang Korean Medicine Hospital gegr\u00fcndet, einer Klinik, die f\u00fcr die Behandlung atopischer Hauterkrankungen bekannt ist. Die Marke verfolgt eine Philosophie des ganzheitlichen k\u00f6rperlichen Wohlergehens und daher ist\u00a0<span class=\"notranslate\">Pyunkang Yul<\/span>\u00a0davon \u00fcberzeugt, dass der Weg zu einer gesunden Haut \u00fcber ein ausgeglichenes Fett-Wasser-Verh\u00e4ltnis f\u00fchrt. Die Marke vermeidet \u00fcberfl\u00fcssige chemische Stoffe und verwendet ausschlie\u00dflich nat\u00fcrliche und sanfte Inhaltsstoffe. Die Bestseller der Marke umfassen die Moisture Ampoule (feuchtigkeitsspendend) und Moisture Cream (Feuchtigkeitscreme) aus der Basic Line, sowie die ATO Cream, den Cleanser und die Lotion aus der ATO-Linie f\u00fcr sensible Haut. Die Produkte werden zu 100 % in Korea und ohne Tierversuche hergestellt.\u00a0<span class=\"notranslate\">YesStyle<\/span>\u00a0ist ein autorisierter H\u00e4ndler von\u00a0<span class=\"notranslate\">Pyunkang Yul<\/span>.<\/p>\n","protected":false},"featured_media":10459,"comment_status":"open","ping_status":"closed","template":"","meta":{"content-type":"","site-sidebar-layout":"default","site-content-layout":"default","ast-site-content-layout":"default","site-content-style":"default","site-sidebar-style":"default","ast-global-header-display":"","ast-banner-title-visibility":"","ast-main-header-display":"","ast-hfb-above-header-display":"","ast-hfb-below-header-display":"","ast-hfb-mobile-header-display":"","site-post-title":"","ast-breadcrumbs-content":"","ast-featured-img":"","footer-sml-layout":"","ast-disable-related-posts":"","theme-transparent-header-meta":"default","adv-header-id-meta":"","stick-header-meta":"","header-above-stick-meta":"","header-main-stick-meta":"","header-below-stick-meta":"","astra-migrate-meta-layouts":"default","ast-page-background-enabled":"default","ast-page-background-meta":{"desktop":{"background-color":"","background-image":"","background-repeat":"repeat","background-position":"center center","background-size":"auto","background-attachment":"scroll","background-type":"","background-media":"","overlay-type":"","overlay-color":"","overlay-opacity":"","overlay-gradient":""},"tablet":{"background-color":"","background-image":"","background-repeat":"repeat","background-position":"center center","background-size":"auto","background-attachment":"scroll","background-type":"","background-media":"","overlay-type":"","overlay-color":"","overlay-opacity":"","overlay-gradient":""},"mobile":{"background-color":"","background-image":"","background-repeat":"repeat","background-position":"center center","background-size":"auto","background-attachment":"scroll","background-type":"","background-media":"","overlay-type":"","overlay-color":"","overlay-opacity":"","overlay-gradient":""}},"ast-content-background-meta":{"desktop":{"background-color":"var(--ast-global-color-5)","background-image":"","background-repeat":"repeat","background-position":"center center","background-size":"auto","background-attachment":"scroll","background-type":"","background-media":"","overlay-type":"","overlay-color":"","overlay-opacity":"","overlay-gradient":""},"tablet":{"background-color":"var(--ast-global-color-5)","background-image":"","background-repeat":"repeat","background-position":"center center","background-size":"auto","background-attachment":"scroll","background-type":"","background-media":"","overlay-type":"","overlay-color":"","overlay-opacity":"","overlay-gradient":""},"mobile":{"background-color":"var(--ast-global-color-5)","background-image":"","background-repeat":"repeat","background-position":"center center","background-size":"auto","background-attachment":"scroll","background-type":"","background-media":"","overlay-type":"","overlay-color":"","overlay-opacity":"","overlay-gradient":""}}},"product_brand":[],"product_cat":[504,485,437,307],"product_tag":[427,466],"class_list":{"0":"post-10107","1":"product","2":"type-product","3":"status-publish","4":"has-post-thumbnail","6":"product_cat-cpnp","7":"product_cat-duschgel","8":"product_cat-koerper","9":"product_cat-pyunkang-yul","10":"product_tag-reinigung","11":"product_tag-kinder","12":"pa_hauttyp-all","13":"desktop-align-left","14":"tablet-align-left","15":"mobile-align-left","17":"first","18":"instock","19":"taxable","20":"shipping-taxable","21":"purchasable","22":"product-type-variable"},"_links":{"self":[{"href":"https:\/\/healthyskinsecrets.ch\/it\/wp-json\/wp\/v2\/product\/10107","targetHints":{"allow":["GET"]}}],"collection":[{"href":"https:\/\/healthyskinsecrets.ch\/it\/wp-json\/wp\/v2\/product"}],"about":[{"href":"https:\/\/healthyskinsecrets.ch\/it\/wp-json\/wp\/v2\/types\/product"}],"replies":[{"embeddable":true,"href":"https:\/\/healthyskinsecrets.ch\/it\/wp-json\/wp\/v2\/comments?post=10107"}],"wp:featuredmedia":[{"embeddable":true,"href":"https:\/\/healthyskinsecrets.ch\/it\/wp-json\/wp\/v2\/media\/10459"}],"wp:attachment":[{"href":"https:\/\/healthyskinsecrets.ch\/it\/wp-json\/wp\/v2\/media?parent=10107"}],"wp:term":[{"taxonomy":"product_brand","embeddable":true,"href":"https:\/\/healthyskinsecrets.ch\/it\/wp-json\/wp\/v2\/product_brand?post=10107"},{"taxonomy":"product_cat","embeddable":true,"href":"https:\/\/healthyskinsecrets.ch\/it\/wp-json\/wp\/v2\/product_cat?post=10107"},{"taxonomy":"product_tag","embeddable":true,"href":"https:\/\/healthyskinsecrets.ch\/it\/wp-json\/wp\/v2\/product_tag?post=10107"}],"curies":[{"name":"wp","href":"https:\/\/api.w.org\/{rel}","templated":true}]}}