{"id":6644,"date":"2021-06-20T12:36:24","date_gmt":"2021-06-20T12:36:24","guid":{"rendered":"https:\/\/healthyskinsecrets.ch\/?page_id=6644"},"modified":"2022-12-06T15:07:28","modified_gmt":"2022-12-06T15:07:28","slug":"disclaimer","status":"publish","type":"page","link":"https:\/\/healthyskinsecrets.ch\/it\/disclaimer\/","title":{"rendered":"Disclaimer"},"content":{"rendered":"\t\t<div data-elementor-type=\"wp-page\" data-elementor-id=\"6644\" class=\"elementor elementor-6644\">\n\t\t\t\t\t\t<section class=\"elementor-section elementor-top-section elementor-element elementor-element-8706597 elementor-section-boxed elementor-section-height-default elementor-section-height-default\" data-id=\"8706597\" data-element_type=\"section\" data-e-type=\"section\">\n\t\t\t\t\t\t<div class=\"elementor-container elementor-column-gap-default\">\n\t\t\t\t\t<div class=\"elementor-column elementor-col-100 elementor-top-column elementor-element elementor-element-c6d450b\" data-id=\"c6d450b\" data-element_type=\"column\" data-e-type=\"column\">\n\t\t\t<div class=\"elementor-widget-wrap elementor-element-populated\">\n\t\t\t\t\t\t<div class=\"elementor-element elementor-element-1f1b28b elementor-widget elementor-widget-heading\" data-id=\"1f1b28b\" data-element_type=\"widget\" data-e-type=\"widget\" data-widget_type=\"heading.default\">\n\t\t\t\t<div class=\"elementor-widget-container\">\n\t\t\t\t\t<h2 class=\"elementor-heading-title elementor-size-default\">Haftungsausschluss<\/h2>\t\t\t\t<\/div>\n\t\t\t\t<\/div>\n\t\t\t\t\t<\/div>\n\t\t<\/div>\n\t\t\t\t\t<\/div>\n\t\t<\/section>\n\t\t\t\t<section class=\"elementor-section elementor-top-section elementor-element elementor-element-75d2cf6 elementor-section-boxed elementor-section-height-default elementor-section-height-default\" data-id=\"75d2cf6\" data-element_type=\"section\" data-e-type=\"section\">\n\t\t\t\t\t\t<div class=\"elementor-container elementor-column-gap-default\">\n\t\t\t\t\t<div class=\"elementor-column elementor-col-100 elementor-top-column elementor-element elementor-element-1c35688\" data-id=\"1c35688\" data-element_type=\"column\" data-e-type=\"column\">\n\t\t\t<div class=\"elementor-widget-wrap elementor-element-populated\">\n\t\t\t\t\t\t<div class=\"elementor-element elementor-element-8ac027c elementor-widget elementor-widget-text-editor\" data-id=\"8ac027c\" data-element_type=\"widget\" data-e-type=\"widget\" data-widget_type=\"text-editor.default\">\n\t\t\t\t<div class=\"elementor-widget-container\">\n\t\t\t\t\t\t\t\t\t<p>Le informazioni su questo sito Web sono compilate e gestite da Healthy Skin Secrets (healthyskinsecrets.ch) SNV Group con cura e attenzione continue. Tuttavia, gli errori non possono sempre essere evitati. Pertanto, nessuna informazione pu\u00f2 essere derivata dalle informazioni fornite su Internet. Healthy Skin Secrets (healthyskinsecrets.ch) SNV Group non si assume alcuna responsabilit\u00e0 per danni derivanti in qualsiasi modo dall&#8217;utilizzo del sito internet o dall&#8217;incompletezza e\/o imprecisione delle informazioni e\/o danni causati a Internet dalla (temporanea) indisponibilit\u00e0 del sito web.<\/p><p>Il sito web di Healthy Skin Secrets (healthyskinsecrets.ch) SNV Group contiene riferimenti e\/o collegamenti ipertestuali ad altri siti web che non sono gestiti da Healthy Skin Secrets (healthyskinsecrets.ch) SNV Group. Questi sono registrati per informazione dagli utenti e selezionati in buona fede per il gruppo target di Healthy Skin Secrets (healthyskinsecrets.ch) SNV Group. Healthy Skin Secrets (healthyskinsecrets.ch) SNV Group non fornisce alcuna garanzia e non si assume alcuna responsabilit\u00e0 in merito al contenuto, all&#8217;utilizzo e alla disponibilit\u00e0 di tali siti Internet.<\/p><p>Healthy Skin Secrets (healthyskinsecrets.ch) SNV Group non garantisce che eventuali e-mail o altri messaggi elettronici inviati saranno ricevuti ed elaborati in tempo utile e non sar\u00e0 ritenuto responsabile per le conseguenze della tempestiva ricezione o elaborazione di e- e-mail o altri messaggi elettronici inviati ad esso.<\/p><p>Diritti di propriet\u00e0 intellettuale<\/p><p>Tutti i diritti di propriet\u00e0 intellettuale, inclusi, a titolo esemplificativo ma non esaustivo, diritti d&#8217;autore, diritti sui marchi e diritti sui dati, informazioni, testi, immagini, loghi, fotografie e illustrazioni su questo sito Web e il layout e il design di questo sito Web sono di propriet\u00e0 di LW Wholesale e \/ o dei suoi licenzianti. Le informazioni sul sito internet sono solo per uso personale e non commerciale. La riproduzione e la divulgazione di (parti di) contenuto di questo sito Web per uso non personale, in qualsiasi forma e modo, non \u00e8 consentita senza il previo consenso scritto di Healthy Skin Secrets (healthyskinsecrets.ch) Gruppo SNV<\/p><p>L&#8217;uso di un collegamento ipertestuale a (qualsiasi pagina su) questo sito Web \u00e8 consentito a meno che il contenuto, l&#8217;aspetto o la reputazione del sito ospite non siano mal tollerati da Healthy Skin Secrets (healthyskinsecrets.ch) Gruppo SNV con il nome e la reputazione di Healthy Skin Secrets ( healthskinsecrets.ch) SNV Group, i suoi servizi, prodotti o il contenuto di questo sito web.<\/p><p>L&#8217;accesso e l&#8217;utilizzo di questo sito Web sono soggetti alle seguenti condizioni d&#8217;uso (&#8220;Condizioni d&#8217;uso&#8221;). Si prega di leggere attentamente le Condizioni d&#8217;uso prima di utilizzare questo sito Web in qualsiasi modo.<\/p><p>Visitando ulteriormente questo sito Web o qualsiasi utilizzo dello stesso, accetti espressamente questi termini e condizioni. Se sei ostacolato dalla lettura di questi termini o se non sei d&#8217;accordo con il suo contenuto, ti chiediamo di non utilizzare ulteriormente questo sito web.<\/p><p>1. Scopo e contenuto del sito web<\/p><p>Questo sito Web \u00e8 una guida per trovare informazioni sui prodotti e servizi del gruppo SNV Healthy Skin Secrets (healthyskinsecrets.ch).<\/p><p>2. Dettagli di contatto<\/p><p>Se hai bisogno di ulteriori informazioni o di commentare, puoi contattare Healthy Skin Secrets (healthyskinsecrets.ch) Gruppo SNV all&#8217;indirizzo info@healthyskinsecrets.ch<\/p><p>3. Natura delle informazioni offerte<\/p><p>Le informazioni disponibili su questo sito Web sono di carattere generale. Le informazioni non sono adattate a circostanze personali o specifiche e non possono quindi essere una consulenza personale, professionale o legale. Questo sito web e tutti i materiali offerti sono disponibili cos\u00ec come sono &#8220;allo stato attuale&#8221; e senza alcuna garanzia. L&#8217;uso del sito web e delle informazioni in esso contenute avviene pertanto esclusivamente a proprio rischio.<\/p><p>4. Informazioni sul colore<\/p><p>I colori che possono essere visualizzati sul display del cliente possono differire dai colori che effettivamente hanno i prodotti. Healthy Skin Secrets (healthyskinsecrets.ch) SNV Group non \u00e8 responsabile per tali difetti di colore.<\/p><p>5. Responsabilit\u00e0<\/p><p>Healthy Skin Secrets (healthyskinsecrets.ch) SNV Group sta compiendo grandi sforzi per garantire che le informazioni fornite siano complete, accurate, accurate e aggiornate. Nonostante questi sforzi, possono verificarsi imprecisioni. Se le informazioni fornite contengono inesattezze o se alcune informazioni non sono disponibili, si cercher\u00e0 di correggerle il prima possibile. Se trovi inesattezze nelle informazioni fornite, puoi sempre contattare Healthy Skin Secrets (healthyskinsecrets.ch) Gruppo SNV.<\/p><p>Healthy Skin Secrets (healthyskinsecrets.ch) SNV Group si impegna a proteggere il sito Web con tutte le risorse ragionevoli e a ridurre al minimo gli eventuali inconvenienti causati da errori tecnici. Tuttavia Healthy Skin Secrets (healthyskinsecrets.ch) SNV Group non pu\u00f2 escludere la possibilit\u00e0 di manovre tecniche errate o interventi non autorizzati. Per questi motivi, Healthy Skin Secrets (healthyskinsecrets.ch) SNV Group non pu\u00f2 garantire che l&#8217;accesso al sito Web non possa essere interrotto o altrimenti impedito da tali problemi.<\/p><p>Tuttavia, Healthy Skin Secrets (healthyskinsecrets.ch) SNV Group non pu\u00f2 essere ritenuta responsabile per danni diretti o indiretti derivanti dall&#8217;uso di questo sito web o delle informazioni fornite. L&#8217;utente \u00e8 responsabile per qualsiasi danno al proprio sistema informatico o per la perdita di dati dovuta al download di informazioni.<\/p><p>6. Collegamenti ipertestuali esterni<\/p><p>Questo sito Web contiene collegamenti ipertestuali ad altri siti Web che Healthy Skin Secrets (healthyskinsecrets.ch) SNV Group non effettua alcun controllo tecnico o sostanziale. Un collegamento ipertestuale a un sito Web esterno di questo tipo porta sempre all&#8217;apertura di una nuova finestra nel browser. Healthy Skin Secrets (healthyskinsecrets.ch) SNV Group non pu\u00f2 garantire la completezza o l&#8217;accuratezza del contenuto o la disponibilit\u00e0 di questi siti Web e pertanto non si assume alcuna responsabilit\u00e0 per eventuali danni diretti o indiretti derivanti dal suo utilizzo.<\/p><p>7. Propriet\u00e0 intellettuale<\/p><p>I testi, le immagini, i file video e i file audio visualizzati su questo sito Web possono essere riprodotti o comunicati al pubblico solo previa autorizzazione esplicita, scritta e preventiva di Healthy Skin Secrets (healthyskinsecrets.ch) Gruppo SNV.<\/p><p>8. Modifiche<\/p><p>Healthy Skin Secrets (healthyskinsecrets.ch) SNV Group si riserva il diritto di modificare le presenti Condizioni d&#8217;uso. \u00c8 tua responsabilit\u00e0 rivedere regolarmente i termini applicabili.<\/p><p>9. Protezione delle tue informazioni personali<\/p><p>Healthy Skin Secrets (healthyskinsecrets.ch) SNV Group rispetta la tua privacy. I dati che inserisci nel sito web saranno trattati in modo confidenziale. Per ulteriori informazioni, visitare la nostra Informativa sulla privacy e la nostra pagina sui cookie.<\/p>\t\t\t\t\t\t\t\t<\/div>\n\t\t\t\t<\/div>\n\t\t\t\t\t<\/div>\n\t\t<\/div>\n\t\t\t\t\t<\/div>\n\t\t<\/section>\n\t\t\t\t<\/div>\n\t\t","protected":false},"excerpt":{"rendered":"<p>Haftungsausschluss Die Informationen auf dieser Website werden von Healthy Skin Secrets (healthyskinsecrets.ch) SNV Group mit kontinuierlicher Sorgfalt und Aufmerksamkeit zusammengestellt und gepflegt. Fehler lassen sich jedoch nicht immer vermeiden. Aus den im Internet bereitgestellten Informationen k\u00f6nnen daher keine Informationen abgeleitet werden. Healthy Skin Secrets (healthyskinsecrets.ch) SNV Group \u00fcbernimmt keine Haftung f\u00fcr Sch\u00e4den, die in irgendeiner [&hellip;]<\/p>\n","protected":false},"author":1,"featured_media":0,"parent":0,"menu_order":0,"comment_status":"closed","ping_status":"closed","template":"","meta":{"content-type":"","site-sidebar-layout":"no-sidebar","site-content-layout":"page-builder","ast-site-content-layout":"default","site-content-style":"default","site-sidebar-style":"default","ast-global-header-display":"","ast-banner-title-visibility":"","ast-main-header-display":"","ast-hfb-above-header-display":"","ast-hfb-below-header-display":"","ast-hfb-mobile-header-display":"","site-post-title":"disabled","ast-breadcrumbs-content":"","ast-featured-img":"disabled","footer-sml-layout":"","ast-disable-related-posts":"","theme-transparent-header-meta":"default","adv-header-id-meta":"","stick-header-meta":"","header-above-stick-meta":"","header-main-stick-meta":"","header-below-stick-meta":"","astra-migrate-meta-layouts":"default","ast-page-background-enabled":"default","ast-page-background-meta":{"desktop":{"background-color":"","background-image":"","background-repeat":"repeat","background-position":"center center","background-size":"auto","background-attachment":"scroll","background-type":"","background-media":"","overlay-type":"","overlay-color":"","overlay-opacity":"","overlay-gradient":""},"tablet":{"background-color":"","background-image":"","background-repeat":"repeat","background-position":"center center","background-size":"auto","background-attachment":"scroll","background-type":"","background-media":"","overlay-type":"","overlay-color":"","overlay-opacity":"","overlay-gradient":""},"mobile":{"background-color":"","background-image":"","background-repeat":"repeat","background-position":"center center","background-size":"auto","background-attachment":"scroll","background-type":"","background-media":"","overlay-type":"","overlay-color":"","overlay-opacity":"","overlay-gradient":""}},"ast-content-background-meta":{"desktop":{"background-color":"var(--ast-global-color-5)","background-image":"","background-repeat":"repeat","background-position":"center center","background-size":"auto","background-attachment":"scroll","background-type":"","background-media":"","overlay-type":"","overlay-color":"","overlay-opacity":"","overlay-gradient":""},"tablet":{"background-color":"var(--ast-global-color-5)","background-image":"","background-repeat":"repeat","background-position":"center center","background-size":"auto","background-attachment":"scroll","background-type":"","background-media":"","overlay-type":"","overlay-color":"","overlay-opacity":"","overlay-gradient":""},"mobile":{"background-color":"var(--ast-global-color-5)","background-image":"","background-repeat":"repeat","background-position":"center center","background-size":"auto","background-attachment":"scroll","background-type":"","background-media":"","overlay-type":"","overlay-color":"","overlay-opacity":"","overlay-gradient":""}},"footnotes":""},"class_list":["post-6644","page","type-page","status-publish","hentry"],"_links":{"self":[{"href":"https:\/\/healthyskinsecrets.ch\/it\/wp-json\/wp\/v2\/pages\/6644","targetHints":{"allow":["GET"]}}],"collection":[{"href":"https:\/\/healthyskinsecrets.ch\/it\/wp-json\/wp\/v2\/pages"}],"about":[{"href":"https:\/\/healthyskinsecrets.ch\/it\/wp-json\/wp\/v2\/types\/page"}],"author":[{"embeddable":true,"href":"https:\/\/healthyskinsecrets.ch\/it\/wp-json\/wp\/v2\/users\/1"}],"replies":[{"embeddable":true,"href":"https:\/\/healthyskinsecrets.ch\/it\/wp-json\/wp\/v2\/comments?post=6644"}],"version-history":[{"count":13,"href":"https:\/\/healthyskinsecrets.ch\/it\/wp-json\/wp\/v2\/pages\/6644\/revisions"}],"predecessor-version":[{"id":11307,"href":"https:\/\/healthyskinsecrets.ch\/it\/wp-json\/wp\/v2\/pages\/6644\/revisions\/11307"}],"wp:attachment":[{"href":"https:\/\/healthyskinsecrets.ch\/it\/wp-json\/wp\/v2\/media?parent=6644"}],"curies":[{"name":"wp","href":"https:\/\/api.w.org\/{rel}","templated":true}]}}