{"id":6570,"date":"2021-06-20T11:49:35","date_gmt":"2021-06-20T11:49:35","guid":{"rendered":"https:\/\/healthyskinsecrets.ch\/?page_id=6570"},"modified":"2022-12-06T15:14:43","modified_gmt":"2022-12-06T15:14:43","slug":"heres-how-it-works","status":"publish","type":"page","link":"https:\/\/healthyskinsecrets.ch\/it\/heres-how-it-works\/","title":{"rendered":"Here's how it works"},"content":{"rendered":"\t\t<div data-elementor-type=\"wp-page\" data-elementor-id=\"6570\" class=\"elementor elementor-6570\">\n\t\t\t\t\t\t<section class=\"elementor-section elementor-top-section elementor-element elementor-element-3aaa94f elementor-section-boxed elementor-section-height-default elementor-section-height-default\" data-id=\"3aaa94f\" data-element_type=\"section\" data-e-type=\"section\">\n\t\t\t\t\t\t<div class=\"elementor-container elementor-column-gap-default\">\n\t\t\t\t\t<div class=\"elementor-column elementor-col-100 elementor-top-column elementor-element elementor-element-404f9a1\" data-id=\"404f9a1\" data-element_type=\"column\" data-e-type=\"column\">\n\t\t\t<div class=\"elementor-widget-wrap elementor-element-populated\">\n\t\t\t\t\t\t<div class=\"elementor-element elementor-element-97ff1fd elementor-widget elementor-widget-heading\" data-id=\"97ff1fd\" data-element_type=\"widget\" data-e-type=\"widget\" data-widget_type=\"heading.default\">\n\t\t\t\t<div class=\"elementor-widget-container\">\n\t\t\t\t\t<h4 class=\"elementor-heading-title elementor-size-default\">Ecco come funziona<\/h4>\t\t\t\t<\/div>\n\t\t\t\t<\/div>\n\t\t\t\t\t<\/div>\n\t\t<\/div>\n\t\t\t\t\t<\/div>\n\t\t<\/section>\n\t\t\t\t<section class=\"elementor-section elementor-top-section elementor-element elementor-element-a2560f1 elementor-section-boxed elementor-section-height-default elementor-section-height-default\" data-id=\"a2560f1\" data-element_type=\"section\" data-e-type=\"section\">\n\t\t\t\t\t\t<div class=\"elementor-container elementor-column-gap-default\">\n\t\t\t\t\t<div class=\"elementor-column elementor-col-100 elementor-top-column elementor-element elementor-element-cb92da4\" data-id=\"cb92da4\" data-element_type=\"column\" data-e-type=\"column\">\n\t\t\t<div class=\"elementor-widget-wrap elementor-element-populated\">\n\t\t\t\t\t\t<div class=\"elementor-element elementor-element-69fd680 elementor-widget elementor-widget-text-editor\" data-id=\"69fd680\" data-element_type=\"widget\" data-e-type=\"widget\" data-widget_type=\"text-editor.default\">\n\t\t\t\t<div class=\"elementor-widget-container\">\n\t\t\t\t\t\t\t\t\t<p>Innanzitutto, dobbiamo notare che sarai in grado di vedere i nostri prezzi all&#8217;ingrosso solo dopo aver effettuato l&#8217;accesso al tuo account.<br \/>Pronto ad acquistare cosmetici coreani all&#8217;ingrosso da vendere?<\/p><p>ECCO COME FUNZIONA:<br \/>1. Registrati sul nostro sito con i dati della tua azienda.<br \/>2. Se tutto \u00e8 corretto,\u00a0ti approveremo\u00a0come utente<\/p><p>3. Scegli i prodotti\u00a0che desideri acquistare dal nostro eccellente assortimento. Nota: non pagherai online. Ti invieremo una fattura nel passaggio successivo!<\/p><p>4. Confermeremo l&#8217;ordine in base allo stock o alle condizioni e ti invieremo un&#8217;email con la fattura. Procederai quindi con il pagamento tramite bonifico bancario.<\/p><p>5. Ci occupiamo quindi del processo di importazione e spediamo il tuo ordine all&#8217;interno. Potrai accedere alla cronologia degli acquisti in &#8220;Account personale &gt; Cronologia ordini&#8221;.<\/p><p>MOQ, MOA, RRP<br \/>C&#8217;\u00e8 un MOA (importo minimo dell&#8217;ordine) di 100\u20ac per ordine.<br \/>Per le maschere in tessuto, il MOQ (quantit\u00e0 minima ordinabile) \u00e8 di 10 unit\u00e0 per maschera per referenza. Per il resto dei nostri prodotti, l&#8217;ordine minimo \u00e8 di 1 unit\u00e0 per referenza.<br \/>Il RRP (prezzo di vendita consigliato) dovrebbe essere uguale o superiore al prezzo di Vanesis.com o Tomy Klou.ch.<br \/>I prezzi indicati su questo sito web non includono le tasse.<\/p><p>SPEDIZIONE<\/p><p>Poich\u00e9 il Regno Unito non fa pi\u00f9 parte dell&#8217;UE, i rivenditori del Regno Unito potrebbero dover pagare la tassa di importazione (IVA del Regno Unito + spese amministrative), fatturata separatamente tramite il servizio di corriere.<\/p><p>PAGAMENTO<br \/>Il pagamento completo deve essere effettuato in anticipo tramite bonifico bancario.<\/p><p>TERRITORIO<br \/>UE, Svizzera.<br \/>I prodotti possono essere venduti solo nel paese di fatturazione del cliente. I prodotti non possono essere venduti su Amazon, eBay o mercati e piattaforme simili.<\/p>\t\t\t\t\t\t\t\t<\/div>\n\t\t\t\t<\/div>\n\t\t\t\t\t<\/div>\n\t\t<\/div>\n\t\t\t\t\t<\/div>\n\t\t<\/section>\n\t\t\t\t<section class=\"elementor-section elementor-top-section elementor-element elementor-element-bda182b elementor-section-boxed elementor-section-height-default elementor-section-height-default\" data-id=\"bda182b\" data-element_type=\"section\" data-e-type=\"section\">\n\t\t\t\t\t\t<div class=\"elementor-container elementor-column-gap-default\">\n\t\t\t\t\t<div class=\"elementor-column elementor-col-100 elementor-top-column elementor-element elementor-element-e1a07a5\" data-id=\"e1a07a5\" data-element_type=\"column\" data-e-type=\"column\">\n\t\t\t<div class=\"elementor-widget-wrap elementor-element-populated\">\n\t\t\t\t\t\t<div class=\"elementor-element elementor-element-fc4a254 elementor-align-center elementor-widget elementor-widget-button\" data-id=\"fc4a254\" data-element_type=\"widget\" data-e-type=\"widget\" data-widget_type=\"button.default\">\n\t\t\t\t<div class=\"elementor-widget-container\">\n\t\t\t\t\t\t\t\t\t<div class=\"elementor-button-wrapper\">\n\t\t\t\t\t<a class=\"elementor-button elementor-button-link elementor-size-sm\" href=\"https:\/\/healthyskinsecrets.ch\/?page_id=818\">\n\t\t\t\t\t\t<span class=\"elementor-button-content-wrapper\">\n\t\t\t\t\t\t\t\t\t<span class=\"elementor-button-text\">sign up \/ log in<\/span>\n\t\t\t\t\t<\/span>\n\t\t\t\t\t<\/a>\n\t\t\t\t<\/div>\n\t\t\t\t\t\t\t\t<\/div>\n\t\t\t\t<\/div>\n\t\t\t\t\t<\/div>\n\t\t<\/div>\n\t\t\t\t\t<\/div>\n\t\t<\/section>\n\t\t\t\t<\/div>\n\t\t","protected":false},"excerpt":{"rendered":"<p>So funktioniert das Zun\u00e4chst m\u00fcssen wir beachten, dass Sie unsere Gro\u00dfhandelspreise nur sehen k\u00f6nnen, wenn Sie sich in Ihrem Konto angemeldet haben.Sind Sie bereit, koreanische Kosmetik im Gro\u00dfhandel zu kaufen, um sie zu verkaufen? SO FUNKTIONIERT DAS:1. Registrieren Sie sich auf unserer Seite mit Ihren Firmendaten.2. Wenn alles korrekt ist, werden wir Sie als Nutzer [&hellip;]<\/p>\n","protected":false},"author":1,"featured_media":0,"parent":0,"menu_order":0,"comment_status":"closed","ping_status":"closed","template":"","meta":{"content-type":"","site-sidebar-layout":"no-sidebar","site-content-layout":"page-builder","ast-site-content-layout":"default","site-content-style":"default","site-sidebar-style":"default","ast-global-header-display":"","ast-banner-title-visibility":"","ast-main-header-display":"","ast-hfb-above-header-display":"","ast-hfb-below-header-display":"","ast-hfb-mobile-header-display":"","site-post-title":"disabled","ast-breadcrumbs-content":"","ast-featured-img":"disabled","footer-sml-layout":"","ast-disable-related-posts":"","theme-transparent-header-meta":"default","adv-header-id-meta":"","stick-header-meta":"","header-above-stick-meta":"","header-main-stick-meta":"","header-below-stick-meta":"","astra-migrate-meta-layouts":"default","ast-page-background-enabled":"default","ast-page-background-meta":{"desktop":{"background-color":"","background-image":"","background-repeat":"repeat","background-position":"center center","background-size":"auto","background-attachment":"scroll","background-type":"","background-media":"","overlay-type":"","overlay-color":"","overlay-opacity":"","overlay-gradient":""},"tablet":{"background-color":"","background-image":"","background-repeat":"repeat","background-position":"center center","background-size":"auto","background-attachment":"scroll","background-type":"","background-media":"","overlay-type":"","overlay-color":"","overlay-opacity":"","overlay-gradient":""},"mobile":{"background-color":"","background-image":"","background-repeat":"repeat","background-position":"center center","background-size":"auto","background-attachment":"scroll","background-type":"","background-media":"","overlay-type":"","overlay-color":"","overlay-opacity":"","overlay-gradient":""}},"ast-content-background-meta":{"desktop":{"background-color":"var(--ast-global-color-5)","background-image":"","background-repeat":"repeat","background-position":"center center","background-size":"auto","background-attachment":"scroll","background-type":"","background-media":"","overlay-type":"","overlay-color":"","overlay-opacity":"","overlay-gradient":""},"tablet":{"background-color":"var(--ast-global-color-5)","background-image":"","background-repeat":"repeat","background-position":"center center","background-size":"auto","background-attachment":"scroll","background-type":"","background-media":"","overlay-type":"","overlay-color":"","overlay-opacity":"","overlay-gradient":""},"mobile":{"background-color":"var(--ast-global-color-5)","background-image":"","background-repeat":"repeat","background-position":"center center","background-size":"auto","background-attachment":"scroll","background-type":"","background-media":"","overlay-type":"","overlay-color":"","overlay-opacity":"","overlay-gradient":""}},"footnotes":""},"class_list":["post-6570","page","type-page","status-publish","hentry"],"_links":{"self":[{"href":"https:\/\/healthyskinsecrets.ch\/it\/wp-json\/wp\/v2\/pages\/6570","targetHints":{"allow":["GET"]}}],"collection":[{"href":"https:\/\/healthyskinsecrets.ch\/it\/wp-json\/wp\/v2\/pages"}],"about":[{"href":"https:\/\/healthyskinsecrets.ch\/it\/wp-json\/wp\/v2\/types\/page"}],"author":[{"embeddable":true,"href":"https:\/\/healthyskinsecrets.ch\/it\/wp-json\/wp\/v2\/users\/1"}],"replies":[{"embeddable":true,"href":"https:\/\/healthyskinsecrets.ch\/it\/wp-json\/wp\/v2\/comments?post=6570"}],"version-history":[{"count":26,"href":"https:\/\/healthyskinsecrets.ch\/it\/wp-json\/wp\/v2\/pages\/6570\/revisions"}],"predecessor-version":[{"id":11313,"href":"https:\/\/healthyskinsecrets.ch\/it\/wp-json\/wp\/v2\/pages\/6570\/revisions\/11313"}],"wp:attachment":[{"href":"https:\/\/healthyskinsecrets.ch\/it\/wp-json\/wp\/v2\/media?parent=6570"}],"curies":[{"name":"wp","href":"https:\/\/api.w.org\/{rel}","templated":true}]}}