{"id":1213,"date":"2020-12-04T21:25:28","date_gmt":"2020-12-04T21:25:28","guid":{"rendered":"https:\/\/healthyskinsecrets.ch\/?page_id=1213"},"modified":"2022-12-06T14:59:43","modified_gmt":"2022-12-06T14:59:43","slug":"payment-methods-shipping","status":"publish","type":"page","link":"https:\/\/healthyskinsecrets.ch\/it\/payment-methods-shipping\/","title":{"rendered":"Payment methods & Shipping"},"content":{"rendered":"\t\t<div data-elementor-type=\"wp-page\" data-elementor-id=\"1213\" class=\"elementor elementor-1213\">\n\t\t\t\t\t\t<section class=\"elementor-section elementor-top-section elementor-element elementor-element-1feccf9 elementor-section-boxed elementor-section-height-default elementor-section-height-default\" data-id=\"1feccf9\" data-element_type=\"section\" data-e-type=\"section\">\n\t\t\t\t\t\t<div class=\"elementor-container elementor-column-gap-default\">\n\t\t\t\t\t<div class=\"elementor-column elementor-col-100 elementor-top-column elementor-element elementor-element-3f16abd\" data-id=\"3f16abd\" data-element_type=\"column\" data-e-type=\"column\">\n\t\t\t<div class=\"elementor-widget-wrap elementor-element-populated\">\n\t\t\t\t\t\t<div class=\"elementor-element elementor-element-f8aba9b elementor-widget elementor-widget-heading\" data-id=\"f8aba9b\" data-element_type=\"widget\" data-e-type=\"widget\" data-widget_type=\"heading.default\">\n\t\t\t\t<div class=\"elementor-widget-container\">\n\t\t\t\t\t<h2 class=\"elementor-heading-title elementor-size-default\">Zahlungsmethoden, Versand und R\u00fccksendungen<\/h2>\t\t\t\t<\/div>\n\t\t\t\t<\/div>\n\t\t\t\t\t<\/div>\n\t\t<\/div>\n\t\t\t\t\t<\/div>\n\t\t<\/section>\n\t\t\t\t<section class=\"elementor-section elementor-top-section elementor-element elementor-element-82f62c8 elementor-section-boxed elementor-section-height-default elementor-section-height-default\" data-id=\"82f62c8\" data-element_type=\"section\" data-e-type=\"section\">\n\t\t\t\t\t\t<div class=\"elementor-container elementor-column-gap-default\">\n\t\t\t\t\t<div class=\"elementor-column elementor-col-100 elementor-top-column elementor-element elementor-element-6554203\" data-id=\"6554203\" data-element_type=\"column\" data-e-type=\"column\">\n\t\t\t<div class=\"elementor-widget-wrap elementor-element-populated\">\n\t\t\t\t\t\t<div class=\"elementor-element elementor-element-4239314 elementor-widget elementor-widget-text-editor\" data-id=\"4239314\" data-element_type=\"widget\" data-e-type=\"widget\" data-widget_type=\"text-editor.default\">\n\t\t\t\t<div class=\"elementor-widget-container\">\n\t\t\t\t\t\t\t\t\t<p><strong>Metodi di pagamento:<\/strong> Accettiamo bonifico bancario come metodo di pagamento.<\/p>\t\t\t\t\t\t\t\t<\/div>\n\t\t\t\t<\/div>\n\t\t\t\t<div class=\"elementor-element elementor-element-56af4e1 elementor-widget elementor-widget-text-editor\" data-id=\"56af4e1\" data-element_type=\"widget\" data-e-type=\"widget\" data-widget_type=\"text-editor.default\">\n\t\t\t\t<div class=\"elementor-widget-container\">\n\t\t\t\t\t\t\t\t\t<p>Faremo del nostro meglio per spedirti l&#8217;ordine il prima possibile. Gli ordini effettuati nei giorni lavorativi prima delle 20:00 verranno elaborati il giorno stesso. Tuttavia, non sempre funziona per noi continuare cos\u00ec, a volte i prodotti non sono disponibili o il volume dell&#8217;ordine \u00e8 troppo grande per essere elaborato, il tuo ordine potrebbe richiedere un po&#8217; pi\u00f9 di tempo per essere spedito.<\/p><p>Lavoriamo con\u00a0&lt;strong&gt;DHL&lt;\/strong&gt;.<\/p><p>Per ulteriori informazioni, fare riferimento al sito Web di DHL.<\/p><p>&lt;strong&gt;Nota!&lt;\/strong&gt;\u00a0Non siamo\u00a0&lt;strong&gt;non&lt;\/strong&gt;\u00a0responsabili della consegna del pacco n\u00e9 dei danni causati dal corriere. Il termine di spedizione \u00e8 EXW, il che significa che una volta che la merce ha lasciato il nostro magazzino, \u00e8 la tua merce e responsabile. I prodotti saranno imballati nel miglior modo possibile in modo che arrivino sani e salvi. Organizzare il ritiro da soli \u00e8 comunque altamente raccomandato.<\/p>\t\t\t\t\t\t\t\t<\/div>\n\t\t\t\t<\/div>\n\t\t\t\t<div class=\"elementor-element elementor-element-c2ca764 elementor-widget elementor-widget-text-editor\" data-id=\"c2ca764\" data-element_type=\"widget\" data-e-type=\"widget\" data-widget_type=\"text-editor.default\">\n\t\t\t\t<div class=\"elementor-widget-container\">\n\t\t\t\t\t\t\t\t\t<p>Si prega di notare che la tassa di spedizione \u00e8 escl. IVA ed \u00e8 calcolata per 1 scatola di cartone di peso massimo di 30 kg e dimensione massima di 120x60x50 cm a un indirizzo normale. Gli indirizzi delle aree remote verranno addebitati in pi\u00f9.<\/p>\t\t\t\t\t\t\t\t<\/div>\n\t\t\t\t<\/div>\n\t\t\t\t<div class=\"elementor-element elementor-element-2e41f2c elementor-widget elementor-widget-text-editor\" data-id=\"2e41f2c\" data-element_type=\"widget\" data-e-type=\"widget\" data-widget_type=\"text-editor.default\">\n\t\t\t\t<div class=\"elementor-widget-container\">\n\t\t\t\t\t\t\t\t\t<table width=\"768\"><tbody><tr><td width=\"193\"><p><strong>Country<\/strong><\/p><\/td><td width=\"312\"><p><strong>Home \/ office address<\/strong><\/p><\/td><td width=\"263\"><p><strong>Est. Shipping time<\/strong><\/p><\/td><\/tr><tr><td width=\"193\"><p>Austria<\/p><\/td><td width=\"312\"><p>\u20ac25,50<\/p><\/td><td width=\"263\"><p>4 &#8211; 7 days<\/p><\/td><\/tr><tr><td width=\"193\"><p>Belgium<\/p><\/td><td width=\"312\"><p>\u20ac25,50<\/p><\/td><td width=\"263\"><p>4 &#8211; 7 days<\/p><\/td><\/tr><tr><td width=\"193\"><p>Bulgaria<\/p><\/td><td width=\"312\"><p>\u20ac25,50<\/p><\/td><td width=\"263\"><p>4 &#8211; 7 days<\/p><\/td><\/tr><tr><td width=\"193\"><p>Czech Republic<\/p><\/td><td width=\"312\"><p>\u20ac25,50<\/p><\/td><td width=\"263\"><p>4 &#8211; 7 days<\/p><\/td><\/tr><tr><td width=\"193\"><p>Croatia\u00a0\u00a0\u00a0\u00a0\u00a0\u00a0\u00a0\u00a0\u00a0\u00a0\u00a0\u00a0\u00a0\u00a0\u00a0\u00a0\u00a0\u00a0\u00a0\u00a0\u00a0\u00a0\u00a0\u00a0\u00a0\u00a0\u00a0\u00a0\u00a0\u00a0\u00a0\u00a0\u00a0\u00a0\u00a0<\/p><\/td><td width=\"312\"><p>\u20ac25,50<\/p><\/td><td width=\"263\"><p>4 &#8211; 7 days<\/p><\/td><\/tr><tr><td width=\"193\"><p>Cyprus\u00a0\u00a0\u00a0\u00a0\u00a0\u00a0\u00a0\u00a0\u00a0\u00a0\u00a0\u00a0\u00a0\u00a0\u00a0\u00a0\u00a0\u00a0\u00a0\u00a0\u00a0\u00a0\u00a0\u00a0\u00a0\u00a0\u00a0\u00a0\u00a0\u00a0\u00a0\u00a0\u00a0\u00a0\u00a0<\/p><\/td><td width=\"312\"><p>\u20ac25,50<\/p><\/td><td width=\"263\"><p>4 &#8211; 7 days<\/p><\/td><\/tr><tr><td width=\"193\"><p>Estonia<\/p><\/td><td width=\"312\"><p>\u20ac25,50<\/p><\/td><td width=\"263\"><p>4 &#8211; 7 days<\/p><\/td><\/tr><tr><td width=\"193\"><p>Finland<\/p><\/td><td width=\"312\"><p>\u20ac25,50<\/p><\/td><td width=\"263\"><p>4 &#8211; 7 days<\/p><\/td><\/tr><tr><td width=\"193\"><p>France<\/p><\/td><td width=\"312\"><p>\u20ac25,50<\/p><\/td><td width=\"263\"><p>4 &#8211; 7 days<\/p><\/td><\/tr><tr><td width=\"193\"><p>Germany<\/p><\/td><td width=\"312\"><p>\u20ac25,50<\/p><\/td><td width=\"263\"><p>4 &#8211; 7 days<\/p><\/td><\/tr><tr><td width=\"193\"><p>Greece<\/p><\/td><td width=\"312\"><p>\u20ac9,90<\/p><\/td><td width=\"263\"><p>2 &#8211; 3 days<\/p><\/td><\/tr><tr><td width=\"193\"><p>Hungary<\/p><\/td><td width=\"312\"><p>\u20ac25,50<\/p><\/td><td width=\"263\"><p>4 &#8211; 7 days<\/p><\/td><\/tr><tr><td width=\"193\"><p>Ireland<\/p><\/td><td width=\"312\"><p>\u20ac25,50<\/p><\/td><td width=\"263\"><p>4 &#8211; 7 days<\/p><\/td><\/tr><tr><td width=\"193\"><p>Italy<\/p><\/td><td width=\"312\"><p>\u20ac25,50<\/p><\/td><td width=\"263\"><p>4 &#8211; 7 days<\/p><\/td><\/tr><tr><td width=\"193\"><p>Latvia<\/p><\/td><td width=\"312\"><p>\u20ac25,50<\/p><\/td><td width=\"263\"><p>4 &#8211; 7 days<\/p><\/td><\/tr><tr><td width=\"193\"><p>Lithuania<\/p><\/td><td width=\"312\"><p>\u20ac25,50<\/p><\/td><td width=\"263\"><p>4 &#8211; 7 days<\/p><\/td><\/tr><tr><td width=\"193\"><p>Luxembourg<\/p><\/td><td width=\"312\"><p>\u20ac25,50<\/p><\/td><td width=\"263\"><p>4 &#8211; 7 days<\/p><\/td><\/tr><tr><td width=\"193\"><p>Poland<\/p><\/td><td width=\"312\"><p>\u20ac25,50<\/p><\/td><td width=\"263\"><p>4 &#8211; 7 days<\/p><\/td><\/tr><tr><td width=\"193\"><p>Portugal<\/p><\/td><td width=\"312\"><p>\u20ac25,50<\/p><\/td><td width=\"263\"><p>4 &#8211; 7 days<\/p><\/td><\/tr><tr><td width=\"193\"><p>Romania<\/p><\/td><td width=\"312\"><p>\u20ac25,50<\/p><\/td><td width=\"263\"><p>4 &#8211; 7 days<\/p><\/td><\/tr><tr><td width=\"193\"><p>Slovenia<\/p><\/td><td width=\"312\"><p>\u20ac25,50<\/p><\/td><td width=\"263\"><p>4 &#8211; 7 days<\/p><\/td><\/tr><tr><td width=\"193\"><p>Slovakia<\/p><\/td><td width=\"312\"><p>\u20ac25,50<\/p><\/td><td width=\"263\"><p>4 &#8211; 7 days<\/p><\/td><\/tr><tr><td width=\"193\"><p>Spain<\/p><\/td><td width=\"312\"><p>\u20ac25,50<\/p><\/td><td width=\"263\"><p>4 &#8211; 7 days<\/p><\/td><\/tr><tr><td width=\"193\"><p>Sweden<\/p><\/td><td width=\"312\"><p>\u20ac25,50<\/p><\/td><td width=\"263\"><p>4 &#8211; 7 days<\/p><\/td><\/tr><tr><td width=\"193\"><p>The Netherlands<\/p><\/td><td width=\"312\"><p>\u20ac25,50<\/p><\/td><td width=\"263\"><p>4 &#8211; 7 days<\/p><\/td><\/tr><\/tbody><\/table>\t\t\t\t\t\t\t\t<\/div>\n\t\t\t\t<\/div>\n\t\t\t\t<div class=\"elementor-element elementor-element-1dc0a74 elementor-widget elementor-widget-text-editor\" data-id=\"1dc0a74\" data-element_type=\"widget\" data-e-type=\"widget\" data-widget_type=\"text-editor.default\">\n\t\t\t\t<div class=\"elementor-widget-container\">\n\t\t\t\t\t\t\t\t\t<h4>Processo di spedizione<\/h4><p>Il processo di spedizione di Healthyskinsecrets.ch avviene attraverso i seguenti passaggi:<\/p><p>1 Il tuo ordine \u00e8 in fase di ritiro presso il nostro magazzino<br \/>2 Il tuo ordine \u00e8 ordinato e ben imballato<br \/>3 Il tuo ordine verr\u00e0\u00a0ritirato dal nostro corriere<br \/>4a Il tuo ordine verr\u00e0 consegnato all&#8217;indirizzo di spedizione specificato<br \/>4b Il tuo ordine verr\u00e0 consegnato al tuo punto di assistenza, tieni presente! Devi legittimarti.<\/p><p>Controllare immediatamente dopo aver ricevuto l&#8217;ordine se \u00e8 integro e completo. In caso contrario, vi preghiamo di contattarci al pi\u00f9 presto per segnalarlo.<\/p>\t\t\t\t\t\t\t\t<\/div>\n\t\t\t\t<\/div>\n\t\t\t\t<div class=\"elementor-element elementor-element-be4f6f1 elementor-widget elementor-widget-text-editor\" data-id=\"be4f6f1\" data-element_type=\"widget\" data-e-type=\"widget\" data-widget_type=\"text-editor.default\">\n\t\t\t\t<div class=\"elementor-widget-container\">\n\t\t\t\t\t\t\t\t\t<h3>Non ho ricevuto una ricevuta di spedizione<\/h3>\n\u00c8 possibile che il tuo filtro antispam sia attivo e stia filtrando la nostra ricevuta di spedizione. Ti consigliamo di verificare le impostazioni del filtro antispam e, se necessario, modificarle.\t\t\t\t\t\t\t\t<\/div>\n\t\t\t\t<\/div>\n\t\t\t\t<div class=\"elementor-element elementor-element-b056e42 elementor-widget elementor-widget-text-editor\" data-id=\"b056e42\" data-element_type=\"widget\" data-e-type=\"widget\" data-widget_type=\"text-editor.default\">\n\t\t\t\t<div class=\"elementor-widget-container\">\n\t\t\t\t\t\t\t\t\t<h4>Articoli mancanti<\/h4><p>Nel caso in cui tu abbia ordinato uno o pi\u00f9 articoli, ma non li hai ricevuti, ti preghiamo di contattarci, saremo felici di aiutarti.<\/p>\t\t\t\t\t\t\t\t<\/div>\n\t\t\t\t<\/div>\n\t\t\t\t<div class=\"elementor-element elementor-element-cf60378 elementor-widget elementor-widget-text-editor\" data-id=\"cf60378\" data-element_type=\"widget\" data-e-type=\"widget\" data-widget_type=\"text-editor.default\">\n\t\t\t\t<div class=\"elementor-widget-container\">\n\t\t\t\t\t\t\t\t\t<h4>Articolo sbagliato ricevuto<\/h4><p>Nel caso in cui tu abbia ricevuto uno o pi\u00f9 articoli che non hai ordinato, ti preghiamo di contattarci e saremo felici di aiutarti.<\/p>\t\t\t\t\t\t\t\t<\/div>\n\t\t\t\t<\/div>\n\t\t\t\t<div class=\"elementor-element elementor-element-1f99c2d elementor-widget elementor-widget-text-editor\" data-id=\"1f99c2d\" data-element_type=\"widget\" data-e-type=\"widget\" data-widget_type=\"text-editor.default\">\n\t\t\t\t<div class=\"elementor-widget-container\">\n\t\t\t\t\t\t\t\t\t<h4>Inserimento errato dell&#8217;indirizzo<\/h4><p>Hai inserito un indirizzo sbagliato? Ti preghiamo di contattarci il prima possibile, per lo pi\u00f9 possiamo ancora cambiarlo. Se il pacco \u00e8 gi\u00e0 in corso con la consegna, purtroppo non possiamo pi\u00f9 fare nulla. Tienici informati, faremo tutto il possibile per ricevere il pacco.<\/p><p>Se il pacco ci \u00e8 stato restituito, \u00e8 possibile rispedirlo. Le spese di spedizione per il rinvio saranno addebitate. In caso di annullamento di una spedizione restituita a causa di un indirizzo errato, rimborseremo l&#8217;importo escluse le spese di spedizione.<\/p>\t\t\t\t\t\t\t\t<\/div>\n\t\t\t\t<\/div>\n\t\t\t\t<div class=\"elementor-element elementor-element-3c4fa93 elementor-widget elementor-widget-text-editor\" data-id=\"3c4fa93\" data-element_type=\"widget\" data-e-type=\"widget\" data-widget_type=\"text-editor.default\">\n\t\t\t\t<div class=\"elementor-widget-container\">\n\t\t\t\t\t\t\t\t\t<h4>Ritorna<\/h4><p>Hai il diritto\u00a0di annullare il tuo ordine fino a 14 giorni dopo il ricevimento senza preavviso, a condizione che il sigillo non sia rotto. Se il sigillo \u00e8 rotto, il tuo ordine \u00e8 definitivo e non pu\u00f2 essere restituito. Se utilizzi il tuo diritto di recesso, avrai 14 giorni di tempo per annullare il prodotto dopo la cancellazione. Ti verr\u00e0 quindi accreditato l&#8217;intero importo dell&#8217;ordine comprese le spese di spedizione. <strong>Solo i costi per la restituzione dal tuo indirizzo a noi sono a tuo carico.<\/strong>\u00a0Se utilizzi il tuo diritto di recesso, il prodotto verr\u00e0 restituito al venditore nelle condizioni originali e nella confezione con tutti gli accessori forniti e &#8211; se ragionevolmente possibile. Per utilizzare questo diritto, puoi contattarci all&#8217;indirizzo\u00a0<a href=\"mailto:%20info@healthyskinsecrets.ch\">info@healthyskinsecrets.ch<\/a>. Provvederemo quindi a rimborsare l&#8217;importo dell&#8217;ordine dovuto entro 14 giorni dalla registrazione del reso, a condizione che il prodotto sia gi\u00e0 stato restituito in buono stato.<\/p>\t\t\t\t\t\t\t\t<\/div>\n\t\t\t\t<\/div>\n\t\t\t\t\t<\/div>\n\t\t<\/div>\n\t\t\t\t\t<\/div>\n\t\t<\/section>\n\t\t\t\t<\/div>\n\t\t","protected":false},"excerpt":{"rendered":"<p>Zahlungsmethoden, Versand und R\u00fccksendungen Zahlungsmethoden: Wir akzeptieren Bank\u00fcberweisung als Zahlungsmethode. Wir werden unser Bestes tun, um die Bestellung so schnell wie m\u00f6glich an Sie zu versenden. Bestellungen, die werktags vor 20:00 Uhr aufgegeben werden, werden noch am selben Tag bearbeitet. Es funktioniert jedoch nicht immer f\u00fcr uns, dies aufrechtzuerhalten. Manchmal sind Produkte nicht auf Lager [&hellip;]<\/p>\n","protected":false},"author":1,"featured_media":0,"parent":0,"menu_order":0,"comment_status":"closed","ping_status":"closed","template":"","meta":{"content-type":"","site-sidebar-layout":"no-sidebar","site-content-layout":"page-builder","ast-site-content-layout":"default","site-content-style":"default","site-sidebar-style":"default","ast-global-header-display":"","ast-banner-title-visibility":"","ast-main-header-display":"","ast-hfb-above-header-display":"","ast-hfb-below-header-display":"","ast-hfb-mobile-header-display":"","site-post-title":"disabled","ast-breadcrumbs-content":"","ast-featured-img":"disabled","footer-sml-layout":"","ast-disable-related-posts":"","theme-transparent-header-meta":"default","adv-header-id-meta":"","stick-header-meta":"","header-above-stick-meta":"","header-main-stick-meta":"","header-below-stick-meta":"","astra-migrate-meta-layouts":"default","ast-page-background-enabled":"default","ast-page-background-meta":{"desktop":{"background-color":"","background-image":"","background-repeat":"repeat","background-position":"center center","background-size":"auto","background-attachment":"scroll","background-type":"","background-media":"","overlay-type":"","overlay-color":"","overlay-opacity":"","overlay-gradient":""},"tablet":{"background-color":"","background-image":"","background-repeat":"repeat","background-position":"center center","background-size":"auto","background-attachment":"scroll","background-type":"","background-media":"","overlay-type":"","overlay-color":"","overlay-opacity":"","overlay-gradient":""},"mobile":{"background-color":"","background-image":"","background-repeat":"repeat","background-position":"center center","background-size":"auto","background-attachment":"scroll","background-type":"","background-media":"","overlay-type":"","overlay-color":"","overlay-opacity":"","overlay-gradient":""}},"ast-content-background-meta":{"desktop":{"background-color":"var(--ast-global-color-5)","background-image":"","background-repeat":"repeat","background-position":"center center","background-size":"auto","background-attachment":"scroll","background-type":"","background-media":"","overlay-type":"","overlay-color":"","overlay-opacity":"","overlay-gradient":""},"tablet":{"background-color":"var(--ast-global-color-5)","background-image":"","background-repeat":"repeat","background-position":"center center","background-size":"auto","background-attachment":"scroll","background-type":"","background-media":"","overlay-type":"","overlay-color":"","overlay-opacity":"","overlay-gradient":""},"mobile":{"background-color":"var(--ast-global-color-5)","background-image":"","background-repeat":"repeat","background-position":"center center","background-size":"auto","background-attachment":"scroll","background-type":"","background-media":"","overlay-type":"","overlay-color":"","overlay-opacity":"","overlay-gradient":""}},"footnotes":""},"class_list":["post-1213","page","type-page","status-publish","hentry"],"_links":{"self":[{"href":"https:\/\/healthyskinsecrets.ch\/it\/wp-json\/wp\/v2\/pages\/1213","targetHints":{"allow":["GET"]}}],"collection":[{"href":"https:\/\/healthyskinsecrets.ch\/it\/wp-json\/wp\/v2\/pages"}],"about":[{"href":"https:\/\/healthyskinsecrets.ch\/it\/wp-json\/wp\/v2\/types\/page"}],"author":[{"embeddable":true,"href":"https:\/\/healthyskinsecrets.ch\/it\/wp-json\/wp\/v2\/users\/1"}],"replies":[{"embeddable":true,"href":"https:\/\/healthyskinsecrets.ch\/it\/wp-json\/wp\/v2\/comments?post=1213"}],"version-history":[{"count":26,"href":"https:\/\/healthyskinsecrets.ch\/it\/wp-json\/wp\/v2\/pages\/1213\/revisions"}],"predecessor-version":[{"id":11303,"href":"https:\/\/healthyskinsecrets.ch\/it\/wp-json\/wp\/v2\/pages\/1213\/revisions\/11303"}],"wp:attachment":[{"href":"https:\/\/healthyskinsecrets.ch\/it\/wp-json\/wp\/v2\/media?parent=1213"}],"curies":[{"name":"wp","href":"https:\/\/api.w.org\/{rel}","templated":true}]}}