{"id":9183,"date":"2022-03-28T10:52:02","date_gmt":"2022-03-28T10:52:02","guid":{"rendered":"https:\/\/healthyskinsecrets.ch\/product\/import-placeholder-for-pky-1004-8809486680674\/"},"modified":"2023-06-16T19:32:18","modified_gmt":"2023-06-16T19:32:18","slug":"pyunkang-yul-acne-dressing-mask-pack","status":"publish","type":"product","link":"https:\/\/healthyskinsecrets.ch\/fr\/product\/pyunkang-yul-acne-dressing-mask-pack\/","title":{"rendered":"Pyunkang Yul ACNE Dressing Mask Pack"},"content":{"rendered":"<h3>Anwendung<\/h3>\n<ol>\n<li>Folie entfernen und Sheet-Maske auf die gereinigte Haut auflegen.<\/li>\n<li>F\u00fcr 15 bis 20 Minuten einwirken lassen, dann vorsichtig entfernen. Nicht abwaschen!<\/li>\n<li>Das zur\u00fcckgebliebene Serum in die Haut tupfen bis es v\u00f6llig eingezogen ist.<\/li>\n<li>F\u00fcr ein perfektes Resultat mit dem <strong>Pyunkang Yul\u00a0<\/strong>ACNE <a href=\"https:\/\/healthyskinsecrets.ch\/product\/pyunkang-yul-acne-facial-cleanser\/\">Facial Cleanser<\/a>, <a href=\"https:\/\/healthyskinsecrets.ch\/product\/pyunkang-yul-acne-spot-cream\/\">Spot Cream<\/a>, <a href=\"https:\/\/healthyskinsecrets.ch\/product\/pyunkang-yul-acne-cream\/\">Cream<\/a> und <a href=\"https:\/\/healthyskinsecrets.ch\/product\/pyunkang-yul-acne-spot-patch-super-thin\/\">Spot Patch Super Thin<\/a>.<\/li>\n<\/ol>\n<div class=\"PageBarActions Flex ItemsCenter FlexShrinkNone\">\n<h3>Inhaltsstoffe<\/h3>\n<\/div>\n<p>Water, Butylene Glycol, Glycerin, Sodium Chloride, Sodium Hyaluronate, Salix Alba (Willow) Bark Extract, Forsythia Suspensa Fruit Extract, Cryptomeria Japonica Leaf Extract, Nelumbo Nucifera Leaf Extract, PEG-60 Hydrogenated Castor Oil, Pentylene Glycol, 1,2-Hexanediol, Caprylyl Glycol, Ethylhexylglycerin, Disodium EDTA<\/p>\n<div class=\"PageBarActions Flex ItemsCenter FlexShrinkNone\">\n<p>*Eine Ver\u00e4nderung der Inhaltsstoffe unterliegt dem Ermessen des Herstellers. Willst du vor dem Kauf ganz sicher gehen? Dann kontaktiere uns f\u00fcr ein Foto der aktuellen Produktverpackung.<\/p>\n<h3>Warnhinweise<\/h3>\n<ol>\n<li>Nur zur \u00e4u\u00dferlichen Anwendung geeignet.<\/li>\n<li>Nicht auf verletzte Haut oder auf Wunden auftragen.<\/li>\n<li>Sollten Nebenwirkungen wie Irritationen oder Ausschlag eintreten, Anwendung sofort beenden und unverz\u00fcglich an einen Arzt wenden.<\/li>\n<li>Kontakt mit den Augen vermeiden. Sollte das Produkt ins Auge gelangen, das Auge sofort gr\u00fcndlich mit klarem Wasser aussp\u00fclen.<\/li>\n<li>Au\u00dfer Reichweite von Kindern aufbewahren.<\/li>\n<li>Nicht schlucken. Bei Verschlucken Arzt oder Giftzentrale aufsuchen.<\/li>\n<\/ol>\n<\/div>\n","protected":false},"excerpt":{"rendered":"<p><strong>Pyunkang Yul<\/strong>\u00a0ACNE Dressing Mask Pack ist eine kraftvolles Mask Pack mit 4 T\u00fccher, die mit Essence vollgesaugt sind. Die Maske wirkt gezielt gegen Sch\u00f6nheitsfehler in allen Stadien, selbst bevor sie unter der Haut zu entdecken sind. Die Formel f\u00fcr aufgebrachte Haut bek\u00e4mpft Akne mit maximaler St\u00e4rke, bevor sie entsteht, und beseitigt bereits vorhandene. Die Maske beinhaltet alles N\u00f6tige zum Reinigen und zum Versorgen der Haut mit Feuchtigkeit.<\/p>\n<p>F\u00fcr ein perfektes Resultat mit dem <strong>Pyunkang Yul\u00a0<\/strong>ACNE <a href=\"https:\/\/healthyskinsecrets.ch\/product\/pyunkang-yul-acne-facial-cleanser\/\">Facial Cleanser<\/a>, <a href=\"https:\/\/healthyskinsecrets.ch\/product\/pyunkang-yul-acne-spot-cream\/\">Spot Cream<\/a>, <a href=\"https:\/\/healthyskinsecrets.ch\/product\/pyunkang-yul-acne-cream\/\">Cream<\/a> und <a href=\"https:\/\/healthyskinsecrets.ch\/product\/pyunkang-yul-acne-spot-patch-super-thin\/\">Spot Patch Super Thin<\/a>.<\/p>\n","protected":false},"featured_media":9214,"comment_status":"open","ping_status":"closed","template":"","meta":{"content-type":"","site-sidebar-layout":"default","site-content-layout":"default","ast-site-content-layout":"default","site-content-style":"default","site-sidebar-style":"default","ast-global-header-display":"","ast-banner-title-visibility":"","ast-main-header-display":"","ast-hfb-above-header-display":"","ast-hfb-below-header-display":"","ast-hfb-mobile-header-display":"","site-post-title":"","ast-breadcrumbs-content":"","ast-featured-img":"","footer-sml-layout":"","ast-disable-related-posts":"","theme-transparent-header-meta":"default","adv-header-id-meta":"","stick-header-meta":"","header-above-stick-meta":"","header-main-stick-meta":"","header-below-stick-meta":"","astra-migrate-meta-layouts":"default","ast-page-background-enabled":"default","ast-page-background-meta":{"desktop":{"background-color":"","background-image":"","background-repeat":"repeat","background-position":"center center","background-size":"auto","background-attachment":"scroll","background-type":"","background-media":"","overlay-type":"","overlay-color":"","overlay-opacity":"","overlay-gradient":""},"tablet":{"background-color":"","background-image":"","background-repeat":"repeat","background-position":"center center","background-size":"auto","background-attachment":"scroll","background-type":"","background-media":"","overlay-type":"","overlay-color":"","overlay-opacity":"","overlay-gradient":""},"mobile":{"background-color":"","background-image":"","background-repeat":"repeat","background-position":"center center","background-size":"auto","background-attachment":"scroll","background-type":"","background-media":"","overlay-type":"","overlay-color":"","overlay-opacity":"","overlay-gradient":""}},"ast-content-background-meta":{"desktop":{"background-color":"var(--ast-global-color-5)","background-image":"","background-repeat":"repeat","background-position":"center center","background-size":"auto","background-attachment":"scroll","background-type":"","background-media":"","overlay-type":"","overlay-color":"","overlay-opacity":"","overlay-gradient":""},"tablet":{"background-color":"var(--ast-global-color-5)","background-image":"","background-repeat":"repeat","background-position":"center center","background-size":"auto","background-attachment":"scroll","background-type":"","background-media":"","overlay-type":"","overlay-color":"","overlay-opacity":"","overlay-gradient":""},"mobile":{"background-color":"var(--ast-global-color-5)","background-image":"","background-repeat":"repeat","background-position":"center center","background-size":"auto","background-attachment":"scroll","background-type":"","background-media":"","overlay-type":"","overlay-color":"","overlay-opacity":"","overlay-gradient":""}}},"product_brand":[],"product_cat":[424,307],"product_tag":[432,352],"class_list":{"0":"post-9183","1":"product","2":"type-product","3":"status-publish","4":"has-post-thumbnail","6":"product_cat-gesicht","7":"product_cat-pyunkang-yul","8":"product_tag-maske","9":"product_tag-spezielles","10":"pa_beduerfnisse-akne","11":"pa_hauttyp-all","12":"desktop-align-left","13":"tablet-align-left","14":"mobile-align-left","16":"first","17":"instock","18":"taxable","19":"shipping-taxable","20":"product-type-variable"},"_links":{"self":[{"href":"https:\/\/healthyskinsecrets.ch\/fr\/wp-json\/wp\/v2\/product\/9183","targetHints":{"allow":["GET"]}}],"collection":[{"href":"https:\/\/healthyskinsecrets.ch\/fr\/wp-json\/wp\/v2\/product"}],"about":[{"href":"https:\/\/healthyskinsecrets.ch\/fr\/wp-json\/wp\/v2\/types\/product"}],"replies":[{"embeddable":true,"href":"https:\/\/healthyskinsecrets.ch\/fr\/wp-json\/wp\/v2\/comments?post=9183"}],"wp:featuredmedia":[{"embeddable":true,"href":"https:\/\/healthyskinsecrets.ch\/fr\/wp-json\/wp\/v2\/media\/9214"}],"wp:attachment":[{"href":"https:\/\/healthyskinsecrets.ch\/fr\/wp-json\/wp\/v2\/media?parent=9183"}],"wp:term":[{"taxonomy":"product_brand","embeddable":true,"href":"https:\/\/healthyskinsecrets.ch\/fr\/wp-json\/wp\/v2\/product_brand?post=9183"},{"taxonomy":"product_cat","embeddable":true,"href":"https:\/\/healthyskinsecrets.ch\/fr\/wp-json\/wp\/v2\/product_cat?post=9183"},{"taxonomy":"product_tag","embeddable":true,"href":"https:\/\/healthyskinsecrets.ch\/fr\/wp-json\/wp\/v2\/product_tag?post=9183"}],"curies":[{"name":"wp","href":"https:\/\/api.w.org\/{rel}","templated":true}]}}