{"id":9167,"date":"2022-03-28T10:51:59","date_gmt":"2022-03-28T10:51:59","guid":{"rendered":"https:\/\/healthyskinsecrets.ch\/product\/import-placeholder-for-4146\/"},"modified":"2024-10-16T18:25:52","modified_gmt":"2024-10-16T18:25:52","slug":"pyunkang-yul-moisture-serum-100ml","status":"publish","type":"product","link":"https:\/\/healthyskinsecrets.ch\/fr\/product\/pyunkang-yul-moisture-serum-100ml\/","title":{"rendered":"Pyunkang Yul Moisture Serum 100ml"},"content":{"rendered":"<h3>Anwendung<\/h3>\n<ol>\n<li>Tragen Sie 2-3 Tropfen auf die gereinigte Haut auf.<\/li>\n<li>Tupfen Sie das Serum sanft in die Haut ein, bis es vollst\u00e4ndig eingezogen ist.<\/li>\n<li>Gebrauchen Sie das Produkt morgens und abends.<\/li>\n<\/ol>\n<h3>Inhaltsstoffe<\/h3>\n<p><span class=\"\" role=\"listitem\">Astragalus Membranaceus Root Extract,\u00a0<\/span><span class=\"\" role=\"listitem\">Butylene Glycol,\u00a0<\/span><span class=\"\" role=\"listitem\">Olea Europaea (Olive) Fruit Oil,\u00a0<\/span><span class=\"\" role=\"listitem\">Caprylic\/\u200bCapric Triglyceride,\u00a0<\/span><span class=\"\" role=\"listitem\">1,2-Hexanediol,\u00a0<\/span><span class=\"\" role=\"listitem\">Stearic Acid,\u00a0<\/span><span class=\"\" role=\"listitem\">Polysorbate 60,\u00a0<\/span><span class=\"\" role=\"listitem\">Cetearyl Alcohol,\u00a0<\/span><span class=\"\" role=\"listitem\">Glyceryl Stearate,\u00a0<span class=\"showmore-mobile\" role=\"listitem\">Sorbitan Sesquioleate,\u00a0<\/span><span class=\"showmore-mobile\" role=\"listitem\">Glyceryl Caprylate, <\/span><span class=\"showmore-mobile\" role=\"listitem\">Hydroxyethylcellulose,\u00a0<\/span><span class=\"showmore-mobile\" role=\"listitem\">Carbomer, A<\/span><span class=\"showmore-mobile\" role=\"listitem\">rginine,\u00a0<\/span><span class=\"showmore-mobile\" role=\"listitem\">Dimethicone<\/span><\/span><\/p>\n<h3>Warnhinweise<\/h3>\n<ol>\n<li>Nur zur \u00e4u\u00dferlichen Anwendung geeignet.<\/li>\n<li>Nicht auf verletzte Haut oder auf Wunden auftragen.<\/li>\n<li>Sollten Nebenwirkungen wie Irritationen oder Ausschlag eintreten, Anwendung sofort beenden und unverz\u00fcglich an einen Arzt wenden.<\/li>\n<li>Kontakt mit den Augen vermeiden. Sollte das Produkt ins Auge gelangen, das Auge sofort gr\u00fcndlich mit klarem Wasser aussp\u00fclen.<\/li>\n<li>Au\u00dfer Reichweite von Kindern aufbewahren.<\/li>\n<li>Nicht schlucken. Bei Verschlucken Arzt oder Giftzentrale aufsuchen.<\/li>\n<\/ol>\n","protected":false},"excerpt":{"rendered":"<p><strong>Pyunkang Yul<\/strong>\u00a0Moisture Serum wurde speziell entwickelt f\u00fcr fettige und dehydrierte Haut. Das Serum sorgt mit Hilfe von Japanischem-Goldfaden-Wurzelextrakt und Oliven\u00f6l f\u00fcr ein optimales \u00d6l-Feuchtigkeits-Gleichgewicht der Haut. Das Serum versorgt die Haut intensiv mit Feuchtigkeit, w\u00e4hrend es gereizte sowie sensible Haut beruhigt und abk\u00fchlt. Die leichte Textur l\u00e4sst sich einfach verteilen und zieht schnell ein.<\/p>\n","protected":false},"featured_media":9193,"comment_status":"open","ping_status":"closed","template":"","meta":{"content-type":"","site-sidebar-layout":"default","site-content-layout":"default","ast-site-content-layout":"default","site-content-style":"default","site-sidebar-style":"default","ast-global-header-display":"","ast-banner-title-visibility":"","ast-main-header-display":"","ast-hfb-above-header-display":"","ast-hfb-below-header-display":"","ast-hfb-mobile-header-display":"","site-post-title":"","ast-breadcrumbs-content":"","ast-featured-img":"","footer-sml-layout":"","ast-disable-related-posts":"","theme-transparent-header-meta":"default","adv-header-id-meta":"","stick-header-meta":"","header-above-stick-meta":"","header-main-stick-meta":"","header-below-stick-meta":"","astra-migrate-meta-layouts":"set","ast-page-background-enabled":"default","ast-page-background-meta":{"desktop":{"background-color":"","background-image":"","background-repeat":"repeat","background-position":"center center","background-size":"auto","background-attachment":"scroll","background-type":"","background-media":"","overlay-type":"","overlay-color":"","overlay-opacity":"","overlay-gradient":""},"tablet":{"background-color":"","background-image":"","background-repeat":"repeat","background-position":"center center","background-size":"auto","background-attachment":"scroll","background-type":"","background-media":"","overlay-type":"","overlay-color":"","overlay-opacity":"","overlay-gradient":""},"mobile":{"background-color":"","background-image":"","background-repeat":"repeat","background-position":"center center","background-size":"auto","background-attachment":"scroll","background-type":"","background-media":"","overlay-type":"","overlay-color":"","overlay-opacity":"","overlay-gradient":""}},"ast-content-background-meta":{"desktop":{"background-color":"var(--ast-global-color-5)","background-image":"","background-repeat":"repeat","background-position":"center center","background-size":"auto","background-attachment":"scroll","background-type":"","background-media":"","overlay-type":"","overlay-color":"","overlay-opacity":"","overlay-gradient":""},"tablet":{"background-color":"var(--ast-global-color-5)","background-image":"","background-repeat":"repeat","background-position":"center center","background-size":"auto","background-attachment":"scroll","background-type":"","background-media":"","overlay-type":"","overlay-color":"","overlay-opacity":"","overlay-gradient":""},"mobile":{"background-color":"var(--ast-global-color-5)","background-image":"","background-repeat":"repeat","background-position":"center center","background-size":"auto","background-attachment":"scroll","background-type":"","background-media":"","overlay-type":"","overlay-color":"","overlay-opacity":"","overlay-gradient":""}}},"product_brand":[],"product_cat":[504,424,307],"product_tag":[425],"class_list":{"0":"post-9167","1":"product","2":"type-product","3":"status-publish","4":"has-post-thumbnail","6":"product_cat-cpnp","7":"product_cat-gesicht","8":"product_cat-pyunkang-yul","9":"product_tag-essence-serum-oil","10":"pa_beduerfnisse-fettigkeit","11":"pa_beduerfnisse-trockenheit","12":"pa_hauttyp-all","13":"pa_hauttyp-fettige","14":"pa_hauttyp-mischhaut","15":"pa_hauttyp-trockene","16":"desktop-align-left","17":"tablet-align-left","18":"mobile-align-left","20":"first","21":"instock","22":"taxable","23":"shipping-taxable","24":"purchasable","25":"product-type-variable","26":"has-default-attributes"},"_links":{"self":[{"href":"https:\/\/healthyskinsecrets.ch\/fr\/wp-json\/wp\/v2\/product\/9167","targetHints":{"allow":["GET"]}}],"collection":[{"href":"https:\/\/healthyskinsecrets.ch\/fr\/wp-json\/wp\/v2\/product"}],"about":[{"href":"https:\/\/healthyskinsecrets.ch\/fr\/wp-json\/wp\/v2\/types\/product"}],"replies":[{"embeddable":true,"href":"https:\/\/healthyskinsecrets.ch\/fr\/wp-json\/wp\/v2\/comments?post=9167"}],"wp:featuredmedia":[{"embeddable":true,"href":"https:\/\/healthyskinsecrets.ch\/fr\/wp-json\/wp\/v2\/media\/9193"}],"wp:attachment":[{"href":"https:\/\/healthyskinsecrets.ch\/fr\/wp-json\/wp\/v2\/media?parent=9167"}],"wp:term":[{"taxonomy":"product_brand","embeddable":true,"href":"https:\/\/healthyskinsecrets.ch\/fr\/wp-json\/wp\/v2\/product_brand?post=9167"},{"taxonomy":"product_cat","embeddable":true,"href":"https:\/\/healthyskinsecrets.ch\/fr\/wp-json\/wp\/v2\/product_cat?post=9167"},{"taxonomy":"product_tag","embeddable":true,"href":"https:\/\/healthyskinsecrets.ch\/fr\/wp-json\/wp\/v2\/product_tag?post=9167"}],"curies":[{"name":"wp","href":"https:\/\/api.w.org\/{rel}","templated":true}]}}