{"id":9010,"date":"2022-03-28T10:42:14","date_gmt":"2022-03-28T10:42:14","guid":{"rendered":"https:\/\/healthyskinsecrets.ch\/product\/import-placeholder-for-10439\/"},"modified":"2023-05-05T20:40:19","modified_gmt":"2023-05-05T20:40:19","slug":"muldream-vegan-green-mild-flower-cell-mask-10ea","status":"publish","type":"product","link":"https:\/\/healthyskinsecrets.ch\/fr\/product\/muldream-vegan-green-mild-flower-cell-mask-10ea\/","title":{"rendered":"Muldream Vegan Green Mild Flower Cell Mask 10ea"},"content":{"rendered":"<h3>Anwendung<\/h3>\n<ol>\n<li>Bewahren Sie Ihre Tuchmasken vor der Verwendung 10 Minuten lang im K\u00fchlschrank kalt auf.<\/li>\n<li>F\u00fcr 15 bis 20 Minuten einwirken lassen, dann vorsichtig entfernen. Nicht abwaschen!<\/li>\n<li>Das zur\u00fcckgebliebene Serum in die Haut tupfen bis es v\u00f6llig eingezogen ist.<\/li>\n<li>Restliche Essenz auf dem ganzen K\u00f6rper verteilen und einmassieren.<\/li>\n<\/ol>\n<p>Tipp: Verwenden Sie vor dem Auftragen der Maskenpackung unsere VITA Ampulle<\/p>\n<h3>Inhaltsstoffe<\/h3>\n<p>&#8211;<\/p>\n<h3>Warnhinweise<\/h3>\n<ol>\n<li>Nur zur \u00e4u\u00dferlichen Anwendung geeignet.<\/li>\n<li>Nicht auf verletzte Haut oder auf Wunden auftragen.<\/li>\n<li>Sollten Nebenwirkungen wie Irritationen oder Ausschlag eintreten, Anwendung sofort beenden und unverz\u00fcglich an einen Arzt wenden.<\/li>\n<li>Kontakt mit den Augen vermeiden. Sollte das Produkt ins Auge gelangen, das Auge sofort gr\u00fcndlich mit klarem Wasser aussp\u00fclen.<\/li>\n<li>Au\u00dfer Reichweite von Kindern aufbewahren.<\/li>\n<li>Nicht schlucken. Bei Verschlucken Arzt oder Giftzentrale aufsuchen.<\/li>\n<\/ol>\n","protected":false},"excerpt":{"rendered":"<p>Perfekt f\u00fcr Menschen mit den folgenden Anliegen:<\/p>\n<ul>\n<li>Eine Person, die einen gleichm\u00e4\u00dfigen Hautton haben m\u00f6chte<\/li>\n<li>Eine Person, die das Erscheinungsbild von feinen Linien und F\u00e4ltchen reduzieren m\u00f6chte<\/li>\n<li>Eine Person, die Aknenarben oder dunkle Flecken verringern m\u00f6chte<\/li>\n<li>Eine Person, der es an Strahlkraft mangelt oder eine m\u00fcde, ungleichm\u00e4\u00dfige Hautfarbe<\/li>\n<\/ul>\n<p><strong>Hauptmerkmale<\/strong><\/p>\n<ul>\n<li>S.O.S VITALITY-L\u00f6sungsmaske f\u00fcr fahle Haut: enthaltener Inhaltsstoff Leontopodium Alpinum Callus Culture Extract. Verleiht Ihrer Haut eine jugendlich aussehende Vitalit\u00e4t und hilft, das Erscheinungsbild feiner Linien und F\u00e4ltchen zu reduzieren.<\/li>\n<li>HYDRATE TROCKENE HAUT, KEIN FETTIGES GEF\u00dcHL &#8211; eine geleeartige Essenz, nicht zu schwer oder leicht; ziehen leicht ein und sorgen f\u00fcr eine angenehme Anwendung<\/li>\n<li>ST\u00c4RKUNG der Haut &#8211; Verbesserung der Hautbarriere von innen und au\u00dfen mit Hilfe von Schl\u00fcsselinhaltsstoffen; Panthenol \/ Ceramide NP<\/li>\n<li><strong>CRUELTY FREE, VEGAN, CLEAN COSMETICS<\/strong> \u2013 Parabenfrei, \u00f6lfrei, silikonfrei, ohne Farbstoffe, ohne Alkohol, ohne PEG, pflanzliche vegane Formulierung<\/li>\n<\/ul>\n","protected":false},"featured_media":9052,"comment_status":"open","ping_status":"closed","template":"","meta":{"content-type":"","site-sidebar-layout":"default","site-content-layout":"default","ast-site-content-layout":"default","site-content-style":"default","site-sidebar-style":"default","ast-global-header-display":"","ast-banner-title-visibility":"","ast-main-header-display":"","ast-hfb-above-header-display":"","ast-hfb-below-header-display":"","ast-hfb-mobile-header-display":"","site-post-title":"","ast-breadcrumbs-content":"","ast-featured-img":"","footer-sml-layout":"","ast-disable-related-posts":"","theme-transparent-header-meta":"default","adv-header-id-meta":"","stick-header-meta":"","header-above-stick-meta":"","header-main-stick-meta":"","header-below-stick-meta":"","astra-migrate-meta-layouts":"default","ast-page-background-enabled":"default","ast-page-background-meta":{"desktop":{"background-color":"","background-image":"","background-repeat":"repeat","background-position":"center center","background-size":"auto","background-attachment":"scroll","background-type":"","background-media":"","overlay-type":"","overlay-color":"","overlay-opacity":"","overlay-gradient":""},"tablet":{"background-color":"","background-image":"","background-repeat":"repeat","background-position":"center center","background-size":"auto","background-attachment":"scroll","background-type":"","background-media":"","overlay-type":"","overlay-color":"","overlay-opacity":"","overlay-gradient":""},"mobile":{"background-color":"","background-image":"","background-repeat":"repeat","background-position":"center center","background-size":"auto","background-attachment":"scroll","background-type":"","background-media":"","overlay-type":"","overlay-color":"","overlay-opacity":"","overlay-gradient":""}},"ast-content-background-meta":{"desktop":{"background-color":"var(--ast-global-color-5)","background-image":"","background-repeat":"repeat","background-position":"center center","background-size":"auto","background-attachment":"scroll","background-type":"","background-media":"","overlay-type":"","overlay-color":"","overlay-opacity":"","overlay-gradient":""},"tablet":{"background-color":"var(--ast-global-color-5)","background-image":"","background-repeat":"repeat","background-position":"center center","background-size":"auto","background-attachment":"scroll","background-type":"","background-media":"","overlay-type":"","overlay-color":"","overlay-opacity":"","overlay-gradient":""},"mobile":{"background-color":"var(--ast-global-color-5)","background-image":"","background-repeat":"repeat","background-position":"center center","background-size":"auto","background-attachment":"scroll","background-type":"","background-media":"","overlay-type":"","overlay-color":"","overlay-opacity":"","overlay-gradient":""}}},"product_brand":[],"product_cat":[504,424,294],"product_tag":[432],"class_list":{"0":"post-9010","1":"product","2":"type-product","3":"status-publish","4":"has-post-thumbnail","6":"product_cat-cpnp","7":"product_cat-gesicht","8":"product_cat-muldream","9":"product_tag-maske","10":"pa_beduerfnisse-falten","11":"pa_beduerfnisse-matte-muede","12":"pa_beduerfnisse-narben","13":"pa_beduerfnisse-pigmentierung","14":"pa_hauttyp-all","15":"pa_hauttyp-fettige","16":"pa_hauttyp-mischhaut","17":"pa_hauttyp-normal","18":"pa_hauttyp-trockene","19":"desktop-align-left","20":"tablet-align-left","21":"mobile-align-left","23":"first","24":"instock","25":"taxable","26":"shipping-taxable","27":"purchasable","28":"product-type-variable"},"_links":{"self":[{"href":"https:\/\/healthyskinsecrets.ch\/fr\/wp-json\/wp\/v2\/product\/9010","targetHints":{"allow":["GET"]}}],"collection":[{"href":"https:\/\/healthyskinsecrets.ch\/fr\/wp-json\/wp\/v2\/product"}],"about":[{"href":"https:\/\/healthyskinsecrets.ch\/fr\/wp-json\/wp\/v2\/types\/product"}],"replies":[{"embeddable":true,"href":"https:\/\/healthyskinsecrets.ch\/fr\/wp-json\/wp\/v2\/comments?post=9010"}],"wp:featuredmedia":[{"embeddable":true,"href":"https:\/\/healthyskinsecrets.ch\/fr\/wp-json\/wp\/v2\/media\/9052"}],"wp:attachment":[{"href":"https:\/\/healthyskinsecrets.ch\/fr\/wp-json\/wp\/v2\/media?parent=9010"}],"wp:term":[{"taxonomy":"product_brand","embeddable":true,"href":"https:\/\/healthyskinsecrets.ch\/fr\/wp-json\/wp\/v2\/product_brand?post=9010"},{"taxonomy":"product_cat","embeddable":true,"href":"https:\/\/healthyskinsecrets.ch\/fr\/wp-json\/wp\/v2\/product_cat?post=9010"},{"taxonomy":"product_tag","embeddable":true,"href":"https:\/\/healthyskinsecrets.ch\/fr\/wp-json\/wp\/v2\/product_tag?post=9010"}],"curies":[{"name":"wp","href":"https:\/\/api.w.org\/{rel}","templated":true}]}}