{"id":8070,"date":"2022-03-28T09:54:39","date_gmt":"2022-03-28T09:54:39","guid":{"rendered":"https:\/\/healthyskinsecrets.ch\/product\/import-placeholder-for-10029\/"},"modified":"2026-02-24T10:47:28","modified_gmt":"2026-02-24T10:47:28","slug":"farmstay-moisture-soothing-gel-snail","status":"publish","type":"product","link":"https:\/\/healthyskinsecrets.ch\/fr\/product\/farmstay-moisture-soothing-gel-snail\/","title":{"rendered":"Farmstay  Moisture Soothing Gel Snail 300ml"},"content":{"rendered":"<h3>Anwendung<\/h3>\n<ol>\n<li>Eine angemessene Menge auf die gereinigte und mit Toner behandelte Haut auftragen.<\/li>\n<li>In die Haut tupfen, bis es v\u00f6llig eingezogen ist.<\/li>\n<li>Morgens und \u00fcber Nacht anwenden.<\/li>\n<\/ol>\n<h3>Inhaltsstoffe<\/h3>\n<div id=\"ingredlist-short\">\n<div id=\"showmore-section-ingredlist-short\" class=\"showmore-section ingredlist-short-like-section\" role=\"list\">\n<div class=\"\" role=\"group\"><span class=\"\" role=\"listitem\">Snail Secretion Filtrate,\u00a0<\/span><span class=\"\" role=\"listitem\">Glycerin,\u00a0<\/span><span class=\"\" role=\"listitem\">Alcohol,\u00a0<\/span><span class=\"\" role=\"listitem\">Propylene Glycol,\u00a0<\/span><span class=\"\" role=\"listitem\">Carbomer,\u00a0<\/span><span class=\"\" role=\"listitem\">Polysorbate 80,\u00a0<\/span><span class=\"\" role=\"listitem\">Witch Hazel Extract,\u00a0<\/span><span class=\"\" role=\"listitem\">Camellia Sinensis Leaf Extract,\u00a0<\/span><span class=\"\" role=\"listitem\">Althaea Rosea Root Extract,\u00a0<\/span><span class=\"showmore-mobile\" role=\"listitem\">Aloe Barbadensis Leaf Extract,\u00a0<\/span><span class=\"showmore-mobile\" role=\"listitem\">Triethanolamine,\u00a0<\/span><span class=\"showmore-mobile\" role=\"listitem\">Disodium EDTA,\u00a0<\/span><span class=\"showmore-mobile\" role=\"listitem\">Phenoxyethanol,\u00a0<\/span><span class=\"showmore-mobile\" role=\"listitem\">Fragrance<\/span><\/div>\n<div role=\"group\">\n<h3>Warnhinweise<\/h3>\n<ol>\n<li>Nur zur \u00e4u\u00dferlichen Anwendung geeignet.<\/li>\n<li>Nicht auf verletzte Haut oder auf Wunden auftragen.<\/li>\n<li>Sollten Nebenwirkungen wie Irritationen oder Ausschlag eintreten, Anwendung sofort beenden und unverz\u00fcglich an einen Arzt wenden.<\/li>\n<li>Kontakt mit den Augen vermeiden. Sollte das Produkt ins Auge gelangen, das Auge sofort gr\u00fcndlich mit klarem Wasser aussp\u00fclen.<\/li>\n<li>Au\u00dfer Reichweite von Kindern aufbewahren.<\/li>\n<li>Nicht schlucken. Bei Verschlucken Arzt oder Giftzentrale aufsuchen.<\/li>\n<\/ol>\n<\/div>\n<\/div>\n<\/div>\n","protected":false},"excerpt":{"rendered":"<p>Ein sanftes, vielseitiges und wirksames beruhigendes Gel. Angereichert mit 100-prozentigem Schneckensekret-Extrakt f\u00fcr reichhaltige N\u00e4hrstoffe und Feuchtigkeit. Verbessert die Elastizit\u00e4t und Ausstrahlung der Haut. Die Haut erscheint ruhiger, fester, glatter und sieht ges\u00fcnder aus. Perfekt f\u00fcr alle Hauttypen.<\/p>\n<p>Frei von Parabenen, Mineral\u00f6l, Benzophenon &amp; k\u00fcnstlichen Farbstoffen.<\/p>\n","protected":false},"featured_media":13109,"comment_status":"open","ping_status":"closed","template":"","meta":{"content-type":"","site-sidebar-layout":"default","site-content-layout":"default","ast-site-content-layout":"default","site-content-style":"default","site-sidebar-style":"default","ast-global-header-display":"","ast-banner-title-visibility":"","ast-main-header-display":"","ast-hfb-above-header-display":"","ast-hfb-below-header-display":"","ast-hfb-mobile-header-display":"","site-post-title":"","ast-breadcrumbs-content":"","ast-featured-img":"","footer-sml-layout":"","ast-disable-related-posts":"","theme-transparent-header-meta":"default","adv-header-id-meta":"","stick-header-meta":"","header-above-stick-meta":"","header-main-stick-meta":"","header-below-stick-meta":"","astra-migrate-meta-layouts":"default","ast-page-background-enabled":"default","ast-page-background-meta":{"desktop":{"background-color":"","background-image":"","background-repeat":"repeat","background-position":"center center","background-size":"auto","background-attachment":"scroll","background-type":"","background-media":"","overlay-type":"","overlay-color":"","overlay-opacity":"","overlay-gradient":""},"tablet":{"background-color":"","background-image":"","background-repeat":"repeat","background-position":"center center","background-size":"auto","background-attachment":"scroll","background-type":"","background-media":"","overlay-type":"","overlay-color":"","overlay-opacity":"","overlay-gradient":""},"mobile":{"background-color":"","background-image":"","background-repeat":"repeat","background-position":"center center","background-size":"auto","background-attachment":"scroll","background-type":"","background-media":"","overlay-type":"","overlay-color":"","overlay-opacity":"","overlay-gradient":""}},"ast-content-background-meta":{"desktop":{"background-color":"var(--ast-global-color-5)","background-image":"","background-repeat":"repeat","background-position":"center center","background-size":"auto","background-attachment":"scroll","background-type":"","background-media":"","overlay-type":"","overlay-color":"","overlay-opacity":"","overlay-gradient":""},"tablet":{"background-color":"var(--ast-global-color-5)","background-image":"","background-repeat":"repeat","background-position":"center center","background-size":"auto","background-attachment":"scroll","background-type":"","background-media":"","overlay-type":"","overlay-color":"","overlay-opacity":"","overlay-gradient":""},"mobile":{"background-color":"var(--ast-global-color-5)","background-image":"","background-repeat":"repeat","background-position":"center center","background-size":"auto","background-attachment":"scroll","background-type":"","background-media":"","overlay-type":"","overlay-color":"","overlay-opacity":"","overlay-gradient":""}}},"product_brand":[],"product_cat":[428,424,437],"product_tag":[45],"class_list":{"0":"post-8070","1":"product","2":"type-product","3":"status-publish","4":"has-post-thumbnail","6":"product_cat-farm-stay","7":"product_cat-gesicht","8":"product_cat-koerper","9":"product_tag-moisturizer","10":"pa_beduerfnisse-anti-aging","11":"pa_beduerfnisse-falten","12":"pa_beduerfnisse-trockenheit","13":"pa_hauttyp-all","14":"desktop-align-left","15":"tablet-align-left","16":"mobile-align-left","18":"first","19":"outofstock","20":"taxable","21":"shipping-taxable","22":"product-type-variable"},"_links":{"self":[{"href":"https:\/\/healthyskinsecrets.ch\/fr\/wp-json\/wp\/v2\/product\/8070","targetHints":{"allow":["GET"]}}],"collection":[{"href":"https:\/\/healthyskinsecrets.ch\/fr\/wp-json\/wp\/v2\/product"}],"about":[{"href":"https:\/\/healthyskinsecrets.ch\/fr\/wp-json\/wp\/v2\/types\/product"}],"replies":[{"embeddable":true,"href":"https:\/\/healthyskinsecrets.ch\/fr\/wp-json\/wp\/v2\/comments?post=8070"}],"wp:featuredmedia":[{"embeddable":true,"href":"https:\/\/healthyskinsecrets.ch\/fr\/wp-json\/wp\/v2\/media\/13109"}],"wp:attachment":[{"href":"https:\/\/healthyskinsecrets.ch\/fr\/wp-json\/wp\/v2\/media?parent=8070"}],"wp:term":[{"taxonomy":"product_brand","embeddable":true,"href":"https:\/\/healthyskinsecrets.ch\/fr\/wp-json\/wp\/v2\/product_brand?post=8070"},{"taxonomy":"product_cat","embeddable":true,"href":"https:\/\/healthyskinsecrets.ch\/fr\/wp-json\/wp\/v2\/product_cat?post=8070"},{"taxonomy":"product_tag","embeddable":true,"href":"https:\/\/healthyskinsecrets.ch\/fr\/wp-json\/wp\/v2\/product_tag?post=8070"}],"curies":[{"name":"wp","href":"https:\/\/api.w.org\/{rel}","templated":true}]}}