{"id":8066,"date":"2022-03-28T09:54:38","date_gmt":"2022-03-28T09:54:38","guid":{"rendered":"https:\/\/healthyskinsecrets.ch\/product\/import-placeholder-for-7413\/"},"modified":"2026-02-24T10:47:27","modified_gmt":"2026-02-24T10:47:27","slug":"farmstay-aloe-vera-moisture-soothing-gel-300ml","status":"publish","type":"product","link":"https:\/\/healthyskinsecrets.ch\/fr\/product\/farmstay-aloe-vera-moisture-soothing-gel-300ml\/","title":{"rendered":"Farmstay Aloe Vera Moisture Soothing Gel 300ml"},"content":{"rendered":"<h3>Anwendung<\/h3>\n<ol>\n<li>Eine angemessene Menge auf die gereinigte und mit Toner behandelte Haut auftragen.<\/li>\n<li>In die Haut tupfen, bis es v\u00f6llig eingezogen ist.<\/li>\n<li>Morgens und \u00fcber Nacht anwenden.<\/li>\n<\/ol>\n<p><em>Tipp 1:\u00a0<\/em>Vermische ein paar Tropfen Gesichts\u00f6l mit dem Aloe Vera Soothing Gel, um eine reichhaltige Feuchtigkeitscreme zu erhalten. Diese Mischung kann als Sleeping Pack oder als t\u00e4gliche Feuchtigkeitscreme verwendet werden.<\/p>\n<p><em>Tipp 2:\u00a0<\/em>Vermische Make-up-Primer mit dem Soothing Gel im Verh\u00e4ltnis 2:1. Verteile die Mischung sanft auf dem Gesicht f\u00fcr einen nat\u00fcrlich strahlenden Look.<\/p>\n<p><em>Tipp 3:<\/em>\u00a0F\u00fcr intensive Versorgung mit Feuchtigkeit k\u00f6nnen reichhaltige \u00d6le (wie z. B. Argan\u00f6l) mit dem Soothing Gel vermischt werden. Die Mischung kann sanft in die Haut am ganzen K\u00f6rper einmassiert werden.<\/p>\n<p><em>Tipp 4:\u00a0<\/em>Verwende das Gel wie ein Haar-Serum in trockenen Haarspitzen f\u00fcr sofortigen Glanz und lang anhaltende Reparatur.<\/p>\n<p><em>Tipp 5:\u00a0<\/em>Verwende das Gel als beruhigende Behandlung auf gereizter Haut nach dem Rasieren.<\/p>\n<h3>Inhaltsstoffe<\/h3>\n<p>Purified water, glycerin, ethanol, propylene glycol, carbomer, polysorbate 80, aloe vera extract (100ppm), virginia extract, green tea extract, hollyhock extract, aloe vera leaf \/ sucrose fermentation extract, triethanolamine, Disodium IDT, butylene glycol, 1,2-hexanediol, phenoxyethanol, fragrance<\/p>\n<h3>Warnhinweise<\/h3>\n<ol>\n<li>Nur zur \u00e4u\u00dferlichen Anwendung geeignet.<\/li>\n<li>Nicht auf verletzte Haut oder auf Wunden auftragen.<\/li>\n<li>Sollten Nebenwirkungen wie Irritationen oder Ausschlag eintreten, Anwendung sofort beenden und unverz\u00fcglich an einen Arzt wenden.<\/li>\n<li>Kontakt mit den Augen vermeiden. Sollte das Produkt ins Auge gelangen, das Auge sofort gr\u00fcndlich mit klarem Wasser aussp\u00fclen.<\/li>\n<li>Au\u00dfer Reichweite von Kindern aufbewahren.<\/li>\n<li>Nicht schlucken. Bei Verschlucken Arzt oder Giftzentrale aufsuchen.<\/li>\n<\/ol>\n","protected":false},"excerpt":{"rendered":"<p>Versorgt die Haut bei Trockenheit und Mangelern\u00e4hrung mit Feuchtigkeit. Frei von Parabenen, Mineral\u00f6l, Benzophenon &amp; k\u00fcnstlichen Farbstoffen. Enth\u00e4lt 100 % reine, nat\u00fcrlich fermentierte Aloe Vera Bl\u00e4tter. Enth\u00fcllt eine ruhigere, klarere und angenehmere Haut. Beruhigt die Haut vor sch\u00e4dlichen Umweltfaktoren. Kann auf Gesicht, Armen, Beinen und Haaren verwendet werden.<\/p>\n","protected":false},"featured_media":13096,"comment_status":"open","ping_status":"closed","template":"","meta":{"content-type":"","site-sidebar-layout":"default","site-content-layout":"default","ast-site-content-layout":"default","site-content-style":"default","site-sidebar-style":"default","ast-global-header-display":"","ast-banner-title-visibility":"","ast-main-header-display":"","ast-hfb-above-header-display":"","ast-hfb-below-header-display":"","ast-hfb-mobile-header-display":"","site-post-title":"","ast-breadcrumbs-content":"","ast-featured-img":"","footer-sml-layout":"","ast-disable-related-posts":"","theme-transparent-header-meta":"default","adv-header-id-meta":"","stick-header-meta":"","header-above-stick-meta":"","header-main-stick-meta":"","header-below-stick-meta":"","astra-migrate-meta-layouts":"default","ast-page-background-enabled":"default","ast-page-background-meta":{"desktop":{"background-color":"","background-image":"","background-repeat":"repeat","background-position":"center center","background-size":"auto","background-attachment":"scroll","background-type":"","background-media":"","overlay-type":"","overlay-color":"","overlay-opacity":"","overlay-gradient":""},"tablet":{"background-color":"","background-image":"","background-repeat":"repeat","background-position":"center center","background-size":"auto","background-attachment":"scroll","background-type":"","background-media":"","overlay-type":"","overlay-color":"","overlay-opacity":"","overlay-gradient":""},"mobile":{"background-color":"","background-image":"","background-repeat":"repeat","background-position":"center center","background-size":"auto","background-attachment":"scroll","background-type":"","background-media":"","overlay-type":"","overlay-color":"","overlay-opacity":"","overlay-gradient":""}},"ast-content-background-meta":{"desktop":{"background-color":"var(--ast-global-color-5)","background-image":"","background-repeat":"repeat","background-position":"center center","background-size":"auto","background-attachment":"scroll","background-type":"","background-media":"","overlay-type":"","overlay-color":"","overlay-opacity":"","overlay-gradient":""},"tablet":{"background-color":"var(--ast-global-color-5)","background-image":"","background-repeat":"repeat","background-position":"center center","background-size":"auto","background-attachment":"scroll","background-type":"","background-media":"","overlay-type":"","overlay-color":"","overlay-opacity":"","overlay-gradient":""},"mobile":{"background-color":"var(--ast-global-color-5)","background-image":"","background-repeat":"repeat","background-position":"center center","background-size":"auto","background-attachment":"scroll","background-type":"","background-media":"","overlay-type":"","overlay-color":"","overlay-opacity":"","overlay-gradient":""}}},"product_brand":[],"product_cat":[428,424,437],"product_tag":[45],"class_list":{"0":"post-8066","1":"product","2":"type-product","3":"status-publish","4":"has-post-thumbnail","6":"product_cat-farm-stay","7":"product_cat-gesicht","8":"product_cat-koerper","9":"product_tag-moisturizer","10":"pa_beduerfnisse-trockenheit","11":"pa_hauttyp-all","12":"desktop-align-left","13":"tablet-align-left","14":"mobile-align-left","16":"first","17":"outofstock","18":"taxable","19":"shipping-taxable","20":"product-type-variable"},"_links":{"self":[{"href":"https:\/\/healthyskinsecrets.ch\/fr\/wp-json\/wp\/v2\/product\/8066","targetHints":{"allow":["GET"]}}],"collection":[{"href":"https:\/\/healthyskinsecrets.ch\/fr\/wp-json\/wp\/v2\/product"}],"about":[{"href":"https:\/\/healthyskinsecrets.ch\/fr\/wp-json\/wp\/v2\/types\/product"}],"replies":[{"embeddable":true,"href":"https:\/\/healthyskinsecrets.ch\/fr\/wp-json\/wp\/v2\/comments?post=8066"}],"wp:featuredmedia":[{"embeddable":true,"href":"https:\/\/healthyskinsecrets.ch\/fr\/wp-json\/wp\/v2\/media\/13096"}],"wp:attachment":[{"href":"https:\/\/healthyskinsecrets.ch\/fr\/wp-json\/wp\/v2\/media?parent=8066"}],"wp:term":[{"taxonomy":"product_brand","embeddable":true,"href":"https:\/\/healthyskinsecrets.ch\/fr\/wp-json\/wp\/v2\/product_brand?post=8066"},{"taxonomy":"product_cat","embeddable":true,"href":"https:\/\/healthyskinsecrets.ch\/fr\/wp-json\/wp\/v2\/product_cat?post=8066"},{"taxonomy":"product_tag","embeddable":true,"href":"https:\/\/healthyskinsecrets.ch\/fr\/wp-json\/wp\/v2\/product_tag?post=8066"}],"curies":[{"name":"wp","href":"https:\/\/api.w.org\/{rel}","templated":true}]}}