{"id":15344,"date":"2024-09-21T12:48:36","date_gmt":"2024-09-21T12:48:36","guid":{"rendered":"https:\/\/healthyskinsecrets.ch\/product\/import-placeholder-for-27494\/"},"modified":"2026-02-23T15:33:36","modified_gmt":"2026-02-23T15:33:36","slug":"beauty-of-joseon-dynasty-cream-100ml","status":"publish","type":"product","link":"https:\/\/healthyskinsecrets.ch\/fr\/product\/beauty-of-joseon-dynasty-cream-100ml\/","title":{"rendered":"Beauty of Joseon Dynasty Cream 100ml"},"content":{"rendered":"<h3>Application<\/h3>\n<ol>\n<li>Appliquez une quantit\u00e9 appropri\u00e9e sur une peau nettoy\u00e9e (et tonifi\u00e9e).<\/li>\n<li>Tapotez sur la peau jusqu&rsquo;\u00e0 absorption compl\u00e8te.<\/li>\n<li>\u00c0 utiliser matin et soir.<\/li>\n<\/ol>\n<h3>Ingr\u00e9dients<\/h3>\n<p>Water, Glycerin, Butylene Glycol, Niacinamide, Dipentaerythrityl Hexa C5-9 Acid Esters, Sodium Hyaluronate, Xanthan Gum, Cyclopentasiloxane, Cyclohexasiloxane, Polyacrylate-13, Polyisobutene, Polysorbate 20, Hydrogenated Lecithin, C14-28 Alkyl Acid, Stearyl Alcohol, Behenyl Alcohol, Dimethicone\/Vinyl Dimethicone Crosspolymer, Dimethicone, Adenosine, Glyceryl Stearate SE, Cetearyl Alcohol, Polyglyceryl-3 Methylglucose Distearate, Cetyl PEG\/PPG-10\/1 Dimethicone, Stearic Acid, Tocopheryl Acetate, Sodium Polyacrylate, Olea Europaea (Olive) Fruit Oil, Helianthus Annuus (Sunflower) Seed Oil, Centella Asiatica Extract, Hippophae Rhamnoides Oil, Argania Spinosa kernel Oil, Butyrospermum Parkii (Shea) Butter, Ceramide NP, Trehalose, Calendula Officinalis Flower Extract, Caprylhydroxamic Acid, 1,2-Hexanediol, Raphanus Sativus (Radish) Leaf Extract, Oryza Sativa (Rice) Bran Extract, Cucurbitaceae (Gourd) Extract, Orchid Extract, Honey Extract, Panax Ginseng Root Extract, Carthamus Tinctorius (Safflower) Seed Oil, Phytosphingosine, Ceteareth-20, Glyceryl Citrate\/Lactate\/Linoleate\/Oleate, Fragrance<\/p>\n<h3>Attention<\/h3>\n<ol>\n<li>Pour usage externe uniquement.<\/li>\n<li>Ne pas utiliser sur une peau endommag\u00e9e ou \u00e9rafl\u00e9e.<\/li>\n<li>En cas d&rsquo;\u00e9ruption cutan\u00e9e, arr\u00eatez l&rsquo;utilisation et contactez un m\u00e9decin.<\/li>\n<li>\u00c9vitez tout contact avec les yeux. En cas de contact avec les yeux, rincer imm\u00e9diatement et abondamment.<\/li>\n<li>Conserver hors de port\u00e9e des enfants.<\/li>\n<li>Ne pas avaler. En cas d&rsquo;ingestion, consultez imm\u00e9diatement un m\u00e9decin ou contactez un centre antipoison.<\/li>\n<\/ol>\n","protected":false},"excerpt":{"rendered":"<p>Il est enrichi d&rsquo;ingr\u00e9dients nourrissants du hanbang (phytoth\u00e9rapie traditionnelle cor\u00e9enne) comme le ginseng et l&rsquo;extrait d&rsquo;orchid\u00e9e pour hydrater, \u00e9claircir et raffermir la peau. La formule aide \u00e9galement \u00e0 renforcer la barri\u00e8re d&rsquo;hydratation afin que la peau reste hydrat\u00e9e plus longtemps.<\/p>\n","protected":false},"featured_media":15345,"comment_status":"open","ping_status":"closed","template":"","meta":{"content-type":"","site-sidebar-layout":"default","site-content-layout":"","ast-site-content-layout":"default","site-content-style":"default","site-sidebar-style":"default","ast-global-header-display":"","ast-banner-title-visibility":"","ast-main-header-display":"","ast-hfb-above-header-display":"","ast-hfb-below-header-display":"","ast-hfb-mobile-header-display":"","site-post-title":"","ast-breadcrumbs-content":"","ast-featured-img":"","footer-sml-layout":"","ast-disable-related-posts":"","theme-transparent-header-meta":"default","adv-header-id-meta":"","stick-header-meta":"","header-above-stick-meta":"","header-main-stick-meta":"","header-below-stick-meta":"","astra-migrate-meta-layouts":"set","ast-page-background-enabled":"default","ast-page-background-meta":{"desktop":{"background-color":"","background-image":"","background-repeat":"repeat","background-position":"center center","background-size":"auto","background-attachment":"scroll","background-type":"","background-media":"","overlay-type":"","overlay-color":"","overlay-opacity":"","overlay-gradient":""},"tablet":{"background-color":"","background-image":"","background-repeat":"repeat","background-position":"center center","background-size":"auto","background-attachment":"scroll","background-type":"","background-media":"","overlay-type":"","overlay-color":"","overlay-opacity":"","overlay-gradient":""},"mobile":{"background-color":"","background-image":"","background-repeat":"repeat","background-position":"center center","background-size":"auto","background-attachment":"scroll","background-type":"","background-media":"","overlay-type":"","overlay-color":"","overlay-opacity":"","overlay-gradient":""}},"ast-content-background-meta":{"desktop":{"background-color":"var(--ast-global-color-5)","background-image":"","background-repeat":"repeat","background-position":"center center","background-size":"auto","background-attachment":"scroll","background-type":"","background-media":"","overlay-type":"","overlay-color":"","overlay-opacity":"","overlay-gradient":""},"tablet":{"background-color":"var(--ast-global-color-5)","background-image":"","background-repeat":"repeat","background-position":"center center","background-size":"auto","background-attachment":"scroll","background-type":"","background-media":"","overlay-type":"","overlay-color":"","overlay-opacity":"","overlay-gradient":""},"mobile":{"background-color":"var(--ast-global-color-5)","background-image":"","background-repeat":"repeat","background-position":"center center","background-size":"auto","background-attachment":"scroll","background-type":"","background-media":"","overlay-type":"","overlay-color":"","overlay-opacity":"","overlay-gradient":""}}},"product_brand":[],"product_cat":[520,234,424,631],"product_tag":[587],"class_list":{"0":"post-15344","1":"product","2":"type-product","3":"status-publish","4":"has-post-thumbnail","6":"product_cat-8-koreanische-gesichtscreme","7":"product_cat-beauty-of-joseon","8":"product_cat-gesicht","9":"product_cat-newone","10":"product_tag-8-feuchtigkeitspflege","11":"pa_beduerfnisse-falten","12":"pa_beduerfnisse-pigmentierung","13":"pa_beduerfnisse-trockenheit","14":"pa_hauttyp-all","15":"pa_hauttyp-empfindliche-haut","16":"pa_hauttyp-fettige","17":"pa_hauttyp-mischhaut","18":"pa_hauttyp-normal","19":"pa_hauttyp-trockene","20":"desktop-align-left","21":"tablet-align-left","22":"mobile-align-left","24":"first","25":"instock","26":"taxable","27":"shipping-taxable","28":"purchasable","29":"product-type-variable"},"_links":{"self":[{"href":"https:\/\/healthyskinsecrets.ch\/fr\/wp-json\/wp\/v2\/product\/15344","targetHints":{"allow":["GET"]}}],"collection":[{"href":"https:\/\/healthyskinsecrets.ch\/fr\/wp-json\/wp\/v2\/product"}],"about":[{"href":"https:\/\/healthyskinsecrets.ch\/fr\/wp-json\/wp\/v2\/types\/product"}],"replies":[{"embeddable":true,"href":"https:\/\/healthyskinsecrets.ch\/fr\/wp-json\/wp\/v2\/comments?post=15344"}],"wp:featuredmedia":[{"embeddable":true,"href":"https:\/\/healthyskinsecrets.ch\/fr\/wp-json\/wp\/v2\/media\/15345"}],"wp:attachment":[{"href":"https:\/\/healthyskinsecrets.ch\/fr\/wp-json\/wp\/v2\/media?parent=15344"}],"wp:term":[{"taxonomy":"product_brand","embeddable":true,"href":"https:\/\/healthyskinsecrets.ch\/fr\/wp-json\/wp\/v2\/product_brand?post=15344"},{"taxonomy":"product_cat","embeddable":true,"href":"https:\/\/healthyskinsecrets.ch\/fr\/wp-json\/wp\/v2\/product_cat?post=15344"},{"taxonomy":"product_tag","embeddable":true,"href":"https:\/\/healthyskinsecrets.ch\/fr\/wp-json\/wp\/v2\/product_tag?post=15344"}],"curies":[{"name":"wp","href":"https:\/\/api.w.org\/{rel}","templated":true}]}}