{"id":15268,"date":"2024-09-21T12:47:57","date_gmt":"2024-09-21T12:47:57","guid":{"rendered":"https:\/\/healthyskinsecrets.ch\/product\/import-placeholder-for-22560\/"},"modified":"2026-02-24T12:37:24","modified_gmt":"2026-02-24T12:37:24","slug":"heimish-moringa-ceramide-bb-cream-spf-30-pa-21c-light-beige-30ml","status":"publish","type":"product","link":"https:\/\/healthyskinsecrets.ch\/fr\/product\/heimish-moringa-ceramide-bb-cream-21c\/","title":{"rendered":"Heimish Moringa Ceramide BB Cream SPF 30 PA++ 21C Light Nude"},"content":{"rendered":"<h3>Application<\/h3>\n<p>Appliquez une quantit\u00e9 de BB Cream de la taille d&rsquo;un pois sur la peau nettoy\u00e9e et nettoy\u00e9e. peau pr\u00e9par\u00e9e. Du bout des doigts, estompez du centre de votre visage vers l&rsquo;ext\u00e9rieur (indice : la chaleur de vos doigts fera ressortir le pigment). Continuez \u00e0 estomper du bout des doigts pour un teint uniforme. Si vous pr\u00e9f\u00e9rez une couverture suppl\u00e9mentaire, ajoutez une autre quantit\u00e9 de BB Cream de la taille d\u2019un pois sur la peau une fois la premi\u00e8re couche install\u00e9e.<\/p>\n<h3>Ingr\u00e9dients<\/h3>\n<p>Water, Cyclopentasiloxane, Titanium Dioxide, Zinc Oxide, Glycerin, Caprylic\/Capric Triglyceride, PEG-10 Dimethicone, Dipropylene Glycol, Dimethicone, Niacinamide, Cetyl Ethylhexanoate, Polymethylsilsesquioxane, Disteardimonium Hectorite, Betaine, Magnesium Sulfate, Silica, Sorbitan Sesquioleate, CI 77492, 1,2-Hexanediol, Dimethicone Crosspolymer, Acrylates\/Dimethicone Copolymer, CI 77499, Moringa Oleifera Seed Oil, Triethoxycaprylylsilane, Candida Bombicola\/Glucose\/Methyl Rapeseedate Ferment, Glycosyl Trehalose, CI 77491, Palmitic Acid, Hydrogenated Starch Hydrolysate, Tocopheryl Acetate, Caprylyl Glycol, Ethylhexylglycerin, Aluminum Hydroxide, Panthenol, Hyaluronic Acid, Adenosine, Citrus Aurantium Amara (Bitter Orange) Leaf\/Twig Oil, Artemisia Vulgaris Oil, Lavandula Angustifolia (Lavender) Oil, Litsea Cubeba Fruit Oil, Prunus Persica (Peach) Flower Extract, Cyclotetrasiloxane, Laurus Noblis Leaf Extract, Ceramide NP(80ppm), Propylene Glycol, Phytosphingosine, Hydrogenated Lecithin, Myristic Acid, Stearic Acid, Tocopherol<\/p>\n<h3>Attention<\/h3>\n<ol>\n<li>Pour usage externe uniquement.<\/li>\n<li>Ne pas utiliser sur une peau endommag\u00e9e ou \u00e9rafl\u00e9e.<\/li>\n<li>En cas d&rsquo;\u00e9ruption cutan\u00e9e, arr\u00eatez l&rsquo;utilisation et contactez un m\u00e9decin.<\/li>\n<li>\u00c9vitez tout contact avec les yeux. En cas de contact avec les yeux, rincer imm\u00e9diatement et abondamment.<\/li>\n<li>Conserver hors de port\u00e9e des enfants.<\/li>\n<li>Ne pas avaler. En cas d&rsquo;ingestion, consultez imm\u00e9diatement un m\u00e9decin ou contactez un centre antipoison.<\/li>\n<\/ol>\n","protected":false},"excerpt":{"rendered":"<p>La BB cr\u00e8me Moringa Ceramide de Heimish masque sans effort les rougeurs et les irr\u00e9gularit\u00e9s du teint tout en fortifiant la barri\u00e8re cutan\u00e9e. L\u00e9ger et modulable, ce fond de teint lisse le grain de peau et hydrate la peau pour une couvrance durable.<\/p>\n<p>La formule fortifiante de la barri\u00e8re de la BB cr\u00e8me Moringa Ceramide de Heimish est infus\u00e9e d\u2019huile de moringa ferment\u00e9e et de c\u00e9ramide. Il offre \u00e0 la fois une hydratation et une couvrance l\u00e9g\u00e8re et modulable, avec cinq nuances pour les peaux claires \u00e0 olive. Fonctionne comme une excellente base pour aider le maquillage \u00e0 tenir plus longtemps, ou comme une BB cr\u00e8me autonome pour remplacer les fonds de teint plus \u00e9pais. Il offre un fini jeune et satin\u00e9 qui unifie le teint et laisse un \u00e9clat frais.<\/p>\n","protected":false},"featured_media":15269,"comment_status":"open","ping_status":"closed","template":"","meta":{"content-type":"","site-sidebar-layout":"default","site-content-layout":"default","ast-site-content-layout":"default","site-content-style":"default","site-sidebar-style":"default","ast-global-header-display":"","ast-banner-title-visibility":"","ast-main-header-display":"","ast-hfb-above-header-display":"","ast-hfb-below-header-display":"","ast-hfb-mobile-header-display":"","site-post-title":"","ast-breadcrumbs-content":"","ast-featured-img":"","footer-sml-layout":"","ast-disable-related-posts":"","theme-transparent-header-meta":"default","adv-header-id-meta":"","stick-header-meta":"","header-above-stick-meta":"","header-main-stick-meta":"","header-below-stick-meta":"","astra-migrate-meta-layouts":"set","ast-page-background-enabled":"default","ast-page-background-meta":{"desktop":{"background-color":"","background-image":"","background-repeat":"repeat","background-position":"center center","background-size":"auto","background-attachment":"scroll","background-type":"","background-media":"","overlay-type":"","overlay-color":"","overlay-opacity":"","overlay-gradient":""},"tablet":{"background-color":"","background-image":"","background-repeat":"repeat","background-position":"center center","background-size":"auto","background-attachment":"scroll","background-type":"","background-media":"","overlay-type":"","overlay-color":"","overlay-opacity":"","overlay-gradient":""},"mobile":{"background-color":"","background-image":"","background-repeat":"repeat","background-position":"center center","background-size":"auto","background-attachment":"scroll","background-type":"","background-media":"","overlay-type":"","overlay-color":"","overlay-opacity":"","overlay-gradient":""}},"ast-content-background-meta":{"desktop":{"background-color":"var(--ast-global-color-5)","background-image":"","background-repeat":"repeat","background-position":"center center","background-size":"auto","background-attachment":"scroll","background-type":"","background-media":"","overlay-type":"","overlay-color":"","overlay-opacity":"","overlay-gradient":""},"tablet":{"background-color":"var(--ast-global-color-5)","background-image":"","background-repeat":"repeat","background-position":"center center","background-size":"auto","background-attachment":"scroll","background-type":"","background-media":"","overlay-type":"","overlay-color":"","overlay-opacity":"","overlay-gradient":""},"mobile":{"background-color":"var(--ast-global-color-5)","background-image":"","background-repeat":"repeat","background-position":"center center","background-size":"auto","background-attachment":"scroll","background-type":"","background-media":"","overlay-type":"","overlay-color":"","overlay-opacity":"","overlay-gradient":""}}},"product_brand":[],"product_cat":[588,424,260,630,633,631],"product_tag":[430],"class_list":{"0":"post-15268","1":"product","2":"type-product","3":"status-publish","4":"has-post-thumbnail","6":"product_cat-10-sonnenschutz","7":"product_cat-gesicht","8":"product_cat-heimish","9":"product_cat-hss","10":"product_cat-korean-make-up","11":"product_cat-newone","12":"product_tag-sonnenschutz","13":"pa_hauttyp-all","14":"desktop-align-left","15":"tablet-align-left","16":"mobile-align-left","18":"first","19":"instock","20":"taxable","21":"shipping-taxable","22":"purchasable","23":"product-type-variable"},"_links":{"self":[{"href":"https:\/\/healthyskinsecrets.ch\/fr\/wp-json\/wp\/v2\/product\/15268","targetHints":{"allow":["GET"]}}],"collection":[{"href":"https:\/\/healthyskinsecrets.ch\/fr\/wp-json\/wp\/v2\/product"}],"about":[{"href":"https:\/\/healthyskinsecrets.ch\/fr\/wp-json\/wp\/v2\/types\/product"}],"replies":[{"embeddable":true,"href":"https:\/\/healthyskinsecrets.ch\/fr\/wp-json\/wp\/v2\/comments?post=15268"}],"wp:featuredmedia":[{"embeddable":true,"href":"https:\/\/healthyskinsecrets.ch\/fr\/wp-json\/wp\/v2\/media\/15269"}],"wp:attachment":[{"href":"https:\/\/healthyskinsecrets.ch\/fr\/wp-json\/wp\/v2\/media?parent=15268"}],"wp:term":[{"taxonomy":"product_brand","embeddable":true,"href":"https:\/\/healthyskinsecrets.ch\/fr\/wp-json\/wp\/v2\/product_brand?post=15268"},{"taxonomy":"product_cat","embeddable":true,"href":"https:\/\/healthyskinsecrets.ch\/fr\/wp-json\/wp\/v2\/product_cat?post=15268"},{"taxonomy":"product_tag","embeddable":true,"href":"https:\/\/healthyskinsecrets.ch\/fr\/wp-json\/wp\/v2\/product_tag?post=15268"}],"curies":[{"name":"wp","href":"https:\/\/api.w.org\/{rel}","templated":true}]}}