{"id":15236,"date":"2024-09-21T12:47:40","date_gmt":"2024-09-21T12:47:40","guid":{"rendered":"https:\/\/healthyskinsecrets.ch\/product\/import-placeholder-for-21033\/"},"modified":"2025-10-17T11:47:12","modified_gmt":"2025-10-17T11:47:12","slug":"missha-aqua-sun","status":"publish","type":"product","link":"https:\/\/healthyskinsecrets.ch\/fr\/product\/missha-all-around-safe-block-aqua-sun\/","title":{"rendered":"Missha All-Around Safe Block Aqua Sun"},"content":{"rendered":"<h3>Application<\/h3>\n<ol>Appliquez g\u00e9n\u00e9reusement 30 minutes avant de vous exposer au soleil comme derni\u00e8re \u00e9tape de votre routine de soin. R\u00e9appliquez toutes les deux heures pour une protection solaire parfaite pendant la journ\u00e9e.<\/ol>\n<h3>Ingr\u00e9dients<\/h3>\n<p>Water, Ethylhexyl Methoxycinnamate, Alcohol Denat., Octocrylene, Ethylhexyl Salicylate, Dipropylene Glycol, Butyl Methoxydibenzoylmethane, Methyl Methacrylate Crosspolymer, Bis-Ethylhexyloxyphenol Methoxyphenyl Triazine, Cyclopentasiloxane, Acrylates\/Dimethicone Copolymer, VP\/Hexadecene Copolymer, Water, Mesembryanthemum Crystallinum Extract, Limonia Acidissima Extract, Rosa Davurica Bud Extract, Bis-PEG\/PPG-20\/5 PEG\/PPG-20\/5 Dimethicone, Methoxy PEG\/PPG-25\/4 Dimethicone, Dimethicone, Caprylic\/Capric Triglyceride, Acrylates\/C10-30 Alkyl Acrylate Crosspolymer, Sodium Acrylate\/Sodium Acryloyldimethyl Taurate Copolymer, Isohexadecane, Sodium Hydroxide, Polysorbate 80, BHT, Disodium EDTA, Caprylyl Glycol, Ethylhexylglycerin, 1,2-Hexanediol, Fragrance<\/p>\n<h3>Attention<\/h3>\n<ol>\n<li>Pour usage externe uniquement.<\/li>\n<li>Ne pas utiliser sur une peau endommag\u00e9e ou \u00e9rafl\u00e9e.<\/li>\n<li>En cas d&rsquo;\u00e9ruption cutan\u00e9e, arr\u00eatez l&rsquo;utilisation et contactez un m\u00e9decin.<\/li>\n<li>\u00c9vitez tout contact avec les yeux. En cas de contact avec les yeux, rincer imm\u00e9diatement et abondamment.<\/li>\n<li>Conserver hors de port\u00e9e des enfants.<\/li>\n<li>Ne pas avaler. En cas d&rsquo;ingestion, consultez imm\u00e9diatement un m\u00e9decin ou contactez un centre antipoison.<\/li>\n<\/ol>\n","protected":false},"excerpt":{"rendered":"<p>Gel solaire \u00e0 base de gel aqueux pour garder la peau hydrat\u00e9e et fra\u00eeche. Cette cr\u00e8me solaire quotidienne l\u00e9g\u00e8re et non grasse offre une protection tr\u00e8s efficace contre les rayons UVA et UVB g\u00eanants. Le nouveau syst\u00e8me de blocage UV double couche offre une protection UV durable et imp\u00e9n\u00e9trable.<\/p>\n<ul>\n<li>\u00c0 base d&rsquo;eau-gel pour hydrater la peau avec un effet rafra\u00eechissant.<\/li>\n<li>Facteur de protection solaire SPF 50+ \/ PA++++<\/li>\n<li>R\u00e9sistant \u00e0 l&rsquo;eau et \u00e0 la transpiration.<\/li>\n<li>Convient aux peaux sensibles.<\/li>\n<\/ul>\n","protected":false},"featured_media":15237,"comment_status":"open","ping_status":"closed","template":"","meta":{"content-type":"","site-sidebar-layout":"default","site-content-layout":"default","ast-site-content-layout":"default","site-content-style":"default","site-sidebar-style":"default","ast-global-header-display":"","ast-banner-title-visibility":"","ast-main-header-display":"","ast-hfb-above-header-display":"","ast-hfb-below-header-display":"","ast-hfb-mobile-header-display":"","site-post-title":"","ast-breadcrumbs-content":"","ast-featured-img":"","footer-sml-layout":"","ast-disable-related-posts":"","theme-transparent-header-meta":"default","adv-header-id-meta":"","stick-header-meta":"","header-above-stick-meta":"","header-main-stick-meta":"","header-below-stick-meta":"","astra-migrate-meta-layouts":"set","ast-page-background-enabled":"default","ast-page-background-meta":{"desktop":{"background-color":"","background-image":"","background-repeat":"repeat","background-position":"center center","background-size":"auto","background-attachment":"scroll","background-type":"","background-media":"","overlay-type":"","overlay-color":"","overlay-opacity":"","overlay-gradient":""},"tablet":{"background-color":"","background-image":"","background-repeat":"repeat","background-position":"center center","background-size":"auto","background-attachment":"scroll","background-type":"","background-media":"","overlay-type":"","overlay-color":"","overlay-opacity":"","overlay-gradient":""},"mobile":{"background-color":"","background-image":"","background-repeat":"repeat","background-position":"center center","background-size":"auto","background-attachment":"scroll","background-type":"","background-media":"","overlay-type":"","overlay-color":"","overlay-opacity":"","overlay-gradient":""}},"ast-content-background-meta":{"desktop":{"background-color":"var(--ast-global-color-5)","background-image":"","background-repeat":"repeat","background-position":"center center","background-size":"auto","background-attachment":"scroll","background-type":"","background-media":"","overlay-type":"","overlay-color":"","overlay-opacity":"","overlay-gradient":""},"tablet":{"background-color":"var(--ast-global-color-5)","background-image":"","background-repeat":"repeat","background-position":"center center","background-size":"auto","background-attachment":"scroll","background-type":"","background-media":"","overlay-type":"","overlay-color":"","overlay-opacity":"","overlay-gradient":""},"mobile":{"background-color":"var(--ast-global-color-5)","background-image":"","background-repeat":"repeat","background-position":"center center","background-size":"auto","background-attachment":"scroll","background-type":"","background-media":"","overlay-type":"","overlay-color":"","overlay-opacity":"","overlay-gradient":""}}},"product_brand":[],"product_cat":[588,424,291,631],"product_tag":[430],"class_list":{"0":"post-15236","1":"product","2":"type-product","3":"status-publish","4":"has-post-thumbnail","6":"product_cat-10-sonnenschutz","7":"product_cat-gesicht","8":"product_cat-missha","9":"product_cat-newone","10":"product_tag-sonnenschutz","11":"pa_hauttyp-all","12":"pa_hauttyp-empfindliche-haut","13":"pa_hauttyp-fettige","14":"pa_hauttyp-mischhaut","15":"pa_hauttyp-normal","16":"pa_hauttyp-trockene","17":"desktop-align-left","18":"tablet-align-left","19":"mobile-align-left","21":"first","22":"instock","23":"taxable","24":"shipping-taxable","25":"purchasable","26":"product-type-simple"},"_links":{"self":[{"href":"https:\/\/healthyskinsecrets.ch\/fr\/wp-json\/wp\/v2\/product\/15236","targetHints":{"allow":["GET"]}}],"collection":[{"href":"https:\/\/healthyskinsecrets.ch\/fr\/wp-json\/wp\/v2\/product"}],"about":[{"href":"https:\/\/healthyskinsecrets.ch\/fr\/wp-json\/wp\/v2\/types\/product"}],"replies":[{"embeddable":true,"href":"https:\/\/healthyskinsecrets.ch\/fr\/wp-json\/wp\/v2\/comments?post=15236"}],"wp:featuredmedia":[{"embeddable":true,"href":"https:\/\/healthyskinsecrets.ch\/fr\/wp-json\/wp\/v2\/media\/15237"}],"wp:attachment":[{"href":"https:\/\/healthyskinsecrets.ch\/fr\/wp-json\/wp\/v2\/media?parent=15236"}],"wp:term":[{"taxonomy":"product_brand","embeddable":true,"href":"https:\/\/healthyskinsecrets.ch\/fr\/wp-json\/wp\/v2\/product_brand?post=15236"},{"taxonomy":"product_cat","embeddable":true,"href":"https:\/\/healthyskinsecrets.ch\/fr\/wp-json\/wp\/v2\/product_cat?post=15236"},{"taxonomy":"product_tag","embeddable":true,"href":"https:\/\/healthyskinsecrets.ch\/fr\/wp-json\/wp\/v2\/product_tag?post=15236"}],"curies":[{"name":"wp","href":"https:\/\/api.w.org\/{rel}","templated":true}]}}