{"id":14814,"date":"2024-09-21T08:52:00","date_gmt":"2024-09-21T08:52:00","guid":{"rendered":"https:\/\/healthyskinsecrets.ch\/product\/import-placeholder-for-25719\/"},"modified":"2024-11-27T12:46:54","modified_gmt":"2024-11-27T12:46:54","slug":"jkosmec-skin-solution-collagen-firming-face-cream-50ml","status":"publish","type":"product","link":"https:\/\/healthyskinsecrets.ch\/fr\/product\/jkosmec-skin-solution-collagen-firming-face-cream\/","title":{"rendered":"JKosmec Skin Solution Collagen Firming Face Cream 50ml"},"content":{"rendered":"<h3>Application<\/h3>\n<ol>\n<li>Utilisez la cr\u00e8me en ampoule matin et soir comme derni\u00e8re \u00e9tape de votre proc\u00e9dure quotidienne de soins de la peau du visage.<\/li>\n<li>Appliquez la quantit\u00e9 appropri\u00e9e de cr\u00e8me et massez doucement votre visage jusqu&rsquo;\u00e0 ce que la cr\u00e8me soit compl\u00e8tement absorb\u00e9e.<\/li>\n<\/ol>\n<h3>Ingr\u00e9dients principaux<\/h3>\n<p>Water, Cetyl Ethylhexanoate, Glycerin, Butylene Glycol, Cetearyl Alcohol, Niacinamide, 1,2-Hexanediol, Polyglyceryl-2 Stearate, Glyceryl Stearate, Vinyl Dimethicone, Stearyl Alcohol, Hydroxyacetophenone, Hydrogenated Polydecene, Synthetic Beeswax, Diisostearyl Malate, Butyrospermum Parkii (Shea) Butter, Palmitic Acid, Tromethamine, Stearic Acid, Acrylates\/C10-30 Alkyl Acrylate Crosspolymer, Carbomer, Fragrance, Adenosine, Hydrolyzed Collagen, Sodium Hyaluronate<\/p>\n<p>*Les changements dans les ingr\u00e9dients sont \u00e0 la discr\u00e9tion du fabricant. Voulez-vous \u00eatre absolument s\u00fbr avant d\u2019acheter ? Alors contactez-nous pour une photo de l&#8217;emballage actuel du produit.<\/p>\n<h3>Avertissements<\/h3>\n<ol>\n<li>Pour usage externe uniquement.<\/li>\n<li>Ne pas appliquer sur une peau \u00e9rafl\u00e9e ou sur des plaies.<\/li>\n<li>Si des effets secondaires tels qu&rsquo;une irritation ou une \u00e9ruption cutan\u00e9e surviennent, arr\u00eatez imm\u00e9diatement de l&rsquo;utiliser et consultez imm\u00e9diatement un m\u00e9decin.<\/li>\n<li>\u00c9vitez tout contact avec les yeux. Si le produit entre en contact avec vos yeux, rincez-les imm\u00e9diatement et abondamment \u00e0 l&rsquo;eau claire.<\/li>\n<li>Conserver hors de port\u00e9e des enfants.<\/li>\n<li>Ne pas avaler. En cas d&rsquo;ingestion, contactez un m\u00e9decin ou un centre antipoison.<\/li>\n<\/ol>\n","protected":false},"excerpt":{"rendered":"<p><strong>Cr\u00e8me raffermissante pour le visage au collag\u00e8ne JKosmec Skin Solution<\/strong> Cette cr\u00e8me raffermissante contient du collag\u00e8ne qui p\u00e9n\u00e8tre en profondeur dans la peau pour aider \u00e0 am\u00e9liorer l&rsquo;\u00e9lasticit\u00e9 de votre peau et \u00e0 la garder souple et hydrat\u00e9e pendant longtemps.<\/p>\n<p><strong>Composants actifs\u00a0: <\/strong> Collag\u00e8ne<\/p>\n<ul>\n<li><strong>Collag\u00e8ne\u00a0:<\/strong> contenu dans cette cr\u00e8me aide \u00e0 am\u00e9liorer l&rsquo;\u00e9lasticit\u00e9 de la peau et \u00e0 garder votre peau souple et hydrat\u00e9e pendant longtemps. Le collag\u00e8ne est un ingr\u00e9dient nutritif efficace qui aide \u00e0 maintenir l&rsquo;\u00e9lasticit\u00e9 et l&rsquo;\u00e9clat naturel de la peau.<\/li>\n<li><strong>Ad\u00e9nosine\u00a0:<\/strong> un ingr\u00e9dient r\u00e9duisant les rides.<\/li>\n<li><strong>Niacinamide\u00a0:<\/strong> un ingr\u00e9dient blanchissant.<\/li>\n<li><strong>Hydratation en profondeur &#8211; Alimentation active\u00a0:<\/strong> Un excellent effet hydratant aide \u00e0 pr\u00e9venir le dess\u00e8chement cutan\u00e9, am\u00e9liorant la r\u00e9tention d&rsquo;humidit\u00e9 et revitalisant la peau. Les ingr\u00e9dients hautement hydratants de cette cr\u00e8me renforcent la barri\u00e8re cutan\u00e9e, rendant la peau souple, lisse et \u00e9lastique.<\/li>\n<\/ul>\n<p><strong>Fonction principale\u00a0: <\/strong>Raffermissant<\/p>\n","protected":false},"featured_media":15587,"comment_status":"open","ping_status":"closed","template":"","meta":{"content-type":"","site-sidebar-layout":"default","site-content-layout":"default","ast-site-content-layout":"default","site-content-style":"default","site-sidebar-style":"default","ast-global-header-display":"","ast-banner-title-visibility":"","ast-main-header-display":"","ast-hfb-above-header-display":"","ast-hfb-below-header-display":"","ast-hfb-mobile-header-display":"","site-post-title":"","ast-breadcrumbs-content":"","ast-featured-img":"","footer-sml-layout":"","ast-disable-related-posts":"","theme-transparent-header-meta":"default","adv-header-id-meta":"","stick-header-meta":"","header-above-stick-meta":"","header-main-stick-meta":"","header-below-stick-meta":"","astra-migrate-meta-layouts":"set","ast-page-background-enabled":"default","ast-page-background-meta":{"desktop":{"background-color":"","background-image":"","background-repeat":"repeat","background-position":"center center","background-size":"auto","background-attachment":"scroll","background-type":"","background-media":"","overlay-type":"","overlay-color":"","overlay-opacity":"","overlay-gradient":""},"tablet":{"background-color":"","background-image":"","background-repeat":"repeat","background-position":"center center","background-size":"auto","background-attachment":"scroll","background-type":"","background-media":"","overlay-type":"","overlay-color":"","overlay-opacity":"","overlay-gradient":""},"mobile":{"background-color":"","background-image":"","background-repeat":"repeat","background-position":"center center","background-size":"auto","background-attachment":"scroll","background-type":"","background-media":"","overlay-type":"","overlay-color":"","overlay-opacity":"","overlay-gradient":""}},"ast-content-background-meta":{"desktop":{"background-color":"var(--ast-global-color-5)","background-image":"","background-repeat":"repeat","background-position":"center center","background-size":"auto","background-attachment":"scroll","background-type":"","background-media":"","overlay-type":"","overlay-color":"","overlay-opacity":"","overlay-gradient":""},"tablet":{"background-color":"var(--ast-global-color-5)","background-image":"","background-repeat":"repeat","background-position":"center center","background-size":"auto","background-attachment":"scroll","background-type":"","background-media":"","overlay-type":"","overlay-color":"","overlay-opacity":"","overlay-gradient":""},"mobile":{"background-color":"var(--ast-global-color-5)","background-image":"","background-repeat":"repeat","background-position":"center center","background-size":"auto","background-attachment":"scroll","background-type":"","background-media":"","overlay-type":"","overlay-color":"","overlay-opacity":"","overlay-gradient":""}}},"product_brand":[],"product_cat":[520,649,504,630,503],"product_tag":[587],"class_list":{"0":"post-14814","1":"product","2":"type-product","3":"status-publish","4":"has-post-thumbnail","6":"product_cat-8-koreanische-gesichtscreme","7":"product_cat-bestseller","8":"product_cat-cpnp","9":"product_cat-hss","10":"product_cat-jkosmec","11":"product_tag-8-feuchtigkeitspflege","12":"pa_beduerfnisse-anti-aging","13":"pa_beduerfnisse-falten","14":"pa_beduerfnisse-matte-muede","15":"pa_beduerfnisse-trockenheit","16":"pa_hauttyp-all","17":"pa_hauttyp-fettige","18":"pa_hauttyp-mischhaut","19":"pa_hauttyp-normal","20":"pa_hauttyp-trockene","21":"desktop-align-left","22":"tablet-align-left","23":"mobile-align-left","25":"first","26":"instock","27":"taxable","28":"shipping-taxable","29":"purchasable","30":"product-type-variable","31":"has-default-attributes"},"_links":{"self":[{"href":"https:\/\/healthyskinsecrets.ch\/fr\/wp-json\/wp\/v2\/product\/14814","targetHints":{"allow":["GET"]}}],"collection":[{"href":"https:\/\/healthyskinsecrets.ch\/fr\/wp-json\/wp\/v2\/product"}],"about":[{"href":"https:\/\/healthyskinsecrets.ch\/fr\/wp-json\/wp\/v2\/types\/product"}],"replies":[{"embeddable":true,"href":"https:\/\/healthyskinsecrets.ch\/fr\/wp-json\/wp\/v2\/comments?post=14814"}],"wp:featuredmedia":[{"embeddable":true,"href":"https:\/\/healthyskinsecrets.ch\/fr\/wp-json\/wp\/v2\/media\/15587"}],"wp:attachment":[{"href":"https:\/\/healthyskinsecrets.ch\/fr\/wp-json\/wp\/v2\/media?parent=14814"}],"wp:term":[{"taxonomy":"product_brand","embeddable":true,"href":"https:\/\/healthyskinsecrets.ch\/fr\/wp-json\/wp\/v2\/product_brand?post=14814"},{"taxonomy":"product_cat","embeddable":true,"href":"https:\/\/healthyskinsecrets.ch\/fr\/wp-json\/wp\/v2\/product_cat?post=14814"},{"taxonomy":"product_tag","embeddable":true,"href":"https:\/\/healthyskinsecrets.ch\/fr\/wp-json\/wp\/v2\/product_tag?post=14814"}],"curies":[{"name":"wp","href":"https:\/\/api.w.org\/{rel}","templated":true}]}}