{"id":14812,"date":"2024-09-21T08:51:57","date_gmt":"2024-09-21T08:51:57","guid":{"rendered":"https:\/\/healthyskinsecrets.ch\/product\/import-placeholder-for-25710\/"},"modified":"2024-11-27T12:28:50","modified_gmt":"2024-11-27T12:28:50","slug":"jkosmec-skin-solution-vitamin-c-face-cream-50ml","status":"publish","type":"product","link":"https:\/\/healthyskinsecrets.ch\/fr\/product\/jkosmec-skin-solution-vitamin-c-face-cream\/","title":{"rendered":"JKosmec Skin Solution Vitamin C Face Cream 50ml"},"content":{"rendered":"<h3>Application<\/h3>\n<ol>\n<li>Utilisez la cr\u00e8me en ampoule matin et soir comme derni\u00e8re \u00e9tape de votre proc\u00e9dure quotidienne de soins de la peau du visage.<\/li>\n<li>Appliquez la quantit\u00e9 appropri\u00e9e de cr\u00e8me et massez doucement votre visage jusqu&rsquo;\u00e0 ce que la cr\u00e8me soit compl\u00e8tement absorb\u00e9e.<\/li>\n<\/ol>\n<h3>Ingr\u00e9dients principaux<\/h3>\n<p>Water, Caprylic\/Capric Triglyceride, Butylene Glycol Cetearyl Alcohol. Niacinamide, Polyglyceryl-3 Methylglucose Distearate, Butyrospermum Parkii (Shea) Butter, 1,2-Hexanediol, Glycerin, Hydroxyacetophenone, Glyceryl Stearate, Vinyl Dimethicone, Ammonium Acryloydimethyltaurate\/VP Copolymer, Adenosine, Ascorbic Acid<\/p>\n<p>*Les changements dans les ingr\u00e9dients sont \u00e0 la discr\u00e9tion du fabricant. Voulez-vous \u00eatre absolument s\u00fbr avant d\u2019acheter ? Alors contactez-nous pour une photo de l&#8217;emballage actuel du produit.<\/p>\n<h3>Avertissements<\/h3>\n<ol>\n<li>Pour usage externe uniquement.<\/li>\n<li>Ne pas appliquer sur une peau \u00e9rafl\u00e9e ou sur des plaies.<\/li>\n<li>Si des effets secondaires tels qu&rsquo;une irritation ou une \u00e9ruption cutan\u00e9e surviennent, arr\u00eatez imm\u00e9diatement de l&rsquo;utiliser et consultez imm\u00e9diatement un m\u00e9decin.<\/li>\n<li>\u00c9vitez tout contact avec les yeux. Si le produit entre en contact avec vos yeux, rincez-les imm\u00e9diatement et abondamment \u00e0 l&rsquo;eau claire.<\/li>\n<li>Conserver hors de port\u00e9e des enfants.<\/li>\n<li>Ne pas avaler. En cas d&rsquo;ingestion, contactez un m\u00e9decin ou un centre antipoison.<\/li>\n<\/ol>\n","protected":false},"excerpt":{"rendered":"<p><strong>Cr\u00e8me pour le visage \u00e0 la vitamine C JKosmec Skin Solution<\/strong> La cr\u00e8me pour le visage rafra\u00eechissante est absorb\u00e9e rapidement et remplit la peau d&rsquo;hydratation sans fini lourd. La vitamine C prend soin du teint en redonnant \u00e0 la peau terne son \u00e9clat et son \u00e9clat naturel.<\/p>\n<p><strong>Composants actifs\u00a0: <\/strong> Vitamine C<\/p>\n<ul>\n<li><strong>Vitamine C\u00a0:<\/strong> D\u00e9couvrez le pouvoir revitalisant de la vitamine C pour un teint lisse et rajeuni qui rayonne de sant\u00e9 et de vitalit\u00e9. La vitamine C est connue pour ses propri\u00e9t\u00e9s antioxydantes et sa capacit\u00e9 \u00e0 stimuler la production de collag\u00e8ne, ce qui contribue \u00e0 r\u00e9duire les rides et \u00e0 am\u00e9liorer l&rsquo;\u00e9lasticit\u00e9 de la peau pour une apparence plus jeune. La texture soyeuse de la cr\u00e8me est absorb\u00e9e rapidement et impr\u00e8gne instantan\u00e9ment la peau d&rsquo;une hydratation abondante sans fini collant, offrant \u00e0 la peau un confort tout au long de la journ\u00e9e.<\/li>\n<li><strong>Ad\u00e9nosine\u00a0:<\/strong> un ingr\u00e9dient r\u00e9duisant les rides.<\/li>\n<li><strong>Niacinamide\u00a0:<\/strong> un ingr\u00e9dient blanchissant.<\/li>\n<\/ul>\n<p><strong>Fonction principale\u00a0: <\/strong>\u00c9claircissant<\/p>\n","protected":false},"featured_media":15582,"comment_status":"open","ping_status":"closed","template":"","meta":{"content-type":"","site-sidebar-layout":"default","site-content-layout":"default","ast-site-content-layout":"default","site-content-style":"default","site-sidebar-style":"default","ast-global-header-display":"","ast-banner-title-visibility":"","ast-main-header-display":"","ast-hfb-above-header-display":"","ast-hfb-below-header-display":"","ast-hfb-mobile-header-display":"","site-post-title":"","ast-breadcrumbs-content":"","ast-featured-img":"","footer-sml-layout":"","ast-disable-related-posts":"","theme-transparent-header-meta":"default","adv-header-id-meta":"","stick-header-meta":"","header-above-stick-meta":"","header-main-stick-meta":"","header-below-stick-meta":"","astra-migrate-meta-layouts":"set","ast-page-background-enabled":"default","ast-page-background-meta":{"desktop":{"background-color":"","background-image":"","background-repeat":"repeat","background-position":"center center","background-size":"auto","background-attachment":"scroll","background-type":"","background-media":"","overlay-type":"","overlay-color":"","overlay-opacity":"","overlay-gradient":""},"tablet":{"background-color":"","background-image":"","background-repeat":"repeat","background-position":"center center","background-size":"auto","background-attachment":"scroll","background-type":"","background-media":"","overlay-type":"","overlay-color":"","overlay-opacity":"","overlay-gradient":""},"mobile":{"background-color":"","background-image":"","background-repeat":"repeat","background-position":"center center","background-size":"auto","background-attachment":"scroll","background-type":"","background-media":"","overlay-type":"","overlay-color":"","overlay-opacity":"","overlay-gradient":""}},"ast-content-background-meta":{"desktop":{"background-color":"var(--ast-global-color-5)","background-image":"","background-repeat":"repeat","background-position":"center center","background-size":"auto","background-attachment":"scroll","background-type":"","background-media":"","overlay-type":"","overlay-color":"","overlay-opacity":"","overlay-gradient":""},"tablet":{"background-color":"var(--ast-global-color-5)","background-image":"","background-repeat":"repeat","background-position":"center center","background-size":"auto","background-attachment":"scroll","background-type":"","background-media":"","overlay-type":"","overlay-color":"","overlay-opacity":"","overlay-gradient":""},"mobile":{"background-color":"var(--ast-global-color-5)","background-image":"","background-repeat":"repeat","background-position":"center center","background-size":"auto","background-attachment":"scroll","background-type":"","background-media":"","overlay-type":"","overlay-color":"","overlay-opacity":"","overlay-gradient":""}}},"product_brand":[],"product_cat":[520,649,504,630,503],"product_tag":[587],"class_list":{"0":"post-14812","1":"product","2":"type-product","3":"status-publish","4":"has-post-thumbnail","6":"product_cat-8-koreanische-gesichtscreme","7":"product_cat-bestseller","8":"product_cat-cpnp","9":"product_cat-hss","10":"product_cat-jkosmec","11":"product_tag-8-feuchtigkeitspflege","12":"pa_beduerfnisse-falten","13":"pa_beduerfnisse-matte-muede","14":"pa_beduerfnisse-pigmentierung","15":"pa_beduerfnisse-trockenheit","16":"pa_hauttyp-all","17":"pa_hauttyp-fettige","18":"pa_hauttyp-mischhaut","19":"pa_hauttyp-normal","20":"pa_hauttyp-trockene","21":"desktop-align-left","22":"tablet-align-left","23":"mobile-align-left","25":"first","26":"instock","27":"taxable","28":"shipping-taxable","29":"purchasable","30":"product-type-variable","31":"has-default-attributes"},"_links":{"self":[{"href":"https:\/\/healthyskinsecrets.ch\/fr\/wp-json\/wp\/v2\/product\/14812","targetHints":{"allow":["GET"]}}],"collection":[{"href":"https:\/\/healthyskinsecrets.ch\/fr\/wp-json\/wp\/v2\/product"}],"about":[{"href":"https:\/\/healthyskinsecrets.ch\/fr\/wp-json\/wp\/v2\/types\/product"}],"replies":[{"embeddable":true,"href":"https:\/\/healthyskinsecrets.ch\/fr\/wp-json\/wp\/v2\/comments?post=14812"}],"wp:featuredmedia":[{"embeddable":true,"href":"https:\/\/healthyskinsecrets.ch\/fr\/wp-json\/wp\/v2\/media\/15582"}],"wp:attachment":[{"href":"https:\/\/healthyskinsecrets.ch\/fr\/wp-json\/wp\/v2\/media?parent=14812"}],"wp:term":[{"taxonomy":"product_brand","embeddable":true,"href":"https:\/\/healthyskinsecrets.ch\/fr\/wp-json\/wp\/v2\/product_brand?post=14812"},{"taxonomy":"product_cat","embeddable":true,"href":"https:\/\/healthyskinsecrets.ch\/fr\/wp-json\/wp\/v2\/product_cat?post=14812"},{"taxonomy":"product_tag","embeddable":true,"href":"https:\/\/healthyskinsecrets.ch\/fr\/wp-json\/wp\/v2\/product_tag?post=14812"}],"curies":[{"name":"wp","href":"https:\/\/api.w.org\/{rel}","templated":true}]}}